{"id":1054,"date":"2023-02-08T15:59:57","date_gmt":"2023-02-08T07:59:57","guid":{"rendered":"https:\/\/www.eggmachinery.com\/?post_type=product&#038;p=1054"},"modified":"2023-11-29T16:36:00","modified_gmt":"2023-11-29T08:36:00","slug":"egg-boiling-machine","status":"publish","type":"product","link":"https:\/\/www.eggmachinery.com\/es\/producto\/egg-boiling-machine\/","title":{"rendered":"M\u00e1quina de precocci\u00f3n de huevos de gallina"},"content":{"rendered":"<p>La m\u00e1quina de precocci\u00f3n de huevos de gallina puede precocinar el huevo y asegurar el centrado de la yema.<\/p>\n<p><strong><b>Ya se trate de huevos cocidos, revueltos o fritos, la clave para obtener siempre resultados perfectos est\u00e1 en el centrado y la precocci\u00f3n. Tanto en restaurantes como en cocinas comerciales o dom\u00e9sticas, este proceso \u00fanico crea huevos perfectamente cocinados en todo momento. Por ello, el centrado y la precocci\u00f3n de los huevos se han hecho cada vez m\u00e1s populares, debido a su sencillez y a la eficacia de sus resultados. El centrado y precocinado de huevos puede realizarse f\u00e1cilmente con una m\u00e1quina especializada en la cocci\u00f3n de huevos <\/b><\/strong><\/p>","protected":false},"excerpt":{"rendered":"<p>Centrar los huevos consiste en mantener la yema del huevo en el centro de la clara antes de cocerlo. El principal beneficio de centrar un huevo es que garantiza que la yema permanezca intacta durante la cocci\u00f3n, lo que se traduce en un mejor sabor cuando se rompe el huevo cocido. Cuando la yema se cuece en el centro, conserva una textura blanda y l\u00edquida, preferida por mucha gente.<\/p>\n<p>Por lo tanto, el centrado y el sistema de precocci\u00f3n garantizan que la yema quede intacta y que el huevo se cocine uniformemente, lo que se traduce en un mejor sabor y textura<\/p>","protected":false},"featured_media":1084,"template":"","meta":{"_seopress_robots_primary_cat":"none"},"product_cat":[25],"product_tag":[40],"featured_image_urls":{"full":["https:\/\/www.eggmachinery.com\/wp-content\/uploads\/2023\/04\/egg-pre-cooking.webp",820,680,false],"thumbnail":["https:\/\/www.eggmachinery.com\/wp-content\/uploads\/2023\/04\/egg-pre-cooking-150x150.webp",150,150,true],"medium":["https:\/\/www.eggmachinery.com\/wp-content\/uploads\/2023\/04\/egg-pre-cooking-300x249.webp",300,249,true],"medium_large":["https:\/\/www.eggmachinery.com\/wp-content\/uploads\/2023\/04\/egg-pre-cooking-768x637.webp",768,637,true],"large":["https:\/\/www.eggmachinery.com\/wp-content\/uploads\/2023\/04\/egg-pre-cooking.webp",820,680,false],"1536x1536":["https:\/\/www.eggmachinery.com\/wp-content\/uploads\/2023\/04\/egg-pre-cooking.webp",820,680,false],"2048x2048":["https:\/\/www.eggmachinery.com\/wp-content\/uploads\/2023\/04\/egg-pre-cooking.webp",820,680,false],"trp-custom-language-flag":["https:\/\/www.eggmachinery.com\/wp-content\/uploads\/2023\/04\/egg-pre-cooking.webp",14,12,false],"woocommerce_thumbnail":["https:\/\/www.eggmachinery.com\/wp-content\/uploads\/2023\/04\/egg-pre-cooking-300x249.webp",300,249,true],"woocommerce_single":["https:\/\/www.eggmachinery.com\/wp-content\/uploads\/2023\/04\/egg-pre-cooking-600x498.webp",600,498,true],"woocommerce_gallery_thumbnail":["https:\/\/www.eggmachinery.com\/wp-content\/uploads\/2023\/04\/egg-pre-cooking-100x100.webp",100,100,true]},"post_excerpt_stackable":"<p>Centering eggs involves keeping the yolk of the egg in the center of the white before cooking it. The main benefit of centering an egg is that it ensures that the yolk remains intact while cooking, which results in a better flavor when you break open the cooked egg. When the yolk is cooked in the center, it retains a soft and runny texture, which is preferred by many people.<\/p>\n<p>Therefore, centering and pre-cooking system ensures that the yolk is intact and that the egg cooks evenly, leading to better taste and texture<\/p>\n","category_list":"","author_info":{"name":"","url":""},"comments_num":"0 comments","_links":{"self":[{"href":"https:\/\/www.eggmachinery.com\/es\/wp-json\/wp\/v2\/product\/1054"}],"collection":[{"href":"https:\/\/www.eggmachinery.com\/es\/wp-json\/wp\/v2\/product"}],"about":[{"href":"https:\/\/www.eggmachinery.com\/es\/wp-json\/wp\/v2\/types\/product"}],"wp:featuredmedia":[{"embeddable":true,"href":"https:\/\/www.eggmachinery.com\/es\/wp-json\/wp\/v2\/media\/1084"}],"wp:attachment":[{"href":"https:\/\/www.eggmachinery.com\/es\/wp-json\/wp\/v2\/media?parent=1054"}],"wp:term":[{"taxonomy":"product_cat","embeddable":true,"href":"https:\/\/www.eggmachinery.com\/es\/wp-json\/wp\/v2\/product_cat?post=1054"},{"taxonomy":"product_tag","embeddable":true,"href":"https:\/\/www.eggmachinery.com\/es\/wp-json\/wp\/v2\/product_tag?post=1054"}],"curies":[{"name":"wp","href":"https:\/\/api.w.org\/{rel}","templated":true}]}}