{"id":1088,"date":"2023-10-27T09:58:07","date_gmt":"2023-10-27T01:58:07","guid":{"rendered":"https:\/\/www.eggmachinery.com\/?post_type=product&#038;p=1088"},"modified":"2023-10-28T14:46:28","modified_gmt":"2023-10-28T06:46:28","slug":"hard-boiled-egg-cooling-machine","status":"publish","type":"product","link":"https:\/\/www.eggmachinery.com\/es\/producto\/hard-boiled-egg-cooling-machine\/","title":{"rendered":"M\u00e1quina enfriadora de huevos duros"},"content":{"rendered":"<p>El huevo de gallina cocido despu\u00e9s de la cocci\u00f3n es muy caliente, se debe enfriar primero y luego pelar la c\u00e1scara, despu\u00e9s de enfriar, ser\u00e1 muy f\u00e1cil de quitar la c\u00e1scara del huevo.levantar los huevos cocidos en un tanque de agua fr\u00eda para el enfriamiento, el agua del grifo o agua helada se utiliza para el enfriamiento inmediato para que est\u00e9n listos para pelar m\u00e1s tarde;<\/p>\n<p>Enfriar el huevo despu\u00e9s de hervirlo tiene varias ventajas, como facilitar su pelado y reducir el riesgo de cocci\u00f3n excesiva. Adem\u00e1s, enfriar el huevo puede ayudar a evitar que la yema se vuelva verde debido a una reacci\u00f3n entre el azufre de la clara y el hierro de la yema.<\/p>\n<h4 class=\"SkipGrammarPaint\"><\/h4>","protected":false},"excerpt":{"rendered":"<p>El huevo de gallina duro despu\u00e9s de la cocci\u00f3n est\u00e1 muy caliente, debe enfriarse primero y luego pelar la c\u00e1scara, despu\u00e9s de enfriar, ser\u00e1 muy f\u00e1cil quitar la c\u00e1scara del huevo.<\/p>","protected":false},"featured_media":1091,"template":"","meta":{"_seopress_robots_primary_cat":"none"},"product_cat":[25,19],"product_tag":[],"featured_image_urls":{"full":["https:\/\/www.eggmachinery.com\/wp-content\/uploads\/2023\/04\/egg-cooling-machine.webp",820,680,false],"thumbnail":["https:\/\/www.eggmachinery.com\/wp-content\/uploads\/2023\/04\/egg-cooling-machine-150x150.webp",150,150,true],"medium":["https:\/\/www.eggmachinery.com\/wp-content\/uploads\/2023\/04\/egg-cooling-machine-300x249.webp",300,249,true],"medium_large":["https:\/\/www.eggmachinery.com\/wp-content\/uploads\/2023\/04\/egg-cooling-machine-768x637.webp",768,637,true],"large":["https:\/\/www.eggmachinery.com\/wp-content\/uploads\/2023\/04\/egg-cooling-machine.webp",820,680,false],"1536x1536":["https:\/\/www.eggmachinery.com\/wp-content\/uploads\/2023\/04\/egg-cooling-machine.webp",820,680,false],"2048x2048":["https:\/\/www.eggmachinery.com\/wp-content\/uploads\/2023\/04\/egg-cooling-machine.webp",820,680,false],"trp-custom-language-flag":["https:\/\/www.eggmachinery.com\/wp-content\/uploads\/2023\/04\/egg-cooling-machine.webp",14,12,false],"woocommerce_thumbnail":["https:\/\/www.eggmachinery.com\/wp-content\/uploads\/2023\/04\/egg-cooling-machine-300x249.webp",300,249,true],"woocommerce_single":["https:\/\/www.eggmachinery.com\/wp-content\/uploads\/2023\/04\/egg-cooling-machine-600x498.webp",600,498,true],"woocommerce_gallery_thumbnail":["https:\/\/www.eggmachinery.com\/wp-content\/uploads\/2023\/04\/egg-cooling-machine-100x100.webp",100,100,true]},"post_excerpt_stackable":"<p>The hard boiled chicken egg after cooking is very hot, it should be cool down first and then peel the shell, after cooling, it will be very easily to remove the egg shell.<\/p>\n","category_list":"","author_info":{"name":"","url":""},"comments_num":"0 comments","_links":{"self":[{"href":"https:\/\/www.eggmachinery.com\/es\/wp-json\/wp\/v2\/product\/1088"}],"collection":[{"href":"https:\/\/www.eggmachinery.com\/es\/wp-json\/wp\/v2\/product"}],"about":[{"href":"https:\/\/www.eggmachinery.com\/es\/wp-json\/wp\/v2\/types\/product"}],"wp:featuredmedia":[{"embeddable":true,"href":"https:\/\/www.eggmachinery.com\/es\/wp-json\/wp\/v2\/media\/1091"}],"wp:attachment":[{"href":"https:\/\/www.eggmachinery.com\/es\/wp-json\/wp\/v2\/media?parent=1088"}],"wp:term":[{"taxonomy":"product_cat","embeddable":true,"href":"https:\/\/www.eggmachinery.com\/es\/wp-json\/wp\/v2\/product_cat?post=1088"},{"taxonomy":"product_tag","embeddable":true,"href":"https:\/\/www.eggmachinery.com\/es\/wp-json\/wp\/v2\/product_tag?post=1088"}],"curies":[{"name":"wp","href":"https:\/\/api.w.org\/{rel}","templated":true}]}}