{"id":1097,"date":"2023-04-11T10:39:10","date_gmt":"2023-04-11T02:39:10","guid":{"rendered":"https:\/\/www.eggmachinery.com\/?post_type=product&#038;p=1097"},"modified":"2023-04-11T10:39:10","modified_gmt":"2023-04-11T02:39:10","slug":"ice-water-circulation-for-hard-boiled-egg-cooling","status":"publish","type":"product","link":"https:\/\/www.eggmachinery.com\/es\/producto\/ice-water-circulation-for-hard-boiled-egg-cooling\/","title":{"rendered":"Circulaci\u00f3n de agua helada para enfriar huevos duros"},"content":{"rendered":"<p>La circulaci\u00f3n de agua helada es una forma r\u00e1pida y uniforme de enfriar los huevos duros. Inmediatamente despu\u00e9s de hervir los huevos, transfi\u00e9ralos a un enfriador de huevos con agua del grifo, que puede circular con agua helada, para mantener una temperatura constante. El agua del grifo y el agua helada ayudan a enfriar los huevos r\u00e1pidamente, evitando que se cuezan en exceso y facilitando su pelado. Se recomienda colocar los huevos en un enfriador de huevos durante al menos 10 minutos antes de pelarlos.<\/p>","protected":false},"excerpt":{"rendered":"<p>La circulaci\u00f3n de agua helada es una forma r\u00e1pida y uniforme de enfriar los huevos duros. Inmediatamente despu\u00e9s de hervir los huevos, transfi\u00e9ralos a un enfriador de huevos con agua del grifo, que puede circular con agua helada, para mantener una temperatura constante. El agua del grifo y el agua helada ayudan a enfriar los huevos r\u00e1pidamente, evitando que se cuezan en exceso y facilitando su pelado. Se recomienda colocar los huevos en un enfriador de huevos durante al menos 10 minutos antes de pelarlos.<\/p>","protected":false},"featured_media":1100,"template":"","meta":{"_seopress_robots_primary_cat":""},"product_cat":[15],"product_tag":[],"featured_image_urls":{"full":["https:\/\/www.eggmachinery.com\/wp-content\/uploads\/2023\/04\/water-circulation-for-cooling.webp",820,680,false],"thumbnail":["https:\/\/www.eggmachinery.com\/wp-content\/uploads\/2023\/04\/water-circulation-for-cooling-150x150.webp",150,150,true],"medium":["https:\/\/www.eggmachinery.com\/wp-content\/uploads\/2023\/04\/water-circulation-for-cooling-300x249.webp",300,249,true],"medium_large":["https:\/\/www.eggmachinery.com\/wp-content\/uploads\/2023\/04\/water-circulation-for-cooling-768x637.webp",768,637,true],"large":["https:\/\/www.eggmachinery.com\/wp-content\/uploads\/2023\/04\/water-circulation-for-cooling.webp",820,680,false],"1536x1536":["https:\/\/www.eggmachinery.com\/wp-content\/uploads\/2023\/04\/water-circulation-for-cooling.webp",820,680,false],"2048x2048":["https:\/\/www.eggmachinery.com\/wp-content\/uploads\/2023\/04\/water-circulation-for-cooling.webp",820,680,false],"trp-custom-language-flag":["https:\/\/www.eggmachinery.com\/wp-content\/uploads\/2023\/04\/water-circulation-for-cooling.webp",14,12,false],"woocommerce_thumbnail":["https:\/\/www.eggmachinery.com\/wp-content\/uploads\/2023\/04\/water-circulation-for-cooling-300x249.webp",300,249,true],"woocommerce_single":["https:\/\/www.eggmachinery.com\/wp-content\/uploads\/2023\/04\/water-circulation-for-cooling-600x498.webp",600,498,true],"woocommerce_gallery_thumbnail":["https:\/\/www.eggmachinery.com\/wp-content\/uploads\/2023\/04\/water-circulation-for-cooling-100x100.webp",100,100,true]},"post_excerpt_stackable":"<p>Ice-water circulation is a quick and even way to cool hard-boiled eggs. Immediately after the eggs are boiled, transfer to an egg cooler with tap water, which can be circulated with ice water, to maintain a constant temperature. Tap and ice water help cool eggs quickly, preventing overcooking and making them easier to peel. It is recommended to place eggs in an egg cooler for at least 10 minutes before peeling.<\/p>\n","category_list":"","author_info":{"name":"","url":""},"comments_num":"0 comments","_links":{"self":[{"href":"https:\/\/www.eggmachinery.com\/es\/wp-json\/wp\/v2\/product\/1097"}],"collection":[{"href":"https:\/\/www.eggmachinery.com\/es\/wp-json\/wp\/v2\/product"}],"about":[{"href":"https:\/\/www.eggmachinery.com\/es\/wp-json\/wp\/v2\/types\/product"}],"wp:featuredmedia":[{"embeddable":true,"href":"https:\/\/www.eggmachinery.com\/es\/wp-json\/wp\/v2\/media\/1100"}],"wp:attachment":[{"href":"https:\/\/www.eggmachinery.com\/es\/wp-json\/wp\/v2\/media?parent=1097"}],"wp:term":[{"taxonomy":"product_cat","embeddable":true,"href":"https:\/\/www.eggmachinery.com\/es\/wp-json\/wp\/v2\/product_cat?post=1097"},{"taxonomy":"product_tag","embeddable":true,"href":"https:\/\/www.eggmachinery.com\/es\/wp-json\/wp\/v2\/product_tag?post=1097"}],"curies":[{"name":"wp","href":"https:\/\/api.w.org\/{rel}","templated":true}]}}