{"id":1116,"date":"2023-04-11T13:55:25","date_gmt":"2023-04-11T05:55:25","guid":{"rendered":"https:\/\/www.eggmachinery.com\/?post_type=product&#038;p=1116"},"modified":"2023-04-11T13:55:25","modified_gmt":"2023-04-11T05:55:25","slug":"quail-egg-cooling-machine-for-hard-boiled-eggs","status":"publish","type":"product","link":"https:\/\/www.eggmachinery.com\/es\/producto\/quail-egg-cooling-machine-for-hard-boiled-eggs\/","title":{"rendered":"M\u00e1quina enfriadora de huevos duros de codorniz"},"content":{"rendered":"<p>M\u00e1quina enfriadora de huevos duros de codorniz<\/p>\n<p>Los huevos de codorniz cocidos entran en el tanque de enfriamiento, que se enfr\u00eda r\u00e1pidamente con agua helada y se transporta a la trituradora.<\/p>\n<p>Es considerablemente m\u00e1s sencillo cascar los huevos de codorniz despu\u00e9s de que hayan pasado por la artesa de la m\u00e1quina de enfriamiento, porque la temperatura ha bajado y la c\u00e1scara se ha separado del interior del huevo.<\/p>","protected":false},"excerpt":{"rendered":"<p>M\u00e1quina enfriadora de huevos de codorniz duros<\/p>\n<p>El tanque de enfriamiento, que se lleva r\u00e1pidamente a la trituradora tras ser enfriado r\u00e1pidamente con agua helada, recibe los huevos de codorniz cocidos.<\/p>\n<p>La temperatura ha bajado y la c\u00e1scara se ha separado del interior del huevo, por lo que es mucho m\u00e1s f\u00e1cil pelar los huevos de codorniz despu\u00e9s de que hayan pasado por la artesa de la m\u00e1quina de enfriamiento.<\/p>","protected":false},"featured_media":1119,"template":"","meta":{"_seopress_robots_primary_cat":""},"product_cat":[26],"product_tag":[42],"featured_image_urls":{"full":["https:\/\/www.eggmachinery.com\/wp-content\/uploads\/2023\/04\/hard-boiled-quail-egg-cooling-machine.webp",820,680,false],"thumbnail":["https:\/\/www.eggmachinery.com\/wp-content\/uploads\/2023\/04\/hard-boiled-quail-egg-cooling-machine-150x150.webp",150,150,true],"medium":["https:\/\/www.eggmachinery.com\/wp-content\/uploads\/2023\/04\/hard-boiled-quail-egg-cooling-machine-300x249.webp",300,249,true],"medium_large":["https:\/\/www.eggmachinery.com\/wp-content\/uploads\/2023\/04\/hard-boiled-quail-egg-cooling-machine-768x637.webp",768,637,true],"large":["https:\/\/www.eggmachinery.com\/wp-content\/uploads\/2023\/04\/hard-boiled-quail-egg-cooling-machine.webp",820,680,false],"1536x1536":["https:\/\/www.eggmachinery.com\/wp-content\/uploads\/2023\/04\/hard-boiled-quail-egg-cooling-machine.webp",820,680,false],"2048x2048":["https:\/\/www.eggmachinery.com\/wp-content\/uploads\/2023\/04\/hard-boiled-quail-egg-cooling-machine.webp",820,680,false],"trp-custom-language-flag":["https:\/\/www.eggmachinery.com\/wp-content\/uploads\/2023\/04\/hard-boiled-quail-egg-cooling-machine.webp",14,12,false],"woocommerce_thumbnail":["https:\/\/www.eggmachinery.com\/wp-content\/uploads\/2023\/04\/hard-boiled-quail-egg-cooling-machine-300x249.webp",300,249,true],"woocommerce_single":["https:\/\/www.eggmachinery.com\/wp-content\/uploads\/2023\/04\/hard-boiled-quail-egg-cooling-machine-600x498.webp",600,498,true],"woocommerce_gallery_thumbnail":["https:\/\/www.eggmachinery.com\/wp-content\/uploads\/2023\/04\/hard-boiled-quail-egg-cooling-machine-100x100.webp",100,100,true]},"post_excerpt_stackable":"<p>Quail Egg Cooling Machine for Hard-Boiled Eggs<\/p>\n<p>The cooling tank, which is promptly brought to the crusher after being rapidly chilled by ice water, receives the cooked quail eggs.<\/p>\n<p>The temperature has lowered and the shell has parted from the interior of the egg, making it much easier to shell quail eggs after they have been through the cooling machine trough.<\/p>\n","category_list":"","author_info":{"name":"","url":""},"comments_num":"0 comments","_links":{"self":[{"href":"https:\/\/www.eggmachinery.com\/es\/wp-json\/wp\/v2\/product\/1116"}],"collection":[{"href":"https:\/\/www.eggmachinery.com\/es\/wp-json\/wp\/v2\/product"}],"about":[{"href":"https:\/\/www.eggmachinery.com\/es\/wp-json\/wp\/v2\/types\/product"}],"wp:featuredmedia":[{"embeddable":true,"href":"https:\/\/www.eggmachinery.com\/es\/wp-json\/wp\/v2\/media\/1119"}],"wp:attachment":[{"href":"https:\/\/www.eggmachinery.com\/es\/wp-json\/wp\/v2\/media?parent=1116"}],"wp:term":[{"taxonomy":"product_cat","embeddable":true,"href":"https:\/\/www.eggmachinery.com\/es\/wp-json\/wp\/v2\/product_cat?post=1116"},{"taxonomy":"product_tag","embeddable":true,"href":"https:\/\/www.eggmachinery.com\/es\/wp-json\/wp\/v2\/product_tag?post=1116"}],"curies":[{"name":"wp","href":"https:\/\/api.w.org\/{rel}","templated":true}]}}