{"id":1126,"date":"2023-04-11T14:27:30","date_gmt":"2023-04-11T06:27:30","guid":{"rendered":"https:\/\/www.eggmachinery.com\/?post_type=product&#038;p=1126"},"modified":"2023-04-11T14:27:30","modified_gmt":"2023-04-11T06:27:30","slug":"quail-eggs-shell-cracking-machine","status":"publish","type":"product","link":"https:\/\/www.eggmachinery.com\/es\/producto\/quail-eggs-shell-cracking-machine\/","title":{"rendered":"M\u00e1quina quebradora de c\u00e1scaras de huevos de codorniz"},"content":{"rendered":"<p>Romper la c\u00e1scara de los huevos de codorniz puede resultar un poco complicado para algunas personas, sobre todo para las que no est\u00e1n acostumbradas a manipular huevos m\u00e1s peque\u00f1os. Sin embargo, con un poco de pr\u00e1ctica y paciencia, puede convertirse en pan comido.<\/p>\n<p>En primer lugar, hay que tener en cuenta que los huevos de codorniz son mucho m\u00e1s peque\u00f1os que los de gallina, lo que significa que tambi\u00e9n tienen una c\u00e1scara m\u00e1s fina. Por lo tanto, es importante manipularlos con cuidado para evitar que se rompan o agrieten.<\/p>\n<p>El m\u00e9todo para cascar huevos de codorniz consiste en utilizar un cascador de huevos o un cortador especializado en huevos de codorniz. Estas herramientas est\u00e1n dise\u00f1adas para que el proceso de cascar huevos de codorniz sea m\u00e1s f\u00e1cil y eficaz. El cascador sujeta el huevo mientras una peque\u00f1a cuchilla o p\u00faa perfora la c\u00e1scara, permitiendo que se rompa f\u00e1cilmente. Por otro lado, un cortador de huevos de codorniz es un peque\u00f1o dispositivo parecido a un par de tijeras, una de cuyas hojas tiene una peque\u00f1a hendidura en forma de copa que encaja en la parte superior del huevo de codorniz. Cuando se cierran las cuchillas, la c\u00e1scara queda cortada por la mitad, lo que facilita la extracci\u00f3n del contenido.<\/p>\n<p>Sea cual sea el m\u00e9todo elegido, es importante tener cuidado al cascar los huevos de codorniz para evitar que se rompan o se derramen. Una vez cascados con \u00e9xito, se pueden utilizar los huevos cocidos en una gran variedad de platos deliciosos, como ensaladas, sopas o como guarnici\u00f3n encima de otros platos. Con un poco de pr\u00e1ctica, cascar huevos de codorniz puede ser una tarea sencilla y agradable.<\/p>","protected":false},"excerpt":{"rendered":"<p>Usando la m\u00e1quina quebradora de c\u00e1scaras de huevos de codorniz, la c\u00e1scara se rompe uniformemente, mejora la eficiencia y reduce la tasa de da\u00f1os.<\/p>","protected":false},"featured_media":1129,"template":"","meta":{"_seopress_robots_primary_cat":""},"product_cat":[15],"product_tag":[44],"featured_image_urls":{"full":["https:\/\/www.eggmachinery.com\/wp-content\/uploads\/2023\/04\/Quail-Eggs-Shell-Cracking-machine.webp",820,680,false],"thumbnail":["https:\/\/www.eggmachinery.com\/wp-content\/uploads\/2023\/04\/Quail-Eggs-Shell-Cracking-machine-150x150.webp",150,150,true],"medium":["https:\/\/www.eggmachinery.com\/wp-content\/uploads\/2023\/04\/Quail-Eggs-Shell-Cracking-machine-300x249.webp",300,249,true],"medium_large":["https:\/\/www.eggmachinery.com\/wp-content\/uploads\/2023\/04\/Quail-Eggs-Shell-Cracking-machine-768x637.webp",768,637,true],"large":["https:\/\/www.eggmachinery.com\/wp-content\/uploads\/2023\/04\/Quail-Eggs-Shell-Cracking-machine.webp",820,680,false],"1536x1536":["https:\/\/www.eggmachinery.com\/wp-content\/uploads\/2023\/04\/Quail-Eggs-Shell-Cracking-machine.webp",820,680,false],"2048x2048":["https:\/\/www.eggmachinery.com\/wp-content\/uploads\/2023\/04\/Quail-Eggs-Shell-Cracking-machine.webp",820,680,false],"trp-custom-language-flag":["https:\/\/www.eggmachinery.com\/wp-content\/uploads\/2023\/04\/Quail-Eggs-Shell-Cracking-machine.webp",14,12,false],"woocommerce_thumbnail":["https:\/\/www.eggmachinery.com\/wp-content\/uploads\/2023\/04\/Quail-Eggs-Shell-Cracking-machine-300x249.webp",300,249,true],"woocommerce_single":["https:\/\/www.eggmachinery.com\/wp-content\/uploads\/2023\/04\/Quail-Eggs-Shell-Cracking-machine-600x498.webp",600,498,true],"woocommerce_gallery_thumbnail":["https:\/\/www.eggmachinery.com\/wp-content\/uploads\/2023\/04\/Quail-Eggs-Shell-Cracking-machine-100x100.webp",100,100,true]},"post_excerpt_stackable":"<p>Using the Quail Eggs Shell Cracking machine ,the shell is broken evenly, improve the efficiency and reduce the damage rate.<\/p>\n","category_list":"","author_info":{"name":"","url":""},"comments_num":"0 comments","_links":{"self":[{"href":"https:\/\/www.eggmachinery.com\/es\/wp-json\/wp\/v2\/product\/1126"}],"collection":[{"href":"https:\/\/www.eggmachinery.com\/es\/wp-json\/wp\/v2\/product"}],"about":[{"href":"https:\/\/www.eggmachinery.com\/es\/wp-json\/wp\/v2\/types\/product"}],"wp:featuredmedia":[{"embeddable":true,"href":"https:\/\/www.eggmachinery.com\/es\/wp-json\/wp\/v2\/media\/1129"}],"wp:attachment":[{"href":"https:\/\/www.eggmachinery.com\/es\/wp-json\/wp\/v2\/media?parent=1126"}],"wp:term":[{"taxonomy":"product_cat","embeddable":true,"href":"https:\/\/www.eggmachinery.com\/es\/wp-json\/wp\/v2\/product_cat?post=1126"},{"taxonomy":"product_tag","embeddable":true,"href":"https:\/\/www.eggmachinery.com\/es\/wp-json\/wp\/v2\/product_tag?post=1126"}],"curies":[{"name":"wp","href":"https:\/\/api.w.org\/{rel}","templated":true}]}}