{"id":1388,"date":"2023-11-20T13:55:15","date_gmt":"2023-11-20T05:55:15","guid":{"rendered":"https:\/\/www.eggmachinery.com\/?post_type=product&#038;p=1388"},"modified":"2026-03-10T14:58:50","modified_gmt":"2026-03-10T06:58:50","slug":"industrial-egg-cracking-machine","status":"publish","type":"product","link":"https:\/\/www.eggmachinery.com\/es\/producto\/industrial-egg-cracking-machine\/","title":{"rendered":"M\u00e1quina industrial para cascar huevos"},"content":{"rendered":"<h2><strong><b>Caracter\u00edsticas de <a href=\"https:\/\/www.eggmachinery.com\/es\/producto\/simple-style-egg-breaking-machine\/\">cascadora de huevos<\/a><\/b><\/strong><\/h2>\n<p>Este aparato en concreto sirve para generar huevos l\u00edquidos frescos. Su funcionamiento implica la apertura de las c\u00e1scaras de huevo, lo que permite que la clara y la yema fluyan sin problemas a un dep\u00f3sito de huevo l\u00edquido designado, mientras que las c\u00e1scaras de huevo desechadas encuentran su camino en un recipiente separado dise\u00f1ado para la eliminaci\u00f3n de c\u00e1scaras.<\/p>\n<p>El equipo cuenta con un batidor de huevos especializado con un mecanismo de altura ajustable, que se adapta a los distintos tama\u00f1os de los huevos que se van a batir. Esta adaptabilidad garantiza una tasa de \u00e9xito 100% en la apertura de los huevos, acomodando una gama de especificaciones de huevo con precisi\u00f3n.<\/p>\n<p>El control operativo se facilita a trav\u00e9s de una interfaz de pantalla t\u00e1ctil, que ofrece una visualizaci\u00f3n de la informaci\u00f3n pertinente, como el recuento de huevos, sus respectivos n\u00fameros y la velocidad a la que se procesan los huevos. Dos funciones distintas mejoran la eficiencia del dispositivo:<\/p>\n<p>En primer lugar, la funci\u00f3n de rotura continua de la c\u00e1scara de huevo imita el proceso manual de batido de huevos, garantizando un alto nivel de higiene al evitar cualquier contacto entre el huevo l\u00edquido y los fragmentos de c\u00e1scara de huevo rotos.<\/p>\n<p>En segundo lugar, la funci\u00f3n de separaci\u00f3n continua de la clara y la yema emplea un m\u00e9todo de separaci\u00f3n de huecos para la segregaci\u00f3n ininterrumpida de la clara y la yema. A continuaci\u00f3n, los componentes separados se dirigen a sus respectivos contenedores, lo que agiliza el procedimiento general de procesamiento de los huevos.<\/p>\n<h2><img decoding=\"async\" loading=\"lazy\" class=\"alignnone size-full wp-image-2927\" src=\"https:\/\/www.eggmachinery.com\/wp-content\/uploads\/Industrial-egg-separator-machine-1.webp\" alt=\"Industrial egg separator machine \" width=\"750\" height=\"750\" srcset=\"https:\/\/www.eggmachinery.com\/wp-content\/uploads\/Industrial-egg-separator-machine-1.webp 750w, https:\/\/www.eggmachinery.com\/wp-content\/uploads\/Industrial-egg-separator-machine-1-300x300.webp 300w, https:\/\/www.eggmachinery.com\/wp-content\/uploads\/Industrial-egg-separator-machine-1-150x150.webp 150w, https:\/\/www.eggmachinery.com\/wp-content\/uploads\/Industrial-egg-separator-machine-1-600x600.webp 600w, https:\/\/www.eggmachinery.com\/wp-content\/uploads\/Industrial-egg-separator-machine-1-100x100.webp 100w\" sizes=\"(max-width: 750px) 100vw, 750px\" \/><\/h2>\n<h2><strong><b>Gama de uso de la cascadora de huevos<\/b><\/strong><\/h2>\n<p>Panader\u00edas, pasteler\u00edas, pasteler\u00edas de huevo y otras empresas de producci\u00f3n<\/p>\n<table>\n<tbody>\n<tr>\n<td width=\"171\">ESPECIFICACI\u00d3N<\/p>\n<p>&nbsp;<\/td>\n<td width=\"86\">DA-EF4<\/td>\n<td width=\"95\">DA-EQ4<\/td>\n<td width=\"83\">DA-EF8<\/td>\n<td width=\"86\">DA-EQ8<\/td>\n<td width=\"102\">DA-EF10<\/td>\n<td width=\"206\">DA-EQ10<\/td>\n<\/tr>\n<tr>\n<td width=\"171\">capacidad<\/td>\n<td colspan=\"2\" width=\"181\">4000 piezas\/h<\/td>\n<td colspan=\"2\" width=\"170\">8000 piezas \/ h<\/td>\n<td colspan=\"2\" width=\"308\">10000 piezas \/ h<\/td>\n<\/tr>\n<tr>\n<td width=\"171\">L (mm)<\/td>\n<td colspan=\"2\" width=\"181\">6000<\/td>\n<td colspan=\"2\" width=\"170\">6000<\/td>\n<td colspan=\"2\" width=\"308\">6000<\/td>\n<\/tr>\n<tr>\n<td width=\"171\">An (mm)<\/td>\n<td colspan=\"2\" width=\"181\">3000<\/td>\n<td colspan=\"2\" width=\"170\">3000<\/td>\n<td colspan=\"2\" width=\"308\">3000<\/td>\n<\/tr>\n<tr>\n<td width=\"171\">H (mm)<\/td>\n<td colspan=\"2\" width=\"181\">1600<\/td>\n<td colspan=\"2\" width=\"170\">1600<\/td>\n<td colspan=\"2\" width=\"308\">1600<\/td>\n<\/tr>\n<tr>\n<td width=\"171\">Potencia (KW)<\/td>\n<td colspan=\"2\" width=\"181\">5.0<\/td>\n<td colspan=\"2\" width=\"170\">5.0<\/td>\n<td colspan=\"2\" width=\"308\">5.0<\/td>\n<\/tr>\n<\/tbody>\n<\/table>\n<p><img decoding=\"async\" loading=\"lazy\" class=\"alignnone size-full wp-image-2929\" src=\"https:\/\/www.eggmachinery.com\/wp-content\/uploads\/Industrial-egg-separator-machine-3.webp\" alt=\"Industrial egg separator machine \" width=\"750\" height=\"750\" srcset=\"https:\/\/www.eggmachinery.com\/wp-content\/uploads\/Industrial-egg-separator-machine-3.webp 750w, https:\/\/www.eggmachinery.com\/wp-content\/uploads\/Industrial-egg-separator-machine-3-300x300.webp 300w, https:\/\/www.eggmachinery.com\/wp-content\/uploads\/Industrial-egg-separator-machine-3-150x150.webp 150w, https:\/\/www.eggmachinery.com\/wp-content\/uploads\/Industrial-egg-separator-machine-3-600x600.webp 600w, https:\/\/www.eggmachinery.com\/wp-content\/uploads\/Industrial-egg-separator-machine-3-100x100.webp 100w\" sizes=\"(max-width: 750px) 100vw, 750px\" \/><img decoding=\"async\" loading=\"lazy\" class=\"alignnone size-full wp-image-2928\" src=\"https:\/\/www.eggmachinery.com\/wp-content\/uploads\/Industrial-egg-separator-machine-2.webp\" alt=\"Industrial egg separator machine \" width=\"750\" height=\"750\" srcset=\"https:\/\/www.eggmachinery.com\/wp-content\/uploads\/Industrial-egg-separator-machine-2.webp 750w, https:\/\/www.eggmachinery.com\/wp-content\/uploads\/Industrial-egg-separator-machine-2-300x300.webp 300w, https:\/\/www.eggmachinery.com\/wp-content\/uploads\/Industrial-egg-separator-machine-2-150x150.webp 150w, https:\/\/www.eggmachinery.com\/wp-content\/uploads\/Industrial-egg-separator-machine-2-600x600.webp 600w, https:\/\/www.eggmachinery.com\/wp-content\/uploads\/Industrial-egg-separator-machine-2-100x100.webp 100w\" sizes=\"(max-width: 750px) 100vw, 750px\" \/><\/p>\n<p><img decoding=\"async\" loading=\"lazy\" class=\"alignnone size-full wp-image-2931\" src=\"https:\/\/www.eggmachinery.com\/wp-content\/uploads\/Industrial-egg-separator-machine-5.webp\" alt=\"Industrial egg separator machine \" width=\"750\" height=\"750\" srcset=\"https:\/\/www.eggmachinery.com\/wp-content\/uploads\/Industrial-egg-separator-machine-5.webp 750w, https:\/\/www.eggmachinery.com\/wp-content\/uploads\/Industrial-egg-separator-machine-5-300x300.webp 300w, https:\/\/www.eggmachinery.com\/wp-content\/uploads\/Industrial-egg-separator-machine-5-150x150.webp 150w, https:\/\/www.eggmachinery.com\/wp-content\/uploads\/Industrial-egg-separator-machine-5-600x600.webp 600w, https:\/\/www.eggmachinery.com\/wp-content\/uploads\/Industrial-egg-separator-machine-5-100x100.webp 100w\" sizes=\"(max-width: 750px) 100vw, 750px\" \/><\/p>","protected":false},"excerpt":{"rendered":"<p>Nuestra m\u00e1quina cascadora y separadora de huevos puede separar yema de huevo, clara de huevo, Usted podr\u00eda obtener el mejor huevo l\u00edquido o yema de huevo, los mejores productos de calidad en el menor tiempo, y con alta eficiencia. M\u00e1s de 10000 huevos por hora.<\/p>","protected":false},"featured_media":1391,"template":"","meta":{"_seopress_robots_primary_cat":"none"},"product_cat":[18,24],"product_tag":[],"featured_image_urls":{"full":["https:\/\/www.eggmachinery.com\/wp-content\/uploads\/2023\/08\/egg-breaker-machine.jpg",468,271,false],"thumbnail":["https:\/\/www.eggmachinery.com\/wp-content\/uploads\/2023\/08\/egg-breaker-machine-150x150.jpg",150,150,true],"medium":["https:\/\/www.eggmachinery.com\/wp-content\/uploads\/2023\/08\/egg-breaker-machine-300x174.jpg",300,174,true],"medium_large":["https:\/\/www.eggmachinery.com\/wp-content\/uploads\/2023\/08\/egg-breaker-machine.jpg",468,271,false],"large":["https:\/\/www.eggmachinery.com\/wp-content\/uploads\/2023\/08\/egg-breaker-machine.jpg",468,271,false],"1536x1536":["https:\/\/www.eggmachinery.com\/wp-content\/uploads\/2023\/08\/egg-breaker-machine.jpg",468,271,false],"2048x2048":["https:\/\/www.eggmachinery.com\/wp-content\/uploads\/2023\/08\/egg-breaker-machine.jpg",468,271,false],"trp-custom-language-flag":["https:\/\/www.eggmachinery.com\/wp-content\/uploads\/2023\/08\/egg-breaker-machine.jpg",18,10,false],"woocommerce_thumbnail":["https:\/\/www.eggmachinery.com\/wp-content\/uploads\/2023\/08\/egg-breaker-machine-300x174.jpg",300,174,true],"woocommerce_single":["https:\/\/www.eggmachinery.com\/wp-content\/uploads\/2023\/08\/egg-breaker-machine.jpg",468,271,false],"woocommerce_gallery_thumbnail":["https:\/\/www.eggmachinery.com\/wp-content\/uploads\/2023\/08\/egg-breaker-machine-100x100.jpg",100,100,true]},"post_excerpt_stackable":"<p>Our egg breaking and separating machine can separate egg yolk, egg white, You could get the best liquid egg or egg yolk, the best quality products in the shortest time, and with high efficiency. Over 10000eggs per hour.<\/p>\n","category_list":"","author_info":{"name":"","url":""},"comments_num":"0 comments","_links":{"self":[{"href":"https:\/\/www.eggmachinery.com\/es\/wp-json\/wp\/v2\/product\/1388"}],"collection":[{"href":"https:\/\/www.eggmachinery.com\/es\/wp-json\/wp\/v2\/product"}],"about":[{"href":"https:\/\/www.eggmachinery.com\/es\/wp-json\/wp\/v2\/types\/product"}],"wp:featuredmedia":[{"embeddable":true,"href":"https:\/\/www.eggmachinery.com\/es\/wp-json\/wp\/v2\/media\/1391"}],"wp:attachment":[{"href":"https:\/\/www.eggmachinery.com\/es\/wp-json\/wp\/v2\/media?parent=1388"}],"wp:term":[{"taxonomy":"product_cat","embeddable":true,"href":"https:\/\/www.eggmachinery.com\/es\/wp-json\/wp\/v2\/product_cat?post=1388"},{"taxonomy":"product_tag","embeddable":true,"href":"https:\/\/www.eggmachinery.com\/es\/wp-json\/wp\/v2\/product_tag?post=1388"}],"curies":[{"name":"wp","href":"https:\/\/api.w.org\/{rel}","templated":true}]}}