{"id":2121,"date":"2023-11-14T16:49:02","date_gmt":"2023-11-14T08:49:02","guid":{"rendered":"https:\/\/www.eggmachinery.com\/?post_type=product&#038;p=2121"},"modified":"2023-11-29T16:30:12","modified_gmt":"2023-11-29T08:30:12","slug":"egg-packaging-machine","status":"publish","type":"product","link":"https:\/\/www.eggmachinery.com\/es\/producto\/egg-packaging-machine\/","title":{"rendered":"Envasadora de huevos"},"content":{"rendered":"<h2><strong>E<\/strong><strong>gg <\/strong><strong>P<\/strong><strong>Para acceder a <\/strong><strong>M<\/strong><strong>achine <\/strong><strong>F<\/strong><strong>o <\/strong><strong>S<\/strong><strong>ale<\/strong><strong>\u00a0<\/strong><strong>Introducci\u00f3n<\/strong><\/h2>\n<p>&nbsp;<\/p>\n<p>En el panorama en constante evoluci\u00f3n de la fabricaci\u00f3n, las innovaciones tecnol\u00f3gicas remodelan continuamente las industrias, aportando eficiencia, precisi\u00f3n y sostenibilidad. La m\u00e1quina de envasado de huevos al vac\u00edo es un testimonio de esta evoluci\u00f3n, ya que presenta un sinf\u00edn de caracter\u00edsticas de vanguardia que redefinen los est\u00e1ndares de la tecnolog\u00eda de envasado. Desde el film estirable coextruido multicapa hasta un sistema de control de \u00faltima generaci\u00f3n, esta m\u00e1quina representa una cumbre en el campo del envasado. En este art\u00edculo, profundizaremos en los entresijos de esta maravilla del envasado avanzado, explorando cada caracter\u00edstica y su importancia en el mundo de la fabricaci\u00f3n moderna.<\/p>\n<p>&nbsp;<\/p>\n<h2><strong>E<\/strong><strong>gg <\/strong><strong>P<\/strong><strong>acker <\/strong><strong>M<\/strong><strong>achine<\/strong><strong>\u00a0<\/strong><strong>Tecnolog\u00eda de film estirable<\/strong><\/h2>\n<p>&nbsp;<\/p>\n<p>En el coraz\u00f3n de la m\u00e1quina de envasado de huevos se encuentra la utilizaci\u00f3n de film estirable coextruido multicapa. Este film se somete a un meticuloso proceso de precalentamiento, formaci\u00f3n de moldes mediante precalentamiento, presi\u00f3n de aire y adsorci\u00f3n al vac\u00edo. El resultado es un material de envasado que garantiza la protecci\u00f3n del producto, la prolongaci\u00f3n de su vida \u00fatil y una presentaci\u00f3n impecable. La incorporaci\u00f3n de la tecnolog\u00eda de film estirable pone de manifiesto el compromiso con la calidad y la funcionalidad, lo que distingue a esta m\u00e1quina en el competitivo panorama de las soluciones de envasado.<\/p>\n<h2><strong>\u00a0<\/strong><\/h2>\n<h2><strong>E<\/strong><strong>gg <\/strong><strong>P<\/strong><strong>Para acceder a <\/strong><strong>M<\/strong><strong>achine<\/strong><strong>\u00a0<\/strong><strong>Excelencia en sistemas de control<\/strong><\/h2>\n<p>&nbsp;<\/p>\n<ol>\n<li>Control PLC japon\u00e9s Mitsubishi FX3GA-60MT:<\/li>\n<\/ol>\n<p>&nbsp;<\/p>\n<p>El cerebro de la envasadora de huevos es el controlador programable por ordenador (PLC) japon\u00e9s Mitsubishi FX3GA-60MT. Conocido por su fiabilidad y eficacia, este PLC permite un control preciso de todo el proceso de envasado. Con capacidades de entrada y salida de gran capacidad, act\u00faa como centro neur\u00e1lgico, orquestando la ejecuci\u00f3n perfecta de las tareas, desde el calentamiento de la pel\u00edcula hasta el corte y el reciclado de residuos.<\/p>\n<p>&nbsp;<\/p>\n<ol>\n<li>Interfaz hombre-m\u00e1quina True Color de Mitsubishi:<\/li>\n<\/ol>\n<p>&nbsp;<\/p>\n<p>La integraci\u00f3n de una pantalla t\u00e1ctil de interfaz hombre-m\u00e1quina de 10 pulgadas en color real de la japonesa Mitsubishi a\u00f1ade un nivel de facilidad de uso al sistema de control. El dise\u00f1o push-pull de la pantalla de control mejora la accesibilidad, permitiendo a los operarios navegar por las funciones de la m\u00e1quina sin esfuerzo. La pantalla t\u00e1ctil sirve de puerta de acceso a las funciones de calentamiento inteligente y a los sistemas de control de temperatura, garantizando un rendimiento y una calidad del producto \u00f3ptimos.<\/p>\n<p>&nbsp;<\/p>\n<h3><strong>E<\/strong><strong>gg <\/strong><strong>P<\/strong><strong>acker <\/strong><strong>M<\/strong><strong>achine<\/strong><strong>\u00a0<\/strong><strong>Tecnolog\u00eda de vac\u00edo<\/strong><\/h3>\n<p>&nbsp;<\/p>\n<p>El departamento de vac\u00edo de la envasadora de huevos cuenta con una envasadora al vac\u00edo extensible de alto vac\u00edo BUSCH RA0240D, alemana y respetuosa con el medio ambiente. Esta cuenta con una bomba de vac\u00edo especial de gran tama\u00f1o libre de contaminaci\u00f3n con una impresionante capacidad de bombeo de aire de 200 metros c\u00fabicos por hora. El grado de vac\u00edo m\u00e1ximo de la bomba de vac\u00edo alcanza 0,1 mbar, lo que ejemplifica la dedicaci\u00f3n de la m\u00e1quina a la creaci\u00f3n de un entorno de envasado controlado y est\u00e9ril. La adopci\u00f3n del sistema alem\u00e1n de moldeo por tanque de presi\u00f3n negativa a\u00f1ade una dimensi\u00f3n de ahorro energ\u00e9tico a la tecnolog\u00eda de vac\u00edo.<\/p>\n<p>&nbsp;<\/p>\n<h3><strong>E<\/strong><strong>gg <\/strong><strong>P<\/strong><strong>acker <\/strong><strong>M<\/strong><strong>achine<\/strong><strong>\u00a0<\/strong><strong>Dise\u00f1o y construcci\u00f3n de vanguardia<\/strong><\/h3>\n<p>&nbsp;<\/p>\n<ol>\n<li>Chasis de aleaci\u00f3n de aluminio y magnesio:<\/li>\n<\/ol>\n<p>&nbsp;<\/p>\n<p>Toda la m\u00e1quina est\u00e1 construida con un bastidor de aleaci\u00f3n de aluminio y magnesio, que proporciona una base robusta que garantiza la estabilidad y la durabilidad. El uso de este material, combinado con un proceso de moldeo en un solo paso, garantiza que la m\u00e1quina conserve su forma a lo largo del tiempo, minimizando la necesidad de mantenimiento y ajustes frecuentes.<\/p>\n<p>&nbsp;<\/p>\n<ol>\n<li>Sistemas neum\u00e1ticos de elevaci\u00f3n independiente por palanca y autobloqueo:<\/li>\n<\/ol>\n<p>&nbsp;<\/p>\n<p>Los mecanismos de formado, sellado y elevaci\u00f3n de la m\u00e1quina de envasado de huevos emplean sistemas de elevaci\u00f3n y autobloqueo independientes de tipo palanca neum\u00e1tica. Este dise\u00f1o permite un posicionamiento preciso en cuatro direcciones (frontal, trasera, izquierda y derecha), lo que garantiza la precisi\u00f3n y la uniformidad del proceso de envasado.<\/p>\n<p>&nbsp;<\/p>\n<ol>\n<li>Montaje y sustituci\u00f3n r\u00e1pidos del molde:<\/li>\n<\/ol>\n<p>&nbsp;<\/p>\n<p>La eficiencia aumenta a\u00fan m\u00e1s gracias a la rapidez de montaje y sustituci\u00f3n de los moldes. Esta caracter\u00edstica permite a los fabricantes adaptarse r\u00e1pidamente a las cambiantes necesidades de producci\u00f3n, reduciendo el tiempo de inactividad y mejorando la productividad general. El tapete de sellado global garantiza unos sellados est\u00e9ticamente agradables y seguros, lo que contribuye al atractivo visual de los productos envasados.<\/p>\n<h3><strong>\u00a0<\/strong><\/h3>\n<h3><strong>E<\/strong><strong>gg <\/strong><strong>P<\/strong><strong>acker <\/strong><strong>M<\/strong><strong>Seguridad de la m\u00e1quina y funciones avanzadas<\/strong><\/h3>\n<p>&nbsp;<\/p>\n<ol>\n<li>Sistemas de alerta y protecci\u00f3n:<\/li>\n<\/ol>\n<p>&nbsp;<\/p>\n<p>La empaquetadora de huevos est\u00e1 equipada con una serie de sistemas de advertencia y protecci\u00f3n. Entre ellos se incluyen alertas de p\u00e9rdida de fase el\u00e9ctrica, fase inversa, tensi\u00f3n demasiado alta o demasiado baja y lubricaci\u00f3n mec\u00e1nica peri\u00f3dica. Estas caracter\u00edsticas no s\u00f3lo mejoran la seguridad operativa, sino que tambi\u00e9n contribuyen a la longevidad de la m\u00e1quina.<\/p>\n<p>&nbsp;<\/p>\n<ol>\n<li>Funciones avanzadas:<\/li>\n<\/ol>\n<p>&nbsp;<\/p>\n<p>La m\u00e1quina incorpora funciones avanzadas, como memoria de apagado y reinicio, que proporcionan comodidad y eficacia operativas. En caso de aver\u00eda, el escudo de seguridad apaga autom\u00e1ticamente el sistema, mostrando la causa y la soluci\u00f3n en el ordenador. Estas funciones reducen el tiempo de inactividad, facilitan la resoluci\u00f3n de problemas y contribuyen a la fiabilidad general del proceso de envasado.<\/p>\n<h2><strong>\u00a0<\/strong><\/h2>\n<h2><strong>E<\/strong><strong>gg <\/strong><strong>P<\/strong><strong>acker <\/strong><strong>M<\/strong><strong>achine<\/strong><strong>\u00a0<\/strong><strong>Sensores e interruptores de inducci\u00f3n de vanguardia<\/strong><\/h2>\n<p>&nbsp;<\/p>\n<ol>\n<li>Sistema de seguimiento fotoel\u00e9ctrico American Banner:<\/li>\n<\/ol>\n<p>&nbsp;<\/p>\n<p>La inclusi\u00f3n del sistema de seguimiento fotoel\u00e9ctrico American Banner a\u00f1ade una capa de precisi\u00f3n a la m\u00e1quina de envasado de huevos. Este sistema, cuando se utiliza con film de cubierta de color, garantiza que la posici\u00f3n del patr\u00f3n est\u00e9 perfectamente alineada, lo que contribuye al atractivo est\u00e9tico de los productos envasados.<\/p>\n<p>&nbsp;<\/p>\n<ol>\n<li>Interruptor de inducci\u00f3n de marca alemana:<\/li>\n<\/ol>\n<p>&nbsp;<\/p>\n<p>El interruptor de inducci\u00f3n, procedente de una reputada marca alemana, no presenta da\u00f1os permanentes (salvo da\u00f1os f\u00edsicos). Colocados estrat\u00e9gicamente por todo el equipo, estos interruptores contribuyen a diversos puntos de protecci\u00f3n, garantizando la seguridad del personal que maneja la m\u00e1quina.<\/p>\n<p>&nbsp;<\/p>\n<p>Conclusi\u00f3n<\/p>\n<p>&nbsp;<\/p>\n<p>La m\u00e1quina de envasado de huevos es una maravilla tecnol\u00f3gica que integra una serie de caracter\u00edsticas que redefinen las capacidades de las soluciones de envasado modernas. Desde su utilizaci\u00f3n de film estirable coextruido multicapa hasta el control de precisi\u00f3n facilitado por el PLC Mitsubishi y la interfaz hombre-m\u00e1quina, cada aspecto de esta m\u00e1quina refleja un compromiso con la eficiencia, la calidad y la seguridad. A medida que la industria del envasado sigue evolucionando, innovaciones como la m\u00e1quina de envasado de huevos establecen nuevos puntos de referencia, dando forma al futuro de la fabricaci\u00f3n y la presentaci\u00f3n de productos.<\/p>\n<p>&nbsp;<\/p>\n<h3>Si necesita envasar huevo l\u00edquido, haga clic en<a href=\"https:\/\/www.eggmachinery.com\/es\/producto\/egg-packer-machine\/\"><u>\uff1aEnvasado de huevos l\u00edquidos <\/u><\/a><\/h3>\n<h3>Si necesita hacer huevos pelados y cocidos en barril, haga clic en\uff1a.<a href=\"https:\/\/www.eggmachinery.com\/es\/producto\/egg-packing-machine-2\/\"><u>Envasado de huevos duros <\/u><\/a><\/h3>\n<h3>Si necesita envasar huevos pelados y cocidos en bolsas, haga clic: <a href=\"https:\/\/www.eggmachinery.com\/es\/producto\/egg-packing-machine-for-sale\/\"><u>Envasado de huevos cocidos <\/u><\/a><\/h3>\n<h3><\/h3>","protected":false},"excerpt":{"rendered":"<p>La m\u00e1quina de envasado de huevos es una maravilla tecnol\u00f3gica que integra una serie de caracter\u00edsticas que redefinen las capacidades de las soluciones de envasado modernas. Desde la utilizaci\u00f3n de film estirable coextruido multicapa hasta el control de precisi\u00f3n facilitado por el PLC Mitsubishi y la interfaz hombre-m\u00e1quina, todos los aspectos de esta m\u00e1quina reflejan un compromiso con la eficiencia, la calidad y la seguridad.<\/p>","protected":false},"featured_media":2126,"template":"","meta":{"_seopress_robots_primary_cat":"none"},"product_cat":[33],"product_tag":[],"featured_image_urls":{"full":["https:\/\/www.eggmachinery.com\/wp-content\/uploads\/2023\/11\/egg-packer-machine-1.webp",800,800,false],"thumbnail":["https:\/\/www.eggmachinery.com\/wp-content\/uploads\/2023\/11\/egg-packer-machine-1-150x150.webp",150,150,true],"medium":["https:\/\/www.eggmachinery.com\/wp-content\/uploads\/2023\/11\/egg-packer-machine-1-300x300.webp",300,300,true],"medium_large":["https:\/\/www.eggmachinery.com\/wp-content\/uploads\/2023\/11\/egg-packer-machine-1-768x768.webp",768,768,true],"large":["https:\/\/www.eggmachinery.com\/wp-content\/uploads\/2023\/11\/egg-packer-machine-1.webp",800,800,false],"1536x1536":["https:\/\/www.eggmachinery.com\/wp-content\/uploads\/2023\/11\/egg-packer-machine-1.webp",800,800,false],"2048x2048":["https:\/\/www.eggmachinery.com\/wp-content\/uploads\/2023\/11\/egg-packer-machine-1.webp",800,800,false],"trp-custom-language-flag":["https:\/\/www.eggmachinery.com\/wp-content\/uploads\/2023\/11\/egg-packer-machine-1.webp",12,12,false],"woocommerce_thumbnail":["https:\/\/www.eggmachinery.com\/wp-content\/uploads\/2023\/11\/egg-packer-machine-1-300x300.webp",300,300,true],"woocommerce_single":["https:\/\/www.eggmachinery.com\/wp-content\/uploads\/2023\/11\/egg-packer-machine-1-600x600.webp",600,600,true],"woocommerce_gallery_thumbnail":["https:\/\/www.eggmachinery.com\/wp-content\/uploads\/2023\/11\/egg-packer-machine-1-100x100.webp",100,100,true]},"post_excerpt_stackable":"<p>The egg packaging machine stands as a technological marvel, integrating a host of features that redefine the capabilities of modern packaging solutions. From its utilization of multi-layer co-extruded stretch film to the precision control facilitated by the Mitsubishi PLC and human-machine interface, every aspect of this machine reflects a commitment to efficiency, quality, and safety.<\/p>\n","category_list":"","author_info":{"name":"","url":""},"comments_num":"0 comments","_links":{"self":[{"href":"https:\/\/www.eggmachinery.com\/es\/wp-json\/wp\/v2\/product\/2121"}],"collection":[{"href":"https:\/\/www.eggmachinery.com\/es\/wp-json\/wp\/v2\/product"}],"about":[{"href":"https:\/\/www.eggmachinery.com\/es\/wp-json\/wp\/v2\/types\/product"}],"wp:featuredmedia":[{"embeddable":true,"href":"https:\/\/www.eggmachinery.com\/es\/wp-json\/wp\/v2\/media\/2126"}],"wp:attachment":[{"href":"https:\/\/www.eggmachinery.com\/es\/wp-json\/wp\/v2\/media?parent=2121"}],"wp:term":[{"taxonomy":"product_cat","embeddable":true,"href":"https:\/\/www.eggmachinery.com\/es\/wp-json\/wp\/v2\/product_cat?post=2121"},{"taxonomy":"product_tag","embeddable":true,"href":"https:\/\/www.eggmachinery.com\/es\/wp-json\/wp\/v2\/product_tag?post=2121"}],"curies":[{"name":"wp","href":"https:\/\/api.w.org\/{rel}","templated":true}]}}