{"id":2143,"date":"2023-11-16T13:18:54","date_gmt":"2023-11-16T05:18:54","guid":{"rendered":"https:\/\/www.eggmachinery.com\/?post_type=product&#038;p=2143"},"modified":"2023-11-16T15:28:19","modified_gmt":"2023-11-16T07:28:19","slug":"egg-packing-machine-for-sale","status":"publish","type":"product","link":"https:\/\/www.eggmachinery.com\/es\/producto\/egg-packing-machine-for-sale\/","title":{"rendered":"Venta de envasadoras de huevos"},"content":{"rendered":"<h2><strong>E<\/strong><strong>gg <\/strong><strong>P<\/strong><strong>ackaging <\/strong><strong>M<\/strong><strong>achine<\/strong><strong>\u00a0<\/strong><strong>Aplicable <\/strong><strong>M<\/strong><strong>ateriales: <\/strong><strong>B<\/strong><strong>elevado <\/strong><strong>E<\/strong><strong>ggs<\/strong><\/h2>\n<h2><strong>E<\/strong><strong>gg <\/strong><strong>P<\/strong><strong>acker <\/strong><strong>M<\/strong><strong>achine<\/strong><strong>\u00a0<\/strong><strong>Funcionamiento <\/strong><strong>E<\/strong><strong>nvironment<\/strong><\/h2>\n<p>Temperatura ambiente -10-40 grados cent\u00edgrados, 30-90%RH, sin exposici\u00f3n, sin gases corrosivos, sin polvo y otros entornos dif\u00edciles.<\/p>\n<h3><strong>\u00a0<\/strong><\/h3>\n<h3><strong>E<\/strong><strong>gg <\/strong><strong>P<\/strong><strong>acker <\/strong><strong>M<\/strong><strong>achine<\/strong><strong>\u00a0<\/strong><strong>Advantag<\/strong><strong>e<\/strong><\/h3>\n<p>La m\u00e1quina envasadora de huevos puede cambiar r\u00e1pidamente las especificaciones de envasado, y la altura del dispositivo autom\u00e1tico de recogida de bolsas se puede ajustar a la vez. Todas las partes en contacto con alimentos o envases est\u00e1n hechos de acero inoxidable 304 de grado alimenticio u otros materiales que cumplen con los requisitos de higiene de alimentos (medicamentos) para garantizar la higiene y seguridad de los alimentos (medicamentos). El equipo es f\u00e1cil de manejar, utilizando avanzados sistemas de control el\u00e9ctrico PLC y POD (pantalla t\u00e1ctil), con una interfaz hombre-m\u00e1quina amigable y un funcionamiento f\u00e1cil y flexible. Si el material no se corta, no se sellar\u00e1, eliminando as\u00ed el desperdicio de bolsas de embalaje.<\/p>\n<p>En el sistema de llenado de material, siempre hemos pensado en lo que piensan nuestros clientes y nos hemos preocupado por sus necesidades. Aprovechando al m\u00e1ximo las ventajas tecnol\u00f3gicas de I+D de la empresa en sistemas de llenado de material, hemos dise\u00f1ado y desarrollado una serie de sistemas de llenado de material que antes s\u00f3lo se pod\u00edan envasar manualmente. El m\u00e9todo de sellado al vac\u00edo utiliza calentamiento instant\u00e1neo y enfriamiento por agua para conseguir un sellado m\u00e1s suave y bonito. Al mismo tiempo, la investigaci\u00f3n y el desarrollo creativos en el sistema de vac\u00edo han transformado el sistema de circuito de alimentaci\u00f3n del sistema de vac\u00edo tradicional, lo que ha mejorado en gran medida las deficiencias de la inestabilidad del circuito del sistema de vac\u00edo anterior, la corta vida \u00fatil y los altos costes de mantenimiento. \u00a1Aporta una poderosa ayuda a los clientes para mejorar la eficiencia de la producci\u00f3n y crear beneficios!<\/p>\n<p>&nbsp;<\/p>\n<h3><\/h3>\n<h3>Si necesita envasar huevo l\u00edquido, haga clic en<a href=\"https:\/\/www.eggmachinery.com\/es\/producto\/egg-packer-machine\/\"><u>\uff1aEnvasado de huevos l\u00edquidos <\/u><\/a><\/h3>\n<h3>Si necesita hacer huevos pelados y cocidos en barril, haga clic en\uff1a.<a href=\"https:\/\/www.eggmachinery.com\/es\/producto\/egg-packing-machine-2\/\"><u>Envasado de huevos duros <\/u><\/a><\/h3>\n<h3>Si necesita envasar huevos pelados y cocidos en bolsas, haga clic: <a href=\"https:\/\/www.eggmachinery.com\/es\/producto\/egg-packing-machine-for-sale\/\"><u>Envasado de huevos cocidos <\/u><\/a><\/h3>\n<h3><\/h3>","protected":false},"excerpt":{"rendered":"<p>La m\u00e1quina envasadora de huevos puede cambiar r\u00e1pidamente las especificaciones de envasado, y la altura del dispositivo autom\u00e1tico de recogida de bolsas se puede ajustar a la vez. Todas las partes en contacto con alimentos o envases est\u00e1n hechos de acero inoxidable 304 de grado alimenticio u otros materiales que cumplen con los requisitos de higiene de alimentos (medicamentos) para garantizar la higiene y seguridad de los alimentos (medicamentos). El equipo es f\u00e1cil de manejar, utilizando avanzados sistemas de control el\u00e9ctrico PLC y POD (pantalla t\u00e1ctil), con una interfaz hombre-m\u00e1quina amigable y un funcionamiento f\u00e1cil y flexible. Si el material no se corta, no se sellar\u00e1, eliminando as\u00ed el desperdicio de bolsas de embalaje.<\/p>","protected":false},"featured_media":2124,"template":"","meta":{"_seopress_robots_primary_cat":"none"},"product_cat":[33],"product_tag":[],"featured_image_urls":{"full":["https:\/\/www.eggmachinery.com\/wp-content\/uploads\/2023\/11\/egg-packaging-machine.webp",800,800,false],"thumbnail":["https:\/\/www.eggmachinery.com\/wp-content\/uploads\/2023\/11\/egg-packaging-machine-150x150.webp",150,150,true],"medium":["https:\/\/www.eggmachinery.com\/wp-content\/uploads\/2023\/11\/egg-packaging-machine-300x300.webp",300,300,true],"medium_large":["https:\/\/www.eggmachinery.com\/wp-content\/uploads\/2023\/11\/egg-packaging-machine-768x768.webp",768,768,true],"large":["https:\/\/www.eggmachinery.com\/wp-content\/uploads\/2023\/11\/egg-packaging-machine.webp",800,800,false],"1536x1536":["https:\/\/www.eggmachinery.com\/wp-content\/uploads\/2023\/11\/egg-packaging-machine.webp",800,800,false],"2048x2048":["https:\/\/www.eggmachinery.com\/wp-content\/uploads\/2023\/11\/egg-packaging-machine.webp",800,800,false],"trp-custom-language-flag":["https:\/\/www.eggmachinery.com\/wp-content\/uploads\/2023\/11\/egg-packaging-machine.webp",12,12,false],"woocommerce_thumbnail":["https:\/\/www.eggmachinery.com\/wp-content\/uploads\/2023\/11\/egg-packaging-machine-300x300.webp",300,300,true],"woocommerce_single":["https:\/\/www.eggmachinery.com\/wp-content\/uploads\/2023\/11\/egg-packaging-machine-600x600.webp",600,600,true],"woocommerce_gallery_thumbnail":["https:\/\/www.eggmachinery.com\/wp-content\/uploads\/2023\/11\/egg-packaging-machine-100x100.webp",100,100,true]},"post_excerpt_stackable":"<p>Egg packing machine can quickly change packaging specifications, and the height of the automatic bag picking device can be adjusted at one time. All parts in contact with food or packaging are made of food-grade 304 stainless steel or other materials that meet food (medicine) hygiene requirements to ensure food (medicine) hygiene and safety. The equipment is easy to operate, using advanced PLC and POD (touch screen) electrical control systems, with a friendly human-machine interface and easy and flexible operation. If the material is not cut, it will not be sealed, thus eliminating the waste of packaging bags.<\/p>\n","category_list":"","author_info":{"name":"","url":""},"comments_num":"0 comments","_links":{"self":[{"href":"https:\/\/www.eggmachinery.com\/es\/wp-json\/wp\/v2\/product\/2143"}],"collection":[{"href":"https:\/\/www.eggmachinery.com\/es\/wp-json\/wp\/v2\/product"}],"about":[{"href":"https:\/\/www.eggmachinery.com\/es\/wp-json\/wp\/v2\/types\/product"}],"wp:featuredmedia":[{"embeddable":true,"href":"https:\/\/www.eggmachinery.com\/es\/wp-json\/wp\/v2\/media\/2124"}],"wp:attachment":[{"href":"https:\/\/www.eggmachinery.com\/es\/wp-json\/wp\/v2\/media?parent=2143"}],"wp:term":[{"taxonomy":"product_cat","embeddable":true,"href":"https:\/\/www.eggmachinery.com\/es\/wp-json\/wp\/v2\/product_cat?post=2143"},{"taxonomy":"product_tag","embeddable":true,"href":"https:\/\/www.eggmachinery.com\/es\/wp-json\/wp\/v2\/product_tag?post=2143"}],"curies":[{"name":"wp","href":"https:\/\/api.w.org\/{rel}","templated":true}]}}