{"id":2160,"date":"2023-11-17T15:47:15","date_gmt":"2023-11-17T07:47:15","guid":{"rendered":"https:\/\/www.eggmachinery.com\/?post_type=product&#038;p=2160"},"modified":"2024-01-24T14:19:18","modified_gmt":"2024-01-24T06:19:18","slug":"vacuum-egg-sucker-machine","status":"publish","type":"product","link":"https:\/\/www.eggmachinery.com\/es\/producto\/vacuum-egg-sucker-machine\/","title":{"rendered":"M\u00e1quina succionadora de huevos al vac\u00edo"},"content":{"rendered":"<h2><strong><a href=\"https:\/\/www.eggmachinery.com\/es\/30pcs-egg-sucker-machine-vacuum-egg-collecting-machine-egg-suction-machine\/\">Elevador de huevos por vac\u00edo<\/a> Introducci\u00f3n <\/strong><\/h2>\n<p>&nbsp;<\/p>\n<p>El elevador de huevos semiautom\u00e1tico, equipado con un mecanismo de vac\u00edo, est\u00e1 especialmente dise\u00f1ado para manipular los huevos con delicadeza. La unidad de elevaci\u00f3n de huevos incluye uno o dos cabezales de elevaci\u00f3n de huevos, cada uno de ellos con un interruptor de palanca para facilitar la colocaci\u00f3n o liberaci\u00f3n de los huevos. Adem\u00e1s, se ofrecen elevadores de huevos con cabezal giratorio, lo que permite trabajar sin problemas con bandejas en zigzag.<\/p>\n<p><img decoding=\"async\" loading=\"lazy\" class=\"alignnone size-full wp-image-2964\" src=\"https:\/\/www.eggmachinery.com\/wp-content\/uploads\/vacuum-egg-lifter-2.webp\" alt=\"vacuum egg lifter\" width=\"750\" height=\"750\" srcset=\"https:\/\/www.eggmachinery.com\/wp-content\/uploads\/vacuum-egg-lifter-2.webp 750w, https:\/\/www.eggmachinery.com\/wp-content\/uploads\/vacuum-egg-lifter-2-300x300.webp 300w, https:\/\/www.eggmachinery.com\/wp-content\/uploads\/vacuum-egg-lifter-2-150x150.webp 150w, https:\/\/www.eggmachinery.com\/wp-content\/uploads\/vacuum-egg-lifter-2-600x600.webp 600w, https:\/\/www.eggmachinery.com\/wp-content\/uploads\/vacuum-egg-lifter-2-100x100.webp 100w\" sizes=\"(max-width: 750px) 100vw, 750px\" \/><\/p>\n<ol>\n<li>Minimiza las tasas de da\u00f1os en los huevos.<\/li>\n<li>Aumenta la eficacia y garantiza la transferencia segura de los huevos.<\/li>\n<li>Mitiga el riesgo de contaminaci\u00f3n de las manos.<\/li>\n<li>Se ofrecen varias configuraciones para huevos de gallina, pato y pavo.<\/li>\n<\/ol>\n<p>&nbsp;<\/p>\n<h2><a href=\"https:\/\/www.eggmachinery.com\/es\/30pcs-egg-sucker-machine-vacuum-egg-collecting-machine-egg-suction-machine\/\"><strong>M\u00e1quina succionadora de huevos al vac\u00edo <\/strong><\/a><strong>Especificaci\u00f3n<\/strong><\/h2>\n<table style=\"height: 241px;\" width=\"713\">\n<tbody>\n<tr>\n<td>Tensi\u00f3n<\/td>\n<td>220v<\/td>\n<\/tr>\n<tr>\n<td>Potencia<\/td>\n<td>550w<\/td>\n<\/tr>\n<tr>\n<td>Capacidad<\/td>\n<td>30-60 piezas por vez<\/td>\n<\/tr>\n<tr>\n<td>Talla<\/td>\n<td>300*300*300mm<\/td>\n<\/tr>\n<tr>\n<td>Peso<\/td>\n<td>25 kg<\/td>\n<\/tr>\n<\/tbody>\n<\/table>\n<p><img decoding=\"async\" loading=\"lazy\" class=\"alignnone size-full wp-image-2965\" src=\"https:\/\/www.eggmachinery.com\/wp-content\/uploads\/vacuum-egg-lifter-3.webp\" alt=\"vacuum egg lifter\" width=\"750\" height=\"750\" srcset=\"https:\/\/www.eggmachinery.com\/wp-content\/uploads\/vacuum-egg-lifter-3.webp 750w, https:\/\/www.eggmachinery.com\/wp-content\/uploads\/vacuum-egg-lifter-3-300x300.webp 300w, https:\/\/www.eggmachinery.com\/wp-content\/uploads\/vacuum-egg-lifter-3-150x150.webp 150w, https:\/\/www.eggmachinery.com\/wp-content\/uploads\/vacuum-egg-lifter-3-600x600.webp 600w, https:\/\/www.eggmachinery.com\/wp-content\/uploads\/vacuum-egg-lifter-3-100x100.webp 100w\" sizes=\"(max-width: 750px) 100vw, 750px\" \/><img decoding=\"async\" loading=\"lazy\" class=\"alignnone size-full wp-image-2966\" src=\"https:\/\/www.eggmachinery.com\/wp-content\/uploads\/vacuum-egg-lifter-4.webp\" alt=\"vacuum egg lifter\" width=\"750\" height=\"750\" srcset=\"https:\/\/www.eggmachinery.com\/wp-content\/uploads\/vacuum-egg-lifter-4.webp 750w, https:\/\/www.eggmachinery.com\/wp-content\/uploads\/vacuum-egg-lifter-4-300x300.webp 300w, https:\/\/www.eggmachinery.com\/wp-content\/uploads\/vacuum-egg-lifter-4-150x150.webp 150w, https:\/\/www.eggmachinery.com\/wp-content\/uploads\/vacuum-egg-lifter-4-600x600.webp 600w, https:\/\/www.eggmachinery.com\/wp-content\/uploads\/vacuum-egg-lifter-4-100x100.webp 100w\" sizes=\"(max-width: 750px) 100vw, 750px\" \/><img decoding=\"async\" loading=\"lazy\" class=\"alignnone size-full wp-image-2967\" src=\"https:\/\/www.eggmachinery.com\/wp-content\/uploads\/vacuum-egg-lifter-5.webp\" alt=\"vacuum egg lifter\" width=\"750\" height=\"750\" srcset=\"https:\/\/www.eggmachinery.com\/wp-content\/uploads\/vacuum-egg-lifter-5.webp 750w, https:\/\/www.eggmachinery.com\/wp-content\/uploads\/vacuum-egg-lifter-5-300x300.webp 300w, https:\/\/www.eggmachinery.com\/wp-content\/uploads\/vacuum-egg-lifter-5-150x150.webp 150w, https:\/\/www.eggmachinery.com\/wp-content\/uploads\/vacuum-egg-lifter-5-600x600.webp 600w, https:\/\/www.eggmachinery.com\/wp-content\/uploads\/vacuum-egg-lifter-5-100x100.webp 100w\" sizes=\"(max-width: 750px) 100vw, 750px\" \/><img decoding=\"async\" loading=\"lazy\" class=\"alignnone size-full wp-image-2968\" src=\"https:\/\/www.eggmachinery.com\/wp-content\/uploads\/vacuum-egg-lifter-6.webp\" alt=\"vacuum egg lifter\" width=\"750\" height=\"750\" srcset=\"https:\/\/www.eggmachinery.com\/wp-content\/uploads\/vacuum-egg-lifter-6.webp 750w, https:\/\/www.eggmachinery.com\/wp-content\/uploads\/vacuum-egg-lifter-6-300x300.webp 300w, https:\/\/www.eggmachinery.com\/wp-content\/uploads\/vacuum-egg-lifter-6-150x150.webp 150w, https:\/\/www.eggmachinery.com\/wp-content\/uploads\/vacuum-egg-lifter-6-600x600.webp 600w, https:\/\/www.eggmachinery.com\/wp-content\/uploads\/vacuum-egg-lifter-6-100x100.webp 100w\" sizes=\"(max-width: 750px) 100vw, 750px\" \/><\/p>","protected":false},"excerpt":{"rendered":"<p>Elevador de huevos por vac\u00edo. Este sistema consta de una mano operativa y una bomba de vac\u00edo. El proceso operativo es ideal para huevos en bandeja, con una especificaci\u00f3n est\u00e1ndar de 30 huevos por bandeja.<\/p>","protected":false},"featured_media":2163,"template":"","meta":{"_seopress_robots_primary_cat":"none"},"product_cat":[15],"product_tag":[],"featured_image_urls":{"full":["https:\/\/www.eggmachinery.com\/wp-content\/uploads\/Egg-sucker-machine-1.webp",750,750,false],"thumbnail":["https:\/\/www.eggmachinery.com\/wp-content\/uploads\/Egg-sucker-machine-1-150x150.webp",150,150,true],"medium":["https:\/\/www.eggmachinery.com\/wp-content\/uploads\/Egg-sucker-machine-1-300x300.webp",300,300,true],"medium_large":["https:\/\/www.eggmachinery.com\/wp-content\/uploads\/Egg-sucker-machine-1.webp",750,750,false],"large":["https:\/\/www.eggmachinery.com\/wp-content\/uploads\/Egg-sucker-machine-1.webp",750,750,false],"1536x1536":["https:\/\/www.eggmachinery.com\/wp-content\/uploads\/Egg-sucker-machine-1.webp",750,750,false],"2048x2048":["https:\/\/www.eggmachinery.com\/wp-content\/uploads\/Egg-sucker-machine-1.webp",750,750,false],"trp-custom-language-flag":["https:\/\/www.eggmachinery.com\/wp-content\/uploads\/Egg-sucker-machine-1.webp",12,12,false],"woocommerce_thumbnail":["https:\/\/www.eggmachinery.com\/wp-content\/uploads\/Egg-sucker-machine-1-300x300.webp",300,300,true],"woocommerce_single":["https:\/\/www.eggmachinery.com\/wp-content\/uploads\/Egg-sucker-machine-1-600x600.webp",600,600,true],"woocommerce_gallery_thumbnail":["https:\/\/www.eggmachinery.com\/wp-content\/uploads\/Egg-sucker-machine-1-100x100.webp",100,100,true]},"post_excerpt_stackable":"<p>Vacuum Egg Lifter. This system comprises an operational hand and a vacuum pump. The operational process is ideal for tray-type eggs, with a standard specification of 30 eggs per tray.<\/p>\n","category_list":"","author_info":{"name":"","url":""},"comments_num":"0 comments","_links":{"self":[{"href":"https:\/\/www.eggmachinery.com\/es\/wp-json\/wp\/v2\/product\/2160"}],"collection":[{"href":"https:\/\/www.eggmachinery.com\/es\/wp-json\/wp\/v2\/product"}],"about":[{"href":"https:\/\/www.eggmachinery.com\/es\/wp-json\/wp\/v2\/types\/product"}],"wp:featuredmedia":[{"embeddable":true,"href":"https:\/\/www.eggmachinery.com\/es\/wp-json\/wp\/v2\/media\/2163"}],"wp:attachment":[{"href":"https:\/\/www.eggmachinery.com\/es\/wp-json\/wp\/v2\/media?parent=2160"}],"wp:term":[{"taxonomy":"product_cat","embeddable":true,"href":"https:\/\/www.eggmachinery.com\/es\/wp-json\/wp\/v2\/product_cat?post=2160"},{"taxonomy":"product_tag","embeddable":true,"href":"https:\/\/www.eggmachinery.com\/es\/wp-json\/wp\/v2\/product_tag?post=2160"}],"curies":[{"name":"wp","href":"https:\/\/api.w.org\/{rel}","templated":true}]}}