{"id":2167,"date":"2023-11-17T16:27:17","date_gmt":"2023-11-17T08:27:17","guid":{"rendered":"https:\/\/www.eggmachinery.com\/?post_type=product&#038;p=2167"},"modified":"2023-11-17T16:27:17","modified_gmt":"2023-11-17T08:27:17","slug":"self-priming-pumps","status":"publish","type":"product","link":"https:\/\/www.eggmachinery.com\/es\/producto\/self-priming-pumps\/","title":{"rendered":"Bombas autocebantes"},"content":{"rendered":"<h2><strong>S<\/strong><strong>elf-priming <\/strong><strong>P<\/strong><strong>Introducci\u00f3n<\/strong><\/h2>\n<p><strong>\u00a0<\/strong><\/p>\n<p><strong>En el \u00e1mbito de la din\u00e1mica de fluidos y la tecnolog\u00eda de bombas, las bombas autocebantes se han convertido en herramientas indispensables para diversas aplicaciones. Estas bombas ofrecen una capacidad \u00fanica que las diferencia de las bombas convencionales: la capacidad de autocebarse, eliminando la necesidad de asistencia externa para el cebado. Este art\u00edculo explora los entresijos de las bombas autocebantes, profundizando en su dise\u00f1o, aplicaciones y ventajas.<\/strong><\/p>\n<p><strong>\u00a0<\/strong><\/p>\n<h2><strong>El mecanismo de autocebado<\/strong><\/h2>\n<p><strong>\u00a0<\/strong><\/p>\n<p><strong>En el coraz\u00f3n de una bomba autocebante hay un sofisticado dise\u00f1o que le permite evacuar autom\u00e1ticamente el aire y cebarse sin intervenci\u00f3n manual. Los principales componentes que facilitan esta capacidad son la carcasa de la bomba, el impulsor y una c\u00e1mara especialmente dise\u00f1ada. A diferencia de las bombas no autocebantes, que requieren un sistema de cebado manual o externo para eliminar el aire de la l\u00ednea de aspiraci\u00f3n, las bombas autocebantes aprovechan la ingenier\u00eda innovadora para realizar esta tarea de forma aut\u00f3noma.<\/strong><\/p>\n<p><strong>\u00a0<\/strong><\/p>\n<p><strong>Cuando la bomba se pone en marcha por primera vez, el impulsor empieza a girar, creando una fuerza centr\u00edfuga que impulsa el agua o el fluido hacia la carcasa de la bomba. Simult\u00e1neamente, se introduce aire en la bomba a trav\u00e9s de la tuber\u00eda de aspiraci\u00f3n. La mezcla de aire y agua entra en la c\u00e1mara especialmente dise\u00f1ada, donde se produce la separaci\u00f3n del aire y el agua. A continuaci\u00f3n, el aire se expulsa a trav\u00e9s de una v\u00e1lvula de descarga, mientras que el agua se recircula de nuevo hacia el impulsor, creando un ciclo de autocebado continuo y eficaz.<\/strong><\/p>\n<h3><strong>\u00a0<\/strong><\/h3>\n<h3><strong>Aplicaciones de las bombas autocebantes<\/strong><\/h3>\n<p><strong>\u00a0<\/strong><\/p>\n<p><strong>La versatilidad de las bombas autocebantes las hace adecuadas para una amplia gama de aplicaciones en diversas industrias. Algunas aplicaciones destacadas son:<\/strong><\/p>\n<p><strong>\u00a0<\/strong><\/p>\n<ol>\n<li><strong> Obras de construcci\u00f3n: Las bombas autocebantes se emplean con frecuencia en obras de construcci\u00f3n para achicar agua. Su capacidad para eliminar r\u00e1pida y autom\u00e1ticamente el aire de la l\u00ednea de aspiraci\u00f3n las hace ideales para la manipulaci\u00f3n de agua con residuos y s\u00f3lidos.<\/strong><\/li>\n<\/ol>\n<p><strong>\u00a0<\/strong><\/p>\n<ol start=\"2\">\n<li><strong> Suministro municipal de agua: En los sistemas municipales de agua, las bombas autocebantes desempe\u00f1an un papel crucial en el mantenimiento del suministro de agua y la gesti\u00f3n de las interrupciones temporales. Son id\u00f3neas para aplicaciones en las que es esencial un proceso de cebado r\u00e1pido y fiable.<\/strong><\/li>\n<\/ol>\n<p><strong>\u00a0<\/strong><\/p>\n<ol start=\"3\">\n<li><strong> Riego agr\u00edcola: Las bombas autocebantes se utilizan en entornos agr\u00edcolas, donde se encargan eficazmente de las tareas de riego. Su capacidad para manejar agua mezclada con peque\u00f1as part\u00edculas y residuos las hace fiables para diversas necesidades agr\u00edcolas.<\/strong><\/li>\n<\/ol>\n<p><strong>\u00a0<\/strong><\/p>\n<ol start=\"4\">\n<li><strong> Procesos industriales: Las industrias que requieren el trasvase de l\u00edquidos con viscosidades variables se benefician de la capacidad de autocebado. Estas bombas se emplean en el procesamiento qu\u00edmico, la producci\u00f3n de alimentos y bebidas y otros procesos de fabricaci\u00f3n.<\/strong><\/li>\n<\/ol>\n<p><strong>\u00a0<\/strong><\/p>\n<h3><strong>Ventajas de las bombas autocebantes<\/strong><\/h3>\n<p><strong>\u00a0<\/strong><\/p>\n<ol>\n<li><strong> Facilidad de instalaci\u00f3n: Las bombas autocebantes son conocidas por su sencillez y facilidad de instalaci\u00f3n. Eliminan la necesidad de sistemas de cebado adicionales, lo que reduce el tiempo y los costes de instalaci\u00f3n.<\/strong><\/li>\n<\/ol>\n<p><strong>\u00a0<\/strong><\/p>\n<ol start=\"2\">\n<li><strong> Versatilidad: La capacidad de manejar l\u00edquidos con aire y s\u00f3lidos arrastrados hace que las bombas autocebantes sean vers\u00e1tiles en diversas aplicaciones. Pueden manejar eficazmente fluidos dif\u00edciles que podr\u00edan causar problemas a las bombas tradicionales.<\/strong><\/li>\n<\/ol>\n<p><strong>\u00a0<\/strong><\/p>\n<ol start=\"3\">\n<li><strong> Reducci\u00f3n del tiempo de inactividad: El mecanismo de cebado aut\u00f3nomo reduce significativamente el tiempo de inactividad asociado al cebado manual. Esto es especialmente importante en aplicaciones en las que es esencial un funcionamiento continuo.<\/strong><\/li>\n<\/ol>\n<p><strong>\u00a0<\/strong><\/p>\n<ol start=\"4\">\n<li><strong> Rentabilidad: La eliminaci\u00f3n de los sistemas de cebado externos y la facilidad de instalaci\u00f3n contribuyen a la rentabilidad de las bombas autocebantes. Ofrecen una soluci\u00f3n fiable y eficiente sin necesidad de grandes infraestructuras.<\/strong><\/li>\n<\/ol>\n<p><strong>\u00a0<\/strong><\/p>\n<h3><strong>Conclusi\u00f3n<\/strong><\/h3>\n<p><strong>\u00a0<\/strong><\/p>\n<p><strong>Las bombas autocebantes son un testimonio de ingenier\u00eda innovadora en el campo de la din\u00e1mica de fluidos. Su capacidad para cebarse de forma aut\u00f3noma y manejar fluidos dif\u00edciles las convierte en un valioso activo en diversos sectores. Desde las obras de construcci\u00f3n hasta los sistemas municipales de abastecimiento de agua, estas bombas siguen desempe\u00f1ando un papel fundamental a la hora de garantizar una transferencia y gesti\u00f3n eficaces de los fluidos. A medida que avanza la tecnolog\u00eda, es probable que las bombas autocebantes sigan evolucionando y ofrezcan soluciones a\u00fan m\u00e1s eficaces para diversas aplicaciones.<\/strong><\/p>\n<p><strong>\u00a0<\/strong><\/p>\n<p><strong>\u00a0<\/strong><\/p>","protected":false},"excerpt":{"rendered":"<p><strong>Las bombas autocebantes son un testimonio de ingenier\u00eda innovadora en el campo de la din\u00e1mica de fluidos. Su capacidad para cebarse de forma aut\u00f3noma y manejar fluidos dif\u00edciles las convierte en un valioso activo en diversos sectores. Desde las obras de construcci\u00f3n hasta los sistemas municipales de abastecimiento de agua, estas bombas siguen desempe\u00f1ando un papel fundamental a la hora de garantizar una transferencia y gesti\u00f3n eficaces de los fluidos. A medida que avanza la tecnolog\u00eda, es probable que las bombas autocebantes sigan evolucionando y ofrezcan soluciones a\u00fan m\u00e1s eficaces para diversas aplicaciones.<\/strong><\/p>","protected":false},"featured_media":2170,"template":"","meta":{"_seopress_robots_primary_cat":""},"product_cat":[34],"product_tag":[],"featured_image_urls":{"full":["https:\/\/www.eggmachinery.com\/wp-content\/uploads\/CIP-pump.webp",800,800,false],"thumbnail":["https:\/\/www.eggmachinery.com\/wp-content\/uploads\/CIP-pump-150x150.webp",150,150,true],"medium":["https:\/\/www.eggmachinery.com\/wp-content\/uploads\/CIP-pump-300x300.webp",300,300,true],"medium_large":["https:\/\/www.eggmachinery.com\/wp-content\/uploads\/CIP-pump-768x768.webp",768,768,true],"large":["https:\/\/www.eggmachinery.com\/wp-content\/uploads\/CIP-pump.webp",800,800,false],"1536x1536":["https:\/\/www.eggmachinery.com\/wp-content\/uploads\/CIP-pump.webp",800,800,false],"2048x2048":["https:\/\/www.eggmachinery.com\/wp-content\/uploads\/CIP-pump.webp",800,800,false],"trp-custom-language-flag":["https:\/\/www.eggmachinery.com\/wp-content\/uploads\/CIP-pump.webp",12,12,false],"woocommerce_thumbnail":["https:\/\/www.eggmachinery.com\/wp-content\/uploads\/CIP-pump-300x300.webp",300,300,true],"woocommerce_single":["https:\/\/www.eggmachinery.com\/wp-content\/uploads\/CIP-pump-600x600.webp",600,600,true],"woocommerce_gallery_thumbnail":["https:\/\/www.eggmachinery.com\/wp-content\/uploads\/CIP-pump-100x100.webp",100,100,true]},"post_excerpt_stackable":"<p><strong>Self-priming pumps stand as a testament to innovative engineering in the realm of fluid dynamics. Their ability to autonomously prime and handle challenging fluids makes them a valuable asset across various industries. From construction sites to municipal water systems, these pumps continue to play a pivotal role in ensuring efficient fluid transfer and management. As technology advances, self-priming pumps are likely to evolve further, providing even more efficient solutions for diverse applications.<\/strong><\/p>\n","category_list":"","author_info":{"name":"","url":""},"comments_num":"0 comments","_links":{"self":[{"href":"https:\/\/www.eggmachinery.com\/es\/wp-json\/wp\/v2\/product\/2167"}],"collection":[{"href":"https:\/\/www.eggmachinery.com\/es\/wp-json\/wp\/v2\/product"}],"about":[{"href":"https:\/\/www.eggmachinery.com\/es\/wp-json\/wp\/v2\/types\/product"}],"wp:featuredmedia":[{"embeddable":true,"href":"https:\/\/www.eggmachinery.com\/es\/wp-json\/wp\/v2\/media\/2170"}],"wp:attachment":[{"href":"https:\/\/www.eggmachinery.com\/es\/wp-json\/wp\/v2\/media?parent=2167"}],"wp:term":[{"taxonomy":"product_cat","embeddable":true,"href":"https:\/\/www.eggmachinery.com\/es\/wp-json\/wp\/v2\/product_cat?post=2167"},{"taxonomy":"product_tag","embeddable":true,"href":"https:\/\/www.eggmachinery.com\/es\/wp-json\/wp\/v2\/product_tag?post=2167"}],"curies":[{"name":"wp","href":"https:\/\/api.w.org\/{rel}","templated":true}]}}