{"id":2299,"date":"2023-12-01T16:22:31","date_gmt":"2023-12-01T08:22:31","guid":{"rendered":"https:\/\/www.eggmachinery.com\/?post_type=product&#038;p=2299"},"modified":"2023-12-01T16:31:06","modified_gmt":"2023-12-01T08:31:06","slug":"boiled-egg-sterilization-equipment","status":"publish","type":"product","link":"https:\/\/www.eggmachinery.com\/es\/producto\/boiled-egg-sterilization-equipment\/","title":{"rendered":"Equipo de esterilizaci\u00f3n de huevos cocidos"},"content":{"rendered":"<h2>\u00bfQu\u00e9 es un equipo de esterilizaci\u00f3n de huevos cocidos?<\/h2>\n<p>Por \"equipo de esterilizaci\u00f3n de huevos cocidos\" se entiende la maquinaria o los dispositivos dise\u00f1ados espec\u00edficamente para la esterilizaci\u00f3n de huevos cocidos. Estos dispositivos est\u00e1n equipados con caracter\u00edsticas y funciones que garantizan que los huevos se sometan a un proceso de esterilizaci\u00f3n, normalmente a alta temperatura y con un tratamiento de corta duraci\u00f3n, para eliminar los microorganismos y pat\u00f3genos nocivos, garantizando la seguridad y calidad de los huevos cocidos. El equipo puede incluir diversas caracter\u00edsticas tecnol\u00f3gicas, como sistemas de control autom\u00e1tico, modos de intercambio uniforme del flujo de agua y dispositivos de protecci\u00f3n de seguridad, como se ha mencionado en las descripciones anteriores. El objetivo es proporcionar un entorno eficaz y controlado para la esterilizaci\u00f3n de huevos cocidos a escala comercial o industrial.<\/p>\n<h2><strong>M\u00e1quina de esterilizaci\u00f3n de huevos cocidos Industrias Aplicables<\/strong><\/h2>\n<p>La m\u00e1quina esterilizadora de huevos cocidos es adecuada para su uso en diversas industrias, como hoteles, tiendas de ropa, tiendas de materiales de construcci\u00f3n, talleres de reparaci\u00f3n de maquinaria, plantas de fabricaci\u00f3n, f\u00e1bricas de alimentos y bebidas, granjas, restaurantes, uso dom\u00e9stico, venta al por menor, tiendas de alimentaci\u00f3n, imprentas, obras de construcci\u00f3n, energ\u00eda y miner\u00eda, tiendas de alimentos y bebidas, otros negocios y empresas de publicidad.<\/p>\n<p>&nbsp;<\/p>\n<p>&nbsp;<\/p>\n<p>&nbsp;<\/p>\n<p><strong>\u00a0<\/strong><\/p>\n<h2><strong>Maquinaria de esterilizaci\u00f3n de huevos cocidos Descripci\u00f3n <\/strong><\/h2>\n<p>Apropiada para varios tipos de envases de pl\u00e1stico como botellas de PP y botellas de HDPE. Tambi\u00e9n es adecuado para esterilizar materiales de envasado de bolsas blandas como bolsas de papel de aluminio, bolsas transparentes de alta temperatura, bolsas de vac\u00edo de alta temperatura y otros...<a href=\"https:\/\/www.eggmachinery.com\/es\/producto\/egg-packing-machine-2\/\"> envasado de huevos<\/a> utilizados para almacenar alimentos y bebidas.<\/p>\n<p>&nbsp;<\/p>\n<p>&nbsp;<\/p>\n<h3><strong>Caracter\u00edsticas principales de la m\u00e1quina esterilizadora de huevos cocidos<\/strong><\/h3>\n<p>- Utiliza alta temperatura y esterilizaci\u00f3n de corta duraci\u00f3n, mejorando la eficiencia operativa.<\/p>\n<p>- Fomenta el ahorro energ\u00e9tico y la reducci\u00f3n de costes.<\/p>\n<p>- Dispone de un modo de intercambio de flujo de agua uniforme para una temperatura constante, eliminando los \u00e1ngulos muertos y garantizando la calidad del producto.<\/p>\n<p>- Mantiene una temperatura estable durante todo el proceso de esterilizaci\u00f3n en la olla esterilizadora, garantizando una tasa cualificada de valor F.<\/p>\n<p>- Equipada con un sistema de control autom\u00e1tico que distribuye eficazmente el calor en la olla, reduciendo la necesidad de intervenci\u00f3n manual y la asignaci\u00f3n de recursos.<\/p>\n<p>- Almacena hasta 100 f\u00f3rmulas de esterilizaci\u00f3n en el ordenador para una selecci\u00f3n flexible basada en diferentes materiales y procesos de esterilizaci\u00f3n.<\/p>\n<p>- Cuando se restablece el suministro el\u00e9ctrico tras un corte, el programa inform\u00e1tico vuelve autom\u00e1ticamente al estado anterior al corte.<\/p>\n<p>- La conservaci\u00f3n del calor del cuerpo de la olla minimiza la p\u00e9rdida de calor, lo que contribuye al ahorro de energ\u00eda.<\/p>\n<p>- Dispone de un sistema de control de temperatura por simulaci\u00f3n con un mecanismo de calentamiento en varias etapas que se puede configurar.<\/p>\n<p>- Incluye una funci\u00f3n para medir el valor F.<\/p>\n<p>- Incorpora un dispositivo de protecci\u00f3n de seguridad que combina m\u00faltiples controles mec\u00e1nicos y el\u00e9ctricos para eliminar posibles riesgos para la seguridad del equipo.<\/p>\n<p>&nbsp;<\/p>\n<h3><strong>Las partes principales<\/strong><\/h3>\n<p>Nombre: La bomba de agua Marca:Aoli Original:China<\/p>\n<p>Nombre:V\u00e1lvula de mariposa neum\u00e1tica Marca:Boci Original:China<\/p>\n<p>Nombre:V\u00e1lvula neum\u00e1tica de asiento angular Marca:Boci Original:China<\/p>\n<p>Nombre: Pantalla t\u00e1ctil Marca:Siemens Original:Alemania<\/p>\n<p>Nombre: El m\u00f3dulo Marca:Siemens Original:Alemania<\/p>\n<p>&nbsp;<\/p>\n<h3><strong>Nuestros servicios<\/strong><\/h3>\n<p>Servicio preventa<\/p>\n<p>Apoyo a las consultas<\/p>\n<p>Servicio posventa<\/p>\n<p>Formaci\u00f3n sobre c\u00f3mo instalar la m\u00e1quina, formaci\u00f3n sobre c\u00f3mo utilizar la m\u00e1quina.<\/p>\n<p>Ingenieros disponibles para el mantenimiento de maquinaria en el extranjero<\/p>\n<p>&nbsp;<\/p>\n<h3><strong>Embalaje y transporte<\/strong><\/h3>\n<p>En circunstancias normales, utilizaremos pel\u00edcula de envoltura de PE para parte del producto, luego utilizaremos embalaje de caja de madera, o seg\u00fan los requisitos especiales del embalaje del cliente;Si se exporta a pa\u00edses europeos, fumigaremos las cajas de madera.<\/p>\n<p>En circunstancias normales, utilizaremos camiones para transportar los productos al puerto de Shanghai;O de acuerdo con los requisitos del cliente, elegir el m\u00e1s conveniente, el modo m\u00e1s econ\u00f3mico de transporte.<\/p>","protected":false},"excerpt":{"rendered":"<p>La olla de esterilizaci\u00f3n est\u00e1 equipada con un tanque de almacenamiento de agua caliente para almacenar el agua del proceso de esterilizaci\u00f3n, y el agua caliente<\/p>\n<p>Se recicla, lo que ahorra energ\u00eda y garantiza la continuidad del funcionamiento de los equipos.<\/p>","protected":false},"featured_media":2301,"template":"","meta":{"_seopress_robots_primary_cat":"none"},"product_cat":[89],"product_tag":[],"featured_image_urls":{"full":["https:\/\/www.eggmachinery.com\/wp-content\/uploads\/Boiled-egg-sterilization-equipment.webp",800,476,false],"thumbnail":["https:\/\/www.eggmachinery.com\/wp-content\/uploads\/Boiled-egg-sterilization-equipment-150x150.webp",150,150,true],"medium":["https:\/\/www.eggmachinery.com\/wp-content\/uploads\/Boiled-egg-sterilization-equipment-300x179.webp",300,179,true],"medium_large":["https:\/\/www.eggmachinery.com\/wp-content\/uploads\/Boiled-egg-sterilization-equipment-768x457.webp",768,457,true],"large":["https:\/\/www.eggmachinery.com\/wp-content\/uploads\/Boiled-egg-sterilization-equipment.webp",800,476,false],"1536x1536":["https:\/\/www.eggmachinery.com\/wp-content\/uploads\/Boiled-egg-sterilization-equipment.webp",800,476,false],"2048x2048":["https:\/\/www.eggmachinery.com\/wp-content\/uploads\/Boiled-egg-sterilization-equipment.webp",800,476,false],"trp-custom-language-flag":["https:\/\/www.eggmachinery.com\/wp-content\/uploads\/Boiled-egg-sterilization-equipment.webp",18,12,false],"woocommerce_thumbnail":["https:\/\/www.eggmachinery.com\/wp-content\/uploads\/Boiled-egg-sterilization-equipment-300x179.webp",300,179,true],"woocommerce_single":["https:\/\/www.eggmachinery.com\/wp-content\/uploads\/Boiled-egg-sterilization-equipment-600x357.webp",600,357,true],"woocommerce_gallery_thumbnail":["https:\/\/www.eggmachinery.com\/wp-content\/uploads\/Boiled-egg-sterilization-equipment-100x100.webp",100,100,true]},"post_excerpt_stackable":"<p>The sterilizing pot is equipped with a hot water storage tank for storing sterilizing process water, and the hot water<\/p>\n<p>It is recycled, which saves energy and ensures the continuity of equipment operation.<\/p>\n","category_list":"","author_info":{"name":"","url":""},"comments_num":"0 comments","_links":{"self":[{"href":"https:\/\/www.eggmachinery.com\/es\/wp-json\/wp\/v2\/product\/2299"}],"collection":[{"href":"https:\/\/www.eggmachinery.com\/es\/wp-json\/wp\/v2\/product"}],"about":[{"href":"https:\/\/www.eggmachinery.com\/es\/wp-json\/wp\/v2\/types\/product"}],"wp:featuredmedia":[{"embeddable":true,"href":"https:\/\/www.eggmachinery.com\/es\/wp-json\/wp\/v2\/media\/2301"}],"wp:attachment":[{"href":"https:\/\/www.eggmachinery.com\/es\/wp-json\/wp\/v2\/media?parent=2299"}],"wp:term":[{"taxonomy":"product_cat","embeddable":true,"href":"https:\/\/www.eggmachinery.com\/es\/wp-json\/wp\/v2\/product_cat?post=2299"},{"taxonomy":"product_tag","embeddable":true,"href":"https:\/\/www.eggmachinery.com\/es\/wp-json\/wp\/v2\/product_tag?post=2299"}],"curies":[{"name":"wp","href":"https:\/\/api.w.org\/{rel}","templated":true}]}}