{"id":2595,"date":"2022-11-01T15:15:57","date_gmt":"2022-11-01T07:15:57","guid":{"rendered":"https:\/\/www.eggmachinery.com\/?post_type=product&#038;p=2595"},"modified":"2024-01-24T15:29:42","modified_gmt":"2024-01-24T07:29:42","slug":"commercial-boiled-egg-peeling-machine","status":"publish","type":"product","link":"https:\/\/www.eggmachinery.com\/es\/producto\/commercial-boiled-egg-peeling-machine\/","title":{"rendered":"M\u00e1quina peladora de huevos cocidos comercial"},"content":{"rendered":"<p>El cascador de huevos, tambi\u00e9n conocido como<a href=\"https:\/\/www.eggmachinery.com\/es\/producto\/automatic-egg-peeling-machine\/\"><u>\u00a0<\/u><u>peladora comercial de huevos cocidos<\/u><u>\u00a0<\/u><\/a>o peladora de huevos de gallina, es un equipo especializado dise\u00f1ado para levantar, descascarar y pelar huevos cocidos. Su uso est\u00e1 muy extendido en la industria de procesado de huevos debido a su eficacia y ahorro de trabajo. He aqu\u00ed una descripci\u00f3n detallada de la peladora de huevos comercial<\/p>\n<p>&nbsp;<\/p>\n<h2><strong>M\u00e1quina peladora de huevos cocidos comercial Caracter\u00edsticas del producto<\/strong><\/h2>\n<ol>\n<li>Separaci\u00f3n eficaz :La peladora de huevos puede separar r\u00e1pida y limpiamente los huevos de sus c\u00e1scaras, mejorando significativamente la eficacia y reduciendo los costes de mano de obra en el proceso de transformaci\u00f3n de los huevos.<\/li>\n<\/ol>\n<p>&nbsp;<\/p>\n<ol start=\"2\">\n<li>Cuidadosa con los huevos: Esta m\u00e1quina garantiza que la superficie del huevo permanezca intacta durante el proceso de pelado. Consigue una alta eficacia con un bajo \u00edndice de da\u00f1os, preservando la calidad general de los huevos pelados.<\/li>\n<\/ol>\n<p>&nbsp;<\/p>\n<ol start=\"3\">\n<li>Construcci\u00f3n de acero inoxidable: La peladora de huevos est\u00e1 fabricada en acero inoxidable, lo que proporciona durabilidad, facilidad de uso y bajos niveles de ruido. El uso de acero inoxidable garantiza la higiene y facilita la limpieza del equipo.<\/li>\n<\/ol>\n<p><img decoding=\"async\" loading=\"lazy\" class=\"alignnone size-full wp-image-2896\" src=\"https:\/\/www.eggmachinery.com\/wp-content\/uploads\/egg-peeling-machine-4.webp\" alt=\"egg peeling machine\" width=\"750\" height=\"750\" srcset=\"https:\/\/www.eggmachinery.com\/wp-content\/uploads\/egg-peeling-machine-4.webp 750w, https:\/\/www.eggmachinery.com\/wp-content\/uploads\/egg-peeling-machine-4-300x300.webp 300w, https:\/\/www.eggmachinery.com\/wp-content\/uploads\/egg-peeling-machine-4-150x150.webp 150w, https:\/\/www.eggmachinery.com\/wp-content\/uploads\/egg-peeling-machine-4-600x600.webp 600w, https:\/\/www.eggmachinery.com\/wp-content\/uploads\/egg-peeling-machine-4-100x100.webp 100w\" sizes=\"(max-width: 750px) 100vw, 750px\" \/><\/p>\n<h2><strong>M\u00e1quina peladora de huevos cocidos comercial Par\u00e1metros t\u00e9cnicos<\/strong><\/h2>\n<p>- Tensi\u00f3n del motor :Monof\u00e1sico 220V<\/p>\n<p>- Potencia del motor:1,2KW<\/p>\n<p>- Tensi\u00f3n de la bomba Monof\u00e1sica: 220V<\/p>\n<p>- Flujo de agua:10L\/min<\/p>\n<p>- Eficacia de procesamiento: 10.000 huevos\/hora<\/p>\n<p>- Peso:80Kg<\/p>\n<p><img decoding=\"async\" loading=\"lazy\" class=\"alignnone size-full wp-image-2941\" src=\"https:\/\/www.eggmachinery.com\/wp-content\/uploads\/egg-peeling-machine-industrial-2.webp\" alt=\"egg peeling machine industrial\" width=\"750\" height=\"750\" srcset=\"https:\/\/www.eggmachinery.com\/wp-content\/uploads\/egg-peeling-machine-industrial-2.webp 750w, https:\/\/www.eggmachinery.com\/wp-content\/uploads\/egg-peeling-machine-industrial-2-300x300.webp 300w, https:\/\/www.eggmachinery.com\/wp-content\/uploads\/egg-peeling-machine-industrial-2-150x150.webp 150w, https:\/\/www.eggmachinery.com\/wp-content\/uploads\/egg-peeling-machine-industrial-2-600x600.webp 600w, https:\/\/www.eggmachinery.com\/wp-content\/uploads\/egg-peeling-machine-industrial-2-100x100.webp 100w\" sizes=\"(max-width: 750px) 100vw, 750px\" \/><img decoding=\"async\" loading=\"lazy\" class=\"alignnone size-full wp-image-2943\" src=\"https:\/\/www.eggmachinery.com\/wp-content\/uploads\/egg-peeling-machine-industrial-4.webp\" alt=\"egg peeling machine industrial\" width=\"750\" height=\"750\" srcset=\"https:\/\/www.eggmachinery.com\/wp-content\/uploads\/egg-peeling-machine-industrial-4.webp 750w, https:\/\/www.eggmachinery.com\/wp-content\/uploads\/egg-peeling-machine-industrial-4-300x300.webp 300w, https:\/\/www.eggmachinery.com\/wp-content\/uploads\/egg-peeling-machine-industrial-4-150x150.webp 150w, https:\/\/www.eggmachinery.com\/wp-content\/uploads\/egg-peeling-machine-industrial-4-600x600.webp 600w, https:\/\/www.eggmachinery.com\/wp-content\/uploads\/egg-peeling-machine-industrial-4-100x100.webp 100w\" sizes=\"(max-width: 750px) 100vw, 750px\" \/><img decoding=\"async\" loading=\"lazy\" class=\"alignnone size-full wp-image-2942\" src=\"https:\/\/www.eggmachinery.com\/wp-content\/uploads\/egg-peeling-machine-industrial-3.webp\" alt=\"egg peeling machine industrial\" width=\"750\" height=\"750\" srcset=\"https:\/\/www.eggmachinery.com\/wp-content\/uploads\/egg-peeling-machine-industrial-3.webp 750w, https:\/\/www.eggmachinery.com\/wp-content\/uploads\/egg-peeling-machine-industrial-3-300x300.webp 300w, https:\/\/www.eggmachinery.com\/wp-content\/uploads\/egg-peeling-machine-industrial-3-150x150.webp 150w, https:\/\/www.eggmachinery.com\/wp-content\/uploads\/egg-peeling-machine-industrial-3-600x600.webp 600w, https:\/\/www.eggmachinery.com\/wp-content\/uploads\/egg-peeling-machine-industrial-3-100x100.webp 100w\" sizes=\"(max-width: 750px) 100vw, 750px\" \/><img decoding=\"async\" loading=\"lazy\" class=\"alignnone size-full wp-image-2893\" src=\"https:\/\/www.eggmachinery.com\/wp-content\/uploads\/egg-peeling-machine-1.webp\" alt=\"egg peeling machine\" width=\"750\" height=\"750\" srcset=\"https:\/\/www.eggmachinery.com\/wp-content\/uploads\/egg-peeling-machine-1.webp 750w, https:\/\/www.eggmachinery.com\/wp-content\/uploads\/egg-peeling-machine-1-300x300.webp 300w, https:\/\/www.eggmachinery.com\/wp-content\/uploads\/egg-peeling-machine-1-150x150.webp 150w, https:\/\/www.eggmachinery.com\/wp-content\/uploads\/egg-peeling-machine-1-600x600.webp 600w, https:\/\/www.eggmachinery.com\/wp-content\/uploads\/egg-peeling-machine-1-100x100.webp 100w\" sizes=\"(max-width: 750px) 100vw, 750px\" \/><img decoding=\"async\" loading=\"lazy\" class=\"alignnone size-full wp-image-2894\" src=\"https:\/\/www.eggmachinery.com\/wp-content\/uploads\/egg-peeling-machine-2.webp\" alt=\"egg peeling machine\" width=\"750\" height=\"750\" srcset=\"https:\/\/www.eggmachinery.com\/wp-content\/uploads\/egg-peeling-machine-2.webp 750w, https:\/\/www.eggmachinery.com\/wp-content\/uploads\/egg-peeling-machine-2-300x300.webp 300w, https:\/\/www.eggmachinery.com\/wp-content\/uploads\/egg-peeling-machine-2-150x150.webp 150w, https:\/\/www.eggmachinery.com\/wp-content\/uploads\/egg-peeling-machine-2-600x600.webp 600w, https:\/\/www.eggmachinery.com\/wp-content\/uploads\/egg-peeling-machine-2-100x100.webp 100w\" sizes=\"(max-width: 750px) 100vw, 750px\" \/><\/p>\n<h3><strong>M\u00e1quina peladora de huevos cocidos comercial Informaci\u00f3n de env\u00edo y pedidos<\/strong><\/h3>\n<ol>\n<li>Contenedor de carga: La peladora de huevos puede ser cargada en contenedores en varios lugares, incluyendo Qingdao, Shanghai, Ningbo, Tianjin, Guangzhou, etc.<\/li>\n<\/ol>\n<p>&nbsp;<\/p>\n<ol start=\"2\">\n<li>M\u00e9todos de env\u00edo :Ofrecemos m\u00faltiples m\u00e9todos de env\u00edo, incluyendo servicio de mensajer\u00eda, transporte a\u00e9reo y transporte mar\u00edtimo, proporcionando flexibilidad en funci\u00f3n de las necesidades del cliente.<\/li>\n<\/ol>\n<p>&nbsp;<\/p>\n<ol start=\"3\">\n<li>Opciones de pedido :La empresa puede aceptar pedidos tanto de carga de contenedor completo como de carga de menos contenedores, atendiendo a diferentes escalas de demanda.<\/li>\n<\/ol>\n<p>&nbsp;<\/p>\n<ol start=\"4\">\n<li>Opciones de servicio :Ofrecemos varias opciones de servicio como EXW (Ex Works), FOB (Free On Board), CIF (Cost, Insurance, Freight), CNF (Cost and Freight), Door to Door, etc.<\/li>\n<\/ol>\n<p>&nbsp;<\/p>\n<ol start=\"5\">\n<li>Selecci\u00f3n de la compa\u00f1\u00eda naviera :Nos aseguramos de la selecci\u00f3n de la compa\u00f1\u00eda naviera m\u00e1s econ\u00f3mica y fiable para garantizar la entrega puntual de la m\u00e1quina peladora de huevos.<\/li>\n<\/ol>\n<p>&nbsp;<\/p>\n<ol start=\"6\">\n<li>Informaci\u00f3n de seguimiento Una vez enviado el env\u00edo, la empresa proporciona un n\u00famero de seguimiento al cliente, lo que le permite controlar el estado de su pedido durante el tr\u00e1nsito.<\/li>\n<\/ol>\n<p><img decoding=\"async\" loading=\"lazy\" class=\"alignnone size-full wp-image-2981\" src=\"https:\/\/www.eggmachinery.com\/wp-content\/uploads\/egg-machine-4.webp\" alt=\"egg machine\" width=\"750\" height=\"750\" srcset=\"https:\/\/www.eggmachinery.com\/wp-content\/uploads\/egg-machine-4.webp 750w, https:\/\/www.eggmachinery.com\/wp-content\/uploads\/egg-machine-4-300x300.webp 300w, https:\/\/www.eggmachinery.com\/wp-content\/uploads\/egg-machine-4-150x150.webp 150w, https:\/\/www.eggmachinery.com\/wp-content\/uploads\/egg-machine-4-600x600.webp 600w, https:\/\/www.eggmachinery.com\/wp-content\/uploads\/egg-machine-4-100x100.webp 100w\" sizes=\"(max-width: 750px) 100vw, 750px\" \/><img decoding=\"async\" loading=\"lazy\" class=\"alignnone size-full wp-image-2978\" src=\"https:\/\/www.eggmachinery.com\/wp-content\/uploads\/egg-machine-1-1.webp\" alt=\"egg machine\" width=\"750\" height=\"750\" srcset=\"https:\/\/www.eggmachinery.com\/wp-content\/uploads\/egg-machine-1-1.webp 750w, https:\/\/www.eggmachinery.com\/wp-content\/uploads\/egg-machine-1-1-300x300.webp 300w, https:\/\/www.eggmachinery.com\/wp-content\/uploads\/egg-machine-1-1-150x150.webp 150w, https:\/\/www.eggmachinery.com\/wp-content\/uploads\/egg-machine-1-1-600x600.webp 600w, https:\/\/www.eggmachinery.com\/wp-content\/uploads\/egg-machine-1-1-100x100.webp 100w\" sizes=\"(max-width: 750px) 100vw, 750px\" \/><\/p>\n<p>En resumen <a href=\"https:\/\/www.eggmachinery.com\/es\/producto\/egg-shelling-machine\/\"><u>peladora de huevos comercial <\/u><\/a>ofrece eficacia, precisi\u00f3n y durabilidad en la industria de procesamiento de huevos, lo que la convierte en un valioso activo para las empresas dedicadas a la producci\u00f3n de huevos cocidos y procesados.<\/p>","protected":false},"excerpt":{"rendered":"<p>El cascador de huevos, tambi\u00e9n conocido como<a href=\"https:\/\/www.eggmachinery.com\/es\/producto\/automatic-egg-peeling-machine\/\"><u>\u00a0<\/u><u>peladora comercial de huevos cocidos<\/u><u>\u00a0<\/u><\/a>o peladora de huevos de gallina, es un equipo especializado dise\u00f1ado para levantar, descascarar y pelar huevos cocidos. Su uso est\u00e1 muy extendido en la industria de procesado de huevos debido a su eficacia y ahorro de trabajo. He aqu\u00ed una descripci\u00f3n detallada de la peladora de huevos comercial<\/p>\n<p>&nbsp;<\/p>","protected":false},"featured_media":2636,"template":"","meta":{"_seopress_robots_primary_cat":"none"},"product_cat":[19],"product_tag":[],"featured_image_urls":{"full":["https:\/\/www.eggmachinery.com\/wp-content\/uploads\/egg-shell-peeling-machine.webp",800,800,false],"thumbnail":["https:\/\/www.eggmachinery.com\/wp-content\/uploads\/egg-shell-peeling-machine-150x150.webp",150,150,true],"medium":["https:\/\/www.eggmachinery.com\/wp-content\/uploads\/egg-shell-peeling-machine-300x300.webp",300,300,true],"medium_large":["https:\/\/www.eggmachinery.com\/wp-content\/uploads\/egg-shell-peeling-machine-768x768.webp",768,768,true],"large":["https:\/\/www.eggmachinery.com\/wp-content\/uploads\/egg-shell-peeling-machine.webp",800,800,false],"1536x1536":["https:\/\/www.eggmachinery.com\/wp-content\/uploads\/egg-shell-peeling-machine.webp",800,800,false],"2048x2048":["https:\/\/www.eggmachinery.com\/wp-content\/uploads\/egg-shell-peeling-machine.webp",800,800,false],"trp-custom-language-flag":["https:\/\/www.eggmachinery.com\/wp-content\/uploads\/egg-shell-peeling-machine.webp",12,12,false],"woocommerce_thumbnail":["https:\/\/www.eggmachinery.com\/wp-content\/uploads\/egg-shell-peeling-machine-300x300.webp",300,300,true],"woocommerce_single":["https:\/\/www.eggmachinery.com\/wp-content\/uploads\/egg-shell-peeling-machine-600x600.webp",600,600,true],"woocommerce_gallery_thumbnail":["https:\/\/www.eggmachinery.com\/wp-content\/uploads\/egg-shell-peeling-machine-100x100.webp",100,100,true]},"post_excerpt_stackable":"<p>The Egg Sheller, also known as a<a href=\"https:\/\/www.eggmachinery.com\/product\/automatic-egg-peeling-machine\/\"><u>\u00a0<\/u><u>commercial boiled egg peeling machine<\/u><u>\u00a0<\/u><\/a>or chicken egg peeler, is a specialized equipment designed for lifting, shelling, and peeling cooked eggs. It finds extensive use in the egg processing industry due to its efficiency and labor-saving features. Here is a detailed description of the commercial egg peeler<\/p>\n<p>&nbsp;<\/p>\n","category_list":"","author_info":{"name":"","url":""},"comments_num":"0 comments","_links":{"self":[{"href":"https:\/\/www.eggmachinery.com\/es\/wp-json\/wp\/v2\/product\/2595"}],"collection":[{"href":"https:\/\/www.eggmachinery.com\/es\/wp-json\/wp\/v2\/product"}],"about":[{"href":"https:\/\/www.eggmachinery.com\/es\/wp-json\/wp\/v2\/types\/product"}],"wp:featuredmedia":[{"embeddable":true,"href":"https:\/\/www.eggmachinery.com\/es\/wp-json\/wp\/v2\/media\/2636"}],"wp:attachment":[{"href":"https:\/\/www.eggmachinery.com\/es\/wp-json\/wp\/v2\/media?parent=2595"}],"wp:term":[{"taxonomy":"product_cat","embeddable":true,"href":"https:\/\/www.eggmachinery.com\/es\/wp-json\/wp\/v2\/product_cat?post=2595"},{"taxonomy":"product_tag","embeddable":true,"href":"https:\/\/www.eggmachinery.com\/es\/wp-json\/wp\/v2\/product_tag?post=2595"}],"curies":[{"name":"wp","href":"https:\/\/api.w.org\/{rel}","templated":true}]}}