{"id":26,"date":"2021-04-09T15:25:49","date_gmt":"2021-04-09T15:25:49","guid":{"rendered":"https:\/\/demo.creativethemes.com\/blocksy\/homi\/?post_type=product&#038;p=26"},"modified":"2023-04-01T11:00:39","modified_gmt":"2023-04-01T03:00:39","slug":"liquid-egg-processing-line","status":"publish","type":"product","link":"https:\/\/www.eggmachinery.com\/es\/producto\/liquid-egg-processing-line\/","title":{"rendered":"L\u00ednea de procesamiento de huevos l\u00edquidos"},"content":{"rendered":"<p>La l\u00ednea de procesamiento de huevo l\u00edquido es una m\u00e1quina de extracci\u00f3n de huevo l\u00edquido de nuevo dise\u00f1o. Se puede utilizar para romper los huevos de gallina y separar la yema de todo el huevo l\u00edquido.<\/p>\n<p>La clara y la yema se separar\u00e1n totalmente, y si hay huevos malos, la m\u00e1quina procesadora de huevos tambi\u00e9n podr\u00eda eliminar los huevos malos para evitar que los huevos malos contaminen el l\u00edquido de los huevos buenos.<\/p>\n<p>En la actualidad, la m\u00e1quina industrial de extracci\u00f3n de huevo l\u00edquido e se utiliza ampliamente en la f\u00e1brica de productos de panader\u00eda, la f\u00e1brica de procesamiento de alimentos, la industria de la medicina y as\u00ed sucesivamente.<\/p>\n<p>&nbsp;<\/p>","protected":false},"excerpt":{"rendered":"<p>1.Use nuestro huevo breaking&amp;separating l\u00ednea, el cliente puede obtener huevos l\u00edquidos enteros, tambi\u00e9n yema de huevo separada &amp; prote\u00edna. Este tipo de m\u00e1quina puede ofrecer una mejor soluci\u00f3n sobre el huevo fresco y huevo malo (yema de huevo se mezclan blanco).<\/p>\n<p>2.Esta l\u00ednea de cascado y separaci\u00f3n de huevos puede manipular huevos de todos los tama\u00f1os.<\/p>\n<p>3.Tiene funci\u00f3n de emergencia autom\u00e1tica. La m\u00e1quina se detendr\u00e1 inmediatamente para proteger a los trabajadores.<\/p>\n<p>4.F\u00e1cil manejo y lavado. Dos m\u00e9todos para lavar la cascadora de huevos. Uno es el chorro de agua a alta presi\u00f3n. segundo es sacar la cabeza de rotura y la copa de separaci\u00f3n. Sacarlos s\u00f3lo necesitan alrededor de 2 minutos.<\/p>\n<p>5.Controlador inversor Schneider, placa de pl\u00e1stico suiza, cadena de transmisi\u00f3n japonesa, piezas de nylon importadas.<\/p>\n<p>6.Est\u00e1 hecho de material de acero inoxidable 304 de calidad alimentaria, duradero e higi\u00e9nico.<\/p>\n<p>7.Es altamente eficiente, ahorra mano de obra, tiempo y costes.<\/p>\n<p>8.Perfecto efecto de rotura y separaci\u00f3n, el l\u00edquido del huevo se separa completamente de la c\u00e1scara.<\/p>","protected":false},"featured_media":720,"template":"","meta":{"_seopress_robots_primary_cat":"none"},"product_cat":[24],"product_tag":[],"featured_image_urls":{"full":["https:\/\/www.eggmachinery.com\/wp-content\/uploads\/2021\/04\/liquid-egg-processing-line.webp",820,680,false],"thumbnail":["https:\/\/www.eggmachinery.com\/wp-content\/uploads\/2021\/04\/liquid-egg-processing-line-150x150.webp",150,150,true],"medium":["https:\/\/www.eggmachinery.com\/wp-content\/uploads\/2021\/04\/liquid-egg-processing-line-300x249.webp",300,249,true],"medium_large":["https:\/\/www.eggmachinery.com\/wp-content\/uploads\/2021\/04\/liquid-egg-processing-line-768x637.webp",768,637,true],"large":["https:\/\/www.eggmachinery.com\/wp-content\/uploads\/2021\/04\/liquid-egg-processing-line.webp",820,680,false],"1536x1536":["https:\/\/www.eggmachinery.com\/wp-content\/uploads\/2021\/04\/liquid-egg-processing-line.webp",820,680,false],"2048x2048":["https:\/\/www.eggmachinery.com\/wp-content\/uploads\/2021\/04\/liquid-egg-processing-line.webp",820,680,false],"trp-custom-language-flag":["https:\/\/www.eggmachinery.com\/wp-content\/uploads\/2021\/04\/liquid-egg-processing-line.webp",14,12,false],"woocommerce_thumbnail":["https:\/\/www.eggmachinery.com\/wp-content\/uploads\/2021\/04\/liquid-egg-processing-line-300x249.webp",300,249,true],"woocommerce_single":["https:\/\/www.eggmachinery.com\/wp-content\/uploads\/2021\/04\/liquid-egg-processing-line-600x498.webp",600,498,true],"woocommerce_gallery_thumbnail":["https:\/\/www.eggmachinery.com\/wp-content\/uploads\/2021\/04\/liquid-egg-processing-line-100x100.webp",100,100,true]},"post_excerpt_stackable":"<p>1.Use our egg breaking&amp;separating line, customer can get whole liquid eggs, also separated egg yolk &amp; protein. This type machine can offer a best solution about fresh egg and bad egg (egg yolk mix white).<\/p>\n<p>2.This egg breaking and separating line can handle all size of eggs.<\/p>\n<p>3.It has automatic emergency function. Machine will stop immediately for protecting operation worker.<\/p>\n<p>4.Easy operation and washing. Two method to wash the egg breaking machine. One is high pressure water jet. second is take out the breaking head and separating cup. Take out them only need around 2 minutes.<\/p>\n<p>5.Schneider inverter controller, Swiss plastic board, Japanese transmission chain, imported nylon parts.<\/p>\n<p>6.It is made of food grade stainless steel 304 material, durable and hygiene.<\/p>\n<p>7.It is high efficient, saves labor, time and cost.<\/p>\n<p>8.Perfect breaking and separating effect, the egg liquid is completely separated from the shell.<\/p>\n","category_list":"","author_info":{"name":"","url":""},"comments_num":"0 comments","_links":{"self":[{"href":"https:\/\/www.eggmachinery.com\/es\/wp-json\/wp\/v2\/product\/26"}],"collection":[{"href":"https:\/\/www.eggmachinery.com\/es\/wp-json\/wp\/v2\/product"}],"about":[{"href":"https:\/\/www.eggmachinery.com\/es\/wp-json\/wp\/v2\/types\/product"}],"wp:featuredmedia":[{"embeddable":true,"href":"https:\/\/www.eggmachinery.com\/es\/wp-json\/wp\/v2\/media\/720"}],"wp:attachment":[{"href":"https:\/\/www.eggmachinery.com\/es\/wp-json\/wp\/v2\/media?parent=26"}],"wp:term":[{"taxonomy":"product_cat","embeddable":true,"href":"https:\/\/www.eggmachinery.com\/es\/wp-json\/wp\/v2\/product_cat?post=26"},{"taxonomy":"product_tag","embeddable":true,"href":"https:\/\/www.eggmachinery.com\/es\/wp-json\/wp\/v2\/product_tag?post=26"}],"curies":[{"name":"wp","href":"https:\/\/api.w.org\/{rel}","templated":true}]}}