{"id":2619,"date":"2024-01-08T09:46:30","date_gmt":"2024-01-08T01:46:30","guid":{"rendered":"https:\/\/www.eggmachinery.com\/?post_type=product&#038;p=2619"},"modified":"2026-03-10T15:01:26","modified_gmt":"2026-03-10T07:01:26","slug":"commercial-egg-peeling-machine","status":"publish","type":"product","link":"https:\/\/www.eggmachinery.com\/es\/producto\/commercial-egg-peeling-machine\/","title":{"rendered":"M\u00e1quina peladora de huevos comercial"},"content":{"rendered":"<p>Descubra el ep\u00edtome de la innovaci\u00f3n en el procesado de huevos con nuestro <a href=\"https:\/\/www.eggmachinery.com\/es\/producto\/egg-shelling-machine\/\"><u>M\u00e1quina peladora de huevos comercial <\/u><\/a>- una maravilla especializada dise\u00f1ada para pelar autom\u00e1ticamente huevos de gallina cocidos. Esta m\u00e1quina de vanguardia cuenta con una serie de caracter\u00edsticas que la convierten en la opci\u00f3n preferida de los fabricantes de huevos cocidos, huevos con especias y otros ovoproductos. He aqu\u00ed una descripci\u00f3n detallada de esta avanzada m\u00e1quina peladora de huevos:<\/p>\n<p>&nbsp;<\/p>\n<h2><strong>Introducci\u00f3n de la m\u00e1quina peladora de huevos de gallina<\/strong><\/h2>\n<ol>\n<li>Este profesional<a href=\"https:\/\/www.eggmachinery.com\/es\/producto\/automatic-egg-peeling-machine\/\"><u>m\u00e1quina peladora de huevos de gallina<\/u><\/a>destaca en la eliminaci\u00f3n r\u00e1pida y limpia de la c\u00e1scara de los huevos de gallina cocidos.<\/li>\n<li>Fabricada en acero inoxidable de alta calidad, adopta un motor de conversi\u00f3n de frecuencia de alta calidad importado y una manguera de goma duradera, lo que garantiza una larga vida \u00fatil y el cumplimiento de las normas sanitarias.<\/li>\n<li>La m\u00e1quina cuenta con un sistema de alimentaci\u00f3n autom\u00e1tica que reduce los residuos de la alimentaci\u00f3n manual y ahorra mano de obra.<\/li>\n<li>La recogida y eliminaci\u00f3n autom\u00e1ticas de las c\u00e1scaras de huevo garantizan la calidad y limpieza de los huevos de gallina.<\/li>\n<\/ol>\n<p><img decoding=\"async\" loading=\"lazy\" class=\"alignnone size-full wp-image-2907\" src=\"https:\/\/www.eggmachinery.com\/wp-content\/uploads\/egg-machinery.webp\" alt=\"egg machinery\" width=\"917\" height=\"417\" srcset=\"https:\/\/www.eggmachinery.com\/wp-content\/uploads\/egg-machinery.webp 917w, https:\/\/www.eggmachinery.com\/wp-content\/uploads\/egg-machinery-300x136.webp 300w, https:\/\/www.eggmachinery.com\/wp-content\/uploads\/egg-machinery-768x349.webp 768w, https:\/\/www.eggmachinery.com\/wp-content\/uploads\/egg-machinery-600x273.webp 600w\" sizes=\"(max-width: 917px) 100vw, 917px\" \/><\/p>\n<h2><strong>Caracter\u00edsticas de la m\u00e1quina peladora de huevos duros<\/strong><\/h2>\n<ol>\n<li>Alta eficacia y bajo \u00edndice de rotura.<\/li>\n<li>Material de acero inoxidable que cumple las normas de higiene alimentaria.<\/li>\n<li>Dise\u00f1o especial, estructura compacta y bella apariencia.<\/li>\n<\/ol>\n<p>&nbsp;<\/p>\n<p><img decoding=\"async\" loading=\"lazy\" class=\"alignnone size-full wp-image-2899\" src=\"https:\/\/www.eggmachinery.com\/wp-content\/uploads\/industrial-egg-peeling-machine-2.webp\" alt=\"industrial egg peeling machine\" width=\"750\" height=\"750\" srcset=\"https:\/\/www.eggmachinery.com\/wp-content\/uploads\/industrial-egg-peeling-machine-2.webp 750w, https:\/\/www.eggmachinery.com\/wp-content\/uploads\/industrial-egg-peeling-machine-2-300x300.webp 300w, https:\/\/www.eggmachinery.com\/wp-content\/uploads\/industrial-egg-peeling-machine-2-150x150.webp 150w, https:\/\/www.eggmachinery.com\/wp-content\/uploads\/industrial-egg-peeling-machine-2-600x600.webp 600w, https:\/\/www.eggmachinery.com\/wp-content\/uploads\/industrial-egg-peeling-machine-2-100x100.webp 100w\" sizes=\"(max-width: 750px) 100vw, 750px\" \/><img decoding=\"async\" loading=\"lazy\" class=\"alignnone size-full wp-image-2893\" src=\"https:\/\/www.eggmachinery.com\/wp-content\/uploads\/egg-peeling-machine-1.webp\" alt=\"egg peeling machine\" width=\"750\" height=\"750\" srcset=\"https:\/\/www.eggmachinery.com\/wp-content\/uploads\/egg-peeling-machine-1.webp 750w, https:\/\/www.eggmachinery.com\/wp-content\/uploads\/egg-peeling-machine-1-300x300.webp 300w, https:\/\/www.eggmachinery.com\/wp-content\/uploads\/egg-peeling-machine-1-150x150.webp 150w, https:\/\/www.eggmachinery.com\/wp-content\/uploads\/egg-peeling-machine-1-600x600.webp 600w, https:\/\/www.eggmachinery.com\/wp-content\/uploads\/egg-peeling-machine-1-100x100.webp 100w\" sizes=\"(max-width: 750px) 100vw, 750px\" \/><img decoding=\"async\" loading=\"lazy\" class=\"alignnone size-full wp-image-2894\" src=\"https:\/\/www.eggmachinery.com\/wp-content\/uploads\/egg-peeling-machine-2.webp\" alt=\"egg peeling machine\" width=\"750\" height=\"750\" srcset=\"https:\/\/www.eggmachinery.com\/wp-content\/uploads\/egg-peeling-machine-2.webp 750w, https:\/\/www.eggmachinery.com\/wp-content\/uploads\/egg-peeling-machine-2-300x300.webp 300w, https:\/\/www.eggmachinery.com\/wp-content\/uploads\/egg-peeling-machine-2-150x150.webp 150w, https:\/\/www.eggmachinery.com\/wp-content\/uploads\/egg-peeling-machine-2-600x600.webp 600w, https:\/\/www.eggmachinery.com\/wp-content\/uploads\/egg-peeling-machine-2-100x100.webp 100w\" sizes=\"(max-width: 750px) 100vw, 750px\" \/><\/p>\n<h3><strong>\u00a0<\/strong><\/h3>\n<h3><strong>Ventajas del producto<\/strong><\/h3>\n<ol>\n<li>Construcci\u00f3n de primera calidad Fabricada en acero inoxidable de calidad alimentaria, la m\u00e1quina garantiza durabilidad, seguridad y salubridad, asegurando que los huevos permanezcan incontaminados.<\/li>\n<li>Dise\u00f1o ingenioso Con una estructura compacta y un dise\u00f1o especial de los rodillos, la m\u00e1quina manipula los huevos con delicadeza, evitando cualquier da\u00f1o a los huevos durante el proceso de pelado.<\/li>\n<li>Eficacia y precisi\u00f3n\uff1aLa m\u00e1quina funciona con gran eficacia y mantiene un bajo \u00edndice de roturas, lo que la convierte en una opci\u00f3n fiable para preservar la integridad de los huevos durante el proceso de pelado.<\/li>\n<li>Caracter\u00edsticas f\u00e1ciles de usar \uff1aLos mecanismos autom\u00e1ticos de alimentaci\u00f3n y descarga agilizan el proceso, ahorrando costes de mano de obra. La m\u00e1quina est\u00e1 dise\u00f1ada para facilitar la limpieza y la movilidad sin esfuerzo.<\/li>\n<li>Recogida autom\u00e1tica de c\u00e1scaras de huevo\uff1a Una funci\u00f3n exclusiva que recoge autom\u00e1ticamente las c\u00e1scaras de huevo, mejorando a\u00fan m\u00e1s la eficiencia operativa y la limpieza.<\/li>\n<li>Superioridad tecnol\u00f3gica \uff1aConsiderado el equipo de pelado de huevos m\u00e1s avanzado de China, encarna los \u00faltimos avances en tecnolog\u00eda de pelado de huevos.<\/li>\n<\/ol>\n<h3><strong> <img decoding=\"async\" loading=\"lazy\" class=\"alignnone size-full wp-image-2900\" src=\"https:\/\/www.eggmachinery.com\/wp-content\/uploads\/industrial-egg-peeling-machine-3.webp\" alt=\"industrial egg peeling machine\" width=\"750\" height=\"750\" srcset=\"https:\/\/www.eggmachinery.com\/wp-content\/uploads\/industrial-egg-peeling-machine-3.webp 750w, https:\/\/www.eggmachinery.com\/wp-content\/uploads\/industrial-egg-peeling-machine-3-300x300.webp 300w, https:\/\/www.eggmachinery.com\/wp-content\/uploads\/industrial-egg-peeling-machine-3-150x150.webp 150w, https:\/\/www.eggmachinery.com\/wp-content\/uploads\/industrial-egg-peeling-machine-3-600x600.webp 600w, https:\/\/www.eggmachinery.com\/wp-content\/uploads\/industrial-egg-peeling-machine-3-100x100.webp 100w\" sizes=\"(max-width: 750px) 100vw, 750px\" \/><img decoding=\"async\" loading=\"lazy\" class=\"alignnone size-full wp-image-2901\" src=\"https:\/\/www.eggmachinery.com\/wp-content\/uploads\/industrial-egg-peeling-machine-4.webp\" alt=\"industrial egg peeling machine\" width=\"750\" height=\"750\" srcset=\"https:\/\/www.eggmachinery.com\/wp-content\/uploads\/industrial-egg-peeling-machine-4.webp 750w, https:\/\/www.eggmachinery.com\/wp-content\/uploads\/industrial-egg-peeling-machine-4-300x300.webp 300w, https:\/\/www.eggmachinery.com\/wp-content\/uploads\/industrial-egg-peeling-machine-4-150x150.webp 150w, https:\/\/www.eggmachinery.com\/wp-content\/uploads\/industrial-egg-peeling-machine-4-600x600.webp 600w, https:\/\/www.eggmachinery.com\/wp-content\/uploads\/industrial-egg-peeling-machine-4-100x100.webp 100w\" sizes=\"(max-width: 750px) 100vw, 750px\" \/><img decoding=\"async\" loading=\"lazy\" class=\"alignnone size-full wp-image-2902\" src=\"https:\/\/www.eggmachinery.com\/wp-content\/uploads\/industrial-egg-peeling-machine-5.webp\" alt=\"industrial egg peeling machine\" width=\"750\" height=\"750\" srcset=\"https:\/\/www.eggmachinery.com\/wp-content\/uploads\/industrial-egg-peeling-machine-5.webp 750w, https:\/\/www.eggmachinery.com\/wp-content\/uploads\/industrial-egg-peeling-machine-5-300x300.webp 300w, https:\/\/www.eggmachinery.com\/wp-content\/uploads\/industrial-egg-peeling-machine-5-150x150.webp 150w, https:\/\/www.eggmachinery.com\/wp-content\/uploads\/industrial-egg-peeling-machine-5-600x600.webp 600w, https:\/\/www.eggmachinery.com\/wp-content\/uploads\/industrial-egg-peeling-machine-5-100x100.webp 100w\" sizes=\"(max-width: 750px) 100vw, 750px\" \/><img decoding=\"async\" loading=\"lazy\" class=\"alignnone size-full wp-image-2898\" src=\"https:\/\/www.eggmachinery.com\/wp-content\/uploads\/industrial-egg-peeling-machine-1.webp\" alt=\"\" width=\"750\" height=\"750\" srcset=\"https:\/\/www.eggmachinery.com\/wp-content\/uploads\/industrial-egg-peeling-machine-1.webp 750w, https:\/\/www.eggmachinery.com\/wp-content\/uploads\/industrial-egg-peeling-machine-1-300x300.webp 300w, https:\/\/www.eggmachinery.com\/wp-content\/uploads\/industrial-egg-peeling-machine-1-150x150.webp 150w, https:\/\/www.eggmachinery.com\/wp-content\/uploads\/industrial-egg-peeling-machine-1-600x600.webp 600w, https:\/\/www.eggmachinery.com\/wp-content\/uploads\/industrial-egg-peeling-machine-1-100x100.webp 100w\" sizes=\"(max-width: 750px) 100vw, 750px\" \/><\/strong><\/h3>\n<h3><strong>Especificaciones de la maquinaria<\/strong><\/h3>\n<p>Capacidad \uff1a5000-10000pcs\/h<\/p>\n<p>Funci\u00f3n\uff1a Pelar, pelar y limpiar huevos duros.<\/p>\n<p>Aplicaci\u00f3n \uff1aIdeal para huevos cocidos.<\/p>\n<p>Material \uff1a304 Acero inoxidable<\/p>\n<p>Palabras clave \uff1aPeladora de huevo, peladora de huevo, m\u00e1quina de eliminaci\u00f3n de c\u00e1scara de huevo cocido.<\/p>\n<p>Caracter\u00edstica \uff1aF\u00e1cil de manejar<\/p>\n<p>Ventaja \uff1aAlta eficiencia<\/p>\n<p><img decoding=\"async\" loading=\"lazy\" class=\"alignnone size-full wp-image-2979\" src=\"https:\/\/www.eggmachinery.com\/wp-content\/uploads\/egg-machine-2-1.webp\" alt=\"egg machine\" width=\"750\" height=\"750\" srcset=\"https:\/\/www.eggmachinery.com\/wp-content\/uploads\/egg-machine-2-1.webp 750w, https:\/\/www.eggmachinery.com\/wp-content\/uploads\/egg-machine-2-1-300x300.webp 300w, https:\/\/www.eggmachinery.com\/wp-content\/uploads\/egg-machine-2-1-150x150.webp 150w, https:\/\/www.eggmachinery.com\/wp-content\/uploads\/egg-machine-2-1-600x600.webp 600w, https:\/\/www.eggmachinery.com\/wp-content\/uploads\/egg-machine-2-1-100x100.webp 100w\" sizes=\"(max-width: 750px) 100vw, 750px\" \/><\/p>\n<h3><strong>Gu\u00eda de uso de la cascadora autom\u00e1tica de huevos<\/strong><\/h3>\n<ol>\n<li>Para obtener resultados \u00f3ptimos, utilice huevos frescos de 2-3 d\u00edas en verano o de 4-5 d\u00edas en invierno.<\/li>\n<li>Calentar el agua a unos 85 grados y verterla en los huevos, removiendo y hirviendo a fuego fuerte.<\/li>\n<li>Una vez hervidos, retirar los huevos da\u00f1ados. Hervir a fuego lento durante 15-20 minutos, luego enfriar los huevos en agua fr\u00eda.<\/li>\n<li>Transcurridos 15 minutos, vierta los huevos enfriados en la peladora de huevos, sumergi\u00e9ndolos en agua fr\u00eda.<\/li>\n<li>Conectar la alimentaci\u00f3n el\u00e9ctrica y el suministro de agua, empezando por la bomba y luego la m\u00e1quina, mientras se controla el caudal de agua moderadamente.<\/li>\n<\/ol>\n<p><img decoding=\"async\" loading=\"lazy\" class=\"alignnone size-full wp-image-2978\" src=\"https:\/\/www.eggmachinery.com\/wp-content\/uploads\/egg-machine-1-1.webp\" alt=\"egg machine\" width=\"750\" height=\"750\" srcset=\"https:\/\/www.eggmachinery.com\/wp-content\/uploads\/egg-machine-1-1.webp 750w, https:\/\/www.eggmachinery.com\/wp-content\/uploads\/egg-machine-1-1-300x300.webp 300w, https:\/\/www.eggmachinery.com\/wp-content\/uploads\/egg-machine-1-1-150x150.webp 150w, https:\/\/www.eggmachinery.com\/wp-content\/uploads\/egg-machine-1-1-600x600.webp 600w, https:\/\/www.eggmachinery.com\/wp-content\/uploads\/egg-machine-1-1-100x100.webp 100w\" sizes=\"(max-width: 750px) 100vw, 750px\" \/><\/p>\n<p>Adopte el futuro del procesado de huevos con nuestra peladora de huevos comercial de \u00faltima generaci\u00f3n, donde la eficacia, la precisi\u00f3n y la superioridad tecnol\u00f3gica convergen para redefinir su experiencia en el procesado de huevos.<\/p>","protected":false},"excerpt":{"rendered":"<p>Descubra el ep\u00edtome de la innovaci\u00f3n en el procesado de huevos con nuestro <a href=\"https:\/\/www.eggmachinery.com\/es\/producto\/egg-shelling-machine\/\"><u>M\u00e1quina peladora de huevos comercial <\/u><\/a>- una maravilla especializada dise\u00f1ada para pelar autom\u00e1ticamente huevos de gallina cocidos. Esta m\u00e1quina de vanguardia cuenta con una serie de caracter\u00edsticas que la convierten en la opci\u00f3n preferida de los fabricantes de huevos cocidos, huevos con especias y otros ovoproductos. He aqu\u00ed una descripci\u00f3n detallada de esta avanzada m\u00e1quina peladora de huevos<\/p>","protected":false},"featured_media":2622,"template":"","meta":{"_seopress_robots_primary_cat":"none"},"product_cat":[19],"product_tag":[],"featured_image_urls":{"full":["https:\/\/www.eggmachinery.com\/wp-content\/uploads\/commercial-egg-peeling-machine.webp",800,800,false],"thumbnail":["https:\/\/www.eggmachinery.com\/wp-content\/uploads\/commercial-egg-peeling-machine-150x150.webp",150,150,true],"medium":["https:\/\/www.eggmachinery.com\/wp-content\/uploads\/commercial-egg-peeling-machine-300x300.webp",300,300,true],"medium_large":["https:\/\/www.eggmachinery.com\/wp-content\/uploads\/commercial-egg-peeling-machine-768x768.webp",768,768,true],"large":["https:\/\/www.eggmachinery.com\/wp-content\/uploads\/commercial-egg-peeling-machine.webp",800,800,false],"1536x1536":["https:\/\/www.eggmachinery.com\/wp-content\/uploads\/commercial-egg-peeling-machine.webp",800,800,false],"2048x2048":["https:\/\/www.eggmachinery.com\/wp-content\/uploads\/commercial-egg-peeling-machine.webp",800,800,false],"trp-custom-language-flag":["https:\/\/www.eggmachinery.com\/wp-content\/uploads\/commercial-egg-peeling-machine.webp",12,12,false],"woocommerce_thumbnail":["https:\/\/www.eggmachinery.com\/wp-content\/uploads\/commercial-egg-peeling-machine-300x300.webp",300,300,true],"woocommerce_single":["https:\/\/www.eggmachinery.com\/wp-content\/uploads\/commercial-egg-peeling-machine-600x600.webp",600,600,true],"woocommerce_gallery_thumbnail":["https:\/\/www.eggmachinery.com\/wp-content\/uploads\/commercial-egg-peeling-machine-100x100.webp",100,100,true]},"post_excerpt_stackable":"<p>Discover the epitome of innovation in egg processing with our <a href=\"https:\/\/www.eggmachinery.com\/product\/egg-shelling-machine\/\"><u>Commercial Egg Peeling Machine <\/u><\/a>\u2013 a specialized marvel designed for automatically shelling boiled chicken eggs. This cutting-edge machine boasts a host of features that make it the preferred choice for manufacturers producing boiled eggs, spiced eggs, and other egg products. Here&#8217;s a detailed description of this advanced egg peeling machine<\/p>\n","category_list":"","author_info":{"name":"","url":""},"comments_num":"0 comments","_links":{"self":[{"href":"https:\/\/www.eggmachinery.com\/es\/wp-json\/wp\/v2\/product\/2619"}],"collection":[{"href":"https:\/\/www.eggmachinery.com\/es\/wp-json\/wp\/v2\/product"}],"about":[{"href":"https:\/\/www.eggmachinery.com\/es\/wp-json\/wp\/v2\/types\/product"}],"wp:featuredmedia":[{"embeddable":true,"href":"https:\/\/www.eggmachinery.com\/es\/wp-json\/wp\/v2\/media\/2622"}],"wp:attachment":[{"href":"https:\/\/www.eggmachinery.com\/es\/wp-json\/wp\/v2\/media?parent=2619"}],"wp:term":[{"taxonomy":"product_cat","embeddable":true,"href":"https:\/\/www.eggmachinery.com\/es\/wp-json\/wp\/v2\/product_cat?post=2619"},{"taxonomy":"product_tag","embeddable":true,"href":"https:\/\/www.eggmachinery.com\/es\/wp-json\/wp\/v2\/product_tag?post=2619"}],"curies":[{"name":"wp","href":"https:\/\/api.w.org\/{rel}","templated":true}]}}