{"id":2628,"date":"2024-01-08T13:31:57","date_gmt":"2024-01-08T05:31:57","guid":{"rendered":"https:\/\/www.eggmachinery.com\/?post_type=product&#038;p=2628"},"modified":"2026-03-10T15:03:24","modified_gmt":"2026-03-10T07:03:24","slug":"egg-peeling-machine-industrial","status":"publish","type":"product","link":"https:\/\/www.eggmachinery.com\/es\/producto\/egg-peeling-machine-industrial\/","title":{"rendered":"M\u00e1quina peladora de huevos Industrial"},"content":{"rendered":"<p>En<a href=\"https:\/\/www.eggmachinery.com\/es\/producto\/hard-boiled-egg-peeler\/\"><u>\u00a0m\u00e1quina peladora de huevos<\/u><\/a>\u00a0descrito es un equipo de calidad industrial dise\u00f1ado para pelar huevos duros de forma eficaz y cuidadosa. He aqu\u00ed una descripci\u00f3n detallada de la m\u00e1quina y sus caracter\u00edsticas:<\/p>\n<p>&nbsp;<\/p>\n<h2><strong>\u00a0M\u00e1quina peladora de huevos Descripci\u00f3n:<\/strong><\/h2>\n<p>&nbsp;<\/p>\n<p>Componentes:<\/p>\n<p>Alimentador de tanques de agua, m\u00e1quina peladora de huevos y transportador de huevos pelados.<\/p>\n<p>&nbsp;<\/p>\n<p><img decoding=\"async\" loading=\"lazy\" class=\"alignnone size-full wp-image-2907\" src=\"https:\/\/www.eggmachinery.com\/wp-content\/uploads\/egg-machinery.webp\" alt=\"egg machinery\" width=\"917\" height=\"417\" srcset=\"https:\/\/www.eggmachinery.com\/wp-content\/uploads\/egg-machinery.webp 917w, https:\/\/www.eggmachinery.com\/wp-content\/uploads\/egg-machinery-300x136.webp 300w, https:\/\/www.eggmachinery.com\/wp-content\/uploads\/egg-machinery-768x349.webp 768w, https:\/\/www.eggmachinery.com\/wp-content\/uploads\/egg-machinery-600x273.webp 600w\" sizes=\"(max-width: 917px) 100vw, 917px\" \/><\/p>\n<p>Flujo de trabajo:<\/p>\n<ol>\n<li>Poner todos los huevos cocidos en el dep\u00f3sito de alimentaci\u00f3n de agua para que se enfr\u00eden.<\/li>\n<li>Transporta autom\u00e1ticamente los huevos enfriados a la parte de rotura de la c\u00e1scara.<\/li>\n<li>Romper la c\u00e1scara: Romper la c\u00e1scara sin da\u00f1ar los huevos.<\/li>\n<li>Parte pelable: Quitar las c\u00e1scaras agrietadas bajo la ducha de agua y el tubo de l\u00e1tex importado.<\/li>\n<li>La cinta recolectora recoge los huevos pelados y separa los da\u00f1ados.<\/li>\n<\/ol>\n<p>&nbsp;<\/p>\n<p>Caracter\u00edsticas:<\/p>\n<ol>\n<li>Especializada para pelar huevos con alta eficacia y bajo \u00edndice de rotura.<\/li>\n<li>Fabricado \u00edntegramente en acero inoxidable 304, cumple las normas de higiene.<\/li>\n<li>Utiliza un sistema de reciclado de agua para ahorrar energ\u00eda.<\/li>\n<li>Alcanza un \u00edndice de pelado superior a 98% con un bajo \u00edndice de da\u00f1os de 0,2%.<\/li>\n<li>Dise\u00f1o compacto con superficie lisa, que evita las rozaduras en los huevos.<\/li>\n<li>Adecuado para la producci\u00f3n de huevos cocidos, huevos con especias, huevos de hierro y ovoproductos pintados de rojo.<\/li>\n<\/ol>\n<p>&nbsp;<\/p>\n<p>T\u00e9cnica de pelado sin ara\u00f1azos:<\/p>\n<p>- La t\u00e9cnica de pelado est\u00e1 optimizada para minimizar el impacto en la c\u00e1scara, garantizando un da\u00f1o casi nulo a los huevos.<\/p>\n<p>- Maneja huevos marrones o blancos con un alto \u00edndice de rendimiento \u00fanico de m\u00e1s de 98%.<\/p>\n<p><img decoding=\"async\" loading=\"lazy\" class=\"alignnone size-full wp-image-2896\" src=\"https:\/\/www.eggmachinery.com\/wp-content\/uploads\/egg-peeling-machine-4.webp\" alt=\"egg peeling machine\" width=\"750\" height=\"750\" srcset=\"https:\/\/www.eggmachinery.com\/wp-content\/uploads\/egg-peeling-machine-4.webp 750w, https:\/\/www.eggmachinery.com\/wp-content\/uploads\/egg-peeling-machine-4-300x300.webp 300w, https:\/\/www.eggmachinery.com\/wp-content\/uploads\/egg-peeling-machine-4-150x150.webp 150w, https:\/\/www.eggmachinery.com\/wp-content\/uploads\/egg-peeling-machine-4-600x600.webp 600w, https:\/\/www.eggmachinery.com\/wp-content\/uploads\/egg-peeling-machine-4-100x100.webp 100w\" sizes=\"(max-width: 750px) 100vw, 750px\" \/><\/p>\n<h2><strong>\u00a0Piezas para romper la c\u00e1scara del huevo:<\/strong><\/h2>\n<p>- Agua pulverizada limpia.<\/p>\n<p>- No hay grietas de da\u00f1os.<\/p>\n<p>- Paso previo al pelado bajo pulverizaci\u00f3n de agua.<\/p>\n<p>&nbsp;<\/p>\n<h2><strong>Pieza para pelar c\u00e1scaras de huevo<\/strong><\/h2>\n<p>- Basado en una t\u00e9cnica de exfoliaci\u00f3n sin ara\u00f1azos.<\/p>\n<p>- Adopta rodillos de caucho importados.<\/p>\n<p>- Optimizado para reducir el impacto de la c\u00e1scara, logrando un alto \u00edndice de rendimiento \u00fanico de &gt;98%.<\/p>\n<p><img decoding=\"async\" loading=\"lazy\" class=\"alignnone size-full wp-image-2941\" src=\"https:\/\/www.eggmachinery.com\/wp-content\/uploads\/egg-peeling-machine-industrial-2.webp\" alt=\"egg peeling machine industrial\" width=\"750\" height=\"750\" srcset=\"https:\/\/www.eggmachinery.com\/wp-content\/uploads\/egg-peeling-machine-industrial-2.webp 750w, https:\/\/www.eggmachinery.com\/wp-content\/uploads\/egg-peeling-machine-industrial-2-300x300.webp 300w, https:\/\/www.eggmachinery.com\/wp-content\/uploads\/egg-peeling-machine-industrial-2-150x150.webp 150w, https:\/\/www.eggmachinery.com\/wp-content\/uploads\/egg-peeling-machine-industrial-2-600x600.webp 600w, https:\/\/www.eggmachinery.com\/wp-content\/uploads\/egg-peeling-machine-industrial-2-100x100.webp 100w\" sizes=\"(max-width: 750px) 100vw, 750px\" \/><img decoding=\"async\" loading=\"lazy\" class=\"alignnone size-full wp-image-2943\" src=\"https:\/\/www.eggmachinery.com\/wp-content\/uploads\/egg-peeling-machine-industrial-4.webp\" alt=\"egg peeling machine industrial\" width=\"750\" height=\"750\" srcset=\"https:\/\/www.eggmachinery.com\/wp-content\/uploads\/egg-peeling-machine-industrial-4.webp 750w, https:\/\/www.eggmachinery.com\/wp-content\/uploads\/egg-peeling-machine-industrial-4-300x300.webp 300w, https:\/\/www.eggmachinery.com\/wp-content\/uploads\/egg-peeling-machine-industrial-4-150x150.webp 150w, https:\/\/www.eggmachinery.com\/wp-content\/uploads\/egg-peeling-machine-industrial-4-600x600.webp 600w, https:\/\/www.eggmachinery.com\/wp-content\/uploads\/egg-peeling-machine-industrial-4-100x100.webp 100w\" sizes=\"(max-width: 750px) 100vw, 750px\" \/><img decoding=\"async\" loading=\"lazy\" class=\"alignnone size-full wp-image-2942\" src=\"https:\/\/www.eggmachinery.com\/wp-content\/uploads\/egg-peeling-machine-industrial-3.webp\" alt=\"egg peeling machine industrial\" width=\"750\" height=\"750\" srcset=\"https:\/\/www.eggmachinery.com\/wp-content\/uploads\/egg-peeling-machine-industrial-3.webp 750w, https:\/\/www.eggmachinery.com\/wp-content\/uploads\/egg-peeling-machine-industrial-3-300x300.webp 300w, https:\/\/www.eggmachinery.com\/wp-content\/uploads\/egg-peeling-machine-industrial-3-150x150.webp 150w, https:\/\/www.eggmachinery.com\/wp-content\/uploads\/egg-peeling-machine-industrial-3-600x600.webp 600w, https:\/\/www.eggmachinery.com\/wp-content\/uploads\/egg-peeling-machine-industrial-3-100x100.webp 100w\" sizes=\"(max-width: 750px) 100vw, 750px\" \/><img decoding=\"async\" loading=\"lazy\" class=\"alignnone size-full wp-image-2893\" src=\"https:\/\/www.eggmachinery.com\/wp-content\/uploads\/egg-peeling-machine-1.webp\" alt=\"egg peeling machine\" width=\"750\" height=\"750\" srcset=\"https:\/\/www.eggmachinery.com\/wp-content\/uploads\/egg-peeling-machine-1.webp 750w, https:\/\/www.eggmachinery.com\/wp-content\/uploads\/egg-peeling-machine-1-300x300.webp 300w, https:\/\/www.eggmachinery.com\/wp-content\/uploads\/egg-peeling-machine-1-150x150.webp 150w, https:\/\/www.eggmachinery.com\/wp-content\/uploads\/egg-peeling-machine-1-600x600.webp 600w, https:\/\/www.eggmachinery.com\/wp-content\/uploads\/egg-peeling-machine-1-100x100.webp 100w\" sizes=\"(max-width: 750px) 100vw, 750px\" \/><\/p>\n<h3><strong>RFQ (solicitud de presupuesto) Respuestas:<\/strong><\/h3>\n<p>&nbsp;<\/p>\n<ol>\n<li>C\u00f3mo saber si el<a href=\"https:\/\/www.eggmachinery.com\/es\/producto\/hard-boiled-egg-peeling-machine\/\"><u>pelador de huevos<\/u><\/a>\u00a0\u00bfme conviene?<\/li>\n<\/ol>\n<p>P\u00f3ngase en contacto con el proveedor con los requisitos detallados y la situaci\u00f3n de la producci\u00f3n para obtener recomendaciones personalizadas.<\/p>\n<p>&nbsp;<\/p>\n<ol start=\"2\">\n<li>\u00bfC\u00f3mo conseguir la cascadora de huevos de gallina?<\/li>\n<\/ol>\n<p>Confirme el pedido, reciba una factura proforma, efect\u00fae el pago y la m\u00e1quina ser\u00e1 preparada y entregada en el puerto de su pa\u00eds con asistencia completa para el despacho de aduanas.<\/p>\n<p>&nbsp;<\/p>\n<ol start=\"3\">\n<li>\u00bfPueden prestar servicios en el extranjero?<\/li>\n<\/ol>\n<p>S\u00ed, se ofrece servicio de ingenier\u00eda para la instalaci\u00f3n y formaci\u00f3n para las l\u00edneas de producci\u00f3n adquiridas.<\/p>\n<p>&nbsp;<\/p>\n<ol start=\"4\">\n<li>\u00bfPueden fabricar m\u00e1quinas a medida?<\/li>\n<\/ol>\n<p>S\u00ed, con los planos y datos t\u00e9cnicos proporcionados, las m\u00e1quinas pueden personalizarse para satisfacer demandas espec\u00edficas.<\/p>\n<p><img decoding=\"async\" loading=\"lazy\" class=\"alignnone size-full wp-image-2978\" src=\"https:\/\/www.eggmachinery.com\/wp-content\/uploads\/egg-machine-1-1.webp\" alt=\"egg machine\" width=\"750\" height=\"750\" srcset=\"https:\/\/www.eggmachinery.com\/wp-content\/uploads\/egg-machine-1-1.webp 750w, https:\/\/www.eggmachinery.com\/wp-content\/uploads\/egg-machine-1-1-300x300.webp 300w, https:\/\/www.eggmachinery.com\/wp-content\/uploads\/egg-machine-1-1-150x150.webp 150w, https:\/\/www.eggmachinery.com\/wp-content\/uploads\/egg-machine-1-1-600x600.webp 600w, https:\/\/www.eggmachinery.com\/wp-content\/uploads\/egg-machine-1-1-100x100.webp 100w\" sizes=\"(max-width: 750px) 100vw, 750px\" \/><\/p>\n<h3><strong>\u00a0Informaci\u00f3n adicional:<\/strong><\/h3>\n<p>&nbsp;<\/p>\n<p>- La m\u00e1quina est\u00e1 dise\u00f1ada para huevos duros, y la tasa de pelado puede alcanzar 98,5%.<\/p>\n<p>- La garant\u00eda es de un a\u00f1o, con asistencia t\u00e9cnica de por vida.<\/p>\n<p>- El servicio posventa implica responder en un plazo de 24 horas y resolver los problemas r\u00e1pidamente con la presentaci\u00f3n de fotos y v\u00eddeos que muestren el problema.<\/p>","protected":false},"excerpt":{"rendered":"<p>Esta m\u00e1quina peladora de huevos est\u00e1 dise\u00f1ada para pelar eficazmente huevos duros utilizando una t\u00e9cnica de pelado sin ara\u00f1azos, garantizando un da\u00f1o m\u00ednimo a los huevos a la vez que consigue un alto \u00edndice de pelado de m\u00e1s de 98%.<\/p>","protected":false},"featured_media":2631,"template":"","meta":{"_seopress_robots_primary_cat":"none"},"product_cat":[19],"product_tag":[],"featured_image_urls":{"full":["https:\/\/www.eggmachinery.com\/wp-content\/uploads\/egg-peeling-machine-industrial.webp",800,800,false],"thumbnail":["https:\/\/www.eggmachinery.com\/wp-content\/uploads\/egg-peeling-machine-industrial-150x150.webp",150,150,true],"medium":["https:\/\/www.eggmachinery.com\/wp-content\/uploads\/egg-peeling-machine-industrial-300x300.webp",300,300,true],"medium_large":["https:\/\/www.eggmachinery.com\/wp-content\/uploads\/egg-peeling-machine-industrial-768x768.webp",768,768,true],"large":["https:\/\/www.eggmachinery.com\/wp-content\/uploads\/egg-peeling-machine-industrial.webp",800,800,false],"1536x1536":["https:\/\/www.eggmachinery.com\/wp-content\/uploads\/egg-peeling-machine-industrial.webp",800,800,false],"2048x2048":["https:\/\/www.eggmachinery.com\/wp-content\/uploads\/egg-peeling-machine-industrial.webp",800,800,false],"trp-custom-language-flag":["https:\/\/www.eggmachinery.com\/wp-content\/uploads\/egg-peeling-machine-industrial.webp",12,12,false],"woocommerce_thumbnail":["https:\/\/www.eggmachinery.com\/wp-content\/uploads\/egg-peeling-machine-industrial-300x300.webp",300,300,true],"woocommerce_single":["https:\/\/www.eggmachinery.com\/wp-content\/uploads\/egg-peeling-machine-industrial-600x600.webp",600,600,true],"woocommerce_gallery_thumbnail":["https:\/\/www.eggmachinery.com\/wp-content\/uploads\/egg-peeling-machine-industrial-100x100.webp",100,100,true]},"post_excerpt_stackable":"<p>This egg peeling machine is designed to efficiently peel hard-boiled eggs using a no-scratch peeling technique, ensuring minimal damage to the eggs while achieving a high peeling rate of over 98%.<\/p>\n","category_list":"","author_info":{"name":"","url":""},"comments_num":"0 comments","_links":{"self":[{"href":"https:\/\/www.eggmachinery.com\/es\/wp-json\/wp\/v2\/product\/2628"}],"collection":[{"href":"https:\/\/www.eggmachinery.com\/es\/wp-json\/wp\/v2\/product"}],"about":[{"href":"https:\/\/www.eggmachinery.com\/es\/wp-json\/wp\/v2\/types\/product"}],"wp:featuredmedia":[{"embeddable":true,"href":"https:\/\/www.eggmachinery.com\/es\/wp-json\/wp\/v2\/media\/2631"}],"wp:attachment":[{"href":"https:\/\/www.eggmachinery.com\/es\/wp-json\/wp\/v2\/media?parent=2628"}],"wp:term":[{"taxonomy":"product_cat","embeddable":true,"href":"https:\/\/www.eggmachinery.com\/es\/wp-json\/wp\/v2\/product_cat?post=2628"},{"taxonomy":"product_tag","embeddable":true,"href":"https:\/\/www.eggmachinery.com\/es\/wp-json\/wp\/v2\/product_tag?post=2628"}],"curies":[{"name":"wp","href":"https:\/\/api.w.org\/{rel}","templated":true}]}}