{"id":2664,"date":"2024-01-10T13:41:11","date_gmt":"2024-01-10T05:41:11","guid":{"rendered":"https:\/\/www.eggmachinery.com\/?post_type=product&#038;p=2664"},"modified":"2024-01-23T16:06:28","modified_gmt":"2024-01-23T08:06:28","slug":"10000-eggs-per-hour-egg-peeler-machine","status":"publish","type":"product","link":"https:\/\/www.eggmachinery.com\/es\/producto\/10000-eggs-per-hour-egg-peeler-machine\/","title":{"rendered":"M\u00e1quina peladora de huevos 10000 huevos por hora"},"content":{"rendered":"<p>En <a href=\"https:\/\/www.eggmachinery.com\/es\/producto\/commercial-egg-peeling-machine\/\"><u>m\u00e1quina peladora de huevos de gallina<\/u><\/a>\u00a0est\u00e1 especializada en huevos duros, ideal para el procesado de huevos. Utiliza rodillos de goma e impacto de agua, minimizando el da\u00f1o al huevo para lograr una tasa de pelado del 98,5%. La estructura imita el frotamiento manual del huevo, garantizando un resultado suave y atractivo. Esta m\u00e1quina automatizada abarca la alimentaci\u00f3n, el pelado, el descascarado y la descarga, ahorrando mano de obra gracias a su eficacia. Los rodillos de goma y el impacto de agua reducen el da\u00f1o a los huevos, por lo que es adecuada para f\u00e1bricas de alimentos y restaurantes, con una gran capacidad de 5k, 8k y 10k huevos por hora. La m\u00e1quina proporciona un efecto de pelado \u00f3ptimo, manteniendo el aspecto liso y bonito de los huevos pelados.<\/p>\n<p>&nbsp;<\/p>\n<h2><strong>Introducci\u00f3n de la m\u00e1quina peladora de huevos<\/strong><\/h2>\n<ol>\n<li>Este profesional<a href=\"https:\/\/www.eggmachinery.com\/es\/producto\/chicken-egg-peeling-machine-2\/\"><u>m\u00e1quina peladora de huevos<\/u><\/a>destaca en la eliminaci\u00f3n r\u00e1pida y limpia de la c\u00e1scara de los huevos de gallina cocidos.<\/li>\n<li>Fabricada en acero inoxidable de alta calidad, adopta un motor de conversi\u00f3n de frecuencia de alta calidad importado y una manguera de goma duradera, lo que garantiza una larga vida \u00fatil y el cumplimiento de las normas sanitarias.<\/li>\n<li>La m\u00e1quina cuenta con un sistema de alimentaci\u00f3n autom\u00e1tica que reduce los residuos de la alimentaci\u00f3n manual y ahorra mano de obra.<\/li>\n<li>La recogida y eliminaci\u00f3n autom\u00e1ticas de las c\u00e1scaras de huevo garantizan la calidad y limpieza de los huevos de gallina.<\/li>\n<\/ol>\n<p><img decoding=\"async\" loading=\"lazy\" class=\"alignnone size-full wp-image-2899\" src=\"https:\/\/www.eggmachinery.com\/wp-content\/uploads\/industrial-egg-peeling-machine-2.webp\" alt=\"industrial egg peeling machine\" width=\"750\" height=\"750\" srcset=\"https:\/\/www.eggmachinery.com\/wp-content\/uploads\/industrial-egg-peeling-machine-2.webp 750w, https:\/\/www.eggmachinery.com\/wp-content\/uploads\/industrial-egg-peeling-machine-2-300x300.webp 300w, https:\/\/www.eggmachinery.com\/wp-content\/uploads\/industrial-egg-peeling-machine-2-150x150.webp 150w, https:\/\/www.eggmachinery.com\/wp-content\/uploads\/industrial-egg-peeling-machine-2-600x600.webp 600w, https:\/\/www.eggmachinery.com\/wp-content\/uploads\/industrial-egg-peeling-machine-2-100x100.webp 100w\" sizes=\"(max-width: 750px) 100vw, 750px\" \/><\/p>\n<h2><strong>Caracter\u00edsticas de la m\u00e1quina peladora de huevos<\/strong><\/h2>\n<ol>\n<li>Alta eficacia y bajo \u00edndice de rotura.<\/li>\n<li>Material de acero inoxidable que cumple las normas de higiene alimentaria.<\/li>\n<li>Dise\u00f1o especial, estructura compacta y bella apariencia.<\/li>\n<\/ol>\n<p>&nbsp;<\/p>\n<p><img decoding=\"async\" loading=\"lazy\" class=\"alignnone size-full wp-image-2900\" src=\"https:\/\/www.eggmachinery.com\/wp-content\/uploads\/industrial-egg-peeling-machine-3.webp\" alt=\"industrial egg peeling machine\" width=\"750\" height=\"750\" srcset=\"https:\/\/www.eggmachinery.com\/wp-content\/uploads\/industrial-egg-peeling-machine-3.webp 750w, https:\/\/www.eggmachinery.com\/wp-content\/uploads\/industrial-egg-peeling-machine-3-300x300.webp 300w, https:\/\/www.eggmachinery.com\/wp-content\/uploads\/industrial-egg-peeling-machine-3-150x150.webp 150w, https:\/\/www.eggmachinery.com\/wp-content\/uploads\/industrial-egg-peeling-machine-3-600x600.webp 600w, https:\/\/www.eggmachinery.com\/wp-content\/uploads\/industrial-egg-peeling-machine-3-100x100.webp 100w\" sizes=\"(max-width: 750px) 100vw, 750px\" \/><img decoding=\"async\" loading=\"lazy\" class=\"alignnone size-full wp-image-2901\" src=\"https:\/\/www.eggmachinery.com\/wp-content\/uploads\/industrial-egg-peeling-machine-4.webp\" alt=\"industrial egg peeling machine\" width=\"750\" height=\"750\" srcset=\"https:\/\/www.eggmachinery.com\/wp-content\/uploads\/industrial-egg-peeling-machine-4.webp 750w, https:\/\/www.eggmachinery.com\/wp-content\/uploads\/industrial-egg-peeling-machine-4-300x300.webp 300w, https:\/\/www.eggmachinery.com\/wp-content\/uploads\/industrial-egg-peeling-machine-4-150x150.webp 150w, https:\/\/www.eggmachinery.com\/wp-content\/uploads\/industrial-egg-peeling-machine-4-600x600.webp 600w, https:\/\/www.eggmachinery.com\/wp-content\/uploads\/industrial-egg-peeling-machine-4-100x100.webp 100w\" sizes=\"(max-width: 750px) 100vw, 750px\" \/><img decoding=\"async\" loading=\"lazy\" class=\"alignnone size-full wp-image-2902\" src=\"https:\/\/www.eggmachinery.com\/wp-content\/uploads\/industrial-egg-peeling-machine-5.webp\" alt=\"industrial egg peeling machine\" width=\"750\" height=\"750\" srcset=\"https:\/\/www.eggmachinery.com\/wp-content\/uploads\/industrial-egg-peeling-machine-5.webp 750w, https:\/\/www.eggmachinery.com\/wp-content\/uploads\/industrial-egg-peeling-machine-5-300x300.webp 300w, https:\/\/www.eggmachinery.com\/wp-content\/uploads\/industrial-egg-peeling-machine-5-150x150.webp 150w, https:\/\/www.eggmachinery.com\/wp-content\/uploads\/industrial-egg-peeling-machine-5-600x600.webp 600w, https:\/\/www.eggmachinery.com\/wp-content\/uploads\/industrial-egg-peeling-machine-5-100x100.webp 100w\" sizes=\"(max-width: 750px) 100vw, 750px\" \/><\/p>\n<h2><strong>Especificaciones de la m\u00e1quina peladora de huevos<\/strong><\/h2>\n<ol>\n<li>Tama\u00f1o: 5200*2300*1700<\/li>\n<li>Material: Hecho de acero inoxidable 304, sellos de aceite importados, cojinetes y ejes de caucho importados.<\/li>\n<li>Producci\u00f3n: 10.000 piezas\/hora<\/li>\n<li>Tensi\u00f3n: 380 V<\/li>\n<li>Peso: 400 kg<\/li>\n<li>Potencia: 5,5 kW<\/li>\n<\/ol>\n<p>7.Funci\u00f3n Pelar, pelar y limpiar huevos duros<\/p>\n<ol start=\"8\">\n<li>Aplicaci\u00f3n Ideal para huevos cocidos<\/li>\n<li>Material Acero inoxidable 304<\/li>\n<\/ol>\n<p>10.Palabras clave Peladora de huevos, peladora de huevos, m\u00e1quina para quitar la c\u00e1scara de huevos cocidos<\/p>\n<p>11.Caracter\u00edstica F\u00e1cil de manejar<\/p>\n<p>12.Ventaja Alta eficiencia<\/p>\n<p>&nbsp;<\/p>\n<p><img decoding=\"async\" loading=\"lazy\" class=\"alignnone size-full wp-image-2893\" src=\"https:\/\/www.eggmachinery.com\/wp-content\/uploads\/egg-peeling-machine-1.webp\" alt=\"egg peeling machine\" width=\"750\" height=\"750\" srcset=\"https:\/\/www.eggmachinery.com\/wp-content\/uploads\/egg-peeling-machine-1.webp 750w, https:\/\/www.eggmachinery.com\/wp-content\/uploads\/egg-peeling-machine-1-300x300.webp 300w, https:\/\/www.eggmachinery.com\/wp-content\/uploads\/egg-peeling-machine-1-150x150.webp 150w, https:\/\/www.eggmachinery.com\/wp-content\/uploads\/egg-peeling-machine-1-600x600.webp 600w, https:\/\/www.eggmachinery.com\/wp-content\/uploads\/egg-peeling-machine-1-100x100.webp 100w\" sizes=\"(max-width: 750px) 100vw, 750px\" \/><img decoding=\"async\" loading=\"lazy\" class=\"alignnone size-full wp-image-2894\" src=\"https:\/\/www.eggmachinery.com\/wp-content\/uploads\/egg-peeling-machine-2.webp\" alt=\"egg peeling machine\" width=\"750\" height=\"750\" srcset=\"https:\/\/www.eggmachinery.com\/wp-content\/uploads\/egg-peeling-machine-2.webp 750w, https:\/\/www.eggmachinery.com\/wp-content\/uploads\/egg-peeling-machine-2-300x300.webp 300w, https:\/\/www.eggmachinery.com\/wp-content\/uploads\/egg-peeling-machine-2-150x150.webp 150w, https:\/\/www.eggmachinery.com\/wp-content\/uploads\/egg-peeling-machine-2-600x600.webp 600w, https:\/\/www.eggmachinery.com\/wp-content\/uploads\/egg-peeling-machine-2-100x100.webp 100w\" sizes=\"(max-width: 750px) 100vw, 750px\" \/><\/p>\n<h3><strong>\u00a0<\/strong><\/h3>\n<h3><strong>\u00a0Ventajas de la peladora de huevos<\/strong><\/h3>\n<ol>\n<li>Construcci\u00f3n de primera calidad Fabricada en acero inoxidable de calidad alimentaria, la m\u00e1quina garantiza durabilidad, seguridad y salubridad, asegurando que los huevos permanezcan incontaminados.<\/li>\n<li>Dise\u00f1o ingenioso Con una estructura compacta y un dise\u00f1o especial de los rodillos, la m\u00e1quina manipula los huevos con delicadeza, evitando cualquier da\u00f1o a los huevos durante el proceso de pelado.<\/li>\n<li>Eficacia y precisi\u00f3n La m\u00e1quina funciona con gran eficacia y mantiene un bajo \u00edndice de roturas, lo que la convierte en una opci\u00f3n fiable para preservar la integridad de los huevos durante el proceso de pelado.<\/li>\n<li>Caracter\u00edsticas f\u00e1ciles de usar Los mecanismos autom\u00e1ticos de alimentaci\u00f3n y descarga agilizan el proceso, ahorrando costes de mano de obra. La m\u00e1quina est\u00e1 dise\u00f1ada para facilitar la limpieza y la movilidad sin esfuerzo.<\/li>\n<li>Recogida autom\u00e1tica de c\u00e1scaras de huevo Una funci\u00f3n exclusiva que recoge autom\u00e1ticamente las c\u00e1scaras de huevo, mejorando a\u00fan m\u00e1s la eficacia operativa y la limpieza.<\/li>\n<li>Superioridad tecnol\u00f3gica Considerado el equipo de pelado de huevos m\u00e1s avanzado de China, incorpora los \u00faltimos avances en tecnolog\u00eda de pelado de huevos.<\/li>\n<\/ol>\n<p>&nbsp;<\/p>\n<h3><strong>\u00a0<\/strong><\/h3>\n<h3><strong>Gu\u00eda de uso de la peladora de huevos<\/strong><\/h3>\n<ol>\n<li>Para obtener resultados \u00f3ptimos, utilice huevos frescos de 2-3 d\u00edas en verano o de 4-5 d\u00edas en invierno.<\/li>\n<li>Calentar el agua a unos 85 grados y verterla en los huevos, removiendo y hirviendo a fuego fuerte.<\/li>\n<li>Una vez hervidos, retirar los huevos da\u00f1ados. Hervir a fuego lento durante 15-20 minutos, luego enfriar los huevos en agua fr\u00eda.<\/li>\n<li>Transcurridos 15 minutos, vierta los huevos enfriados en la peladora de huevos, sumergi\u00e9ndolos en agua fr\u00eda.<\/li>\n<li>Conectar la alimentaci\u00f3n el\u00e9ctrica y el suministro de agua, empezando por la bomba y luego la m\u00e1quina, mientras se controla el caudal de agua moderadamente.<\/li>\n<\/ol>\n<p>&nbsp;<\/p>\n<p>&nbsp;<\/p>\n<p>Adopte el futuro del procesado de huevos con nuestra peladora de huevos comercial de \u00faltima generaci\u00f3n, donde la eficacia, la precisi\u00f3n y la superioridad tecnol\u00f3gica convergen para redefinir su experiencia en el procesado de huevos.<\/p>\n<p><img decoding=\"async\" loading=\"lazy\" class=\"alignnone size-full wp-image-2906\" src=\"https:\/\/www.eggmachinery.com\/wp-content\/uploads\/Egg-machine-3.webp\" alt=\"industrial egg peeling machine\" width=\"750\" height=\"750\" srcset=\"https:\/\/www.eggmachinery.com\/wp-content\/uploads\/Egg-machine-3.webp 750w, https:\/\/www.eggmachinery.com\/wp-content\/uploads\/Egg-machine-3-300x300.webp 300w, https:\/\/www.eggmachinery.com\/wp-content\/uploads\/Egg-machine-3-150x150.webp 150w, https:\/\/www.eggmachinery.com\/wp-content\/uploads\/Egg-machine-3-600x600.webp 600w, https:\/\/www.eggmachinery.com\/wp-content\/uploads\/Egg-machine-3-100x100.webp 100w\" sizes=\"(max-width: 750px) 100vw, 750px\" \/><\/p>","protected":false},"excerpt":{"rendered":"<p>En <a href=\"https:\/\/www.eggmachinery.com\/es\/producto\/commercial-egg-peeling-machine\/\"><u>m\u00e1quina peladora de huevos de gallina<\/u><\/a>\u00a0est\u00e1 especializada en huevos duros, ideal para el procesado de huevos. Utiliza rodillos de goma e impacto de agua, minimizando el da\u00f1o al huevo para lograr una tasa de pelado del 98,5%. La estructura imita el frotamiento manual del huevo, garantizando un resultado suave y atractivo. Esta m\u00e1quina automatizada abarca la alimentaci\u00f3n, el pelado, el descascarado y la descarga, ahorrando mano de obra gracias a su eficacia. Los rodillos de goma y el impacto de agua reducen el da\u00f1o a los huevos, por lo que es adecuada para f\u00e1bricas de alimentos y restaurantes, con una gran capacidad de 5k, 8k y 10k huevos por hora. La m\u00e1quina proporciona un efecto de pelado \u00f3ptimo, manteniendo el aspecto liso y bonito de los huevos pelados.<\/p>\n<p>&nbsp;<\/p>\n<p>&nbsp;<\/p>\n<p>&nbsp;<\/p>","protected":false},"featured_media":2668,"template":"","meta":{"_seopress_robots_primary_cat":"none"},"product_cat":[19],"product_tag":[],"featured_image_urls":{"full":["https:\/\/www.eggmachinery.com\/wp-content\/uploads\/egg-peeler-machine.webp",800,800,false],"thumbnail":["https:\/\/www.eggmachinery.com\/wp-content\/uploads\/egg-peeler-machine-150x150.webp",150,150,true],"medium":["https:\/\/www.eggmachinery.com\/wp-content\/uploads\/egg-peeler-machine-300x300.webp",300,300,true],"medium_large":["https:\/\/www.eggmachinery.com\/wp-content\/uploads\/egg-peeler-machine-768x768.webp",768,768,true],"large":["https:\/\/www.eggmachinery.com\/wp-content\/uploads\/egg-peeler-machine.webp",800,800,false],"1536x1536":["https:\/\/www.eggmachinery.com\/wp-content\/uploads\/egg-peeler-machine.webp",800,800,false],"2048x2048":["https:\/\/www.eggmachinery.com\/wp-content\/uploads\/egg-peeler-machine.webp",800,800,false],"trp-custom-language-flag":["https:\/\/www.eggmachinery.com\/wp-content\/uploads\/egg-peeler-machine.webp",12,12,false],"woocommerce_thumbnail":["https:\/\/www.eggmachinery.com\/wp-content\/uploads\/egg-peeler-machine-300x300.webp",300,300,true],"woocommerce_single":["https:\/\/www.eggmachinery.com\/wp-content\/uploads\/egg-peeler-machine-600x600.webp",600,600,true],"woocommerce_gallery_thumbnail":["https:\/\/www.eggmachinery.com\/wp-content\/uploads\/egg-peeler-machine-100x100.webp",100,100,true]},"post_excerpt_stackable":"<p>The <a href=\"https:\/\/www.eggmachinery.com\/product\/commercial-egg-peeling-machine\/\"><u>chicken egg peeling machine<\/u><\/a>\u00a0is specialized for hard-cooked eggs, ideal for egg processing. It uses rubber rollers and water impact, minimizing egg damage to achieve a 98.5% peeling rate. The structure mimics manual egg rubbing, ensuring a smooth and attractive result. This automated machine covers feeding, shelling, peeling, and discharge, saving labor with its efficiency. The rubber rollers and water impact reduce egg damage, making it suitable for food factories and restaurants, with a large capacity of 5k, 8k, and 10k eggs per hour. The machine provides an optimal peeling effect, maintaining the smooth and beautiful appearance of the peeled eggs.<\/p>\n<p>&nbsp;<\/p>\n<p>&nbsp;<\/p>\n<p>&nbsp;<\/p>\n","category_list":"","author_info":{"name":"","url":""},"comments_num":"0 comments","_links":{"self":[{"href":"https:\/\/www.eggmachinery.com\/es\/wp-json\/wp\/v2\/product\/2664"}],"collection":[{"href":"https:\/\/www.eggmachinery.com\/es\/wp-json\/wp\/v2\/product"}],"about":[{"href":"https:\/\/www.eggmachinery.com\/es\/wp-json\/wp\/v2\/types\/product"}],"wp:featuredmedia":[{"embeddable":true,"href":"https:\/\/www.eggmachinery.com\/es\/wp-json\/wp\/v2\/media\/2668"}],"wp:attachment":[{"href":"https:\/\/www.eggmachinery.com\/es\/wp-json\/wp\/v2\/media?parent=2664"}],"wp:term":[{"taxonomy":"product_cat","embeddable":true,"href":"https:\/\/www.eggmachinery.com\/es\/wp-json\/wp\/v2\/product_cat?post=2664"},{"taxonomy":"product_tag","embeddable":true,"href":"https:\/\/www.eggmachinery.com\/es\/wp-json\/wp\/v2\/product_tag?post=2664"}],"curies":[{"name":"wp","href":"https:\/\/api.w.org\/{rel}","templated":true}]}}