{"id":2707,"date":"2024-01-13T15:18:31","date_gmt":"2024-01-13T07:18:31","guid":{"rendered":"https:\/\/www.eggmachinery.com\/?post_type=product&#038;p=2707"},"modified":"2024-01-24T14:04:27","modified_gmt":"2024-01-24T06:04:27","slug":"commercial-quail-egg-peeler","status":"publish","type":"product","link":"https:\/\/www.eggmachinery.com\/es\/producto\/commercial-quail-egg-peeler\/","title":{"rendered":"Peladora comercial de huevos de codorniz"},"content":{"rendered":"<h2><strong>1. M\u00e1quina peladora de huevos de codorniz<\/strong><strong>\u00a0<\/strong><strong>Breve descripci\u00f3n:<\/strong><\/h2>\n<p>En <a href=\"https:\/\/www.eggmachinery.com\/es\/producto\/quail-egg-peeler-2\/\"><u>peladora de huevos de codorniz<\/u><\/a>\u00a0est\u00e1 dise\u00f1ada espec\u00edficamente para operaciones de pelado de huevos de codorniz a gran escala. Construida con material de acero inoxidable, esta m\u00e1quina garantiza un proceso de pelado estable y limpio. El funcionamiento es totalmente autom\u00e1tico: basta con introducir los huevos de codorniz duros y la m\u00e1quina se encarga del proceso de pelado. Elimina la necesidad de mano de obra.<\/p>\n<p><img decoding=\"async\" loading=\"lazy\" class=\"alignnone size-full wp-image-2950\" src=\"https:\/\/www.eggmachinery.com\/wp-content\/uploads\/quail-egg-peeling-machine-5-1.webp\" alt=\"quail egg peeling machine\" width=\"750\" height=\"750\" srcset=\"https:\/\/www.eggmachinery.com\/wp-content\/uploads\/quail-egg-peeling-machine-5-1.webp 750w, https:\/\/www.eggmachinery.com\/wp-content\/uploads\/quail-egg-peeling-machine-5-1-300x300.webp 300w, https:\/\/www.eggmachinery.com\/wp-content\/uploads\/quail-egg-peeling-machine-5-1-150x150.webp 150w, https:\/\/www.eggmachinery.com\/wp-content\/uploads\/quail-egg-peeling-machine-5-1-600x600.webp 600w, https:\/\/www.eggmachinery.com\/wp-content\/uploads\/quail-egg-peeling-machine-5-1-100x100.webp 100w\" sizes=\"(max-width: 750px) 100vw, 750px\" \/><\/p>\n<h2><strong>2. M\u00e1quina peladora de huevos de codorniz<\/strong><strong>\u00a0<\/strong><strong>Caracter\u00edsticas:<\/strong><\/h2>\n<ol>\n<li>Pelado limpio y r\u00e1pido:<\/li>\n<\/ol>\n<p>- La m\u00e1quina pela eficazmente la c\u00e1scara del huevo de codorniz cocido, mejorando los beneficios y reduciendo los costes de mano de obra.<\/p>\n<p>&nbsp;<\/p>\n<ol start=\"2\">\n<li>Da\u00f1o m\u00ednimo de la superficie del huevo:<\/li>\n<\/ol>\n<p>- La peladora de huevos de codorniz garantiza una tasa de rotura inferior a 2%, preservando la nutrici\u00f3n y el sabor de los huevos de codorniz.<\/p>\n<p>&nbsp;<\/p>\n<ol start=\"3\">\n<li>Estructura racional y f\u00e1cil mantenimiento:<\/li>\n<\/ol>\n<p>- La estructura de la m\u00e1quina est\u00e1 bien dise\u00f1ada, lo que facilita su traslado, limpieza y mantenimiento.<\/p>\n<p>&nbsp;<\/p>\n<ol start=\"4\">\n<li>Construcci\u00f3n de acero inoxidable:<\/li>\n<\/ol>\n<p>- Fabricado con materiales de acero inoxidable 304, el pelador cumple las normas de higiene alimentaria.<\/p>\n<p>&nbsp;<\/p>\n<ol start=\"5\">\n<li>Alta calidad y ahorro energ\u00e9tico:<\/li>\n<\/ol>\n<p>- La m\u00e1quina se caracteriza por su alta calidad, ahorro de energ\u00eda, protecci\u00f3n del medio ambiente, larga vida \u00fatil y alto rendimiento.<\/p>\n<p>&nbsp;<\/p>\n<ol start=\"6\">\n<li>Sinergia con la m\u00e1quina Quail Egg Cracker:<\/li>\n<\/ol>\n<p>- Cuando se equipa con la m\u00e1quina para cascar huevos de codorniz, la peladora consigue un mejor efecto de pelado.<\/p>\n<p>&nbsp;<\/p>\n<h3><strong>3. M\u00e1quina peladora de huevos de codorniz<\/strong><strong>\u00a0<\/strong><strong>Aplicaci\u00f3n:<\/strong><\/h3>\n<p>- Adecuado para huevo de codorniz en escabeche y <a href=\"https:\/\/www.eggmachinery.com\/es\/producto\/quail-egg-processing-line\/\"><u>industrias de transformaci\u00f3n de huevos de codorniz cocidos<\/u><\/a>as\u00ed como otras aplicaciones de aperitivos con huevos de codorniz.<\/p>\n<p>&nbsp;<\/p>\n<h3><strong>4. M\u00e1quina peladora de huevos de codorniz<\/strong><strong>\u00a0<\/strong><strong>Principio de funcionamiento:<\/strong><\/h3>\n<p>- La peladora de huevos de codorniz utiliza la rotaci\u00f3n impulsada por motor para accionar engranajes, almohadillas de esponja y mangueras. Esta acci\u00f3n mec\u00e1nica genera fricci\u00f3n, arrancando eficazmente la c\u00e1scara de la superficie del huevo de codorniz para conseguir el efecto de pelado.<\/p>\n<p><img decoding=\"async\" loading=\"lazy\" class=\"alignnone size-full wp-image-2947\" src=\"https:\/\/www.eggmachinery.com\/wp-content\/uploads\/quail-egg-peeling-machine-2-1.webp\" alt=\"quail egg peeling machine\" width=\"750\" height=\"750\" srcset=\"https:\/\/www.eggmachinery.com\/wp-content\/uploads\/quail-egg-peeling-machine-2-1.webp 750w, https:\/\/www.eggmachinery.com\/wp-content\/uploads\/quail-egg-peeling-machine-2-1-300x300.webp 300w, https:\/\/www.eggmachinery.com\/wp-content\/uploads\/quail-egg-peeling-machine-2-1-150x150.webp 150w, https:\/\/www.eggmachinery.com\/wp-content\/uploads\/quail-egg-peeling-machine-2-1-600x600.webp 600w, https:\/\/www.eggmachinery.com\/wp-content\/uploads\/quail-egg-peeling-machine-2-1-100x100.webp 100w\" sizes=\"(max-width: 750px) 100vw, 750px\" \/><img decoding=\"async\" loading=\"lazy\" class=\"alignnone size-full wp-image-2948\" src=\"https:\/\/www.eggmachinery.com\/wp-content\/uploads\/quail-egg-peeling-machine-3-1.webp\" alt=\"quail egg peeling machine\" width=\"750\" height=\"750\" srcset=\"https:\/\/www.eggmachinery.com\/wp-content\/uploads\/quail-egg-peeling-machine-3-1.webp 750w, https:\/\/www.eggmachinery.com\/wp-content\/uploads\/quail-egg-peeling-machine-3-1-300x300.webp 300w, https:\/\/www.eggmachinery.com\/wp-content\/uploads\/quail-egg-peeling-machine-3-1-150x150.webp 150w, https:\/\/www.eggmachinery.com\/wp-content\/uploads\/quail-egg-peeling-machine-3-1-600x600.webp 600w, https:\/\/www.eggmachinery.com\/wp-content\/uploads\/quail-egg-peeling-machine-3-1-100x100.webp 100w\" sizes=\"(max-width: 750px) 100vw, 750px\" \/><\/p>\n<ol start=\"5\">\n<li><strong> Peladora de huevos de codorniz<\/strong><strong>Par\u00e1metros t\u00e9cnicos<\/strong>:<\/li>\n<\/ol>\n<p>&nbsp;<\/p>\n<p>- HT-HQ1 (50-100kg\/h):<\/p>\n<p>- Dimensiones: 760mm\u00d7410mm\u00d7810mm<\/p>\n<p>- Peso: 52 kg<\/p>\n<p>&nbsp;<\/p>\n<p>- HT-HQ2 (150-300kg\/h):<\/p>\n<p>- Dimensiones: 1200mm\u00d7650mm\u00d7800mm<\/p>\n<p>- Peso: 87 kg<\/p>\n<p><img decoding=\"async\" loading=\"lazy\" class=\"alignnone size-full wp-image-2949\" src=\"https:\/\/www.eggmachinery.com\/wp-content\/uploads\/quail-egg-peeling-machine-4-1.webp\" alt=\"quail egg peeling machine\" width=\"750\" height=\"750\" srcset=\"https:\/\/www.eggmachinery.com\/wp-content\/uploads\/quail-egg-peeling-machine-4-1.webp 750w, https:\/\/www.eggmachinery.com\/wp-content\/uploads\/quail-egg-peeling-machine-4-1-300x300.webp 300w, https:\/\/www.eggmachinery.com\/wp-content\/uploads\/quail-egg-peeling-machine-4-1-150x150.webp 150w, https:\/\/www.eggmachinery.com\/wp-content\/uploads\/quail-egg-peeling-machine-4-1-600x600.webp 600w, https:\/\/www.eggmachinery.com\/wp-content\/uploads\/quail-egg-peeling-machine-4-1-100x100.webp 100w\" sizes=\"(max-width: 750px) 100vw, 750px\" \/><img decoding=\"async\" loading=\"lazy\" class=\"alignnone size-full wp-image-2951\" src=\"https:\/\/www.eggmachinery.com\/wp-content\/uploads\/quail-egg-peeling-machine-6-1.webp\" alt=\"quail egg peeling machine\" width=\"750\" height=\"750\" srcset=\"https:\/\/www.eggmachinery.com\/wp-content\/uploads\/quail-egg-peeling-machine-6-1.webp 750w, https:\/\/www.eggmachinery.com\/wp-content\/uploads\/quail-egg-peeling-machine-6-1-300x300.webp 300w, https:\/\/www.eggmachinery.com\/wp-content\/uploads\/quail-egg-peeling-machine-6-1-150x150.webp 150w, https:\/\/www.eggmachinery.com\/wp-content\/uploads\/quail-egg-peeling-machine-6-1-600x600.webp 600w, https:\/\/www.eggmachinery.com\/wp-content\/uploads\/quail-egg-peeling-machine-6-1-100x100.webp 100w\" sizes=\"(max-width: 750px) 100vw, 750px\" \/><img decoding=\"async\" loading=\"lazy\" class=\"alignnone size-full wp-image-2952\" src=\"https:\/\/www.eggmachinery.com\/wp-content\/uploads\/quail-egg-peeling-machine-7-1.webp\" alt=\"quail egg peeling machine\" width=\"750\" height=\"750\" srcset=\"https:\/\/www.eggmachinery.com\/wp-content\/uploads\/quail-egg-peeling-machine-7-1.webp 750w, https:\/\/www.eggmachinery.com\/wp-content\/uploads\/quail-egg-peeling-machine-7-1-300x300.webp 300w, https:\/\/www.eggmachinery.com\/wp-content\/uploads\/quail-egg-peeling-machine-7-1-150x150.webp 150w, https:\/\/www.eggmachinery.com\/wp-content\/uploads\/quail-egg-peeling-machine-7-1-600x600.webp 600w, https:\/\/www.eggmachinery.com\/wp-content\/uploads\/quail-egg-peeling-machine-7-1-100x100.webp 100w\" sizes=\"(max-width: 750px) 100vw, 750px\" \/><\/p>\n<h2><strong>6. M\u00e1quina peladora de huevos de codorniz<\/strong><strong>\u00a0<\/strong><strong>Paquete:<\/strong><\/h2>\n<p>- La m\u00e1quina se recubre primero con una pel\u00edcula y luego se embala en una caja de madera libre de fumigaci\u00f3n. Con la m\u00e1quina peladora de huevos de codorniz se incluye un kit de herramientas que contiene manguera de goma, bate de goma esponjosa, rodamientos y otras herramientas. El embalaje puede personalizarse seg\u00fan los requisitos del cliente.<\/p>\n<p>&nbsp;<\/p>\n<h2><strong>7. M\u00e1quina peladora de huevos de codorniz<\/strong><strong>\u00a0<\/strong><strong>Garant\u00eda:<\/strong><\/h2>\n<p>- Un a\u00f1o de garant\u00eda. Las aver\u00edas causadas por la propia m\u00e1quina y la calidad ser\u00e1n responsabilidad del fabricante.<\/p>\n<h3><strong>\u00a0<\/strong><\/h3>\n<h3><strong>8. M\u00e1quina peladora de huevos de codorniz<\/strong><strong>\u00a0<\/strong><strong>RFQ (solicitud de presupuesto):<\/strong><\/h3>\n<p>- Se ofrecen varias preguntas y respuestas relacionadas con la importaci\u00f3n, el funcionamiento, la calidad, las formas de pago y las razones para elegir la m\u00e1quina, con el fin de atender las consultas e inquietudes de los clientes.<\/p>","protected":false},"excerpt":{"rendered":"<p>En <a href=\"https:\/\/www.eggmachinery.com\/es\/producto\/quail-egg-peeler-2\/\"><u>peladora de huevos de codorniz<\/u><\/a>\u00a0est\u00e1 dise\u00f1ada espec\u00edficamente para operaciones de pelado de huevos de codorniz a gran escala. Construida con material de acero inoxidable, esta m\u00e1quina garantiza un proceso de pelado estable y limpio. El funcionamiento es totalmente autom\u00e1tico: basta con introducir los huevos de codorniz duros y la m\u00e1quina se encarga del proceso de pelado. Elimina la necesidad de mano de obra.<\/p>","protected":false},"featured_media":2710,"template":"","meta":{"_seopress_robots_primary_cat":"none"},"product_cat":[20],"product_tag":[],"featured_image_urls":{"full":["https:\/\/www.eggmachinery.com\/wp-content\/uploads\/commercial-quail-egg-peeler.webp",800,800,false],"thumbnail":["https:\/\/www.eggmachinery.com\/wp-content\/uploads\/commercial-quail-egg-peeler-150x150.webp",150,150,true],"medium":["https:\/\/www.eggmachinery.com\/wp-content\/uploads\/commercial-quail-egg-peeler-300x300.webp",300,300,true],"medium_large":["https:\/\/www.eggmachinery.com\/wp-content\/uploads\/commercial-quail-egg-peeler-768x768.webp",768,768,true],"large":["https:\/\/www.eggmachinery.com\/wp-content\/uploads\/commercial-quail-egg-peeler.webp",800,800,false],"1536x1536":["https:\/\/www.eggmachinery.com\/wp-content\/uploads\/commercial-quail-egg-peeler.webp",800,800,false],"2048x2048":["https:\/\/www.eggmachinery.com\/wp-content\/uploads\/commercial-quail-egg-peeler.webp",800,800,false],"trp-custom-language-flag":["https:\/\/www.eggmachinery.com\/wp-content\/uploads\/commercial-quail-egg-peeler.webp",12,12,false],"woocommerce_thumbnail":["https:\/\/www.eggmachinery.com\/wp-content\/uploads\/commercial-quail-egg-peeler-300x300.webp",300,300,true],"woocommerce_single":["https:\/\/www.eggmachinery.com\/wp-content\/uploads\/commercial-quail-egg-peeler-600x600.webp",600,600,true],"woocommerce_gallery_thumbnail":["https:\/\/www.eggmachinery.com\/wp-content\/uploads\/commercial-quail-egg-peeler-100x100.webp",100,100,true]},"post_excerpt_stackable":"<p>The <a href=\"https:\/\/www.eggmachinery.com\/product\/quail-egg-peeler-2\/\"><u>quail egg peeling machine<\/u><\/a>\u00a0is specifically designed for large-scale quail egg peeling operations. Constructed with stainless steel material, this machine ensures a stable and clean peeling process. The operation is fully automatic \u2013 simply feed the hard-boiled quail eggs, and the machine takes care of the peeling process. It eliminates the need for manual labor.<\/p>\n","category_list":"","author_info":{"name":"","url":""},"comments_num":"0 comments","_links":{"self":[{"href":"https:\/\/www.eggmachinery.com\/es\/wp-json\/wp\/v2\/product\/2707"}],"collection":[{"href":"https:\/\/www.eggmachinery.com\/es\/wp-json\/wp\/v2\/product"}],"about":[{"href":"https:\/\/www.eggmachinery.com\/es\/wp-json\/wp\/v2\/types\/product"}],"wp:featuredmedia":[{"embeddable":true,"href":"https:\/\/www.eggmachinery.com\/es\/wp-json\/wp\/v2\/media\/2710"}],"wp:attachment":[{"href":"https:\/\/www.eggmachinery.com\/es\/wp-json\/wp\/v2\/media?parent=2707"}],"wp:term":[{"taxonomy":"product_cat","embeddable":true,"href":"https:\/\/www.eggmachinery.com\/es\/wp-json\/wp\/v2\/product_cat?post=2707"},{"taxonomy":"product_tag","embeddable":true,"href":"https:\/\/www.eggmachinery.com\/es\/wp-json\/wp\/v2\/product_tag?post=2707"}],"curies":[{"name":"wp","href":"https:\/\/api.w.org\/{rel}","templated":true}]}}