{"id":2715,"date":"2024-01-13T16:35:12","date_gmt":"2024-01-13T08:35:12","guid":{"rendered":"https:\/\/www.eggmachinery.com\/?post_type=product&#038;p=2715"},"modified":"2026-03-13T10:39:02","modified_gmt":"2026-03-13T02:39:02","slug":"quail-egg-peeler-machine","status":"publish","type":"product","link":"https:\/\/www.eggmachinery.com\/es\/producto\/quail-egg-peeler-machine\/","title":{"rendered":"M\u00e1quina peladora de huevos de codorniz"},"content":{"rendered":"<h2><strong>1. C\u00e1scara de huevo de codorniz<\/strong><strong>er<\/strong><strong>\u00a0M\u00e1quina<\/strong><strong>\u00a0<\/strong><strong>Breve descripci\u00f3n<\/strong><\/h2>\n<p>En<a href=\"https:\/\/www.eggmachinery.com\/es\/producto\/commercial-quail-egg-peeler\/\"><u>\u00a0peladora de huevos de codorniz<\/u><\/a>\u00a0est\u00e1 dise\u00f1ada espec\u00edficamente para pelar huevos de codorniz a gran escala. Construida con material de acero inoxidable, la m\u00e1quina garantiza un proceso de pelado estable y limpio. El funcionamiento es totalmente autom\u00e1tico y no requiere intervenci\u00f3n manual. Basta con introducir los huevos de codorniz duros y los huevos pelados se descargan por la salida.<\/p>\n<p><img decoding=\"async\" loading=\"lazy\" class=\"alignnone size-full wp-image-2980\" src=\"https:\/\/www.eggmachinery.com\/wp-content\/uploads\/egg-machine-3-1.webp\" alt=\"\" width=\"750\" height=\"750\" srcset=\"https:\/\/www.eggmachinery.com\/wp-content\/uploads\/egg-machine-3-1.webp 750w, https:\/\/www.eggmachinery.com\/wp-content\/uploads\/egg-machine-3-1-300x300.webp 300w, https:\/\/www.eggmachinery.com\/wp-content\/uploads\/egg-machine-3-1-150x150.webp 150w, https:\/\/www.eggmachinery.com\/wp-content\/uploads\/egg-machine-3-1-600x600.webp 600w, https:\/\/www.eggmachinery.com\/wp-content\/uploads\/egg-machine-3-1-100x100.webp 100w\" sizes=\"(max-width: 750px) 100vw, 750px\" \/><\/p>\n<h2><strong>2. C\u00e1scara de huevo de codorniz<\/strong><strong>er<\/strong><strong>\u00a0M\u00e1quina<\/strong><strong>\u00a0<\/strong><strong>Caracter\u00edsticas<\/strong><\/h2>\n<ol>\n<li>Pelado eficaz y r\u00e1pido<\/li>\n<\/ol>\n<p>La m\u00e1quina puede pelar c\u00e1scaras de huevos de codorniz de forma r\u00e1pida y limpia, mejorando la eficacia y reduciendo los costes de mano de obra.<\/p>\n<ol start=\"2\">\n<li>Preservaci\u00f3n de la calidad de los \u00f3vulos<\/li>\n<\/ol>\n<p>La peladora de huevos de codorniz garantiza un da\u00f1o m\u00ednimo a la superficie de los huevos de codorniz, con menos de una tasa de rotura de 2%, preservando la nutrici\u00f3n y el sabor de los huevos de codorniz.<\/p>\n<ol start=\"3\">\n<li>Estructura razonable<\/li>\n<\/ol>\n<p>La estructura de la m\u00e1quina est\u00e1 bien dise\u00f1ada, lo que facilita su traslado, limpieza y mantenimiento.<\/p>\n<ol start=\"4\">\n<li>Material higi\u00e9nico<\/li>\n<\/ol>\n<p>Fabricado en acero inoxidable 304, el pelador de huevos de codorniz cumple las normas de higiene alimentaria.<\/p>\n<ol start=\"5\">\n<li>Alta calidad y respeto por el medio ambiente<\/li>\n<\/ol>\n<p>La m\u00e1quina se caracteriza por su alta calidad, ahorro de energ\u00eda, protecci\u00f3n del medio ambiente, larga vida \u00fatil y alto rendimiento.<\/p>\n<ol start=\"6\">\n<li>Equipamiento complementario<\/li>\n<\/ol>\n<p>Equipada con una cascadora de huevos de codorniz, la peladora mejora el efecto de pelado.<\/p>\n<h3><strong> <img decoding=\"async\" loading=\"lazy\" class=\"alignnone size-full wp-image-2890\" src=\"https:\/\/www.eggmachinery.com\/wp-content\/uploads\/Quail-egg-peeling-machine-7.webp\" alt=\"Quail egg peeling machine\" width=\"750\" height=\"750\" srcset=\"https:\/\/www.eggmachinery.com\/wp-content\/uploads\/Quail-egg-peeling-machine-7.webp 750w, https:\/\/www.eggmachinery.com\/wp-content\/uploads\/Quail-egg-peeling-machine-7-300x300.webp 300w, https:\/\/www.eggmachinery.com\/wp-content\/uploads\/Quail-egg-peeling-machine-7-150x150.webp 150w, https:\/\/www.eggmachinery.com\/wp-content\/uploads\/Quail-egg-peeling-machine-7-600x600.webp 600w, https:\/\/www.eggmachinery.com\/wp-content\/uploads\/Quail-egg-peeling-machine-7-100x100.webp 100w\" sizes=\"(max-width: 750px) 100vw, 750px\" \/><img decoding=\"async\" loading=\"lazy\" class=\"alignnone size-full wp-image-2891\" src=\"https:\/\/www.eggmachinery.com\/wp-content\/uploads\/Quail-egg-peeling-machine-8.webp\" alt=\"Quail egg peeling machine\" width=\"750\" height=\"750\" srcset=\"https:\/\/www.eggmachinery.com\/wp-content\/uploads\/Quail-egg-peeling-machine-8.webp 750w, https:\/\/www.eggmachinery.com\/wp-content\/uploads\/Quail-egg-peeling-machine-8-300x300.webp 300w, https:\/\/www.eggmachinery.com\/wp-content\/uploads\/Quail-egg-peeling-machine-8-150x150.webp 150w, https:\/\/www.eggmachinery.com\/wp-content\/uploads\/Quail-egg-peeling-machine-8-600x600.webp 600w, https:\/\/www.eggmachinery.com\/wp-content\/uploads\/Quail-egg-peeling-machine-8-100x100.webp 100w\" sizes=\"(max-width: 750px) 100vw, 750px\" \/><img decoding=\"async\" loading=\"lazy\" class=\"alignnone size-full wp-image-2884\" src=\"https:\/\/www.eggmachinery.com\/wp-content\/uploads\/Quail-egg-peeling-machine-1.webp\" alt=\"Quail egg peeling machine\" width=\"750\" height=\"750\" srcset=\"https:\/\/www.eggmachinery.com\/wp-content\/uploads\/Quail-egg-peeling-machine-1.webp 750w, https:\/\/www.eggmachinery.com\/wp-content\/uploads\/Quail-egg-peeling-machine-1-300x300.webp 300w, https:\/\/www.eggmachinery.com\/wp-content\/uploads\/Quail-egg-peeling-machine-1-150x150.webp 150w, https:\/\/www.eggmachinery.com\/wp-content\/uploads\/Quail-egg-peeling-machine-1-600x600.webp 600w, https:\/\/www.eggmachinery.com\/wp-content\/uploads\/Quail-egg-peeling-machine-1-100x100.webp 100w\" sizes=\"(max-width: 750px) 100vw, 750px\" \/><\/strong><\/h3>\n<h3><strong>3.C\u00e1scara de huevo de codorniz<\/strong><strong>er<\/strong><strong>\u00a0Aplicaci\u00f3n de la m\u00e1quina<\/strong><\/h3>\n<p>La m\u00e1quina es adecuada para su uso en salchichas especiadas <a href=\"https:\/\/www.eggmachinery.com\/es\/producto\/quail-egg-processing-line\/\"><u>transformaci\u00f3n de huevos de codorniz y huevos de codorniz cocidos<\/u><\/a>\u00a0as\u00ed como otras aplicaciones de aperitivos con huevos de codorniz.<\/p>\n<p><img decoding=\"async\" loading=\"lazy\" class=\"alignnone size-full wp-image-2885\" src=\"https:\/\/www.eggmachinery.com\/wp-content\/uploads\/Quail-egg-peeling-machine-2.webp\" alt=\"Quail egg peeling machine\" width=\"750\" height=\"750\" srcset=\"https:\/\/www.eggmachinery.com\/wp-content\/uploads\/Quail-egg-peeling-machine-2.webp 750w, https:\/\/www.eggmachinery.com\/wp-content\/uploads\/Quail-egg-peeling-machine-2-300x300.webp 300w, https:\/\/www.eggmachinery.com\/wp-content\/uploads\/Quail-egg-peeling-machine-2-150x150.webp 150w, https:\/\/www.eggmachinery.com\/wp-content\/uploads\/Quail-egg-peeling-machine-2-600x600.webp 600w, https:\/\/www.eggmachinery.com\/wp-content\/uploads\/Quail-egg-peeling-machine-2-100x100.webp 100w\" sizes=\"(max-width: 750px) 100vw, 750px\" \/><img decoding=\"async\" loading=\"lazy\" class=\"alignnone size-full wp-image-2886\" src=\"https:\/\/www.eggmachinery.com\/wp-content\/uploads\/Quail-egg-peeling-machine-3.webp\" alt=\"Quail egg peeling machine\" width=\"750\" height=\"750\" srcset=\"https:\/\/www.eggmachinery.com\/wp-content\/uploads\/Quail-egg-peeling-machine-3.webp 750w, https:\/\/www.eggmachinery.com\/wp-content\/uploads\/Quail-egg-peeling-machine-3-300x300.webp 300w, https:\/\/www.eggmachinery.com\/wp-content\/uploads\/Quail-egg-peeling-machine-3-150x150.webp 150w, https:\/\/www.eggmachinery.com\/wp-content\/uploads\/Quail-egg-peeling-machine-3-600x600.webp 600w, https:\/\/www.eggmachinery.com\/wp-content\/uploads\/Quail-egg-peeling-machine-3-100x100.webp 100w\" sizes=\"(max-width: 750px) 100vw, 750px\" \/><\/p>\n<h3><strong>4. C\u00e1scara de huevo de codorniz<\/strong><strong>er<\/strong><strong>\u00a0M\u00e1quina<\/strong><strong>\u00a0<\/strong><strong>Principio de funcionamiento<\/strong><\/h3>\n<p>La peladora de huevos de codorniz funciona accionando el engranaje mediante la rotaci\u00f3n del motor. El engranaje, a su vez, mueve la almohadilla de esponja hacia arriba y hacia abajo, y la manguera gira, generando fricci\u00f3n para arrancar la c\u00e1scara del huevo de codorniz de la superficie, logrando el efecto de pelado.<\/p>\n<p><img decoding=\"async\" loading=\"lazy\" class=\"alignnone size-full wp-image-2889\" src=\"https:\/\/www.eggmachinery.com\/wp-content\/uploads\/Quail-egg-peeling-machine-6.webp\" alt=\"Quail egg peeling machine\" width=\"750\" height=\"750\" srcset=\"https:\/\/www.eggmachinery.com\/wp-content\/uploads\/Quail-egg-peeling-machine-6.webp 750w, https:\/\/www.eggmachinery.com\/wp-content\/uploads\/Quail-egg-peeling-machine-6-300x300.webp 300w, https:\/\/www.eggmachinery.com\/wp-content\/uploads\/Quail-egg-peeling-machine-6-150x150.webp 150w, https:\/\/www.eggmachinery.com\/wp-content\/uploads\/Quail-egg-peeling-machine-6-600x600.webp 600w, https:\/\/www.eggmachinery.com\/wp-content\/uploads\/Quail-egg-peeling-machine-6-100x100.webp 100w\" sizes=\"(max-width: 750px) 100vw, 750px\" \/><\/p>\n<h3><strong>5. C\u00e1scara de huevo de codorniz<\/strong><strong>er<\/strong><strong>\u00a0M\u00e1quina<\/strong><strong>\u00a0<\/strong><strong>Par\u00e1metros t\u00e9cnicos<\/strong><\/h3>\n<p>DA-HQ1: 50-100kg\/h (about 4,000 pieces)<\/p>\n<p>Dimensiones: 760mm\u00d7410mm\u00d7810mm<\/p>\n<p>Peso: 52 kg<\/p>\n<p>DA-HQ2: 150-300kg\/h (about 30,000 pieces)<\/p>\n<p>Dimensiones: 1200mm\u00d7650mm\u00d7800mm<\/p>\n<p>Peso: 87 kg<\/p>\n<p><img decoding=\"async\" loading=\"lazy\" class=\"alignnone size-full wp-image-2950\" src=\"https:\/\/www.eggmachinery.com\/wp-content\/uploads\/quail-egg-peeling-machine-5-1.webp\" alt=\"quail egg peeling machine\" width=\"750\" height=\"750\" srcset=\"https:\/\/www.eggmachinery.com\/wp-content\/uploads\/quail-egg-peeling-machine-5-1.webp 750w, https:\/\/www.eggmachinery.com\/wp-content\/uploads\/quail-egg-peeling-machine-5-1-300x300.webp 300w, https:\/\/www.eggmachinery.com\/wp-content\/uploads\/quail-egg-peeling-machine-5-1-150x150.webp 150w, https:\/\/www.eggmachinery.com\/wp-content\/uploads\/quail-egg-peeling-machine-5-1-600x600.webp 600w, https:\/\/www.eggmachinery.com\/wp-content\/uploads\/quail-egg-peeling-machine-5-1-100x100.webp 100w\" sizes=\"(max-width: 750px) 100vw, 750px\" \/><\/p>\n<h2><strong>6. C\u00e1scara de huevo de codorniz<\/strong><strong>er<\/strong><strong>\u00a0M\u00e1quina<\/strong><strong>\u00a0<\/strong><strong>Paquete<\/strong><\/h2>\n<p>La m\u00e1quina se recubre con una pel\u00edcula y se embala en una caja de madera libre de fumigaci\u00f3n. Con la m\u00e1quina peladora de huevos de codorniz se suministra un juego de herramientas que incluye manguera de goma, bate de goma esponjosa, cojinetes y otras herramientas. Embalaje personalizado est\u00e1 disponible bajo petici\u00f3n.<\/p>\n<p><img decoding=\"async\" loading=\"lazy\" class=\"alignnone size-full wp-image-2880\" src=\"https:\/\/www.eggmachinery.com\/wp-content\/uploads\/about-us-3.webp\" alt=\"Quail egg peeling machine\" width=\"750\" height=\"750\" srcset=\"https:\/\/www.eggmachinery.com\/wp-content\/uploads\/about-us-3.webp 750w, https:\/\/www.eggmachinery.com\/wp-content\/uploads\/about-us-3-300x300.webp 300w, https:\/\/www.eggmachinery.com\/wp-content\/uploads\/about-us-3-150x150.webp 150w, https:\/\/www.eggmachinery.com\/wp-content\/uploads\/about-us-3-600x600.webp 600w, https:\/\/www.eggmachinery.com\/wp-content\/uploads\/about-us-3-100x100.webp 100w\" sizes=\"(max-width: 750px) 100vw, 750px\" \/><\/p>\n<h2><strong>7. C\u00e1scara de huevo de codorniz<\/strong><strong>er<\/strong><strong>\u00a0M\u00e1quina<\/strong><strong>\u00a0<\/strong><strong>Garant\u00eda<\/strong><\/h2>\n<p>Se ofrece un a\u00f1o de garant\u00eda. Las aver\u00edas causadas por la propia m\u00e1quina y la calidad ser\u00e1n responsabilidad del fabricante.<\/p>\n<p><img decoding=\"async\" loading=\"lazy\" class=\"alignnone size-full wp-image-2981\" src=\"https:\/\/www.eggmachinery.com\/wp-content\/uploads\/egg-machine-4.webp\" alt=\"egg machine\" width=\"750\" height=\"750\" srcset=\"https:\/\/www.eggmachinery.com\/wp-content\/uploads\/egg-machine-4.webp 750w, https:\/\/www.eggmachinery.com\/wp-content\/uploads\/egg-machine-4-300x300.webp 300w, https:\/\/www.eggmachinery.com\/wp-content\/uploads\/egg-machine-4-150x150.webp 150w, https:\/\/www.eggmachinery.com\/wp-content\/uploads\/egg-machine-4-600x600.webp 600w, https:\/\/www.eggmachinery.com\/wp-content\/uploads\/egg-machine-4-100x100.webp 100w\" sizes=\"(max-width: 750px) 100vw, 750px\" \/><img decoding=\"async\" loading=\"lazy\" class=\"alignnone size-full wp-image-2978\" src=\"https:\/\/www.eggmachinery.com\/wp-content\/uploads\/egg-machine-1-1.webp\" alt=\"egg machine\" width=\"750\" height=\"750\" srcset=\"https:\/\/www.eggmachinery.com\/wp-content\/uploads\/egg-machine-1-1.webp 750w, https:\/\/www.eggmachinery.com\/wp-content\/uploads\/egg-machine-1-1-300x300.webp 300w, https:\/\/www.eggmachinery.com\/wp-content\/uploads\/egg-machine-1-1-150x150.webp 150w, https:\/\/www.eggmachinery.com\/wp-content\/uploads\/egg-machine-1-1-600x600.webp 600w, https:\/\/www.eggmachinery.com\/wp-content\/uploads\/egg-machine-1-1-100x100.webp 100w\" sizes=\"(max-width: 750px) 100vw, 750px\" \/><\/p>\n<h2><strong>8.C\u00e1scara de huevo de codorniz<\/strong><strong>er<\/strong><strong>\u00a0M\u00e1quina RFQ (solicitud de oferta)<\/strong><\/h2>\n<p>Se abordan cuestiones relacionadas con la importaci\u00f3n, el funcionamiento de la m\u00e1quina, la calidad, los m\u00e9todos de pago y las razones para elegir al proveedor, haciendo hincapi\u00e9 en la buena calidad, los precios competitivos y la profesionalidad de los servicios de venta y posventa.<\/p>","protected":false},"excerpt":{"rendered":"<p>La peladora de huevos de codorniz es una soluci\u00f3n fiable y eficaz para pelar huevos de codorniz a gran escala. Gracias a su construcci\u00f3n en acero inoxidable, su funcionamiento autom\u00e1tico y su f\u00e1cil mantenimiento, garantiza un proceso de pelado estable y limpio. La m\u00e1quina tambi\u00e9n preserva la calidad y el sabor de los huevos de codorniz al tiempo que reduce los costes de mano de obra. Adem\u00e1s, est\u00e1 fabricada con material higi\u00e9nico e incluye equipos complementarios para mejorar el pelado. Adecuada para diversas industrias y aplicaciones de aperitivos, esta m\u00e1quina es un activo valioso.<\/p>\n<p>&nbsp;<\/p>","protected":false},"featured_media":2718,"template":"","meta":{"_seopress_robots_primary_cat":"none"},"product_cat":[20],"product_tag":[],"featured_image_urls":{"full":["https:\/\/www.eggmachinery.com\/wp-content\/uploads\/quail-egg-peeler-machine.webp",800,800,false],"thumbnail":["https:\/\/www.eggmachinery.com\/wp-content\/uploads\/quail-egg-peeler-machine-150x150.webp",150,150,true],"medium":["https:\/\/www.eggmachinery.com\/wp-content\/uploads\/quail-egg-peeler-machine-300x300.webp",300,300,true],"medium_large":["https:\/\/www.eggmachinery.com\/wp-content\/uploads\/quail-egg-peeler-machine-768x768.webp",768,768,true],"large":["https:\/\/www.eggmachinery.com\/wp-content\/uploads\/quail-egg-peeler-machine.webp",800,800,false],"1536x1536":["https:\/\/www.eggmachinery.com\/wp-content\/uploads\/quail-egg-peeler-machine.webp",800,800,false],"2048x2048":["https:\/\/www.eggmachinery.com\/wp-content\/uploads\/quail-egg-peeler-machine.webp",800,800,false],"trp-custom-language-flag":["https:\/\/www.eggmachinery.com\/wp-content\/uploads\/quail-egg-peeler-machine.webp",12,12,false],"woocommerce_thumbnail":["https:\/\/www.eggmachinery.com\/wp-content\/uploads\/quail-egg-peeler-machine-300x300.webp",300,300,true],"woocommerce_single":["https:\/\/www.eggmachinery.com\/wp-content\/uploads\/quail-egg-peeler-machine-600x600.webp",600,600,true],"woocommerce_gallery_thumbnail":["https:\/\/www.eggmachinery.com\/wp-content\/uploads\/quail-egg-peeler-machine-100x100.webp",100,100,true]},"post_excerpt_stackable":"<p>The quail egg peeler machine is a reliable and efficient solution for large-scale peeling of quail eggs. With its stainless steel construction, automatic operation, and easy maintenance, it ensures a stable and clean peeling process. The machine also preserves the quality and taste of quail eggs while reducing labor costs. Additionally, it is made of hygienic material and comes with complementary equipment for enhanced peeling. Suitable for various industries and snack food applications, this machine is a valuable asset.<\/p>\n<p>&nbsp;<\/p>\n","category_list":"","author_info":{"name":"","url":""},"comments_num":"0 comments","_links":{"self":[{"href":"https:\/\/www.eggmachinery.com\/es\/wp-json\/wp\/v2\/product\/2715"}],"collection":[{"href":"https:\/\/www.eggmachinery.com\/es\/wp-json\/wp\/v2\/product"}],"about":[{"href":"https:\/\/www.eggmachinery.com\/es\/wp-json\/wp\/v2\/types\/product"}],"wp:featuredmedia":[{"embeddable":true,"href":"https:\/\/www.eggmachinery.com\/es\/wp-json\/wp\/v2\/media\/2718"}],"wp:attachment":[{"href":"https:\/\/www.eggmachinery.com\/es\/wp-json\/wp\/v2\/media?parent=2715"}],"wp:term":[{"taxonomy":"product_cat","embeddable":true,"href":"https:\/\/www.eggmachinery.com\/es\/wp-json\/wp\/v2\/product_cat?post=2715"},{"taxonomy":"product_tag","embeddable":true,"href":"https:\/\/www.eggmachinery.com\/es\/wp-json\/wp\/v2\/product_tag?post=2715"}],"curies":[{"name":"wp","href":"https:\/\/api.w.org\/{rel}","templated":true}]}}