{"id":2732,"date":"2024-01-15T16:15:39","date_gmt":"2024-01-15T08:15:39","guid":{"rendered":"https:\/\/www.eggmachinery.com\/?post_type=product&#038;p=2732"},"modified":"2024-01-24T14:47:57","modified_gmt":"2024-01-24T06:47:57","slug":"egg-breaker-yolk-separator-machine","status":"publish","type":"product","link":"https:\/\/www.eggmachinery.com\/es\/producto\/egg-breaker-yolk-separator-machine\/","title":{"rendered":"M\u00e1quina cascadora y separadora de yemas"},"content":{"rendered":"<h2><strong>Nombre del producto: M\u00e1quina autom\u00e1tica para cascar huevos y separar yemas<\/strong><\/h2>\n<h2><strong> <img decoding=\"async\" loading=\"lazy\" class=\"alignnone size-full wp-image-2971\" src=\"https:\/\/www.eggmachinery.com\/wp-content\/uploads\/automatic-egg-breaker-2-1.webp\" alt=\"automatic egg breaker\" width=\"750\" height=\"750\" srcset=\"https:\/\/www.eggmachinery.com\/wp-content\/uploads\/automatic-egg-breaker-2-1.webp 750w, https:\/\/www.eggmachinery.com\/wp-content\/uploads\/automatic-egg-breaker-2-1-300x300.webp 300w, https:\/\/www.eggmachinery.com\/wp-content\/uploads\/automatic-egg-breaker-2-1-150x150.webp 150w, https:\/\/www.eggmachinery.com\/wp-content\/uploads\/automatic-egg-breaker-2-1-600x600.webp 600w, https:\/\/www.eggmachinery.com\/wp-content\/uploads\/automatic-egg-breaker-2-1-100x100.webp 100w\" sizes=\"(max-width: 750px) 100vw, 750px\" \/><\/strong><\/h2>\n<h2><strong>E<\/strong><strong>gg <\/strong><strong>B<\/strong><strong>reaker &amp; <\/strong><strong>Y<\/strong><strong>olk <\/strong><strong>S<\/strong><strong>eparador <\/strong><strong>M<\/strong><strong>achine<\/strong><strong>\u00a0<\/strong><strong>\u00c1mbito de uso: Panader\u00edas, f\u00e1bricas de pasteles, pasteles de huevo y otras empresas de producci\u00f3n<\/strong><\/h2>\n<p>&nbsp;<\/p>\n<h2><strong>E<\/strong><strong>gg <\/strong><strong>B<\/strong><strong>reaker &amp; <\/strong><strong>Y<\/strong><strong>olk <\/strong><strong>S<\/strong><strong>eparador <\/strong><strong>M<\/strong><strong>achine<\/strong><strong>\u00a0<\/strong><strong>Especificaciones:<\/strong><\/h2>\n<p>- Tensi\u00f3n: 220V<\/p>\n<p>- Potencia: 500 W<\/p>\n<p>- Capacidad: 6000pcs\/h<\/p>\n<p>- Material de la m\u00e1quina: Acero inoxidable<\/p>\n<p>- Tama\u00f1o de la m\u00e1quina: 1700*1100*1100mm<\/p>\n<p>- Peso de la m\u00e1quina: 200 kg<\/p>\n<p><img decoding=\"async\" loading=\"lazy\" class=\"alignnone size-full wp-image-2972\" src=\"https:\/\/www.eggmachinery.com\/wp-content\/uploads\/automatic-egg-breaker-3-1.webp\" alt=\"automatic egg breaker\" width=\"750\" height=\"750\" srcset=\"https:\/\/www.eggmachinery.com\/wp-content\/uploads\/automatic-egg-breaker-3-1.webp 750w, https:\/\/www.eggmachinery.com\/wp-content\/uploads\/automatic-egg-breaker-3-1-300x300.webp 300w, https:\/\/www.eggmachinery.com\/wp-content\/uploads\/automatic-egg-breaker-3-1-150x150.webp 150w, https:\/\/www.eggmachinery.com\/wp-content\/uploads\/automatic-egg-breaker-3-1-600x600.webp 600w, https:\/\/www.eggmachinery.com\/wp-content\/uploads\/automatic-egg-breaker-3-1-100x100.webp 100w\" sizes=\"(max-width: 750px) 100vw, 750px\" \/><img decoding=\"async\" loading=\"lazy\" class=\"alignnone size-full wp-image-2973\" src=\"https:\/\/www.eggmachinery.com\/wp-content\/uploads\/automatic-egg-breaker-4-1.webp\" alt=\"automatic egg breaker\" width=\"750\" height=\"750\" srcset=\"https:\/\/www.eggmachinery.com\/wp-content\/uploads\/automatic-egg-breaker-4-1.webp 750w, https:\/\/www.eggmachinery.com\/wp-content\/uploads\/automatic-egg-breaker-4-1-300x300.webp 300w, https:\/\/www.eggmachinery.com\/wp-content\/uploads\/automatic-egg-breaker-4-1-150x150.webp 150w, https:\/\/www.eggmachinery.com\/wp-content\/uploads\/automatic-egg-breaker-4-1-600x600.webp 600w, https:\/\/www.eggmachinery.com\/wp-content\/uploads\/automatic-egg-breaker-4-1-100x100.webp 100w\" sizes=\"(max-width: 750px) 100vw, 750px\" \/><img decoding=\"async\" loading=\"lazy\" class=\"alignnone size-full wp-image-2974\" src=\"https:\/\/www.eggmachinery.com\/wp-content\/uploads\/automatic-egg-breaker-5-1.webp\" alt=\"automatic egg breaker\" width=\"750\" height=\"750\" srcset=\"https:\/\/www.eggmachinery.com\/wp-content\/uploads\/automatic-egg-breaker-5-1.webp 750w, https:\/\/www.eggmachinery.com\/wp-content\/uploads\/automatic-egg-breaker-5-1-300x300.webp 300w, https:\/\/www.eggmachinery.com\/wp-content\/uploads\/automatic-egg-breaker-5-1-150x150.webp 150w, https:\/\/www.eggmachinery.com\/wp-content\/uploads\/automatic-egg-breaker-5-1-600x600.webp 600w, https:\/\/www.eggmachinery.com\/wp-content\/uploads\/automatic-egg-breaker-5-1-100x100.webp 100w\" sizes=\"(max-width: 750px) 100vw, 750px\" \/><img decoding=\"async\" loading=\"lazy\" class=\"alignnone size-full wp-image-2970\" src=\"https:\/\/www.eggmachinery.com\/wp-content\/uploads\/automatic-egg-breaker-1-1.webp\" alt=\"automatic egg breaker \" width=\"750\" height=\"750\" srcset=\"https:\/\/www.eggmachinery.com\/wp-content\/uploads\/automatic-egg-breaker-1-1.webp 750w, https:\/\/www.eggmachinery.com\/wp-content\/uploads\/automatic-egg-breaker-1-1-300x300.webp 300w, https:\/\/www.eggmachinery.com\/wp-content\/uploads\/automatic-egg-breaker-1-1-150x150.webp 150w, https:\/\/www.eggmachinery.com\/wp-content\/uploads\/automatic-egg-breaker-1-1-600x600.webp 600w, https:\/\/www.eggmachinery.com\/wp-content\/uploads\/automatic-egg-breaker-1-1-100x100.webp 100w\" sizes=\"(max-width: 750px) 100vw, 750px\" \/><\/p>\n<h3><a href=\"https:\/\/www.eggmachinery.com\/es\/producto\/simple-style-egg-breaking-machine\/\"><u>E<\/u><u>gg <\/u><u>B<\/u><u>reaker &amp; <\/u><u>Y<\/u><u>olk <\/u><u>S<\/u><u>eparador <\/u><u>M<\/u><u>achine<\/u><u>\u00a0<\/u><\/a><strong>Caracter\u00edsticas:<\/strong><\/h3>\n<ol>\n<li>Producci\u00f3n de huevo l\u00edquido: La m\u00e1quina est\u00e1 dise\u00f1ada para producir huevo l\u00edquido fresco. Se abre la c\u00e1scara del huevo y la clara y la yema fluyen hacia el dep\u00f3sito de huevo l\u00edquido.<\/li>\n<\/ol>\n<p>&nbsp;<\/p>\n<ol start=\"2\">\n<li>Rompehuevos ajustable: La altura del rompehuevos especial puede ajustarse en funci\u00f3n del tama\u00f1o del huevo para garantizar que el huevo se 100% abra. Esta caracter\u00edstica permite que la m\u00e1quina se adapte a una gran variedad de especificaciones de huevos.<\/li>\n<\/ol>\n<p>&nbsp;<\/p>\n<ol start=\"3\">\n<li>Control de pantalla t\u00e1ctil: El equipo est\u00e1 equipado con un panel de control de pantalla t\u00e1ctil, que muestra informaci\u00f3n como el n\u00famero y la velocidad de los huevos. Esto hace que la operaci\u00f3n sea m\u00e1s conveniente y f\u00e1cil de usar.<\/li>\n<\/ol>\n<p>&nbsp;<\/p>\n<ol start=\"4\">\n<li>Funci\u00f3n de rotura continua de c\u00e1scaras de huevo: La m\u00e1quina imita el cascado manual de huevos para romper continuamente las c\u00e1scaras de huevo. Este proceso garantiza un alto grado de higiene, ya que el huevo l\u00edquido no entra en contacto con ninguna parte del huevo roto.<\/li>\n<\/ol>\n<p>&nbsp;<\/p>\n<ol start=\"5\">\n<li>Separaci\u00f3n continua de clara y yema: La m\u00e1quina emplea un m\u00e9todo de separaci\u00f3n de huecos para la separaci\u00f3n continua de claras y yemas. A continuaci\u00f3n, los componentes separados se dirigen a sus respectivos contenedores. La m\u00e1quina de separaci\u00f3n de clara y yema puede instalarse en funci\u00f3n de las necesidades del usuario.<\/li>\n<\/ol>\n<p>&nbsp;<\/p>\n<p>En general, este<a href=\"https:\/\/www.eggmachinery.com\/es\/producto\/egg-cracker-machine\/\"><u>\u00a0cascadora de huevos y separadora de yemas<\/u><\/a>\u00a0es ideal para su uso en panader\u00edas, f\u00e1bricas de pasteles, pasteler\u00edas de huevos y otras empresas de producci\u00f3n. No s\u00f3lo facilita la producci\u00f3n de huevo l\u00edquido fresco, sino que tambi\u00e9n garantiza la higiene y la eficacia en el proceso de cascado y separaci\u00f3n de huevos. El control mediante pantalla t\u00e1ctil facilita a\u00fan m\u00e1s su manejo, lo que la convierte en un valioso activo en las instalaciones de producci\u00f3n de alimentos.<\/p>\n<p><img decoding=\"async\" loading=\"lazy\" class=\"alignnone size-full wp-image-2981\" src=\"https:\/\/www.eggmachinery.com\/wp-content\/uploads\/egg-machine-4.webp\" alt=\"egg machine\" width=\"750\" height=\"750\" srcset=\"https:\/\/www.eggmachinery.com\/wp-content\/uploads\/egg-machine-4.webp 750w, https:\/\/www.eggmachinery.com\/wp-content\/uploads\/egg-machine-4-300x300.webp 300w, https:\/\/www.eggmachinery.com\/wp-content\/uploads\/egg-machine-4-150x150.webp 150w, https:\/\/www.eggmachinery.com\/wp-content\/uploads\/egg-machine-4-600x600.webp 600w, https:\/\/www.eggmachinery.com\/wp-content\/uploads\/egg-machine-4-100x100.webp 100w\" sizes=\"(max-width: 750px) 100vw, 750px\" \/><img decoding=\"async\" loading=\"lazy\" class=\"alignnone size-full wp-image-2978\" src=\"https:\/\/www.eggmachinery.com\/wp-content\/uploads\/egg-machine-1-1.webp\" alt=\"egg machine\" width=\"750\" height=\"750\" srcset=\"https:\/\/www.eggmachinery.com\/wp-content\/uploads\/egg-machine-1-1.webp 750w, https:\/\/www.eggmachinery.com\/wp-content\/uploads\/egg-machine-1-1-300x300.webp 300w, https:\/\/www.eggmachinery.com\/wp-content\/uploads\/egg-machine-1-1-150x150.webp 150w, https:\/\/www.eggmachinery.com\/wp-content\/uploads\/egg-machine-1-1-600x600.webp 600w, https:\/\/www.eggmachinery.com\/wp-content\/uploads\/egg-machine-1-1-100x100.webp 100w\" sizes=\"(max-width: 750px) 100vw, 750px\" \/><\/p>","protected":false},"excerpt":{"rendered":"<p>Aumente la eficacia y la higiene en la producci\u00f3n de huevos con nuestra cascadora y separadora de yemas autom\u00e1tica. Dise\u00f1ada para panader\u00edas, f\u00e1bricas de pasteles y producci\u00f3n de pasteles de huevo, esta m\u00e1quina de acero inoxidable cuenta con cascadora de huevos ajustable, control de pantalla t\u00e1ctil y separaci\u00f3n continua de clara y yema. Experimente la comodidad y la calidad con nuestros equipos de \u00faltima generaci\u00f3n.<\/p>","protected":false},"featured_media":2735,"template":"","meta":{"_seopress_robots_primary_cat":"none"},"product_cat":[18],"product_tag":[],"featured_image_urls":{"full":["https:\/\/www.eggmachinery.com\/wp-content\/uploads\/egg-breaker-yolk-separator-machine.webp",800,800,false],"thumbnail":["https:\/\/www.eggmachinery.com\/wp-content\/uploads\/egg-breaker-yolk-separator-machine-150x150.webp",150,150,true],"medium":["https:\/\/www.eggmachinery.com\/wp-content\/uploads\/egg-breaker-yolk-separator-machine-300x300.webp",300,300,true],"medium_large":["https:\/\/www.eggmachinery.com\/wp-content\/uploads\/egg-breaker-yolk-separator-machine-768x768.webp",768,768,true],"large":["https:\/\/www.eggmachinery.com\/wp-content\/uploads\/egg-breaker-yolk-separator-machine.webp",800,800,false],"1536x1536":["https:\/\/www.eggmachinery.com\/wp-content\/uploads\/egg-breaker-yolk-separator-machine.webp",800,800,false],"2048x2048":["https:\/\/www.eggmachinery.com\/wp-content\/uploads\/egg-breaker-yolk-separator-machine.webp",800,800,false],"trp-custom-language-flag":["https:\/\/www.eggmachinery.com\/wp-content\/uploads\/egg-breaker-yolk-separator-machine.webp",12,12,false],"woocommerce_thumbnail":["https:\/\/www.eggmachinery.com\/wp-content\/uploads\/egg-breaker-yolk-separator-machine-300x300.webp",300,300,true],"woocommerce_single":["https:\/\/www.eggmachinery.com\/wp-content\/uploads\/egg-breaker-yolk-separator-machine-600x600.webp",600,600,true],"woocommerce_gallery_thumbnail":["https:\/\/www.eggmachinery.com\/wp-content\/uploads\/egg-breaker-yolk-separator-machine-100x100.webp",100,100,true]},"post_excerpt_stackable":"<p>Increase efficiency and hygiene in egg production with our Automatic Egg Cracking Machine &amp; Yolk Separator. Designed for bakery, cake factory, and egg pastry production, this stainless steel machine features adjustable egg breaker, touch screen control, and continuous separation of egg white and yolk. Experience convenience and quality with our state-of-the-art equipment.<\/p>\n","category_list":"","author_info":{"name":"","url":""},"comments_num":"0 comments","_links":{"self":[{"href":"https:\/\/www.eggmachinery.com\/es\/wp-json\/wp\/v2\/product\/2732"}],"collection":[{"href":"https:\/\/www.eggmachinery.com\/es\/wp-json\/wp\/v2\/product"}],"about":[{"href":"https:\/\/www.eggmachinery.com\/es\/wp-json\/wp\/v2\/types\/product"}],"wp:featuredmedia":[{"embeddable":true,"href":"https:\/\/www.eggmachinery.com\/es\/wp-json\/wp\/v2\/media\/2735"}],"wp:attachment":[{"href":"https:\/\/www.eggmachinery.com\/es\/wp-json\/wp\/v2\/media?parent=2732"}],"wp:term":[{"taxonomy":"product_cat","embeddable":true,"href":"https:\/\/www.eggmachinery.com\/es\/wp-json\/wp\/v2\/product_cat?post=2732"},{"taxonomy":"product_tag","embeddable":true,"href":"https:\/\/www.eggmachinery.com\/es\/wp-json\/wp\/v2\/product_tag?post=2732"}],"curies":[{"name":"wp","href":"https:\/\/api.w.org\/{rel}","templated":true}]}}