{"id":2742,"date":"2024-01-15T16:43:48","date_gmt":"2024-01-15T08:43:48","guid":{"rendered":"https:\/\/www.eggmachinery.com\/?post_type=product&#038;p=2742"},"modified":"2024-01-24T14:52:03","modified_gmt":"2024-01-24T06:52:03","slug":"egg-breaker-and-yolk-separator-machine","status":"publish","type":"product","link":"https:\/\/www.eggmachinery.com\/es\/producto\/egg-breaker-and-yolk-separator-machine\/","title":{"rendered":"M\u00e1quina cascadora y separadora de yemas de huevo"},"content":{"rendered":"<p>En<a href=\"https:\/\/www.eggmachinery.com\/es\/producto\/egg-breaker-yolk-separator-machine\/\"><u>\u00a0Automatic Egg Cracking Machine and Yolk Separator <\/u><\/a>es un equipo especializado dise\u00f1ado para la producci\u00f3n eficaz de huevo l\u00edquido fresco en diversos entornos de producci\u00f3n, como panader\u00edas, f\u00e1bricas de pasteles y pasteler\u00edas de huevo. A continuaci\u00f3n, le ofrecemos un resumen completo de sus especificaciones y caracter\u00edsticas:<\/p>\n<p>&nbsp;<\/p>\n<table style=\"height: 420px;\" width=\"880\">\n<tbody>\n<tr>\n<td><strong><b>Modelo<\/b><\/strong><\/td>\n<td><strong><b>H<\/b><\/strong><strong><b>T<\/b><\/strong><strong><b>-S1<\/b><\/strong><strong><b>\u00a0<\/b><\/strong><\/td>\n<\/tr>\n<tr>\n<td>Capacidad<\/td>\n<td>2700-3200pcs\/h<\/td>\n<\/tr>\n<tr>\n<td>Tensi\u00f3n<\/td>\n<td>220V<\/td>\n<\/tr>\n<tr>\n<td>Potencia<\/td>\n<td>0,3 kW<\/td>\n<\/tr>\n<tr>\n<td>Peso<\/td>\n<td>115kg<\/td>\n<\/tr>\n<tr>\n<td>Talla<\/td>\n<td>1750*1150*850mm<\/td>\n<\/tr>\n<\/tbody>\n<\/table>\n<p>&nbsp;<\/p>\n<p><img decoding=\"async\" loading=\"lazy\" class=\"alignnone size-full wp-image-2933\" src=\"https:\/\/www.eggmachinery.com\/wp-content\/uploads\/automatic-egg-breaker-2.webp\" alt=\"automatic egg breaker\" width=\"750\" height=\"750\" srcset=\"https:\/\/www.eggmachinery.com\/wp-content\/uploads\/automatic-egg-breaker-2.webp 750w, https:\/\/www.eggmachinery.com\/wp-content\/uploads\/automatic-egg-breaker-2-300x300.webp 300w, https:\/\/www.eggmachinery.com\/wp-content\/uploads\/automatic-egg-breaker-2-150x150.webp 150w, https:\/\/www.eggmachinery.com\/wp-content\/uploads\/automatic-egg-breaker-2-600x600.webp 600w, https:\/\/www.eggmachinery.com\/wp-content\/uploads\/automatic-egg-breaker-2-100x100.webp 100w\" sizes=\"(max-width: 750px) 100vw, 750px\" \/><\/p>\n<h2><strong>Egg Breaker and Yolk Separator Machine Use Range: Bakery, cake factory, egg pastry, and other production enterprises<\/strong><\/h2>\n<p>&nbsp;<\/p>\n<h2><strong>Egg Breaker and Yolk Separator Machine Features:<\/strong><\/h2>\n<p>&nbsp;<\/p>\n<ol>\n<li>Producci\u00f3n de huevo l\u00edquido:<\/li>\n<\/ol>\n<p>La m\u00e1quina est\u00e1 especialmente dise\u00f1ada para la producci\u00f3n de huevo l\u00edquido fresco.<\/p>\n<p>La c\u00e1scara del huevo se abre, lo que facilita el flujo de la clara y la yema al dep\u00f3sito de ovo l\u00edquido.<\/p>\n<p>Las c\u00e1scaras de huevo separadas se dirigen a un contenedor espec\u00edfico.<\/p>\n<p>&nbsp;<\/p>\n<ol start=\"2\">\n<li>Adjustable Egg Beater:<\/li>\n<\/ol>\n<p>La altura del batidor de huevos especial se puede ajustar en funci\u00f3n del tama\u00f1o del huevo que se vaya a batir.<\/p>\n<p>Garantiza una apertura 100% del huevo, adapt\u00e1ndose a una gran variedad de especificaciones de huevos.<\/p>\n<p>&nbsp;<\/p>\n<ol start=\"3\">\n<li>Control de pantalla t\u00e1ctil:<\/li>\n<\/ol>\n<p>Equipada con un sistema de control de pantalla t\u00e1ctil f\u00e1cil de usar.<\/p>\n<p>La pantalla t\u00e1ctil proporciona informaci\u00f3n en tiempo real, incluido el n\u00famero de huevos procesados, la velocidad de los huevos y el progreso en el proceso de cascado.<\/p>\n<p><img decoding=\"async\" loading=\"lazy\" class=\"alignnone size-full wp-image-2934\" src=\"https:\/\/www.eggmachinery.com\/wp-content\/uploads\/automatic-egg-breaker-3.webp\" alt=\"automatic egg breaker\" width=\"750\" height=\"750\" srcset=\"https:\/\/www.eggmachinery.com\/wp-content\/uploads\/automatic-egg-breaker-3.webp 750w, https:\/\/www.eggmachinery.com\/wp-content\/uploads\/automatic-egg-breaker-3-300x300.webp 300w, https:\/\/www.eggmachinery.com\/wp-content\/uploads\/automatic-egg-breaker-3-150x150.webp 150w, https:\/\/www.eggmachinery.com\/wp-content\/uploads\/automatic-egg-breaker-3-600x600.webp 600w, https:\/\/www.eggmachinery.com\/wp-content\/uploads\/automatic-egg-breaker-3-100x100.webp 100w\" sizes=\"(max-width: 750px) 100vw, 750px\" \/><img decoding=\"async\" loading=\"lazy\" class=\"alignnone size-full wp-image-2935\" src=\"https:\/\/www.eggmachinery.com\/wp-content\/uploads\/automatic-egg-breaker-4.webp\" alt=\"automatic egg breaker\" width=\"750\" height=\"750\" srcset=\"https:\/\/www.eggmachinery.com\/wp-content\/uploads\/automatic-egg-breaker-4.webp 750w, https:\/\/www.eggmachinery.com\/wp-content\/uploads\/automatic-egg-breaker-4-300x300.webp 300w, https:\/\/www.eggmachinery.com\/wp-content\/uploads\/automatic-egg-breaker-4-150x150.webp 150w, https:\/\/www.eggmachinery.com\/wp-content\/uploads\/automatic-egg-breaker-4-600x600.webp 600w, https:\/\/www.eggmachinery.com\/wp-content\/uploads\/automatic-egg-breaker-4-100x100.webp 100w\" sizes=\"(max-width: 750px) 100vw, 750px\" \/><img decoding=\"async\" loading=\"lazy\" class=\"alignnone size-full wp-image-2936\" src=\"https:\/\/www.eggmachinery.com\/wp-content\/uploads\/automatic-egg-breaker-5.webp\" alt=\"automatic egg breaker\" width=\"750\" height=\"750\" srcset=\"https:\/\/www.eggmachinery.com\/wp-content\/uploads\/automatic-egg-breaker-5.webp 750w, https:\/\/www.eggmachinery.com\/wp-content\/uploads\/automatic-egg-breaker-5-300x300.webp 300w, https:\/\/www.eggmachinery.com\/wp-content\/uploads\/automatic-egg-breaker-5-150x150.webp 150w, https:\/\/www.eggmachinery.com\/wp-content\/uploads\/automatic-egg-breaker-5-600x600.webp 600w, https:\/\/www.eggmachinery.com\/wp-content\/uploads\/automatic-egg-breaker-5-100x100.webp 100w\" sizes=\"(max-width: 750px) 100vw, 750px\" \/><img decoding=\"async\" loading=\"lazy\" class=\"alignnone size-full wp-image-2937\" src=\"https:\/\/www.eggmachinery.com\/wp-content\/uploads\/automatic-egg-breaker-6.webp\" alt=\"automatic egg breaker\" width=\"750\" height=\"750\" srcset=\"https:\/\/www.eggmachinery.com\/wp-content\/uploads\/automatic-egg-breaker-6.webp 750w, https:\/\/www.eggmachinery.com\/wp-content\/uploads\/automatic-egg-breaker-6-300x300.webp 300w, https:\/\/www.eggmachinery.com\/wp-content\/uploads\/automatic-egg-breaker-6-150x150.webp 150w, https:\/\/www.eggmachinery.com\/wp-content\/uploads\/automatic-egg-breaker-6-600x600.webp 600w, https:\/\/www.eggmachinery.com\/wp-content\/uploads\/automatic-egg-breaker-6-100x100.webp 100w\" sizes=\"(max-width: 750px) 100vw, 750px\" \/><\/p>\n<ol start=\"4\">\n<li>Funci\u00f3n continua de rotura de c\u00e1scara de huevo:<\/li>\n<\/ol>\n<p>Simula el batido manual de huevos para romper continuamente la c\u00e1scara.<\/p>\n<p>Garantiza un alto nivel de higiene, ya que el huevo l\u00edquido evita el contacto con cualquier parte rota del huevo.<\/p>\n<p>&nbsp;<\/p>\n<ol start=\"5\">\n<li>Separaci\u00f3n continua de la funci\u00f3n de la clara y la yema de huevo:<\/li>\n<\/ol>\n<p>Utiliza el m\u00e9todo de separaci\u00f3n de huecos para la separaci\u00f3n continua de claras y yemas.<\/p>\n<p>Desv\u00eda las claras y las yemas separadas a sus respectivos recipientes.<\/p>\n<p>El dispositivo de separaci\u00f3n de clara y yema de huevo puede personalizarse e instalarse seg\u00fan las necesidades espec\u00edficas de producci\u00f3n.<\/p>\n<p><img decoding=\"async\" loading=\"lazy\" class=\"alignnone size-full wp-image-2932\" src=\"https:\/\/www.eggmachinery.com\/wp-content\/uploads\/automatic-egg-breaker-1.webp\" alt=\"automatic egg breaker \" width=\"750\" height=\"750\" srcset=\"https:\/\/www.eggmachinery.com\/wp-content\/uploads\/automatic-egg-breaker-1.webp 750w, https:\/\/www.eggmachinery.com\/wp-content\/uploads\/automatic-egg-breaker-1-300x300.webp 300w, https:\/\/www.eggmachinery.com\/wp-content\/uploads\/automatic-egg-breaker-1-150x150.webp 150w, https:\/\/www.eggmachinery.com\/wp-content\/uploads\/automatic-egg-breaker-1-600x600.webp 600w, https:\/\/www.eggmachinery.com\/wp-content\/uploads\/automatic-egg-breaker-1-100x100.webp 100w\" sizes=\"(max-width: 750px) 100vw, 750px\" \/><\/p>\n<p>En resumen, esta cascadora de huevos y separadora de yemas est\u00e1 dise\u00f1ada para producir a gran capacidad, mantener los est\u00e1ndares de higiene y adaptarse a una amplia gama de especificaciones de huevos. Su control de pantalla t\u00e1ctil y sus funciones de separaci\u00f3n continua mejoran la eficiencia, convirti\u00e9ndola en una herramienta vers\u00e1til e indispensable para el procesamiento de huevos en entornos de producci\u00f3n comercial.<\/p>","protected":false},"excerpt":{"rendered":"<p>Increase efficiency and productivity with our Automatic Egg Cracking Machine and Yolk Separator. Crafted for bakeries, cake factories, and egg pastry facilities, it produces fresh egg liquid while maintaining hygiene standards.<\/p>","protected":false},"featured_media":2736,"template":"","meta":{"_seopress_robots_primary_cat":"none"},"product_cat":[18],"product_tag":[],"featured_image_urls":{"full":["https:\/\/www.eggmachinery.com\/wp-content\/uploads\/egg-breaker-and-yolk-separator-machine.webp",800,800,false],"thumbnail":["https:\/\/www.eggmachinery.com\/wp-content\/uploads\/egg-breaker-and-yolk-separator-machine-150x150.webp",150,150,true],"medium":["https:\/\/www.eggmachinery.com\/wp-content\/uploads\/egg-breaker-and-yolk-separator-machine-300x300.webp",300,300,true],"medium_large":["https:\/\/www.eggmachinery.com\/wp-content\/uploads\/egg-breaker-and-yolk-separator-machine-768x768.webp",768,768,true],"large":["https:\/\/www.eggmachinery.com\/wp-content\/uploads\/egg-breaker-and-yolk-separator-machine.webp",800,800,false],"1536x1536":["https:\/\/www.eggmachinery.com\/wp-content\/uploads\/egg-breaker-and-yolk-separator-machine.webp",800,800,false],"2048x2048":["https:\/\/www.eggmachinery.com\/wp-content\/uploads\/egg-breaker-and-yolk-separator-machine.webp",800,800,false],"trp-custom-language-flag":["https:\/\/www.eggmachinery.com\/wp-content\/uploads\/egg-breaker-and-yolk-separator-machine.webp",12,12,false],"woocommerce_thumbnail":["https:\/\/www.eggmachinery.com\/wp-content\/uploads\/egg-breaker-and-yolk-separator-machine-300x300.webp",300,300,true],"woocommerce_single":["https:\/\/www.eggmachinery.com\/wp-content\/uploads\/egg-breaker-and-yolk-separator-machine-600x600.webp",600,600,true],"woocommerce_gallery_thumbnail":["https:\/\/www.eggmachinery.com\/wp-content\/uploads\/egg-breaker-and-yolk-separator-machine-100x100.webp",100,100,true]},"post_excerpt_stackable":"<p>Increase efficiency and productivity with our Automatic Egg Cracking Machine and Yolk Separator. Crafted for bakeries, cake factories, and egg pastry facilities, it produces fresh egg liquid while maintaining hygiene standards.<\/p>\n","category_list":"","author_info":{"name":"","url":""},"comments_num":"0 comments","_links":{"self":[{"href":"https:\/\/www.eggmachinery.com\/es\/wp-json\/wp\/v2\/product\/2742"}],"collection":[{"href":"https:\/\/www.eggmachinery.com\/es\/wp-json\/wp\/v2\/product"}],"about":[{"href":"https:\/\/www.eggmachinery.com\/es\/wp-json\/wp\/v2\/types\/product"}],"wp:featuredmedia":[{"embeddable":true,"href":"https:\/\/www.eggmachinery.com\/es\/wp-json\/wp\/v2\/media\/2736"}],"wp:attachment":[{"href":"https:\/\/www.eggmachinery.com\/es\/wp-json\/wp\/v2\/media?parent=2742"}],"wp:term":[{"taxonomy":"product_cat","embeddable":true,"href":"https:\/\/www.eggmachinery.com\/es\/wp-json\/wp\/v2\/product_cat?post=2742"},{"taxonomy":"product_tag","embeddable":true,"href":"https:\/\/www.eggmachinery.com\/es\/wp-json\/wp\/v2\/product_tag?post=2742"}],"curies":[{"name":"wp","href":"https:\/\/api.w.org\/{rel}","templated":true}]}}