{"id":2748,"date":"2024-01-15T17:07:51","date_gmt":"2024-01-15T09:07:51","guid":{"rendered":"https:\/\/www.eggmachinery.com\/?post_type=product&#038;p=2748"},"modified":"2024-01-23T16:42:23","modified_gmt":"2024-01-23T08:42:23","slug":"3-rows-egg-breaker-price","status":"publish","type":"product","link":"https:\/\/www.eggmachinery.com\/es\/producto\/3-rows-egg-breaker-price\/","title":{"rendered":"Precio de la cascadora de huevos de 3 filas"},"content":{"rendered":"<p>La cascadora de huevos es un equipo especializado dise\u00f1ado para la producci\u00f3n eficaz de huevo l\u00edquido fresco en diversos entornos de producci\u00f3n, como panader\u00edas, f\u00e1bricas de pasteles y pasteler\u00edas de huevos. A continuaci\u00f3n, le ofrecemos un resumen completo de sus especificaciones y caracter\u00edsticas:<\/p>\n<p>&nbsp;<\/p>\n<table style=\"height: 293px;\" width=\"739\">\n<tbody>\n<tr>\n<td><strong><b>Modelo<\/b><\/strong><\/td>\n<td><strong><b>H<\/b><\/strong><strong><b>T<\/b><\/strong><strong><b>-S3<\/b><\/strong><\/td>\n<\/tr>\n<tr>\n<td>Capacidad<\/td>\n<td>8100-9500pcs\/h<\/td>\n<\/tr>\n<tr>\n<td>Tensi\u00f3n<\/td>\n<td>220V<\/td>\n<\/tr>\n<tr>\n<td>Potencia<\/td>\n<td>0,3 kW<\/td>\n<\/tr>\n<tr>\n<td>Peso<\/td>\n<td>150 kg<\/td>\n<\/tr>\n<tr>\n<td>Talla<\/td>\n<td>1750*1150*970mm<\/td>\n<\/tr>\n<\/tbody>\n<\/table>\n<p><img decoding=\"async\" loading=\"lazy\" class=\"alignnone size-full wp-image-2909\" src=\"https:\/\/www.eggmachinery.com\/wp-content\/uploads\/egg-breaker-machine-2.webp\" alt=\"egg breaker machine\" width=\"750\" height=\"750\" srcset=\"https:\/\/www.eggmachinery.com\/wp-content\/uploads\/egg-breaker-machine-2.webp 750w, https:\/\/www.eggmachinery.com\/wp-content\/uploads\/egg-breaker-machine-2-300x300.webp 300w, https:\/\/www.eggmachinery.com\/wp-content\/uploads\/egg-breaker-machine-2-150x150.webp 150w, https:\/\/www.eggmachinery.com\/wp-content\/uploads\/egg-breaker-machine-2-600x600.webp 600w, https:\/\/www.eggmachinery.com\/wp-content\/uploads\/egg-breaker-machine-2-100x100.webp 100w\" sizes=\"(max-width: 750px) 100vw, 750px\" \/><img decoding=\"async\" loading=\"lazy\" class=\"alignnone size-full wp-image-2911\" src=\"https:\/\/www.eggmachinery.com\/wp-content\/uploads\/egg-breaker-machine-4.webp\" alt=\"egg breaker machine\" width=\"750\" height=\"750\" srcset=\"https:\/\/www.eggmachinery.com\/wp-content\/uploads\/egg-breaker-machine-4.webp 750w, https:\/\/www.eggmachinery.com\/wp-content\/uploads\/egg-breaker-machine-4-300x300.webp 300w, https:\/\/www.eggmachinery.com\/wp-content\/uploads\/egg-breaker-machine-4-150x150.webp 150w, https:\/\/www.eggmachinery.com\/wp-content\/uploads\/egg-breaker-machine-4-600x600.webp 600w, https:\/\/www.eggmachinery.com\/wp-content\/uploads\/egg-breaker-machine-4-100x100.webp 100w\" sizes=\"(max-width: 750px) 100vw, 750px\" \/><img decoding=\"async\" loading=\"lazy\" class=\"alignnone size-full wp-image-2912\" src=\"https:\/\/www.eggmachinery.com\/wp-content\/uploads\/egg-breaker-machine-5.webp\" alt=\"egg breaker machine\" width=\"750\" height=\"750\" srcset=\"https:\/\/www.eggmachinery.com\/wp-content\/uploads\/egg-breaker-machine-5.webp 750w, https:\/\/www.eggmachinery.com\/wp-content\/uploads\/egg-breaker-machine-5-300x300.webp 300w, https:\/\/www.eggmachinery.com\/wp-content\/uploads\/egg-breaker-machine-5-150x150.webp 150w, https:\/\/www.eggmachinery.com\/wp-content\/uploads\/egg-breaker-machine-5-600x600.webp 600w, https:\/\/www.eggmachinery.com\/wp-content\/uploads\/egg-breaker-machine-5-100x100.webp 100w\" sizes=\"(max-width: 750px) 100vw, 750px\" \/><img decoding=\"async\" loading=\"lazy\" class=\"alignnone size-full wp-image-2913\" src=\"https:\/\/www.eggmachinery.com\/wp-content\/uploads\/egg-breaker-machine-6.webp\" alt=\"egg breaker machine\" width=\"750\" height=\"750\" srcset=\"https:\/\/www.eggmachinery.com\/wp-content\/uploads\/egg-breaker-machine-6.webp 750w, https:\/\/www.eggmachinery.com\/wp-content\/uploads\/egg-breaker-machine-6-300x300.webp 300w, https:\/\/www.eggmachinery.com\/wp-content\/uploads\/egg-breaker-machine-6-150x150.webp 150w, https:\/\/www.eggmachinery.com\/wp-content\/uploads\/egg-breaker-machine-6-600x600.webp 600w, https:\/\/www.eggmachinery.com\/wp-content\/uploads\/egg-breaker-machine-6-100x100.webp 100w\" sizes=\"(max-width: 750px) 100vw, 750px\" \/><\/p>\n<h2><strong>\u00a0M\u00e1quina cascadora de huevos Gama de uso: Panader\u00edas, f\u00e1bricas de pasteles, pasteles de huevo y otras empresas de producci\u00f3n<\/strong><\/h2>\n<p>&nbsp;<\/p>\n<h2><strong>\u00a0M\u00e1quina cascadora de huevos Caracter\u00edsticas:<\/strong><\/h2>\n<p>&nbsp;<\/p>\n<ol>\n<li>Producci\u00f3n de huevo l\u00edquido:<\/li>\n<\/ol>\n<p>La m\u00e1quina est\u00e1 especialmente dise\u00f1ada para la producci\u00f3n de huevo l\u00edquido fresco.<\/p>\n<p>La c\u00e1scara del huevo se abre, lo que facilita el flujo de la clara y la yema al dep\u00f3sito de ovo l\u00edquido.<\/p>\n<p>Las c\u00e1scaras de huevo separadas se dirigen a un contenedor espec\u00edfico.<\/p>\n<p>&nbsp;<\/p>\n<ol start=\"2\">\n<li>Rompehuevos ajustable :<\/li>\n<\/ol>\n<p>La altura del batidor de huevos especial se puede ajustar en funci\u00f3n del tama\u00f1o del huevo que se vaya a batir.<\/p>\n<p>Garantiza una apertura 100% del huevo, adapt\u00e1ndose a una gran variedad de especificaciones de huevos.<\/p>\n<p>&nbsp;<\/p>\n<ol start=\"3\">\n<li>Control de pantalla t\u00e1ctil:<\/li>\n<\/ol>\n<p>Equipada con un sistema de control de pantalla t\u00e1ctil f\u00e1cil de usar.<\/p>\n<p>La pantalla t\u00e1ctil proporciona informaci\u00f3n en tiempo real, incluido el n\u00famero de huevos procesados, la velocidad de los huevos y el progreso en el proceso de cascado.<\/p>\n<p>&nbsp;<\/p>\n<ol start=\"4\">\n<li>Funci\u00f3n continua de rotura de c\u00e1scara de huevo:<\/li>\n<\/ol>\n<p>Simula el batido manual de huevos para romper continuamente la c\u00e1scara.<\/p>\n<p>Garantiza un alto nivel de higiene, ya que el huevo l\u00edquido evita el contacto con cualquier parte rota del huevo.<\/p>\n<p>&nbsp;<\/p>\n<ol start=\"5\">\n<li>Separaci\u00f3n continua de la funci\u00f3n de la clara y la yema de huevo:<\/li>\n<\/ol>\n<p>Utiliza el m\u00e9todo de separaci\u00f3n de huecos para la separaci\u00f3n continua de claras y yemas.<\/p>\n<p>Desv\u00eda las claras y las yemas separadas a sus respectivos recipientes.<\/p>\n<p>El dispositivo de separaci\u00f3n de clara y yema de huevo puede personalizarse e instalarse seg\u00fan las necesidades espec\u00edficas de producci\u00f3n.<\/p>\n<p><img decoding=\"async\" loading=\"lazy\" class=\"alignnone size-full wp-image-2914\" src=\"https:\/\/www.eggmachinery.com\/wp-content\/uploads\/egg-breaker-machine-7.webp\" alt=\"egg breaker machine\" width=\"750\" height=\"750\" srcset=\"https:\/\/www.eggmachinery.com\/wp-content\/uploads\/egg-breaker-machine-7.webp 750w, https:\/\/www.eggmachinery.com\/wp-content\/uploads\/egg-breaker-machine-7-300x300.webp 300w, https:\/\/www.eggmachinery.com\/wp-content\/uploads\/egg-breaker-machine-7-150x150.webp 150w, https:\/\/www.eggmachinery.com\/wp-content\/uploads\/egg-breaker-machine-7-600x600.webp 600w, https:\/\/www.eggmachinery.com\/wp-content\/uploads\/egg-breaker-machine-7-100x100.webp 100w\" sizes=\"(max-width: 750px) 100vw, 750px\" \/><img decoding=\"async\" loading=\"lazy\" class=\"alignnone size-full wp-image-2915\" src=\"https:\/\/www.eggmachinery.com\/wp-content\/uploads\/egg-breaker-machine-8.webp\" alt=\"egg breaker machine\" width=\"750\" height=\"750\" srcset=\"https:\/\/www.eggmachinery.com\/wp-content\/uploads\/egg-breaker-machine-8.webp 750w, https:\/\/www.eggmachinery.com\/wp-content\/uploads\/egg-breaker-machine-8-300x300.webp 300w, https:\/\/www.eggmachinery.com\/wp-content\/uploads\/egg-breaker-machine-8-150x150.webp 150w, https:\/\/www.eggmachinery.com\/wp-content\/uploads\/egg-breaker-machine-8-600x600.webp 600w, https:\/\/www.eggmachinery.com\/wp-content\/uploads\/egg-breaker-machine-8-100x100.webp 100w\" sizes=\"(max-width: 750px) 100vw, 750px\" \/><img decoding=\"async\" loading=\"lazy\" class=\"alignnone size-full wp-image-2916\" src=\"https:\/\/www.eggmachinery.com\/wp-content\/uploads\/egg-breaker-machine-9.webp\" alt=\"egg breaker machine\" width=\"750\" height=\"750\" srcset=\"https:\/\/www.eggmachinery.com\/wp-content\/uploads\/egg-breaker-machine-9.webp 750w, https:\/\/www.eggmachinery.com\/wp-content\/uploads\/egg-breaker-machine-9-300x300.webp 300w, https:\/\/www.eggmachinery.com\/wp-content\/uploads\/egg-breaker-machine-9-150x150.webp 150w, https:\/\/www.eggmachinery.com\/wp-content\/uploads\/egg-breaker-machine-9-600x600.webp 600w, https:\/\/www.eggmachinery.com\/wp-content\/uploads\/egg-breaker-machine-9-100x100.webp 100w\" sizes=\"(max-width: 750px) 100vw, 750px\" \/><\/p>\n<p>En resumen, esta cascadora de huevos y separadora de yemas est\u00e1 dise\u00f1ada para producir a gran capacidad, mantener los est\u00e1ndares de higiene y adaptarse a una amplia gama de especificaciones de huevos. Su control de pantalla t\u00e1ctil y sus funciones de separaci\u00f3n continua mejoran la eficiencia, convirti\u00e9ndola en una herramienta vers\u00e1til e indispensable para el procesamiento de huevos en entornos de producci\u00f3n comercial.<\/p>\n<p>&nbsp;<\/p>\n<p><img decoding=\"async\" loading=\"lazy\" class=\"alignnone size-full wp-image-2908\" src=\"https:\/\/www.eggmachinery.com\/wp-content\/uploads\/egg-breaker-machine-1-1.webp\" alt=\"egg breaker machine\" width=\"750\" height=\"750\" srcset=\"https:\/\/www.eggmachinery.com\/wp-content\/uploads\/egg-breaker-machine-1-1.webp 750w, https:\/\/www.eggmachinery.com\/wp-content\/uploads\/egg-breaker-machine-1-1-300x300.webp 300w, https:\/\/www.eggmachinery.com\/wp-content\/uploads\/egg-breaker-machine-1-1-150x150.webp 150w, https:\/\/www.eggmachinery.com\/wp-content\/uploads\/egg-breaker-machine-1-1-600x600.webp 600w, https:\/\/www.eggmachinery.com\/wp-content\/uploads\/egg-breaker-machine-1-1-100x100.webp 100w\" sizes=\"(max-width: 750px) 100vw, 750px\" \/><\/p>\n<p>Si desea m\u00e1s informaci\u00f3n sobre los distintos tipos de EGG BREAKER, p\u00f3ngase en contacto con <a href=\"https:\/\/www.eggmachinery.com\/es\/producto\/egg-breaking-machine\/\"><strong><u><b>aqu\u00ed<\/b><\/u><\/strong><\/a><\/p>\n<p><img decoding=\"async\" loading=\"lazy\" class=\"alignnone size-full wp-image-2881\" src=\"https:\/\/www.eggmachinery.com\/wp-content\/uploads\/about-us-4.webp\" alt=\"egg breaker machine\" width=\"750\" height=\"750\" srcset=\"https:\/\/www.eggmachinery.com\/wp-content\/uploads\/about-us-4.webp 750w, https:\/\/www.eggmachinery.com\/wp-content\/uploads\/about-us-4-300x300.webp 300w, https:\/\/www.eggmachinery.com\/wp-content\/uploads\/about-us-4-150x150.webp 150w, https:\/\/www.eggmachinery.com\/wp-content\/uploads\/about-us-4-600x600.webp 600w, https:\/\/www.eggmachinery.com\/wp-content\/uploads\/about-us-4-100x100.webp 100w\" sizes=\"(max-width: 750px) 100vw, 750px\" \/><\/p>","protected":false},"excerpt":{"rendered":"<p>Aumente la eficacia y la productividad con nuestra cascadora y separadora de yemas autom\u00e1tica. Dise\u00f1ada para panader\u00edas, f\u00e1bricas de pasteles y pasteler\u00edas, produce huevo l\u00edquido fresco manteniendo los est\u00e1ndares de higiene.<\/p>","protected":false},"featured_media":2739,"template":"","meta":{"_seopress_robots_primary_cat":"none"},"product_cat":[18],"product_tag":[],"featured_image_urls":{"full":["https:\/\/www.eggmachinery.com\/wp-content\/uploads\/egg-breaker-price.webp",800,800,false],"thumbnail":["https:\/\/www.eggmachinery.com\/wp-content\/uploads\/egg-breaker-price-150x150.webp",150,150,true],"medium":["https:\/\/www.eggmachinery.com\/wp-content\/uploads\/egg-breaker-price-300x300.webp",300,300,true],"medium_large":["https:\/\/www.eggmachinery.com\/wp-content\/uploads\/egg-breaker-price-768x768.webp",768,768,true],"large":["https:\/\/www.eggmachinery.com\/wp-content\/uploads\/egg-breaker-price.webp",800,800,false],"1536x1536":["https:\/\/www.eggmachinery.com\/wp-content\/uploads\/egg-breaker-price.webp",800,800,false],"2048x2048":["https:\/\/www.eggmachinery.com\/wp-content\/uploads\/egg-breaker-price.webp",800,800,false],"trp-custom-language-flag":["https:\/\/www.eggmachinery.com\/wp-content\/uploads\/egg-breaker-price.webp",12,12,false],"woocommerce_thumbnail":["https:\/\/www.eggmachinery.com\/wp-content\/uploads\/egg-breaker-price-300x300.webp",300,300,true],"woocommerce_single":["https:\/\/www.eggmachinery.com\/wp-content\/uploads\/egg-breaker-price-600x600.webp",600,600,true],"woocommerce_gallery_thumbnail":["https:\/\/www.eggmachinery.com\/wp-content\/uploads\/egg-breaker-price-100x100.webp",100,100,true]},"post_excerpt_stackable":"<p>Increase efficiency and productivity with our Automatic Egg Cracking Machine and Yolk Separator. Crafted for bakeries, cake factories, and egg pastry facilities,\u00a0it produces fresh egg liquid while maintaining hygiene standards.<\/p>\n","category_list":"","author_info":{"name":"","url":""},"comments_num":"0 comments","_links":{"self":[{"href":"https:\/\/www.eggmachinery.com\/es\/wp-json\/wp\/v2\/product\/2748"}],"collection":[{"href":"https:\/\/www.eggmachinery.com\/es\/wp-json\/wp\/v2\/product"}],"about":[{"href":"https:\/\/www.eggmachinery.com\/es\/wp-json\/wp\/v2\/types\/product"}],"wp:featuredmedia":[{"embeddable":true,"href":"https:\/\/www.eggmachinery.com\/es\/wp-json\/wp\/v2\/media\/2739"}],"wp:attachment":[{"href":"https:\/\/www.eggmachinery.com\/es\/wp-json\/wp\/v2\/media?parent=2748"}],"wp:term":[{"taxonomy":"product_cat","embeddable":true,"href":"https:\/\/www.eggmachinery.com\/es\/wp-json\/wp\/v2\/product_cat?post=2748"},{"taxonomy":"product_tag","embeddable":true,"href":"https:\/\/www.eggmachinery.com\/es\/wp-json\/wp\/v2\/product_tag?post=2748"}],"curies":[{"name":"wp","href":"https:\/\/api.w.org\/{rel}","templated":true}]}}