{"id":2753,"date":"2024-01-16T09:15:20","date_gmt":"2024-01-16T01:15:20","guid":{"rendered":"https:\/\/www.eggmachinery.com\/?post_type=product&#038;p=2753"},"modified":"2024-01-16T09:15:21","modified_gmt":"2024-01-16T01:15:21","slug":"4-rows-egg-breaker-machine","status":"publish","type":"product","link":"https:\/\/www.eggmachinery.com\/es\/producto\/4-rows-egg-breaker-machine\/","title":{"rendered":"M\u00e1quina rompehuevos de 4 filas"},"content":{"rendered":"<p>La cascadora de huevos es un equipo especializado dise\u00f1ado para la producci\u00f3n eficaz de huevo l\u00edquido fresco en diversos entornos de producci\u00f3n, como panader\u00edas, f\u00e1bricas de pasteles y pasteler\u00edas de huevos. A continuaci\u00f3n, le ofrecemos un resumen completo de sus especificaciones y caracter\u00edsticas:<\/p>\n<table style=\"height: 281px;\" width=\"893\">\n<tbody>\n<tr>\n<td><strong><b>Modelo<\/b><\/strong><\/td>\n<td><strong><b>H<\/b><\/strong><strong><b>T<\/b><\/strong><strong><b>-S4<\/b><\/strong><\/td>\n<\/tr>\n<tr>\n<td>Capacidad<\/td>\n<td>10800-12000pcs\/h<\/td>\n<\/tr>\n<tr>\n<td>Tensi\u00f3n<\/td>\n<td>220V<\/td>\n<\/tr>\n<tr>\n<td>Potencia<\/td>\n<td>0,3 kW<\/td>\n<\/tr>\n<tr>\n<td>Peso<\/td>\n<td>160 kg<\/td>\n<\/tr>\n<tr>\n<td>Talla<\/td>\n<td>1750*1150*1130mm<\/td>\n<\/tr>\n<\/tbody>\n<\/table>\n<p>&nbsp;<\/p>\n<p>&nbsp;<\/p>\n<p>&nbsp;<\/p>\n<h2><strong>\u00a0M\u00e1quina cascadora de huevos Gama de uso: Panader\u00edas, f\u00e1bricas de pasteles, pasteles de huevo y otras empresas de producci\u00f3n<\/strong><\/h2>\n<p>&nbsp;<\/p>\n<h2><strong>\u00a0M\u00e1quina cascadora de huevos Caracter\u00edsticas:<\/strong><\/h2>\n<p>&nbsp;<\/p>\n<ol>\n<li>Producci\u00f3n de huevo l\u00edquido:<\/li>\n<\/ol>\n<p>La m\u00e1quina est\u00e1 especialmente dise\u00f1ada para la producci\u00f3n de huevo l\u00edquido fresco.<\/p>\n<p>La c\u00e1scara del huevo se abre, lo que facilita el flujo de la clara y la yema al dep\u00f3sito de ovo l\u00edquido.<\/p>\n<p>Las c\u00e1scaras de huevo separadas se dirigen a un contenedor espec\u00edfico.<\/p>\n<p>&nbsp;<\/p>\n<ol start=\"2\">\n<li>Rompehuevos ajustable :<\/li>\n<\/ol>\n<p>La altura del batidor de huevos especial se puede ajustar en funci\u00f3n del tama\u00f1o del huevo que se vaya a batir.<\/p>\n<p>Garantiza una apertura 100% del huevo, adapt\u00e1ndose a una gran variedad de especificaciones de huevos.<\/p>\n<p>&nbsp;<\/p>\n<ol start=\"3\">\n<li>Control de pantalla t\u00e1ctil:<\/li>\n<\/ol>\n<p>Equipada con un sistema de control de pantalla t\u00e1ctil f\u00e1cil de usar.<\/p>\n<p>La pantalla t\u00e1ctil proporciona informaci\u00f3n en tiempo real, incluido el n\u00famero de huevos procesados, la velocidad de los huevos y el progreso en el proceso de cascado.<\/p>\n<p>&nbsp;<\/p>\n<ol start=\"4\">\n<li>Funci\u00f3n continua de rotura de c\u00e1scara de huevo:<\/li>\n<\/ol>\n<p>Simula el batido manual de huevos para romper continuamente la c\u00e1scara.<\/p>\n<p>Garantiza un alto nivel de higiene, ya que el huevo l\u00edquido evita el contacto con cualquier parte rota del huevo.<\/p>\n<p>&nbsp;<\/p>\n<ol start=\"5\">\n<li>Separaci\u00f3n continua de la funci\u00f3n de la clara y la yema de huevo:<\/li>\n<\/ol>\n<p>Utiliza el m\u00e9todo de separaci\u00f3n de huecos para la separaci\u00f3n continua de claras y yemas.<\/p>\n<p>Desv\u00eda las claras y las yemas separadas a sus respectivos recipientes.<\/p>\n<p>El dispositivo de separaci\u00f3n de clara y yema de huevo puede personalizarse e instalarse seg\u00fan las necesidades espec\u00edficas de producci\u00f3n.<\/p>\n<p>&nbsp;<\/p>\n<p>En resumen, esta cascadora de huevos y separadora de yemas est\u00e1 dise\u00f1ada para producir a gran capacidad, mantener los est\u00e1ndares de higiene y adaptarse a una amplia gama de especificaciones de huevos. Su control de pantalla t\u00e1ctil y sus funciones de separaci\u00f3n continua mejoran la eficiencia, convirti\u00e9ndola en una herramienta vers\u00e1til e indispensable para el procesamiento de huevos en entornos de producci\u00f3n comercial.<\/p>\n<p>&nbsp;<\/p>\n<p>&nbsp;<\/p>\n<p>Si desea m\u00e1s informaci\u00f3n sobre los distintos tipos de EGG BREAKER, p\u00f3ngase en contacto con <a href=\"https:\/\/www.eggmachinery.com\/es\/producto\/egg-breaking-machine\/\"><strong><u><b>aqu\u00ed <\/b><\/u><\/strong><\/a><\/p>\n<p>&nbsp;<\/p>","protected":false},"excerpt":{"rendered":"<p>\u00bfBusca una cascadora de huevos fiable? Nuestro modelo HT-S4 ofrece una gran capacidad de producci\u00f3n y un sistema de control con pantalla t\u00e1ctil para obtener informaci\u00f3n en tiempo real. Perfecta para panader\u00edas y pasteler\u00edas de huevos.<\/p>","protected":false},"featured_media":2741,"template":"","meta":{"_seopress_robots_primary_cat":""},"product_cat":[15],"product_tag":[],"featured_image_urls":{"full":["https:\/\/www.eggmachinery.com\/wp-content\/uploads\/egg-breaking-and-separating-machine.webp",800,800,false],"thumbnail":["https:\/\/www.eggmachinery.com\/wp-content\/uploads\/egg-breaking-and-separating-machine-150x150.webp",150,150,true],"medium":["https:\/\/www.eggmachinery.com\/wp-content\/uploads\/egg-breaking-and-separating-machine-300x300.webp",300,300,true],"medium_large":["https:\/\/www.eggmachinery.com\/wp-content\/uploads\/egg-breaking-and-separating-machine-768x768.webp",768,768,true],"large":["https:\/\/www.eggmachinery.com\/wp-content\/uploads\/egg-breaking-and-separating-machine.webp",800,800,false],"1536x1536":["https:\/\/www.eggmachinery.com\/wp-content\/uploads\/egg-breaking-and-separating-machine.webp",800,800,false],"2048x2048":["https:\/\/www.eggmachinery.com\/wp-content\/uploads\/egg-breaking-and-separating-machine.webp",800,800,false],"trp-custom-language-flag":["https:\/\/www.eggmachinery.com\/wp-content\/uploads\/egg-breaking-and-separating-machine.webp",12,12,false],"woocommerce_thumbnail":["https:\/\/www.eggmachinery.com\/wp-content\/uploads\/egg-breaking-and-separating-machine-300x300.webp",300,300,true],"woocommerce_single":["https:\/\/www.eggmachinery.com\/wp-content\/uploads\/egg-breaking-and-separating-machine-600x600.webp",600,600,true],"woocommerce_gallery_thumbnail":["https:\/\/www.eggmachinery.com\/wp-content\/uploads\/egg-breaking-and-separating-machine-100x100.webp",100,100,true]},"post_excerpt_stackable":"<p>Looking for a reliable egg breaker ? Our model HT-S4\u00a0offers high capacity production, and a touch screen control system for real-time information. Perfect for bakeries and egg pastry facilities.<\/p>\n","category_list":"","author_info":{"name":"","url":""},"comments_num":"0 comments","_links":{"self":[{"href":"https:\/\/www.eggmachinery.com\/es\/wp-json\/wp\/v2\/product\/2753"}],"collection":[{"href":"https:\/\/www.eggmachinery.com\/es\/wp-json\/wp\/v2\/product"}],"about":[{"href":"https:\/\/www.eggmachinery.com\/es\/wp-json\/wp\/v2\/types\/product"}],"wp:featuredmedia":[{"embeddable":true,"href":"https:\/\/www.eggmachinery.com\/es\/wp-json\/wp\/v2\/media\/2741"}],"wp:attachment":[{"href":"https:\/\/www.eggmachinery.com\/es\/wp-json\/wp\/v2\/media?parent=2753"}],"wp:term":[{"taxonomy":"product_cat","embeddable":true,"href":"https:\/\/www.eggmachinery.com\/es\/wp-json\/wp\/v2\/product_cat?post=2753"},{"taxonomy":"product_tag","embeddable":true,"href":"https:\/\/www.eggmachinery.com\/es\/wp-json\/wp\/v2\/product_tag?post=2753"}],"curies":[{"name":"wp","href":"https:\/\/api.w.org\/{rel}","templated":true}]}}