{"id":2779,"date":"2024-01-17T16:19:11","date_gmt":"2024-01-17T08:19:11","guid":{"rendered":"https:\/\/www.eggmachinery.com\/?post_type=product&#038;p=2779"},"modified":"2024-01-24T14:42:54","modified_gmt":"2024-01-24T06:42:54","slug":"5400-eggs-per-hour-egg-breaker","status":"publish","type":"product","link":"https:\/\/www.eggmachinery.com\/es\/producto\/5400-eggs-per-hour-egg-breaker\/","title":{"rendered":"Rompedora de 5400 huevos por hora"},"content":{"rendered":"<p><a href=\"https:\/\/www.eggmachinery.com\/es\/producto\/simple-style-egg-breaking-machine\/\"><u>Rompehuevos<\/u><u>\u00a0<\/u><\/a>es un equipo especializado dise\u00f1ado para la producci\u00f3n eficaz de huevo l\u00edquido fresco en diversos entornos de producci\u00f3n, como panader\u00edas, f\u00e1bricas de pasteles y pasteler\u00edas de huevo. A continuaci\u00f3n, le ofrecemos un resumen completo de sus especificaciones y caracter\u00edsticas:<\/p>\n<p>&nbsp;<\/p>\n<table style=\"height: 395px;\" width=\"750\">\n<tbody>\n<tr>\n<td><strong><b>Nombre de la producci\u00f3n<\/b><\/strong><\/td>\n<td><strong><b>Huevo <\/b><\/strong><strong><b>Interruptor <\/b><\/strong><\/td>\n<\/tr>\n<tr>\n<td>Tensi\u00f3n<\/td>\n<td>220V<\/td>\n<\/tr>\n<tr>\n<td>Potencia<\/td>\n<td>500W<\/td>\n<\/tr>\n<tr>\n<td>Capacidad<\/td>\n<td>4500-5400pcs\/h<\/td>\n<\/tr>\n<tr>\n<td>Material de la m\u00e1quina<\/td>\n<td>Acero inoxidable<\/td>\n<\/tr>\n<tr>\n<td>Tama\u00f1o de la m\u00e1quina<\/td>\n<td>1700*1100*1100mm<\/td>\n<\/tr>\n<tr>\n<td>Peso de la m\u00e1quina<\/td>\n<td>140 kg<\/td>\n<\/tr>\n<\/tbody>\n<\/table>\n<p>&nbsp;<\/p>\n<p><img decoding=\"async\" loading=\"lazy\" class=\"alignnone size-full wp-image-2971\" src=\"https:\/\/www.eggmachinery.com\/wp-content\/uploads\/automatic-egg-breaker-2-1.webp\" alt=\"automatic egg breaker\" width=\"750\" height=\"750\" srcset=\"https:\/\/www.eggmachinery.com\/wp-content\/uploads\/automatic-egg-breaker-2-1.webp 750w, https:\/\/www.eggmachinery.com\/wp-content\/uploads\/automatic-egg-breaker-2-1-300x300.webp 300w, https:\/\/www.eggmachinery.com\/wp-content\/uploads\/automatic-egg-breaker-2-1-150x150.webp 150w, https:\/\/www.eggmachinery.com\/wp-content\/uploads\/automatic-egg-breaker-2-1-600x600.webp 600w, https:\/\/www.eggmachinery.com\/wp-content\/uploads\/automatic-egg-breaker-2-1-100x100.webp 100w\" sizes=\"(max-width: 750px) 100vw, 750px\" \/><\/p>\n<h2><strong>\u00a0Gama de uso de la cascadora de huevos: Panader\u00edas, f\u00e1bricas de pasteles, pasteler\u00edas de huevos y otras empresas de producci\u00f3n<\/strong><\/h2>\n<p>&nbsp;<\/p>\n<h2><strong>\u00a0Rompehuevos Caracter\u00edsticas:<\/strong><\/h2>\n<p>&nbsp;<\/p>\n<p>1.Producci\u00f3n de l\u00edquidos de huevo:<\/p>\n<p>La m\u00e1quina est\u00e1 especialmente dise\u00f1ada para la producci\u00f3n de huevo l\u00edquido fresco.<\/p>\n<p>La c\u00e1scara del huevo se abre, lo que facilita el flujo de la clara y la yema al dep\u00f3sito de ovo l\u00edquido.<\/p>\n<p>Las c\u00e1scaras de huevo separadas se dirigen a un contenedor espec\u00edfico.<\/p>\n<p>&nbsp;<\/p>\n<p>2.Rompehuevos ajustable :<\/p>\n<p>La altura del batidor de huevos especial se puede ajustar en funci\u00f3n del tama\u00f1o del huevo que se vaya a batir.<\/p>\n<p>Garantiza una apertura 100% del huevo, adapt\u00e1ndose a una gran variedad de especificaciones de huevos.<\/p>\n<p>&nbsp;<\/p>\n<p>3.Control de pantalla t\u00e1ctil:<\/p>\n<p>Equipada con un sistema de control de pantalla t\u00e1ctil f\u00e1cil de usar.<\/p>\n<p>La pantalla t\u00e1ctil proporciona informaci\u00f3n en tiempo real, incluido el n\u00famero de huevos procesados, la velocidad de los huevos y el progreso en el proceso de cascado.<\/p>\n<p>&nbsp;<\/p>\n<p>4.Funci\u00f3n continua de rotura de c\u00e1scara:<\/p>\n<p>Simula el batido manual de huevos para romper continuamente la c\u00e1scara.<\/p>\n<p>Garantiza un alto nivel de higiene, ya que el huevo l\u00edquido evita el contacto con cualquier parte rota del huevo.<\/p>\n<p>&nbsp;<\/p>\n<p>5.Separaci\u00f3n continua de la funci\u00f3n de la clara y la yema:<\/p>\n<p>Utiliza el m\u00e9todo de separaci\u00f3n de huecos para la separaci\u00f3n continua de claras y yemas.<\/p>\n<p>Desv\u00eda las claras y las yemas separadas a sus respectivos recipientes.<\/p>\n<p>El dispositivo de separaci\u00f3n de clara y yema de huevo puede personalizarse e instalarse seg\u00fan las necesidades espec\u00edficas de producci\u00f3n.<\/p>\n<p><img decoding=\"async\" loading=\"lazy\" class=\"alignnone size-full wp-image-2972\" src=\"https:\/\/www.eggmachinery.com\/wp-content\/uploads\/automatic-egg-breaker-3-1.webp\" alt=\"automatic egg breaker\" width=\"750\" height=\"750\" srcset=\"https:\/\/www.eggmachinery.com\/wp-content\/uploads\/automatic-egg-breaker-3-1.webp 750w, https:\/\/www.eggmachinery.com\/wp-content\/uploads\/automatic-egg-breaker-3-1-300x300.webp 300w, https:\/\/www.eggmachinery.com\/wp-content\/uploads\/automatic-egg-breaker-3-1-150x150.webp 150w, https:\/\/www.eggmachinery.com\/wp-content\/uploads\/automatic-egg-breaker-3-1-600x600.webp 600w, https:\/\/www.eggmachinery.com\/wp-content\/uploads\/automatic-egg-breaker-3-1-100x100.webp 100w\" sizes=\"(max-width: 750px) 100vw, 750px\" \/><img decoding=\"async\" loading=\"lazy\" class=\"alignnone size-full wp-image-2973\" src=\"https:\/\/www.eggmachinery.com\/wp-content\/uploads\/automatic-egg-breaker-4-1.webp\" alt=\"automatic egg breaker\" width=\"750\" height=\"750\" srcset=\"https:\/\/www.eggmachinery.com\/wp-content\/uploads\/automatic-egg-breaker-4-1.webp 750w, https:\/\/www.eggmachinery.com\/wp-content\/uploads\/automatic-egg-breaker-4-1-300x300.webp 300w, https:\/\/www.eggmachinery.com\/wp-content\/uploads\/automatic-egg-breaker-4-1-150x150.webp 150w, https:\/\/www.eggmachinery.com\/wp-content\/uploads\/automatic-egg-breaker-4-1-600x600.webp 600w, https:\/\/www.eggmachinery.com\/wp-content\/uploads\/automatic-egg-breaker-4-1-100x100.webp 100w\" sizes=\"(max-width: 750px) 100vw, 750px\" \/><img decoding=\"async\" loading=\"lazy\" class=\"alignnone size-full wp-image-2974\" src=\"https:\/\/www.eggmachinery.com\/wp-content\/uploads\/automatic-egg-breaker-5-1.webp\" alt=\"automatic egg breaker\" width=\"750\" height=\"750\" srcset=\"https:\/\/www.eggmachinery.com\/wp-content\/uploads\/automatic-egg-breaker-5-1.webp 750w, https:\/\/www.eggmachinery.com\/wp-content\/uploads\/automatic-egg-breaker-5-1-300x300.webp 300w, https:\/\/www.eggmachinery.com\/wp-content\/uploads\/automatic-egg-breaker-5-1-150x150.webp 150w, https:\/\/www.eggmachinery.com\/wp-content\/uploads\/automatic-egg-breaker-5-1-600x600.webp 600w, https:\/\/www.eggmachinery.com\/wp-content\/uploads\/automatic-egg-breaker-5-1-100x100.webp 100w\" sizes=\"(max-width: 750px) 100vw, 750px\" \/><img decoding=\"async\" loading=\"lazy\" class=\"alignnone size-full wp-image-2975\" src=\"https:\/\/www.eggmachinery.com\/wp-content\/uploads\/automatic-egg-breaker-6-1.webp\" alt=\"automatic egg breaker\" width=\"750\" height=\"750\" srcset=\"https:\/\/www.eggmachinery.com\/wp-content\/uploads\/automatic-egg-breaker-6-1.webp 750w, https:\/\/www.eggmachinery.com\/wp-content\/uploads\/automatic-egg-breaker-6-1-300x300.webp 300w, https:\/\/www.eggmachinery.com\/wp-content\/uploads\/automatic-egg-breaker-6-1-150x150.webp 150w, https:\/\/www.eggmachinery.com\/wp-content\/uploads\/automatic-egg-breaker-6-1-600x600.webp 600w, https:\/\/www.eggmachinery.com\/wp-content\/uploads\/automatic-egg-breaker-6-1-100x100.webp 100w\" sizes=\"(max-width: 750px) 100vw, 750px\" \/><\/p>\n<p>En resumen, esta cascadora de huevos y separadora de yemas est\u00e1 dise\u00f1ada para producir a gran capacidad, mantener los est\u00e1ndares de higiene y adaptarse a una amplia gama de especificaciones de huevos. Su control de pantalla t\u00e1ctil y sus funciones de separaci\u00f3n continua mejoran la eficiencia, convirti\u00e9ndola en una herramienta vers\u00e1til e indispensable para el procesamiento de huevos en entornos de producci\u00f3n comercial.<\/p>\n<p>&nbsp;<\/p>\n<p>&nbsp;<\/p>","protected":false},"excerpt":{"rendered":"<p>La cascadora de huevos es un equipo especializado dise\u00f1ado para la producci\u00f3n eficaz de huevo l\u00edquido fresco en diversos entornos de producci\u00f3n, como panader\u00edas, f\u00e1bricas de pasteles y pasteler\u00edas de huevos.<\/p>","protected":false},"featured_media":2782,"template":"","meta":{"_seopress_robots_primary_cat":"none"},"product_cat":[18],"product_tag":[],"featured_image_urls":{"full":["https:\/\/www.eggmachinery.com\/wp-content\/uploads\/egg-breaker-1.webp",800,800,false],"thumbnail":["https:\/\/www.eggmachinery.com\/wp-content\/uploads\/egg-breaker-1-150x150.webp",150,150,true],"medium":["https:\/\/www.eggmachinery.com\/wp-content\/uploads\/egg-breaker-1-300x300.webp",300,300,true],"medium_large":["https:\/\/www.eggmachinery.com\/wp-content\/uploads\/egg-breaker-1-768x768.webp",768,768,true],"large":["https:\/\/www.eggmachinery.com\/wp-content\/uploads\/egg-breaker-1.webp",800,800,false],"1536x1536":["https:\/\/www.eggmachinery.com\/wp-content\/uploads\/egg-breaker-1.webp",800,800,false],"2048x2048":["https:\/\/www.eggmachinery.com\/wp-content\/uploads\/egg-breaker-1.webp",800,800,false],"trp-custom-language-flag":["https:\/\/www.eggmachinery.com\/wp-content\/uploads\/egg-breaker-1.webp",12,12,false],"woocommerce_thumbnail":["https:\/\/www.eggmachinery.com\/wp-content\/uploads\/egg-breaker-1-300x300.webp",300,300,true],"woocommerce_single":["https:\/\/www.eggmachinery.com\/wp-content\/uploads\/egg-breaker-1-600x600.webp",600,600,true],"woocommerce_gallery_thumbnail":["https:\/\/www.eggmachinery.com\/wp-content\/uploads\/egg-breaker-1-100x100.webp",100,100,true]},"post_excerpt_stackable":"<p>Egg breaker is a specialized piece of equipment crafted for the efficient production of fresh egg liquid in diverse production settings, including bakeries, cake factories, and egg pastry facilities<\/p>\n","category_list":"","author_info":{"name":"","url":""},"comments_num":"0 comments","_links":{"self":[{"href":"https:\/\/www.eggmachinery.com\/es\/wp-json\/wp\/v2\/product\/2779"}],"collection":[{"href":"https:\/\/www.eggmachinery.com\/es\/wp-json\/wp\/v2\/product"}],"about":[{"href":"https:\/\/www.eggmachinery.com\/es\/wp-json\/wp\/v2\/types\/product"}],"wp:featuredmedia":[{"embeddable":true,"href":"https:\/\/www.eggmachinery.com\/es\/wp-json\/wp\/v2\/media\/2782"}],"wp:attachment":[{"href":"https:\/\/www.eggmachinery.com\/es\/wp-json\/wp\/v2\/media?parent=2779"}],"wp:term":[{"taxonomy":"product_cat","embeddable":true,"href":"https:\/\/www.eggmachinery.com\/es\/wp-json\/wp\/v2\/product_cat?post=2779"},{"taxonomy":"product_tag","embeddable":true,"href":"https:\/\/www.eggmachinery.com\/es\/wp-json\/wp\/v2\/product_tag?post=2779"}],"curies":[{"name":"wp","href":"https:\/\/api.w.org\/{rel}","templated":true}]}}