{"id":2786,"date":"2024-01-17T16:36:13","date_gmt":"2024-01-17T08:36:13","guid":{"rendered":"https:\/\/www.eggmachinery.com\/?post_type=product&#038;p=2786"},"modified":"2024-01-23T17:00:31","modified_gmt":"2024-01-23T09:00:31","slug":"12000-eggs-per-hour-egg-breaking-and-separating-machine","status":"publish","type":"product","link":"https:\/\/www.eggmachinery.com\/es\/producto\/12000-eggs-per-hour-egg-breaking-and-separating-machine\/","title":{"rendered":"M\u00e1quina cascadora y separadora de 12000 huevos por hora"},"content":{"rendered":"<h2><strong>Ficha t\u00e9cnica de la cascadora y separadora de huevos <\/strong><\/h2>\n<table style=\"height: 348px;\" width=\"690\">\n<tbody>\n<tr>\n<td><strong><b>Modelo<\/b><\/strong><\/td>\n<td><strong><b>HL-ES4<\/b><\/strong><\/td>\n<\/tr>\n<tr>\n<td>Capacidad<\/td>\n<td>10800-12000pcs\/h<\/td>\n<\/tr>\n<tr>\n<td>Tensi\u00f3n<\/td>\n<td>220V<\/td>\n<\/tr>\n<tr>\n<td>Potencia<\/td>\n<td>0,3 kW<\/td>\n<\/tr>\n<tr>\n<td>Peso<\/td>\n<td>160 kg<\/td>\n<\/tr>\n<tr>\n<td>Talla<\/td>\n<td>1750*1150*1130mm<\/td>\n<\/tr>\n<\/tbody>\n<\/table>\n<p><img decoding=\"async\" loading=\"lazy\" class=\"size-full wp-image-2870\" src=\"https:\/\/www.eggmachinery.com\/wp-content\/uploads\/egg-breaking-machine-5_WH_750x750px.webp\" alt=\"egg breaking machine\" width=\"750\" height=\"750\" srcset=\"https:\/\/www.eggmachinery.com\/wp-content\/uploads\/egg-breaking-machine-5_WH_750x750px.webp 750w, https:\/\/www.eggmachinery.com\/wp-content\/uploads\/egg-breaking-machine-5_WH_750x750px-300x300.webp 300w, https:\/\/www.eggmachinery.com\/wp-content\/uploads\/egg-breaking-machine-5_WH_750x750px-150x150.webp 150w, https:\/\/www.eggmachinery.com\/wp-content\/uploads\/egg-breaking-machine-5_WH_750x750px-600x600.webp 600w, https:\/\/www.eggmachinery.com\/wp-content\/uploads\/egg-breaking-machine-5_WH_750x750px-100x100.webp 100w\" sizes=\"(max-width: 750px) 100vw, 750px\" \/><\/p>\n<p><img decoding=\"async\" loading=\"lazy\" class=\"alignnone size-full wp-image-2871\" src=\"https:\/\/www.eggmachinery.com\/wp-content\/uploads\/egg-breaking-machine-6_WH_750x750px.webp\" alt=\"egg breaking machine\" width=\"750\" height=\"750\" srcset=\"https:\/\/www.eggmachinery.com\/wp-content\/uploads\/egg-breaking-machine-6_WH_750x750px.webp 750w, https:\/\/www.eggmachinery.com\/wp-content\/uploads\/egg-breaking-machine-6_WH_750x750px-300x300.webp 300w, https:\/\/www.eggmachinery.com\/wp-content\/uploads\/egg-breaking-machine-6_WH_750x750px-150x150.webp 150w, https:\/\/www.eggmachinery.com\/wp-content\/uploads\/egg-breaking-machine-6_WH_750x750px-600x600.webp 600w, https:\/\/www.eggmachinery.com\/wp-content\/uploads\/egg-breaking-machine-6_WH_750x750px-100x100.webp 100w\" sizes=\"(max-width: 750px) 100vw, 750px\" \/><img decoding=\"async\" loading=\"lazy\" class=\"alignnone size-full wp-image-2872\" src=\"https:\/\/www.eggmachinery.com\/wp-content\/uploads\/egg-breaking-machine-7_WH_750x750px.webp\" alt=\"egg breaking machine\" width=\"750\" height=\"750\" srcset=\"https:\/\/www.eggmachinery.com\/wp-content\/uploads\/egg-breaking-machine-7_WH_750x750px.webp 750w, https:\/\/www.eggmachinery.com\/wp-content\/uploads\/egg-breaking-machine-7_WH_750x750px-300x300.webp 300w, https:\/\/www.eggmachinery.com\/wp-content\/uploads\/egg-breaking-machine-7_WH_750x750px-150x150.webp 150w, https:\/\/www.eggmachinery.com\/wp-content\/uploads\/egg-breaking-machine-7_WH_750x750px-600x600.webp 600w, https:\/\/www.eggmachinery.com\/wp-content\/uploads\/egg-breaking-machine-7_WH_750x750px-100x100.webp 100w\" sizes=\"(max-width: 750px) 100vw, 750px\" \/><\/p>\n<p>&nbsp;<\/p>\n<h2><strong>M\u00e1quina cascadora y separadora de huevos Transporte<\/strong><\/h2>\n<p>&nbsp;<\/p>\n<p>La m\u00e1quina cascadora y separadora de huevos necesita pagar una cierta cantidad de flete durante el transporte, lo que aumenta indirectamente el coste de producci\u00f3n. Este coste de transporte tambi\u00e9n aumentar\u00e1 el precio de la m\u00e1quina cascadora y separadora de huevos. Si la distancia de transporte es demasiado larga, el costo de transporte aumentar\u00e1 y el precio de venta tambi\u00e9n se ajustar\u00e1 en consecuencia.<\/p>\n<p>&nbsp;<\/p>\n<p>Los anteriores son todos los factores que Diamo Lee pone a su disposici\u00f3n sobre los factores de precio de M\u00e1quina Rompedora y Separadora de Huevos. Espero que le sea \u00fatil. Por supuesto, al elegir un separador de yema y clara de huevo, el precio es s\u00f3lo una parte, y debe considerarlo exhaustivamente antes de hacer su elecci\u00f3n. Nuestra f\u00e1brica produce una variedad de productos tales como galletas de huevo, m\u00e1quina para romper y separar huevos, etc. Si usted tiene necesidades relevantes, por favor deje un mensaje para la consulta.<\/p>\n<h2><strong> <img decoding=\"async\" loading=\"lazy\" class=\"alignnone size-full wp-image-2873\" src=\"https:\/\/www.eggmachinery.com\/wp-content\/uploads\/egg-breaking-machine-8_WH_750x750px.webp\" alt=\"egg breaking machine\" width=\"750\" height=\"750\" srcset=\"https:\/\/www.eggmachinery.com\/wp-content\/uploads\/egg-breaking-machine-8_WH_750x750px.webp 750w, https:\/\/www.eggmachinery.com\/wp-content\/uploads\/egg-breaking-machine-8_WH_750x750px-300x300.webp 300w, https:\/\/www.eggmachinery.com\/wp-content\/uploads\/egg-breaking-machine-8_WH_750x750px-150x150.webp 150w, https:\/\/www.eggmachinery.com\/wp-content\/uploads\/egg-breaking-machine-8_WH_750x750px-600x600.webp 600w, https:\/\/www.eggmachinery.com\/wp-content\/uploads\/egg-breaking-machine-8_WH_750x750px-100x100.webp 100w\" sizes=\"(max-width: 750px) 100vw, 750px\" \/><img decoding=\"async\" loading=\"lazy\" class=\"alignnone size-full wp-image-2874\" src=\"https:\/\/www.eggmachinery.com\/wp-content\/uploads\/egg-breaking-machine-9_WH_750x750px.webp\" alt=\"egg breaking machine\" width=\"750\" height=\"750\" srcset=\"https:\/\/www.eggmachinery.com\/wp-content\/uploads\/egg-breaking-machine-9_WH_750x750px.webp 750w, https:\/\/www.eggmachinery.com\/wp-content\/uploads\/egg-breaking-machine-9_WH_750x750px-300x300.webp 300w, https:\/\/www.eggmachinery.com\/wp-content\/uploads\/egg-breaking-machine-9_WH_750x750px-150x150.webp 150w, https:\/\/www.eggmachinery.com\/wp-content\/uploads\/egg-breaking-machine-9_WH_750x750px-600x600.webp 600w, https:\/\/www.eggmachinery.com\/wp-content\/uploads\/egg-breaking-machine-9_WH_750x750px-100x100.webp 100w\" sizes=\"(max-width: 750px) 100vw, 750px\" \/><\/strong><\/h2>\n<p><img decoding=\"async\" loading=\"lazy\" class=\"alignnone size-full wp-image-2875\" src=\"https:\/\/www.eggmachinery.com\/wp-content\/uploads\/egg-breaking-machine-10_WH_750x750px.webp\" alt=\"egg breaking machine\" width=\"750\" height=\"750\" srcset=\"https:\/\/www.eggmachinery.com\/wp-content\/uploads\/egg-breaking-machine-10_WH_750x750px.webp 750w, https:\/\/www.eggmachinery.com\/wp-content\/uploads\/egg-breaking-machine-10_WH_750x750px-300x300.webp 300w, https:\/\/www.eggmachinery.com\/wp-content\/uploads\/egg-breaking-machine-10_WH_750x750px-150x150.webp 150w, https:\/\/www.eggmachinery.com\/wp-content\/uploads\/egg-breaking-machine-10_WH_750x750px-600x600.webp 600w, https:\/\/www.eggmachinery.com\/wp-content\/uploads\/egg-breaking-machine-10_WH_750x750px-100x100.webp 100w\" sizes=\"(max-width: 750px) 100vw, 750px\" \/><\/p>\n<h2><strong>M\u00e1quina cascadora y separadora de huevos comercial Informaci\u00f3n de env\u00edo y pedidos<\/strong><\/h2>\n<ol>\n<li>Contenedor de carga: La m\u00e1quina cascadora y separadora de huevos puede ser cargada en contenedores en varios lugares, incluyendo Qingdao, Shanghai, Ningbo, Tianjin, Guangzhou, etc.<\/li>\n<\/ol>\n<p>&nbsp;<\/p>\n<ol start=\"2\">\n<li>M\u00e9todos de env\u00edo :Ofrecemos m\u00faltiples m\u00e9todos de env\u00edo, incluyendo servicio de mensajer\u00eda, transporte a\u00e9reo y transporte mar\u00edtimo, proporcionando flexibilidad en funci\u00f3n de las necesidades del cliente.<\/li>\n<\/ol>\n<p>&nbsp;<\/p>\n<ol start=\"3\">\n<li>Opciones de pedido :La empresa puede aceptar pedidos tanto de carga de contenedor completo como de carga de menos contenedores, atendiendo a diferentes escalas de demanda.<\/li>\n<\/ol>\n<p>&nbsp;<\/p>\n<ol start=\"4\">\n<li>Opciones de servicio :Ofrecemos varias opciones de servicio como EXW (Ex Works), FOB (Free On Board), CIF (Cost, Insurance, Freight), CNF (Cost and Freight), Door to Door, etc.<\/li>\n<\/ol>\n<p>&nbsp;<\/p>\n<p>5.Selecci\u00f3n de la empresa de transporte: Nos aseguramos de seleccionar la empresa de transporte m\u00e1s econ\u00f3mica y fiable para garantizar la entrega puntual de la m\u00e1quina cascadora y separadora de huevos.<\/p>\n<p>&nbsp;<\/p>\n<ol start=\"6\">\n<li>Informaci\u00f3n de seguimiento Una vez enviado el env\u00edo, la empresa proporciona un n\u00famero de seguimiento al cliente, lo que le permite controlar el estado de su pedido durante el tr\u00e1nsito.<\/li>\n<\/ol>\n<p><img decoding=\"async\" loading=\"lazy\" class=\"alignnone size-full wp-image-2905\" src=\"https:\/\/www.eggmachinery.com\/wp-content\/uploads\/Egg-machine-2.webp\" alt=\"Egg machine\" width=\"750\" height=\"750\" srcset=\"https:\/\/www.eggmachinery.com\/wp-content\/uploads\/Egg-machine-2.webp 750w, https:\/\/www.eggmachinery.com\/wp-content\/uploads\/Egg-machine-2-300x300.webp 300w, https:\/\/www.eggmachinery.com\/wp-content\/uploads\/Egg-machine-2-150x150.webp 150w, https:\/\/www.eggmachinery.com\/wp-content\/uploads\/Egg-machine-2-600x600.webp 600w, https:\/\/www.eggmachinery.com\/wp-content\/uploads\/Egg-machine-2-100x100.webp 100w\" sizes=\"(max-width: 750px) 100vw, 750px\" \/><\/p>","protected":false},"excerpt":{"rendered":"<p>Mejore su capacidad de producci\u00f3n con nuestra cascadora y separadora de yemas autom\u00e1tica. Espec\u00edficamente dise\u00f1ada para empresas de panader\u00eda, pasteler\u00eda y reposter\u00eda al huevo, esta m\u00e1quina cuenta con cascadora de huevos ajustable, control de pantalla t\u00e1ctil y separaci\u00f3n continua de clara y yema. Su construcci\u00f3n en acero inoxidable garantiza la higiene, mientras que su gran capacidad y sus funciones de f\u00e1cil manejo aseguran la eficacia y la comodidad. Mejore su procesamiento de huevos con nuestros equipos de gama alta.<\/p>","protected":false},"featured_media":2789,"template":"","meta":{"_seopress_robots_primary_cat":"none"},"product_cat":[18],"product_tag":[],"featured_image_urls":{"full":["https:\/\/www.eggmachinery.com\/wp-content\/uploads\/egg-breaking-and-separating-machine-1.webp",800,800,false],"thumbnail":["https:\/\/www.eggmachinery.com\/wp-content\/uploads\/egg-breaking-and-separating-machine-1-150x150.webp",150,150,true],"medium":["https:\/\/www.eggmachinery.com\/wp-content\/uploads\/egg-breaking-and-separating-machine-1-300x300.webp",300,300,true],"medium_large":["https:\/\/www.eggmachinery.com\/wp-content\/uploads\/egg-breaking-and-separating-machine-1-768x768.webp",768,768,true],"large":["https:\/\/www.eggmachinery.com\/wp-content\/uploads\/egg-breaking-and-separating-machine-1.webp",800,800,false],"1536x1536":["https:\/\/www.eggmachinery.com\/wp-content\/uploads\/egg-breaking-and-separating-machine-1.webp",800,800,false],"2048x2048":["https:\/\/www.eggmachinery.com\/wp-content\/uploads\/egg-breaking-and-separating-machine-1.webp",800,800,false],"trp-custom-language-flag":["https:\/\/www.eggmachinery.com\/wp-content\/uploads\/egg-breaking-and-separating-machine-1.webp",12,12,false],"woocommerce_thumbnail":["https:\/\/www.eggmachinery.com\/wp-content\/uploads\/egg-breaking-and-separating-machine-1-300x300.webp",300,300,true],"woocommerce_single":["https:\/\/www.eggmachinery.com\/wp-content\/uploads\/egg-breaking-and-separating-machine-1-600x600.webp",600,600,true],"woocommerce_gallery_thumbnail":["https:\/\/www.eggmachinery.com\/wp-content\/uploads\/egg-breaking-and-separating-machine-1-100x100.webp",100,100,true]},"post_excerpt_stackable":"<p>Enhance your production capabilities with our Automatic Egg Cracking Machine &amp; Yolk Separator. Specifically designed for bakery, cake factory, and egg pastry enterprises, this machine boasts adjustable egg breaker, touch screen control, and continuous separation of egg white and yolk. Its stainless steel construction guarantees hygiene, while its high capacity and user-friendly features ensure efficiency and convenience. Upgrade your egg processing with our top-of-the-line equipment.<\/p>\n","category_list":"","author_info":{"name":"","url":""},"comments_num":"0 comments","_links":{"self":[{"href":"https:\/\/www.eggmachinery.com\/es\/wp-json\/wp\/v2\/product\/2786"}],"collection":[{"href":"https:\/\/www.eggmachinery.com\/es\/wp-json\/wp\/v2\/product"}],"about":[{"href":"https:\/\/www.eggmachinery.com\/es\/wp-json\/wp\/v2\/types\/product"}],"wp:featuredmedia":[{"embeddable":true,"href":"https:\/\/www.eggmachinery.com\/es\/wp-json\/wp\/v2\/media\/2789"}],"wp:attachment":[{"href":"https:\/\/www.eggmachinery.com\/es\/wp-json\/wp\/v2\/media?parent=2786"}],"wp:term":[{"taxonomy":"product_cat","embeddable":true,"href":"https:\/\/www.eggmachinery.com\/es\/wp-json\/wp\/v2\/product_cat?post=2786"},{"taxonomy":"product_tag","embeddable":true,"href":"https:\/\/www.eggmachinery.com\/es\/wp-json\/wp\/v2\/product_tag?post=2786"}],"curies":[{"name":"wp","href":"https:\/\/api.w.org\/{rel}","templated":true}]}}