{"id":2804,"date":"2024-01-18T16:34:48","date_gmt":"2024-01-18T08:34:48","guid":{"rendered":"https:\/\/www.eggmachinery.com\/?post_type=product&#038;p=2804"},"modified":"2026-03-10T14:47:35","modified_gmt":"2026-03-10T06:47:35","slug":"quail-egg-peeler-machine-2","status":"publish","type":"product","link":"https:\/\/www.eggmachinery.com\/es\/producto\/quail-egg-peeler-machine-2\/","title":{"rendered":"M\u00e1quina peladora de huevos de codorniz"},"content":{"rendered":"<h2><strong>1. M\u00e1quina peladora de huevos de codorniz<\/strong><strong>\u00a0<\/strong><strong>Breve descripci\u00f3n<\/strong><\/h2>\n<p>La m\u00e1quina peladora de huevos de codorniz est\u00e1 dise\u00f1ada espec\u00edficamente para pelar huevos de codorniz de forma eficaz a gran escala. Construida con material de acero inoxidable, esta m\u00e1quina garantiza un proceso de pelado estable y limpio. Funciona autom\u00e1ticamente, sin necesidad de mano de obra. Los usuarios s\u00f3lo tienen que introducir huevos de codorniz duros en la m\u00e1quina, y los huevos pelados se descargan por la salida.<\/p>\n<p><img decoding=\"async\" loading=\"lazy\" class=\"alignnone size-full wp-image-2889\" src=\"https:\/\/www.eggmachinery.com\/wp-content\/uploads\/Quail-egg-peeling-machine-6.webp\" alt=\"Quail egg peeling machine\" width=\"750\" height=\"750\" srcset=\"https:\/\/www.eggmachinery.com\/wp-content\/uploads\/Quail-egg-peeling-machine-6.webp 750w, https:\/\/www.eggmachinery.com\/wp-content\/uploads\/Quail-egg-peeling-machine-6-300x300.webp 300w, https:\/\/www.eggmachinery.com\/wp-content\/uploads\/Quail-egg-peeling-machine-6-150x150.webp 150w, https:\/\/www.eggmachinery.com\/wp-content\/uploads\/Quail-egg-peeling-machine-6-600x600.webp 600w, https:\/\/www.eggmachinery.com\/wp-content\/uploads\/Quail-egg-peeling-machine-6-100x100.webp 100w\" sizes=\"(max-width: 750px) 100vw, 750px\" \/><\/p>\n<h2><strong>2.M\u00e1quina peladora de huevos de codorniz Caracter\u00edsticas<\/strong><\/h2>\n<ol>\n<li>Pelado eficiente: La m\u00e1quina puede pelar las c\u00e1scaras de huevo de codorniz de forma r\u00e1pida y limpia, mejorando la eficiencia y reduciendo los costes de mano de obra.<\/li>\n<li>Preservaci\u00f3n de la calidad del huevo: La peladora evita da\u00f1ar la superficie del huevo de codorniz, manteniendo una tasa de rotura inferior a 2% y preservando la nutrici\u00f3n y el sabor de los huevos de codorniz.<\/li>\n<li>Estructura razonable: La estructura de la m\u00e1quina est\u00e1 bien dise\u00f1ada, por lo que es f\u00e1cil de mover, limpiar y mantener.<\/li>\n<li>Material higi\u00e9nico: Fabricado en acero inoxidable 304, el pelador cumple las normas de higiene alimentaria.<\/li>\n<li>Alta calidad y rendimiento: La m\u00e1quina se caracteriza por su alta calidad, ahorro de energ\u00eda, protecci\u00f3n del medio ambiente, larga vida \u00fatil y rendimiento superior.<\/li>\n<li>Equipamiento complementario: Equipado con un<a href=\"https:\/\/www.eggmachinery.com\/es\/producto\/quail-egg-shelling-machine\/\"><u>m\u00e1quina de galletas de huevo de codorniz<\/u><\/a>La peladora consigue un mayor efecto de pelado.<\/li>\n<\/ol>\n<p><img decoding=\"async\" loading=\"lazy\" class=\"alignnone size-full wp-image-2885\" src=\"https:\/\/www.eggmachinery.com\/wp-content\/uploads\/Quail-egg-peeling-machine-2.webp\" alt=\"Quail egg peeling machine\" width=\"750\" height=\"750\" srcset=\"https:\/\/www.eggmachinery.com\/wp-content\/uploads\/Quail-egg-peeling-machine-2.webp 750w, https:\/\/www.eggmachinery.com\/wp-content\/uploads\/Quail-egg-peeling-machine-2-300x300.webp 300w, https:\/\/www.eggmachinery.com\/wp-content\/uploads\/Quail-egg-peeling-machine-2-150x150.webp 150w, https:\/\/www.eggmachinery.com\/wp-content\/uploads\/Quail-egg-peeling-machine-2-600x600.webp 600w, https:\/\/www.eggmachinery.com\/wp-content\/uploads\/Quail-egg-peeling-machine-2-100x100.webp 100w\" sizes=\"(max-width: 750px) 100vw, 750px\" \/><img decoding=\"async\" loading=\"lazy\" class=\"alignnone size-full wp-image-2886\" src=\"https:\/\/www.eggmachinery.com\/wp-content\/uploads\/Quail-egg-peeling-machine-3.webp\" alt=\"Quail egg peeling machine\" width=\"750\" height=\"750\" srcset=\"https:\/\/www.eggmachinery.com\/wp-content\/uploads\/Quail-egg-peeling-machine-3.webp 750w, https:\/\/www.eggmachinery.com\/wp-content\/uploads\/Quail-egg-peeling-machine-3-300x300.webp 300w, https:\/\/www.eggmachinery.com\/wp-content\/uploads\/Quail-egg-peeling-machine-3-150x150.webp 150w, https:\/\/www.eggmachinery.com\/wp-content\/uploads\/Quail-egg-peeling-machine-3-600x600.webp 600w, https:\/\/www.eggmachinery.com\/wp-content\/uploads\/Quail-egg-peeling-machine-3-100x100.webp 100w\" sizes=\"(max-width: 750px) 100vw, 750px\" \/><\/p>\n<h3><strong>3. M\u00e1quina peladora de huevos de codorniz<\/strong><strong>\u00a0<\/strong><strong>Aplicaci\u00f3n<\/strong><\/h3>\n<p>La m\u00e1quina es adecuada para las industrias dedicadas a la <a href=\"https:\/\/www.eggmachinery.com\/es\/producto\/boiled-quail-egg-peeler\/\"><u>transformaci\u00f3n de huevos de codorniz y huevos de codorniz cocidos<\/u><\/a>as\u00ed como otras aplicaciones alimentarias relacionadas con los huevos de codorniz.<\/p>\n<p><img decoding=\"async\" loading=\"lazy\" class=\"alignnone size-full wp-image-2890\" src=\"https:\/\/www.eggmachinery.com\/wp-content\/uploads\/Quail-egg-peeling-machine-7.webp\" alt=\"Quail egg peeling machine\" width=\"750\" height=\"750\" srcset=\"https:\/\/www.eggmachinery.com\/wp-content\/uploads\/Quail-egg-peeling-machine-7.webp 750w, https:\/\/www.eggmachinery.com\/wp-content\/uploads\/Quail-egg-peeling-machine-7-300x300.webp 300w, https:\/\/www.eggmachinery.com\/wp-content\/uploads\/Quail-egg-peeling-machine-7-150x150.webp 150w, https:\/\/www.eggmachinery.com\/wp-content\/uploads\/Quail-egg-peeling-machine-7-600x600.webp 600w, https:\/\/www.eggmachinery.com\/wp-content\/uploads\/Quail-egg-peeling-machine-7-100x100.webp 100w\" sizes=\"(max-width: 750px) 100vw, 750px\" \/><img decoding=\"async\" loading=\"lazy\" class=\"alignnone size-full wp-image-2891\" src=\"https:\/\/www.eggmachinery.com\/wp-content\/uploads\/Quail-egg-peeling-machine-8.webp\" alt=\"Quail egg peeling machine\" width=\"750\" height=\"750\" srcset=\"https:\/\/www.eggmachinery.com\/wp-content\/uploads\/Quail-egg-peeling-machine-8.webp 750w, https:\/\/www.eggmachinery.com\/wp-content\/uploads\/Quail-egg-peeling-machine-8-300x300.webp 300w, https:\/\/www.eggmachinery.com\/wp-content\/uploads\/Quail-egg-peeling-machine-8-150x150.webp 150w, https:\/\/www.eggmachinery.com\/wp-content\/uploads\/Quail-egg-peeling-machine-8-600x600.webp 600w, https:\/\/www.eggmachinery.com\/wp-content\/uploads\/Quail-egg-peeling-machine-8-100x100.webp 100w\" sizes=\"(max-width: 750px) 100vw, 750px\" \/><img decoding=\"async\" loading=\"lazy\" class=\"alignnone size-full wp-image-2884\" src=\"https:\/\/www.eggmachinery.com\/wp-content\/uploads\/Quail-egg-peeling-machine-1.webp\" alt=\"Quail egg peeling machine\" width=\"750\" height=\"750\" srcset=\"https:\/\/www.eggmachinery.com\/wp-content\/uploads\/Quail-egg-peeling-machine-1.webp 750w, https:\/\/www.eggmachinery.com\/wp-content\/uploads\/Quail-egg-peeling-machine-1-300x300.webp 300w, https:\/\/www.eggmachinery.com\/wp-content\/uploads\/Quail-egg-peeling-machine-1-150x150.webp 150w, https:\/\/www.eggmachinery.com\/wp-content\/uploads\/Quail-egg-peeling-machine-1-600x600.webp 600w, https:\/\/www.eggmachinery.com\/wp-content\/uploads\/Quail-egg-peeling-machine-1-100x100.webp 100w\" sizes=\"(max-width: 750px) 100vw, 750px\" \/><\/p>\n<h3><strong>4. M\u00e1quina peladora de huevos de codorniz<\/strong><strong>\u00a0<\/strong><strong>Principio de funcionamiento<\/strong><\/h3>\n<p>La peladora de huevos de codorniz funciona accionando el engranaje mediante la rotaci\u00f3n del motor. Este, a su vez, mueve la almohadilla de esponja hacia arriba y hacia abajo, junto con la manguera giratoria, generando fricci\u00f3n para arrancar la c\u00e1scara del huevo de codorniz de la superficie, logrando el efecto de pelado.<\/p>\n<p>&nbsp;<\/p>\n<h3><strong>5. M\u00e1quina peladora de huevos de codorniz<\/strong><strong>\u00a0<\/strong><strong>Especificaciones t\u00e9cnicas<\/strong><\/h3>\n<p>&#8211; -DA-Q1: 50-100kg\/h (about 4,000 pieces), Dimensions: 760mm\u00d7410mm\u00d7810mm, Weight: 52kg<\/p>\n<p>&#8211; DA-HQ2: 150-300kg\/h (about 30,000 pieces), Dimensions: 1200mm\u00d7650mm\u00d7800mm, Weight: 87kg<\/p>\n<p>&nbsp;<\/p>\n<h2><strong>6.Paquete de m\u00e1quina peladora de huevos de codorniz<\/strong><\/h2>\n<p>La m\u00e1quina se recubre con una pel\u00edcula y se embala en una caja de madera libre de fumigaci\u00f3n. Con la m\u00e1quina peladora de huevos de codorniz se suministra un juego de herramientas, que incluye manguera de goma, bate de goma esponjosa, cojinetes y otras herramientas. Embalaje personalizado est\u00e1 disponible a petici\u00f3n del cliente.<\/p>\n<p>&nbsp;<\/p>\n<h2><strong>7.Garant\u00eda de la m\u00e1quina peladora de huevos de codorniz<\/strong><\/h2>\n<p>Se ofrece un a\u00f1o de garant\u00eda. Las aver\u00edas causadas por la propia m\u00e1quina y los problemas de calidad son responsabilidad del fabricante.<\/p>\n<h3><strong>\u00a0<\/strong><\/h3>\n<h3><strong>8. M\u00e1quina peladora de huevos de codorniz<\/strong><strong>\u00a0<\/strong><strong>RFQ (solicitud de presupuesto)<\/strong><\/h3>\n<ol>\n<li>Proceso de importaci\u00f3n: Se proporciona asistencia para entregar la m\u00e1quina en el puerto mar\u00edtimo o aeropuerto m\u00e1s cercano o entrega puerta a puerta.<\/li>\n<li>Facilidad de manejo: La m\u00e1quina es f\u00e1cil de manejar, y se proporcionan manuales de usuario en ingl\u00e9s y v\u00eddeos sencillos como referencia.<\/li>\n<li>Garant\u00eda de calidad: La m\u00e1quina utiliza materiales de alta calidad, y las piezas de repuesto se incluyen de forma gratuita con la m\u00e1quina.<\/li>\n<li>M\u00e9todos de pago: Se aceptan varios m\u00e9todos de pago, incluyendo T\/T, Western Union, Paypal, L\/C, etc.<\/li>\n<li>Por qu\u00e9 elegirnos: La empresa ofrece m\u00e1quinas de buena calidad, precios competitivos y servicios profesionales de venta y posventa. Se proporciona ayuda t\u00e9cnica y piezas de repuesto en caso de problemas futuros.<\/li>\n<\/ol>\n<p><img decoding=\"async\" loading=\"lazy\" class=\"alignnone size-full wp-image-2880\" src=\"https:\/\/www.eggmachinery.com\/wp-content\/uploads\/about-us-3.webp\" alt=\"Quail egg peeling machine\" width=\"750\" height=\"750\" srcset=\"https:\/\/www.eggmachinery.com\/wp-content\/uploads\/about-us-3.webp 750w, https:\/\/www.eggmachinery.com\/wp-content\/uploads\/about-us-3-300x300.webp 300w, https:\/\/www.eggmachinery.com\/wp-content\/uploads\/about-us-3-150x150.webp 150w, https:\/\/www.eggmachinery.com\/wp-content\/uploads\/about-us-3-600x600.webp 600w, https:\/\/www.eggmachinery.com\/wp-content\/uploads\/about-us-3-100x100.webp 100w\" sizes=\"(max-width: 750px) 100vw, 750px\" \/><\/p>\n<p>&nbsp;<\/p>","protected":false},"excerpt":{"rendered":"<p>La m\u00e1quina peladora de huevos de codorniz se caracteriza por un pelado eficaz, la conservaci\u00f3n de la calidad del huevo, una estructura bien dise\u00f1ada, material higi\u00e9nico, alta calidad y rendimiento, y equipos complementarios para mejorar el pelado.<\/p>","protected":false},"featured_media":2809,"template":"","meta":{"_seopress_robots_primary_cat":"none"},"product_cat":[20],"product_tag":[],"featured_image_urls":{"full":["https:\/\/www.eggmachinery.com\/wp-content\/uploads\/where-to-buy-quail-egg-peeler.webp",800,800,false],"thumbnail":["https:\/\/www.eggmachinery.com\/wp-content\/uploads\/where-to-buy-quail-egg-peeler-150x150.webp",150,150,true],"medium":["https:\/\/www.eggmachinery.com\/wp-content\/uploads\/where-to-buy-quail-egg-peeler-300x300.webp",300,300,true],"medium_large":["https:\/\/www.eggmachinery.com\/wp-content\/uploads\/where-to-buy-quail-egg-peeler-768x768.webp",768,768,true],"large":["https:\/\/www.eggmachinery.com\/wp-content\/uploads\/where-to-buy-quail-egg-peeler.webp",800,800,false],"1536x1536":["https:\/\/www.eggmachinery.com\/wp-content\/uploads\/where-to-buy-quail-egg-peeler.webp",800,800,false],"2048x2048":["https:\/\/www.eggmachinery.com\/wp-content\/uploads\/where-to-buy-quail-egg-peeler.webp",800,800,false],"trp-custom-language-flag":["https:\/\/www.eggmachinery.com\/wp-content\/uploads\/where-to-buy-quail-egg-peeler.webp",12,12,false],"woocommerce_thumbnail":["https:\/\/www.eggmachinery.com\/wp-content\/uploads\/where-to-buy-quail-egg-peeler-300x300.webp",300,300,true],"woocommerce_single":["https:\/\/www.eggmachinery.com\/wp-content\/uploads\/where-to-buy-quail-egg-peeler-600x600.webp",600,600,true],"woocommerce_gallery_thumbnail":["https:\/\/www.eggmachinery.com\/wp-content\/uploads\/where-to-buy-quail-egg-peeler-100x100.webp",100,100,true]},"post_excerpt_stackable":"<p>The Quail Egg Peeler Machine features efficient peeling, preservation of egg quality, a well-designed structure, hygienic material, high quality and performance, and complementary equipment for enhanced peeling<\/p>\n","category_list":"","author_info":{"name":"","url":""},"comments_num":"0 comments","_links":{"self":[{"href":"https:\/\/www.eggmachinery.com\/es\/wp-json\/wp\/v2\/product\/2804"}],"collection":[{"href":"https:\/\/www.eggmachinery.com\/es\/wp-json\/wp\/v2\/product"}],"about":[{"href":"https:\/\/www.eggmachinery.com\/es\/wp-json\/wp\/v2\/types\/product"}],"wp:featuredmedia":[{"embeddable":true,"href":"https:\/\/www.eggmachinery.com\/es\/wp-json\/wp\/v2\/media\/2809"}],"wp:attachment":[{"href":"https:\/\/www.eggmachinery.com\/es\/wp-json\/wp\/v2\/media?parent=2804"}],"wp:term":[{"taxonomy":"product_cat","embeddable":true,"href":"https:\/\/www.eggmachinery.com\/es\/wp-json\/wp\/v2\/product_cat?post=2804"},{"taxonomy":"product_tag","embeddable":true,"href":"https:\/\/www.eggmachinery.com\/es\/wp-json\/wp\/v2\/product_tag?post=2804"}],"curies":[{"name":"wp","href":"https:\/\/api.w.org\/{rel}","templated":true}]}}