{"id":2817,"date":"2024-01-19T09:35:16","date_gmt":"2024-01-19T01:35:16","guid":{"rendered":"https:\/\/www.eggmachinery.com\/?post_type=product&#038;p=2817"},"modified":"2026-03-10T14:45:44","modified_gmt":"2026-03-10T06:45:44","slug":"9500-eggs-per-hour-egg-breaking-machine-for-bakery","status":"publish","type":"product","link":"https:\/\/www.eggmachinery.com\/es\/producto\/9500-eggs-per-hour-egg-breaking-machine-for-bakery\/","title":{"rendered":"9500 huevos por hora m\u00e1quina de romper el huevo para la panader\u00eda"},"content":{"rendered":"<table>\n<tbody>\n<tr>\n<td width=\"169\"><strong><b>Modelo<\/b><\/strong><\/td>\n<td width=\"286\"><strong><b>DA-S3<\/b><\/strong><\/td>\n<\/tr>\n<tr>\n<td width=\"169\">Capacidad<\/td>\n<td width=\"286\">8100-9500pcs\/h<\/td>\n<\/tr>\n<tr>\n<td width=\"169\">Tensi\u00f3n<\/td>\n<td width=\"286\">220V<\/td>\n<\/tr>\n<tr>\n<td width=\"169\">Potencia<\/td>\n<td width=\"286\">0,3 kW<\/td>\n<\/tr>\n<tr>\n<td width=\"169\">Peso<\/td>\n<td width=\"286\">150 kg<\/td>\n<\/tr>\n<tr>\n<td width=\"169\">Talla<\/td>\n<td width=\"286\">1750*1150*970mm<\/td>\n<\/tr>\n<\/tbody>\n<\/table>\n<p>&nbsp;<\/p>\n<p>&nbsp;<\/p>\n<h2><strong>M\u00e1quina cascadora de huevos <\/strong><strong>Principio de funcionamiento<\/strong><\/h2>\n<p>El principio de funcionamiento del\u00a0<a href=\"https:\/\/www.eggmachinery.com\/es\/producto\/simple-style-egg-breaking-machine\/\"><u>cascadora y separadora de yemas autom\u00e1tica<\/u><\/a>\u00a0se basa en las diferentes densidades de la clara y la yema. Cuando los huevos pasan por el separador, la clara y la yema se separan por separado. El interior del separador suele incluir un separador rotativo y un filtro. Estos componentes trabajan juntos para completar el proceso de separaci\u00f3n de la clara y la yema.<\/p>\n<p><img decoding=\"async\" loading=\"lazy\" class=\"alignnone size-full wp-image-2869\" src=\"https:\/\/www.eggmachinery.com\/wp-content\/uploads\/egg-breaking-machine-4_WH_750x750px.webp\" alt=\"egg breaking machine \" width=\"750\" height=\"750\" srcset=\"https:\/\/www.eggmachinery.com\/wp-content\/uploads\/egg-breaking-machine-4_WH_750x750px.webp 750w, https:\/\/www.eggmachinery.com\/wp-content\/uploads\/egg-breaking-machine-4_WH_750x750px-300x300.webp 300w, https:\/\/www.eggmachinery.com\/wp-content\/uploads\/egg-breaking-machine-4_WH_750x750px-150x150.webp 150w, https:\/\/www.eggmachinery.com\/wp-content\/uploads\/egg-breaking-machine-4_WH_750x750px-600x600.webp 600w, https:\/\/www.eggmachinery.com\/wp-content\/uploads\/egg-breaking-machine-4_WH_750x750px-100x100.webp 100w\" sizes=\"(max-width: 750px) 100vw, 750px\" \/><\/p>\n<p><img decoding=\"async\" loading=\"lazy\" class=\"size-full wp-image-2876\" src=\"https:\/\/www.eggmachinery.com\/wp-content\/uploads\/egg-breaking-machine-11_WH_750x750px.webp\" alt=\"egg breaking machine \" width=\"750\" height=\"750\" srcset=\"https:\/\/www.eggmachinery.com\/wp-content\/uploads\/egg-breaking-machine-11_WH_750x750px.webp 750w, https:\/\/www.eggmachinery.com\/wp-content\/uploads\/egg-breaking-machine-11_WH_750x750px-300x300.webp 300w, https:\/\/www.eggmachinery.com\/wp-content\/uploads\/egg-breaking-machine-11_WH_750x750px-150x150.webp 150w, https:\/\/www.eggmachinery.com\/wp-content\/uploads\/egg-breaking-machine-11_WH_750x750px-600x600.webp 600w, https:\/\/www.eggmachinery.com\/wp-content\/uploads\/egg-breaking-machine-11_WH_750x750px-100x100.webp 100w\" sizes=\"(max-width: 750px) 100vw, 750px\" \/><\/p>\n<p>&nbsp;<\/p>\n<h3><strong>M\u00e1quina cascadora de huevos <\/strong><strong>Piezas <\/strong><strong>W<\/strong><strong>o\u00eddo o <\/strong><strong>F<\/strong><strong>ailure <\/strong><strong>D<\/strong><strong>isplay<\/strong><\/h3>\n<p>El uso prolongado provocar\u00e1 el desgaste de algunas piezas, como motores, interruptores, etc. Compruebe regularmente cada componente. Si se detecta desgaste o envejecimiento, sustit\u00fayalo a tiempo para mantener el funcionamiento normal del equipo.<\/p>\n<p>&nbsp;<\/p>\n<p>\u200b<\/p>\n<p>&nbsp;<\/p>\n<p>Algunos dispositivos est\u00e1n configurados con una funci\u00f3n de visualizaci\u00f3n de fallos. Cuando se produce un fallo, el aparato muestra el c\u00f3digo de error correspondiente. Seg\u00fan el c\u00f3digo mostrado, busque en el manual del dispositivo y encuentre el m\u00e9todo de soluci\u00f3n de problemas correspondiente.<\/p>\n<p>&nbsp;<\/p>\n<p><img decoding=\"async\" loading=\"lazy\" class=\"size-full wp-image-2870\" src=\"https:\/\/www.eggmachinery.com\/wp-content\/uploads\/egg-breaking-machine-5_WH_750x750px.webp\" alt=\"egg breaking machine \" width=\"750\" height=\"750\" srcset=\"https:\/\/www.eggmachinery.com\/wp-content\/uploads\/egg-breaking-machine-5_WH_750x750px.webp 750w, https:\/\/www.eggmachinery.com\/wp-content\/uploads\/egg-breaking-machine-5_WH_750x750px-300x300.webp 300w, https:\/\/www.eggmachinery.com\/wp-content\/uploads\/egg-breaking-machine-5_WH_750x750px-150x150.webp 150w, https:\/\/www.eggmachinery.com\/wp-content\/uploads\/egg-breaking-machine-5_WH_750x750px-600x600.webp 600w, https:\/\/www.eggmachinery.com\/wp-content\/uploads\/egg-breaking-machine-5_WH_750x750px-100x100.webp 100w\" sizes=\"(max-width: 750px) 100vw, 750px\" \/><\/p>\n<p><img decoding=\"async\" loading=\"lazy\" class=\"alignnone size-full wp-image-2871\" src=\"https:\/\/www.eggmachinery.com\/wp-content\/uploads\/egg-breaking-machine-6_WH_750x750px.webp\" alt=\"egg breaking machine \" width=\"750\" height=\"750\" srcset=\"https:\/\/www.eggmachinery.com\/wp-content\/uploads\/egg-breaking-machine-6_WH_750x750px.webp 750w, https:\/\/www.eggmachinery.com\/wp-content\/uploads\/egg-breaking-machine-6_WH_750x750px-300x300.webp 300w, https:\/\/www.eggmachinery.com\/wp-content\/uploads\/egg-breaking-machine-6_WH_750x750px-150x150.webp 150w, https:\/\/www.eggmachinery.com\/wp-content\/uploads\/egg-breaking-machine-6_WH_750x750px-600x600.webp 600w, https:\/\/www.eggmachinery.com\/wp-content\/uploads\/egg-breaking-machine-6_WH_750x750px-100x100.webp 100w\" sizes=\"(max-width: 750px) 100vw, 750px\" \/><\/p>\n<p><img decoding=\"async\" loading=\"lazy\" class=\"alignnone size-full wp-image-2872\" src=\"https:\/\/www.eggmachinery.com\/wp-content\/uploads\/egg-breaking-machine-7_WH_750x750px.webp\" alt=\"egg breaking machine \" width=\"750\" height=\"750\" srcset=\"https:\/\/www.eggmachinery.com\/wp-content\/uploads\/egg-breaking-machine-7_WH_750x750px.webp 750w, https:\/\/www.eggmachinery.com\/wp-content\/uploads\/egg-breaking-machine-7_WH_750x750px-300x300.webp 300w, https:\/\/www.eggmachinery.com\/wp-content\/uploads\/egg-breaking-machine-7_WH_750x750px-150x150.webp 150w, https:\/\/www.eggmachinery.com\/wp-content\/uploads\/egg-breaking-machine-7_WH_750x750px-600x600.webp 600w, https:\/\/www.eggmachinery.com\/wp-content\/uploads\/egg-breaking-machine-7_WH_750x750px-100x100.webp 100w\" sizes=\"(max-width: 750px) 100vw, 750px\" \/><\/p>\n<p><img decoding=\"async\" loading=\"lazy\" class=\"alignnone size-full wp-image-2873\" src=\"https:\/\/www.eggmachinery.com\/wp-content\/uploads\/egg-breaking-machine-8_WH_750x750px.webp\" alt=\"egg breaking machine \" width=\"750\" height=\"750\" srcset=\"https:\/\/www.eggmachinery.com\/wp-content\/uploads\/egg-breaking-machine-8_WH_750x750px.webp 750w, https:\/\/www.eggmachinery.com\/wp-content\/uploads\/egg-breaking-machine-8_WH_750x750px-300x300.webp 300w, https:\/\/www.eggmachinery.com\/wp-content\/uploads\/egg-breaking-machine-8_WH_750x750px-150x150.webp 150w, https:\/\/www.eggmachinery.com\/wp-content\/uploads\/egg-breaking-machine-8_WH_750x750px-600x600.webp 600w, https:\/\/www.eggmachinery.com\/wp-content\/uploads\/egg-breaking-machine-8_WH_750x750px-100x100.webp 100w\" sizes=\"(max-width: 750px) 100vw, 750px\" \/><img decoding=\"async\" loading=\"lazy\" class=\"alignnone size-full wp-image-2874\" src=\"https:\/\/www.eggmachinery.com\/wp-content\/uploads\/egg-breaking-machine-9_WH_750x750px.webp\" alt=\"egg breaking machine \" width=\"750\" height=\"750\" srcset=\"https:\/\/www.eggmachinery.com\/wp-content\/uploads\/egg-breaking-machine-9_WH_750x750px.webp 750w, https:\/\/www.eggmachinery.com\/wp-content\/uploads\/egg-breaking-machine-9_WH_750x750px-300x300.webp 300w, https:\/\/www.eggmachinery.com\/wp-content\/uploads\/egg-breaking-machine-9_WH_750x750px-150x150.webp 150w, https:\/\/www.eggmachinery.com\/wp-content\/uploads\/egg-breaking-machine-9_WH_750x750px-600x600.webp 600w, https:\/\/www.eggmachinery.com\/wp-content\/uploads\/egg-breaking-machine-9_WH_750x750px-100x100.webp 100w\" sizes=\"(max-width: 750px) 100vw, 750px\" \/><img decoding=\"async\" loading=\"lazy\" class=\"alignnone size-full wp-image-2875\" src=\"https:\/\/www.eggmachinery.com\/wp-content\/uploads\/egg-breaking-machine-10_WH_750x750px.webp\" alt=\"egg breaking machine \" width=\"750\" height=\"750\" srcset=\"https:\/\/www.eggmachinery.com\/wp-content\/uploads\/egg-breaking-machine-10_WH_750x750px.webp 750w, https:\/\/www.eggmachinery.com\/wp-content\/uploads\/egg-breaking-machine-10_WH_750x750px-300x300.webp 300w, https:\/\/www.eggmachinery.com\/wp-content\/uploads\/egg-breaking-machine-10_WH_750x750px-150x150.webp 150w, https:\/\/www.eggmachinery.com\/wp-content\/uploads\/egg-breaking-machine-10_WH_750x750px-600x600.webp 600w, https:\/\/www.eggmachinery.com\/wp-content\/uploads\/egg-breaking-machine-10_WH_750x750px-100x100.webp 100w\" sizes=\"(max-width: 750px) 100vw, 750px\" \/><\/p>\n<p>&nbsp;<\/p>\n<p>&nbsp;<\/p>\n<p>&nbsp;<\/p>\n<h3><strong>M\u00e1quina cascadora y separadora de huevos Transporte<\/strong><\/h3>\n<p>&nbsp;<\/p>\n<p>La m\u00e1quina cascadora y separadora de huevos necesita pagar una cierta cantidad de flete durante el transporte, lo que aumenta indirectamente el coste de producci\u00f3n. Este coste de transporte tambi\u00e9n aumentar\u00e1 el precio de la m\u00e1quina cascadora y separadora de huevos. Si la distancia de transporte es demasiado larga, el costo de transporte aumentar\u00e1 y el precio de venta tambi\u00e9n se ajustar\u00e1 en consecuencia.<\/p>\n<p>&nbsp;<\/p>\n<p>Los anteriores son todos los factores que Diamo Lee pone a su disposici\u00f3n sobre los factores de precio de M\u00e1quina Rompedora y Separadora de Huevos. Espero que le sea \u00fatil. Por supuesto, al elegir un separador de yema y clara de huevo, el precio es s\u00f3lo una parte, y debe considerarlo exhaustivamente antes de hacer su elecci\u00f3n. Nuestra f\u00e1brica produce una variedad de productos tales como galletas de huevo, m\u00e1quina para romper y separar huevos, etc. Si usted tiene necesidades relevantes, por favor deje un mensaje para la consulta.<\/p>\n<h2><strong>\u00a0<\/strong><\/h2>\n<h2><strong>M\u00e1quina cascadora y separadora de huevos comercial Informaci\u00f3n de env\u00edo y pedidos<\/strong><\/h2>\n<ol>\n<li>Contenedor de carga: La m\u00e1quina cascadora y separadora de huevos puede ser cargada en contenedores en varios lugares, incluyendo Qingdao, Shanghai, Ningbo, Tianjin, Guangzhou, etc.<\/li>\n<\/ol>\n<p>&nbsp;<\/p>\n<ol start=\"2\">\n<li>M\u00e9todos de env\u00edo :Ofrecemos m\u00faltiples m\u00e9todos de env\u00edo, incluyendo servicio de mensajer\u00eda, transporte a\u00e9reo y transporte mar\u00edtimo, proporcionando flexibilidad en funci\u00f3n de las necesidades del cliente.<\/li>\n<\/ol>\n<p>&nbsp;<\/p>\n<ol start=\"3\">\n<li>Opciones de pedido :La empresa puede aceptar pedidos tanto de carga de contenedor completo como de carga de menos contenedores, atendiendo a diferentes escalas de demanda.<\/li>\n<\/ol>\n<p>&nbsp;<\/p>\n<ol start=\"4\">\n<li>Opciones de servicio :Ofrecemos varias opciones de servicio como EXW (Ex Works), FOB (Free On Board), CIF (Cost, Insurance, Freight), CNF (Cost and Freight), Door to Door, etc.<\/li>\n<\/ol>\n<p>&nbsp;<\/p>\n<p>Selecci\u00f3n de la empresa de transporte :Nos aseguramos de seleccionar la empresa de transporte m\u00e1s econ\u00f3mica y fiable para garantizar la entrega puntual de la m\u00e1quina cascadora y separadora de huevos.<\/p>\n<p>&nbsp;<\/p>\n<ol start=\"6\">\n<li>Informaci\u00f3n de seguimiento Una vez enviado el env\u00edo, la empresa proporciona un n\u00famero de seguimiento al cliente, lo que le permite controlar el estado de su pedido durante el tr\u00e1nsito.<\/li>\n<\/ol>\n<p><img decoding=\"async\" loading=\"lazy\" class=\"alignnone size-full wp-image-2883\" src=\"https:\/\/www.eggmachinery.com\/wp-content\/uploads\/about-us-6.webp\" alt=\"egg breaking machine\" width=\"750\" height=\"750\" srcset=\"https:\/\/www.eggmachinery.com\/wp-content\/uploads\/about-us-6.webp 750w, https:\/\/www.eggmachinery.com\/wp-content\/uploads\/about-us-6-300x300.webp 300w, https:\/\/www.eggmachinery.com\/wp-content\/uploads\/about-us-6-150x150.webp 150w, https:\/\/www.eggmachinery.com\/wp-content\/uploads\/about-us-6-600x600.webp 600w, https:\/\/www.eggmachinery.com\/wp-content\/uploads\/about-us-6-100x100.webp 100w\" sizes=\"(max-width: 750px) 100vw, 750px\" \/><\/p>","protected":false},"excerpt":{"rendered":"<p>El principio de funcionamiento del\u00a0<a href=\"https:\/\/www.eggmachinery.com\/es\/producto\/simple-style-egg-breaking-machine\/\"><u>cascadora y separadora de yemas autom\u00e1tica<\/u><\/a>\u00a0se basa en las diferentes densidades de la clara y la yema. Cuando los huevos pasan por el separador, la clara y la yema se separan por separado. El interior del separador suele incluir un separador rotativo y un filtro. Estos componentes trabajan juntos para completar el proceso de separaci\u00f3n de la clara y la yema.<\/p>\n<p>&nbsp;<\/p>","protected":false},"featured_media":2820,"template":"","meta":{"_seopress_robots_primary_cat":"none"},"product_cat":[18],"product_tag":[],"featured_image_urls":{"full":["https:\/\/www.eggmachinery.com\/wp-content\/uploads\/egg-breaking-machine-for-bakery.webp",800,800,false],"thumbnail":["https:\/\/www.eggmachinery.com\/wp-content\/uploads\/egg-breaking-machine-for-bakery-150x150.webp",150,150,true],"medium":["https:\/\/www.eggmachinery.com\/wp-content\/uploads\/egg-breaking-machine-for-bakery-300x300.webp",300,300,true],"medium_large":["https:\/\/www.eggmachinery.com\/wp-content\/uploads\/egg-breaking-machine-for-bakery-768x768.webp",768,768,true],"large":["https:\/\/www.eggmachinery.com\/wp-content\/uploads\/egg-breaking-machine-for-bakery.webp",800,800,false],"1536x1536":["https:\/\/www.eggmachinery.com\/wp-content\/uploads\/egg-breaking-machine-for-bakery.webp",800,800,false],"2048x2048":["https:\/\/www.eggmachinery.com\/wp-content\/uploads\/egg-breaking-machine-for-bakery.webp",800,800,false],"trp-custom-language-flag":["https:\/\/www.eggmachinery.com\/wp-content\/uploads\/egg-breaking-machine-for-bakery.webp",12,12,false],"woocommerce_thumbnail":["https:\/\/www.eggmachinery.com\/wp-content\/uploads\/egg-breaking-machine-for-bakery-300x300.webp",300,300,true],"woocommerce_single":["https:\/\/www.eggmachinery.com\/wp-content\/uploads\/egg-breaking-machine-for-bakery-600x600.webp",600,600,true],"woocommerce_gallery_thumbnail":["https:\/\/www.eggmachinery.com\/wp-content\/uploads\/egg-breaking-machine-for-bakery-100x100.webp",100,100,true]},"post_excerpt_stackable":"<p>The working principle of the\u00a0<a href=\"https:\/\/www.eggmachinery.com\/product\/simple-style-egg-breaking-machine\/\"><u>automatic egg breaker &amp; yolk separator machine<\/u><\/a>\u00a0is based on the different densities of egg white and egg yolk. When the eggs pass through the separator, the egg white and egg yolk are separated separately. The interior of the separator usually includes a rotary separator and a filter. These components work together to complete the process of separating egg whites and yolks.<\/p>\n<p>&nbsp;<\/p>\n","category_list":"","author_info":{"name":"","url":""},"comments_num":"0 comments","_links":{"self":[{"href":"https:\/\/www.eggmachinery.com\/es\/wp-json\/wp\/v2\/product\/2817"}],"collection":[{"href":"https:\/\/www.eggmachinery.com\/es\/wp-json\/wp\/v2\/product"}],"about":[{"href":"https:\/\/www.eggmachinery.com\/es\/wp-json\/wp\/v2\/types\/product"}],"wp:featuredmedia":[{"embeddable":true,"href":"https:\/\/www.eggmachinery.com\/es\/wp-json\/wp\/v2\/media\/2820"}],"wp:attachment":[{"href":"https:\/\/www.eggmachinery.com\/es\/wp-json\/wp\/v2\/media?parent=2817"}],"wp:term":[{"taxonomy":"product_cat","embeddable":true,"href":"https:\/\/www.eggmachinery.com\/es\/wp-json\/wp\/v2\/product_cat?post=2817"},{"taxonomy":"product_tag","embeddable":true,"href":"https:\/\/www.eggmachinery.com\/es\/wp-json\/wp\/v2\/product_tag?post=2817"}],"curies":[{"name":"wp","href":"https:\/\/api.w.org\/{rel}","templated":true}]}}