{"id":283,"date":"2021-04-12T16:42:18","date_gmt":"2021-04-12T08:42:18","guid":{"rendered":"https:\/\/demo.creativethemes.com\/blocksy\/homi\/?post_type=product&#038;p=283"},"modified":"2026-03-10T13:58:55","modified_gmt":"2026-03-10T05:58:55","slug":"egg-breaker-machine","status":"publish","type":"product","link":"https:\/\/www.eggmachinery.com\/es\/producto\/egg-breaker-machine\/","title":{"rendered":"M\u00e1quina cascadora de huevos"},"content":{"rendered":"<h2><strong><b><a href=\"https:\/\/www.eggmachinery.com\/es\/producto\/egg-breaking-machine\/\">M\u00e1quina cascadora de huevos<\/a> Descripci\u00f3n<\/b><\/strong><\/h2>\n<p>La cascadora industrial de huevos es una m\u00e1quina de extracci\u00f3n de huevo l\u00edquido de nuevo dise\u00f1o. Se puede utilizar para romper los huevos de gallina para obtener el l\u00edquido de huevo entero.<\/p>\n<p>En la actualidad, la m\u00e1quina industrial de extracci\u00f3n de huevo l\u00edquido e se utiliza ampliamente en la f\u00e1brica de productos de panader\u00eda, la f\u00e1brica de procesamiento de alimentos, la industria de la medicina y as\u00ed sucesivamente.<\/p>\n<p>&nbsp;<\/p>\n<figure id=\"attachment_751\" aria-describedby=\"caption-attachment-751\" style=\"width: 820px\" class=\"wp-caption alignnone\"><img decoding=\"async\" loading=\"lazy\" class=\"size-full wp-image-751\" src=\"https:\/\/www.eggmachinery.com\/wp-content\/uploads\/2021\/04\/egg-breaker-machine-2.webp\" alt=\"egg breaker machine\" width=\"820\" height=\"680\" srcset=\"https:\/\/www.eggmachinery.com\/wp-content\/uploads\/2021\/04\/egg-breaker-machine-2.webp 820w, https:\/\/www.eggmachinery.com\/wp-content\/uploads\/2021\/04\/egg-breaker-machine-2-300x249.webp 300w, https:\/\/www.eggmachinery.com\/wp-content\/uploads\/2021\/04\/egg-breaker-machine-2-768x637.webp 768w, https:\/\/www.eggmachinery.com\/wp-content\/uploads\/2021\/04\/egg-breaker-machine-2-600x498.webp 600w\" sizes=\"(max-width: 820px) 100vw, 820px\" \/><figcaption id=\"caption-attachment-751\" class=\"wp-caption-text\">m\u00e1quina rompehuevos<\/figcaption><\/figure>\n<p>&nbsp;<\/p>\n<h2><strong><b>Principio de funcionamiento de la cascadora de huevos<\/b><\/strong><\/h2>\n<ol>\n<li>En primer lugar, el trabajador introduce los huevos en el dep\u00f3sito de agua para huevos y, a continuaci\u00f3n, la cinta de rodillos transporta los huevos a la m\u00e1quina. <a href=\"https:\/\/www.eggmachinery.com\/es\/producto\/egg-cleaning-machine\/\">parte de lavado de huevos.<\/a><\/li>\n<li>En segundo lugar, utilizando pulverizaci\u00f3n de agua y cepillo de lavado especializado para lavar la suciedad.<\/li>\n<li>Despu\u00e9s del lavado, un viento m\u00e1s fuerte har\u00e1 que el huevo se seque lo m\u00e1s posible.<\/li>\n<li>A continuaci\u00f3n, la cinta de rodillos transportar\u00e1 los huevos a la parte de la candela, la luz LED saldr\u00e1 de debajo de los huevos y la luz penetrar\u00e1 en los huevos y, al mismo tiempo, los trabajadores podr\u00e1n seleccionar los huevos rancios, los huevos agrietados, los huevos de color negro y los huevos enmohecidos.<\/li>\n<li>Por \u00faltimo, los huevos de gallina ser\u00e1n transportados a la parte de rotura por la cinta de rodillos, y el equipo de rotura de huevos romper\u00e1 los huevos con el cuchillo especializado de rotura de huevos, los trabajadores deben preparar cubos para recoger la yema de huevo.<\/li>\n<\/ol>\n<p><img decoding=\"async\" loading=\"lazy\" class=\"alignnone size-full wp-image-3001\" src=\"https:\/\/www.eggmachinery.com\/wp-content\/uploads\/egg-machine-1_WH_750x750px.webp\" alt=\"egg machine\" width=\"750\" height=\"750\" srcset=\"https:\/\/www.eggmachinery.com\/wp-content\/uploads\/egg-machine-1_WH_750x750px.webp 750w, https:\/\/www.eggmachinery.com\/wp-content\/uploads\/egg-machine-1_WH_750x750px-300x300.webp 300w, https:\/\/www.eggmachinery.com\/wp-content\/uploads\/egg-machine-1_WH_750x750px-150x150.webp 150w, https:\/\/www.eggmachinery.com\/wp-content\/uploads\/egg-machine-1_WH_750x750px-600x600.webp 600w, https:\/\/www.eggmachinery.com\/wp-content\/uploads\/egg-machine-1_WH_750x750px-100x100.webp 100w\" sizes=\"(max-width: 750px) 100vw, 750px\" \/><\/p>\n<p><img decoding=\"async\" loading=\"lazy\" class=\"alignnone size-full wp-image-3003\" src=\"https:\/\/www.eggmachinery.com\/wp-content\/uploads\/egg-machine-3_WH_750x750px.webp\" alt=\"egg machine\" width=\"750\" height=\"750\" srcset=\"https:\/\/www.eggmachinery.com\/wp-content\/uploads\/egg-machine-3_WH_750x750px.webp 750w, https:\/\/www.eggmachinery.com\/wp-content\/uploads\/egg-machine-3_WH_750x750px-300x300.webp 300w, https:\/\/www.eggmachinery.com\/wp-content\/uploads\/egg-machine-3_WH_750x750px-150x150.webp 150w, https:\/\/www.eggmachinery.com\/wp-content\/uploads\/egg-machine-3_WH_750x750px-600x600.webp 600w, https:\/\/www.eggmachinery.com\/wp-content\/uploads\/egg-machine-3_WH_750x750px-100x100.webp 100w\" sizes=\"(max-width: 750px) 100vw, 750px\" \/><img decoding=\"async\" loading=\"lazy\" class=\"alignnone size-full wp-image-3004\" src=\"https:\/\/www.eggmachinery.com\/wp-content\/uploads\/egg-machine-4_WH_750x750px.webp\" alt=\"egg machine\" width=\"750\" height=\"750\" srcset=\"https:\/\/www.eggmachinery.com\/wp-content\/uploads\/egg-machine-4_WH_750x750px.webp 750w, https:\/\/www.eggmachinery.com\/wp-content\/uploads\/egg-machine-4_WH_750x750px-300x300.webp 300w, https:\/\/www.eggmachinery.com\/wp-content\/uploads\/egg-machine-4_WH_750x750px-150x150.webp 150w, https:\/\/www.eggmachinery.com\/wp-content\/uploads\/egg-machine-4_WH_750x750px-600x600.webp 600w, https:\/\/www.eggmachinery.com\/wp-content\/uploads\/egg-machine-4_WH_750x750px-100x100.webp 100w\" sizes=\"(max-width: 750px) 100vw, 750px\" \/><\/p>\n<h3>V\u00eddeo de la cascadora autom\u00e1tica de huevos<\/h3>\n<p><iframe loading=\"lazy\" title=\"precio de la cascadora de huevos\/equipo para cascar huevos\" width=\"1290\" height=\"726\" src=\"https:\/\/www.youtube.com\/embed\/tbW9RmQ_W40?feature=oembed\" frameborder=\"0\" allow=\"accelerometer; autoplay; clipboard-write; encrypted-media; gyroscope; picture-in-picture; web-share\" referrerpolicy=\"strict-origin-when-cross-origin\" allowfullscreen><\/iframe><\/p>","protected":false},"excerpt":{"rendered":"<p>La cascadora industrial de huevos es una m\u00e1quina de extracci\u00f3n de huevo l\u00edquido de nuevo dise\u00f1o. Se puede utilizar para romper los huevos de gallina para obtener el l\u00edquido de huevo entero.<\/p>\n<p>En la actualidad, la m\u00e1quina industrial de extracci\u00f3n de huevo l\u00edquido e se utiliza ampliamente en la f\u00e1brica de productos de panader\u00eda, la f\u00e1brica de procesamiento de alimentos, la industria de la medicina y as\u00ed sucesivamente.<\/p>","protected":false},"featured_media":751,"template":"","meta":{"_seopress_robots_primary_cat":"none"},"product_cat":[18],"product_tag":[],"featured_image_urls":{"full":["https:\/\/www.eggmachinery.com\/wp-content\/uploads\/2021\/04\/egg-breaker-machine-2.webp",820,680,false],"thumbnail":["https:\/\/www.eggmachinery.com\/wp-content\/uploads\/2021\/04\/egg-breaker-machine-2-150x150.webp",150,150,true],"medium":["https:\/\/www.eggmachinery.com\/wp-content\/uploads\/2021\/04\/egg-breaker-machine-2-300x249.webp",300,249,true],"medium_large":["https:\/\/www.eggmachinery.com\/wp-content\/uploads\/2021\/04\/egg-breaker-machine-2-768x637.webp",768,637,true],"large":["https:\/\/www.eggmachinery.com\/wp-content\/uploads\/2021\/04\/egg-breaker-machine-2.webp",820,680,false],"1536x1536":["https:\/\/www.eggmachinery.com\/wp-content\/uploads\/2021\/04\/egg-breaker-machine-2.webp",820,680,false],"2048x2048":["https:\/\/www.eggmachinery.com\/wp-content\/uploads\/2021\/04\/egg-breaker-machine-2.webp",820,680,false],"trp-custom-language-flag":["https:\/\/www.eggmachinery.com\/wp-content\/uploads\/2021\/04\/egg-breaker-machine-2.webp",14,12,false],"woocommerce_thumbnail":["https:\/\/www.eggmachinery.com\/wp-content\/uploads\/2021\/04\/egg-breaker-machine-2-300x249.webp",300,249,true],"woocommerce_single":["https:\/\/www.eggmachinery.com\/wp-content\/uploads\/2021\/04\/egg-breaker-machine-2-600x498.webp",600,498,true],"woocommerce_gallery_thumbnail":["https:\/\/www.eggmachinery.com\/wp-content\/uploads\/2021\/04\/egg-breaker-machine-2-100x100.webp",100,100,true]},"post_excerpt_stackable":"<p>Industrial egg breaker machine is new design egg liquid extraction machine. It can be used to crack chicken eggs to get\u00a0 the whole egg liquid.<\/p>\n<p>Now, Industrial egg liquid extraction machine e are widely used in the bakery products factory, food processing factory, medicine industry and so on.<\/p>\n","category_list":"","author_info":{"name":"","url":""},"comments_num":"0 comments","_links":{"self":[{"href":"https:\/\/www.eggmachinery.com\/es\/wp-json\/wp\/v2\/product\/283"}],"collection":[{"href":"https:\/\/www.eggmachinery.com\/es\/wp-json\/wp\/v2\/product"}],"about":[{"href":"https:\/\/www.eggmachinery.com\/es\/wp-json\/wp\/v2\/types\/product"}],"wp:featuredmedia":[{"embeddable":true,"href":"https:\/\/www.eggmachinery.com\/es\/wp-json\/wp\/v2\/media\/751"}],"wp:attachment":[{"href":"https:\/\/www.eggmachinery.com\/es\/wp-json\/wp\/v2\/media?parent=283"}],"wp:term":[{"taxonomy":"product_cat","embeddable":true,"href":"https:\/\/www.eggmachinery.com\/es\/wp-json\/wp\/v2\/product_cat?post=283"},{"taxonomy":"product_tag","embeddable":true,"href":"https:\/\/www.eggmachinery.com\/es\/wp-json\/wp\/v2\/product_tag?post=283"}],"curies":[{"name":"wp","href":"https:\/\/api.w.org\/{rel}","templated":true}]}}