{"id":2841,"date":"2024-01-22T13:12:19","date_gmt":"2024-01-22T05:12:19","guid":{"rendered":"https:\/\/www.eggmachinery.com\/?post_type=product&#038;p=2841"},"modified":"2024-01-23T16:50:56","modified_gmt":"2024-01-23T08:50:56","slug":"egg-breaking-machine-2","status":"publish","type":"product","link":"https:\/\/www.eggmachinery.com\/es\/producto\/egg-breaking-machine-2\/","title":{"rendered":"M\u00e1quina cascadora de huevos - Modelo HT-C300"},"content":{"rendered":"<h2><a href=\"https:\/\/www.eggmachinery.com\/es\/producto\/egg-cracking-machine\/\"><u>M\u00e1quina cascadora de huevos<\/u><\/a><strong>\u00a0Especificaciones:<\/strong><\/h2>\n<p>- Modelo: HT-C300<\/p>\n<p>- Voltaje: 220V\/380V\/415V, alimentaci\u00f3n trif\u00e1sica, 2,2kw<\/p>\n<p>- Producci\u00f3n: 12000 piezas\/hora, 300kg\/hora<\/p>\n<p>- Material: Acero inoxidable, la parte en contacto con el l\u00edquido del huevo es de acero inoxidable 304<\/p>\n<p>- Accesorios de f\u00e1brica: 2 correas y 1 reparador<\/p>\n<p>- Tama\u00f1o: 900*600*1100mm<\/p>\n<p>- Tama\u00f1o del paquete: 1000*800*1400mm<\/p>\n<p>- Peso: 150 kg<\/p>\n<p><img decoding=\"async\" loading=\"lazy\" class=\"alignnone size-full wp-image-2920\" src=\"https:\/\/www.eggmachinery.com\/wp-content\/uploads\/egg-cracking-machine-2.webp\" alt=\"egg cracking machine\" width=\"750\" height=\"750\" srcset=\"https:\/\/www.eggmachinery.com\/wp-content\/uploads\/egg-cracking-machine-2.webp 750w, https:\/\/www.eggmachinery.com\/wp-content\/uploads\/egg-cracking-machine-2-300x300.webp 300w, https:\/\/www.eggmachinery.com\/wp-content\/uploads\/egg-cracking-machine-2-150x150.webp 150w, https:\/\/www.eggmachinery.com\/wp-content\/uploads\/egg-cracking-machine-2-600x600.webp 600w, https:\/\/www.eggmachinery.com\/wp-content\/uploads\/egg-cracking-machine-2-100x100.webp 100w\" sizes=\"(max-width: 750px) 100vw, 750px\" \/><\/p>\n<h2><strong>M\u00e1quina cascadora de huevos Introducci\u00f3n:<\/strong><\/h2>\n<p>La cascadora de huevos est\u00e1 dise\u00f1ada para romper huevos y separar el huevo l\u00edquido de la c\u00e1scara. Adem\u00e1s, puede triturar la c\u00e1scara del huevo en trozos peque\u00f1os, reduciendo el volumen de las c\u00e1scaras para facilitar su descarga. La m\u00e1quina es capaz de cascar autom\u00e1ticamente huevos enteros y separar eficazmente la c\u00e1scara y el huevo l\u00edquido. Tiene aplicaciones en la elaboraci\u00f3n de ovoproductos, f\u00e1bricas de pasteles, grandes comedores y otros entornos que requieran el procesamiento simult\u00e1neo de una gran cantidad de huevos.<\/p>\n<h3><strong> <img decoding=\"async\" loading=\"lazy\" class=\"alignnone size-full wp-image-2919\" src=\"https:\/\/www.eggmachinery.com\/wp-content\/uploads\/egg-cracking-machine-1.webp\" alt=\"egg cracking machine\" width=\"750\" height=\"750\" srcset=\"https:\/\/www.eggmachinery.com\/wp-content\/uploads\/egg-cracking-machine-1.webp 750w, https:\/\/www.eggmachinery.com\/wp-content\/uploads\/egg-cracking-machine-1-300x300.webp 300w, https:\/\/www.eggmachinery.com\/wp-content\/uploads\/egg-cracking-machine-1-150x150.webp 150w, https:\/\/www.eggmachinery.com\/wp-content\/uploads\/egg-cracking-machine-1-600x600.webp 600w, https:\/\/www.eggmachinery.com\/wp-content\/uploads\/egg-cracking-machine-1-100x100.webp 100w\" sizes=\"(max-width: 750px) 100vw, 750px\" \/><\/strong><\/h3>\n<h3><strong>M\u00e1quina cascadora de huevos Caracter\u00edsticas:<\/strong><\/h3>\n<ol>\n<li>Mecanismo centr\u00edfugo especial: Dise\u00f1ado para altas velocidades de separaci\u00f3n de huevo l\u00edquido y c\u00e1scara.<\/li>\n<li>Material: Todas las piezas de acero inoxidable 304# para facilitar el desmontaje y la limpieza.<\/li>\n<li>Malla filtrante: Adopta una estructura ranurada para una mayor durabilidad, evitando atascos y garantizando que no queden impurezas granulares en el l\u00edquido del huevo.<\/li>\n<li>Alto \u00edndice de recogida: Alcanza una tasa de recogida de 97-99% para el huevo l\u00edquido.<\/li>\n<li>Gran capacidad: Procesa hasta 12000 piezas\/h.<\/li>\n<li>Ocupaci\u00f3n econ\u00f3mica del espacio: No requiere un gran espacio de taller.<\/li>\n<li>Peque\u00f1a inversi\u00f3n: Soluci\u00f3n rentable para las necesidades de procesamiento de huevos.<\/li>\n<\/ol>\n<h3><strong> <img decoding=\"async\" loading=\"lazy\" class=\"alignnone size-full wp-image-2922\" src=\"https:\/\/www.eggmachinery.com\/wp-content\/uploads\/egg-cracking-machine-4.webp\" alt=\"egg cracking machine\" width=\"750\" height=\"750\" srcset=\"https:\/\/www.eggmachinery.com\/wp-content\/uploads\/egg-cracking-machine-4.webp 750w, https:\/\/www.eggmachinery.com\/wp-content\/uploads\/egg-cracking-machine-4-300x300.webp 300w, https:\/\/www.eggmachinery.com\/wp-content\/uploads\/egg-cracking-machine-4-150x150.webp 150w, https:\/\/www.eggmachinery.com\/wp-content\/uploads\/egg-cracking-machine-4-600x600.webp 600w, https:\/\/www.eggmachinery.com\/wp-content\/uploads\/egg-cracking-machine-4-100x100.webp 100w\" sizes=\"(max-width: 750px) 100vw, 750px\" \/><\/strong><\/h3>\n<h3><strong>Pautas de uso de la cascadora de huevos:<\/strong><\/h3>\n<ol>\n<li>Aseg\u00farese de que la m\u00e1quina est\u00e1 colocada de forma estable e instale el cable de conexi\u00f3n a tierra.<\/li>\n<li>Compruebe y observe el sentido de giro de la m\u00e1quina despu\u00e9s de conectar la alimentaci\u00f3n. Aj\u00fastelo si es necesario.<\/li>\n<li>Evite verter demasiados huevos a la vez para evitar que se atasquen y se rompa la cinta.<\/li>\n<li>Cuando limpie la m\u00e1quina, utilice un cepillo de alambre para limpiar el cilindro del filtro y los orificios de la malla. Adem\u00e1s, limpie la rejilla del filtro y los restos de c\u00e1scara de huevo en el n\u00facleo del cilindro para evitar obstrucciones y garantizar un funcionamiento uniforme.<\/li>\n<\/ol>\n<p><img decoding=\"async\" loading=\"lazy\" class=\"alignnone size-full wp-image-2921\" src=\"https:\/\/www.eggmachinery.com\/wp-content\/uploads\/egg-cracking-machine-3.webp\" alt=\"egg cracking machine\" width=\"750\" height=\"750\" srcset=\"https:\/\/www.eggmachinery.com\/wp-content\/uploads\/egg-cracking-machine-3.webp 750w, https:\/\/www.eggmachinery.com\/wp-content\/uploads\/egg-cracking-machine-3-300x300.webp 300w, https:\/\/www.eggmachinery.com\/wp-content\/uploads\/egg-cracking-machine-3-150x150.webp 150w, https:\/\/www.eggmachinery.com\/wp-content\/uploads\/egg-cracking-machine-3-600x600.webp 600w, https:\/\/www.eggmachinery.com\/wp-content\/uploads\/egg-cracking-machine-3-100x100.webp 100w\" sizes=\"(max-width: 750px) 100vw, 750px\" \/><\/p>\n<p>Nota: Se recomienda seguir las directrices proporcionadas para garantizar el correcto funcionamiento y mantenimiento de la cascadora de huevos.<\/p>\n<p><img decoding=\"async\" loading=\"lazy\" class=\"alignnone size-full wp-image-2906\" src=\"https:\/\/www.eggmachinery.com\/wp-content\/uploads\/Egg-machine-3.webp\" alt=\"industrial egg peeling machine\" width=\"750\" height=\"750\" srcset=\"https:\/\/www.eggmachinery.com\/wp-content\/uploads\/Egg-machine-3.webp 750w, https:\/\/www.eggmachinery.com\/wp-content\/uploads\/Egg-machine-3-300x300.webp 300w, https:\/\/www.eggmachinery.com\/wp-content\/uploads\/Egg-machine-3-150x150.webp 150w, https:\/\/www.eggmachinery.com\/wp-content\/uploads\/Egg-machine-3-600x600.webp 600w, https:\/\/www.eggmachinery.com\/wp-content\/uploads\/Egg-machine-3-100x100.webp 100w\" sizes=\"(max-width: 750px) 100vw, 750px\" \/><\/p>","protected":false},"excerpt":{"rendered":"<p>Mejore su capacidad de procesamiento de huevos con la cascadora HT-C300. Su material de acero inoxidable y su eficiente dise\u00f1o garantizan su durabilidad y f\u00e1cil mantenimiento. Gracias a su capacidad para cascar huevos, separar el huevo l\u00edquido de la c\u00e1scara y aplastar las c\u00e1scaras para facilitar la descarga, esta m\u00e1quina es una opci\u00f3n fiable para el procesamiento de ovoproductos.<\/p>","protected":false},"featured_media":2844,"template":"","meta":{"_seopress_robots_primary_cat":"none"},"product_cat":[29],"product_tag":[],"featured_image_urls":{"full":["https:\/\/www.eggmachinery.com\/wp-content\/uploads\/egg-breaking-machine-for-sale.webp",800,800,false],"thumbnail":["https:\/\/www.eggmachinery.com\/wp-content\/uploads\/egg-breaking-machine-for-sale-150x150.webp",150,150,true],"medium":["https:\/\/www.eggmachinery.com\/wp-content\/uploads\/egg-breaking-machine-for-sale-300x300.webp",300,300,true],"medium_large":["https:\/\/www.eggmachinery.com\/wp-content\/uploads\/egg-breaking-machine-for-sale-768x768.webp",768,768,true],"large":["https:\/\/www.eggmachinery.com\/wp-content\/uploads\/egg-breaking-machine-for-sale.webp",800,800,false],"1536x1536":["https:\/\/www.eggmachinery.com\/wp-content\/uploads\/egg-breaking-machine-for-sale.webp",800,800,false],"2048x2048":["https:\/\/www.eggmachinery.com\/wp-content\/uploads\/egg-breaking-machine-for-sale.webp",800,800,false],"trp-custom-language-flag":["https:\/\/www.eggmachinery.com\/wp-content\/uploads\/egg-breaking-machine-for-sale.webp",12,12,false],"woocommerce_thumbnail":["https:\/\/www.eggmachinery.com\/wp-content\/uploads\/egg-breaking-machine-for-sale-300x300.webp",300,300,true],"woocommerce_single":["https:\/\/www.eggmachinery.com\/wp-content\/uploads\/egg-breaking-machine-for-sale-600x600.webp",600,600,true],"woocommerce_gallery_thumbnail":["https:\/\/www.eggmachinery.com\/wp-content\/uploads\/egg-breaking-machine-for-sale-100x100.webp",100,100,true]},"post_excerpt_stackable":"<p>Upgrade your egg processing capabilities with the HT-C300 Egg Breaking Machine. Its stainless steel material and efficient design guarantee durability and easy maintenance. With its ability to break eggs, separate egg liquid from eggshell, and crush the shells for easy discharge, this machine is a reliable choice for egg product processing<\/p>\n","category_list":"","author_info":{"name":"","url":""},"comments_num":"0 comments","_links":{"self":[{"href":"https:\/\/www.eggmachinery.com\/es\/wp-json\/wp\/v2\/product\/2841"}],"collection":[{"href":"https:\/\/www.eggmachinery.com\/es\/wp-json\/wp\/v2\/product"}],"about":[{"href":"https:\/\/www.eggmachinery.com\/es\/wp-json\/wp\/v2\/types\/product"}],"wp:featuredmedia":[{"embeddable":true,"href":"https:\/\/www.eggmachinery.com\/es\/wp-json\/wp\/v2\/media\/2844"}],"wp:attachment":[{"href":"https:\/\/www.eggmachinery.com\/es\/wp-json\/wp\/v2\/media?parent=2841"}],"wp:term":[{"taxonomy":"product_cat","embeddable":true,"href":"https:\/\/www.eggmachinery.com\/es\/wp-json\/wp\/v2\/product_cat?post=2841"},{"taxonomy":"product_tag","embeddable":true,"href":"https:\/\/www.eggmachinery.com\/es\/wp-json\/wp\/v2\/product_tag?post=2841"}],"curies":[{"name":"wp","href":"https:\/\/api.w.org\/{rel}","templated":true}]}}