{"id":2845,"date":"2024-01-22T13:32:21","date_gmt":"2024-01-22T05:32:21","guid":{"rendered":"https:\/\/www.eggmachinery.com\/?post_type=product&#038;p=2845"},"modified":"2024-01-22T13:32:22","modified_gmt":"2024-01-22T05:32:22","slug":"quail-egg-boiling-and-cooking-machine","status":"publish","type":"product","link":"https:\/\/www.eggmachinery.com\/es\/producto\/quail-egg-boiling-and-cooking-machine\/","title":{"rendered":"Hervidora y cocedora de huevos de codorniz"},"content":{"rendered":"<h2><strong>M\u00e1quina para cocer y hervir huevos de codorniz Especificaciones t\u00e9cnicas:<\/strong><\/h2>\n<p>Art\u00edculo: M\u00e1quina para cocer huevos de codorniz<\/p>\n<p>Potencia: 370 W<\/p>\n<p>Dimensiones (mm): 1000*900*2000<\/p>\n<p>Peso (KG): 240<\/p>\n<h2><strong>\u00a0<\/strong><\/h2>\n<h2><strong>Codorniz Hervir Huevo y Cocinar M\u00e1quina Descripci\u00f3n de la funci\u00f3n:<\/strong><\/h2>\n<p>La m\u00e1quina de cocci\u00f3n y ebullici\u00f3n de huevos de codorniz es un aparato multifuncional que integra un equipo de remojo a baja temperatura de huevos de codorniz y una m\u00e1quina de cocci\u00f3n de huevos. Est\u00e1 dise\u00f1ada para mejorar la calidad y el rendimiento de los productos acabados de huevo de codorniz mediante caracter\u00edsticas espec\u00edficas.<\/p>\n<p>&nbsp;<\/p>\n<h3><strong>Hervir huevos de codorniz:<\/strong><\/h3>\n<p>La m\u00e1quina est\u00e1 equipada para cocer huevos de codorniz con eficacia, con el objetivo de mejorar la excentricidad de la yema de huevo y aumentar el rendimiento general de los productos acabados de huevo de codorniz.<\/p>\n<p>&nbsp;<\/p>\n<h3><strong>Caracter\u00edsticas del producto:<\/strong><\/h3>\n<ol>\n<li>Dise\u00f1o ligero: La m\u00e1quina presenta un dise\u00f1o ligero que facilita su traslado. Combina funcionalidad con portabilidad, garantizando la comodidad en diversos entornos.<\/li>\n<li>Fabricaci\u00f3n en acero inoxidable: Construida con materiales de acero inoxidable, la m\u00e1quina no s\u00f3lo es duradera, sino tambi\u00e9n f\u00e1cil de manejar. El uso de acero inoxidable garantiza la higiene, y el material es resistente a la corrosi\u00f3n.<\/li>\n<li>F\u00e1cil manejo, bajo nivel de ruido: La m\u00e1quina est\u00e1 dise\u00f1ada para un manejo sencillo, proporcionando una experiencia f\u00e1cil de usar. Adem\u00e1s, funciona con bajos niveles de ruido, lo que contribuye a crear un entorno de trabajo c\u00f3modo.<\/li>\n<li>Ahorro de energ\u00eda y protecci\u00f3n del medio ambiente: La m\u00e1quina para cocer y hervir huevos de codorniz est\u00e1 dise\u00f1ada teniendo en cuenta la eficiencia energ\u00e9tica. Promueve la sostenibilidad medioambiental a la vez que ofrece un funcionamiento rentable.<\/li>\n<li>Larga vida \u00fatil, bajo mantenimiento: Con un enfoque en la longevidad, la m\u00e1quina est\u00e1 construida para tener una larga vida operativa. Requiere un mantenimiento m\u00ednimo, lo que reduce el tiempo de inactividad y los costes de mantenimiento.<\/li>\n<\/ol>\n<p>&nbsp;<\/p>\n<p>Nota: La m\u00e1quina para cocer y hervir huevos de codorniz es una soluci\u00f3n vers\u00e1til para procesar huevos de codorniz, que ofrece eficacia, durabilidad y facilidad de uso. Su dise\u00f1o prioriza tanto la funcionalidad como la facilidad de uso, lo que la hace adecuada para diversos entornos en los que <a href=\"https:\/\/www.eggmachinery.com\/es\/producto\/boiled-quail-egg-peeler\/\"><u>procesamiento de huevos de codorniz<\/u><\/a>\u00a0es necesario.<\/p>","protected":false},"excerpt":{"rendered":"<p>Maximice el rendimiento de los huevos de codorniz con nuestra m\u00e1quina de cocci\u00f3n de huevos de codorniz. Dise\u00f1o ligero y port\u00e1til para mayor versatilidad. Construcci\u00f3n de acero inoxidable para mayor durabilidad e higiene. F\u00e1cil manejo y bajos niveles de ruido para una experiencia agradable para el usuario. Ahorro de energ\u00eda y bajo mantenimiento para un procesado eficiente y rentable.<\/p>","protected":false},"featured_media":2848,"template":"","meta":{"_seopress_robots_primary_cat":""},"product_cat":[15,30],"product_tag":[],"featured_image_urls":{"full":["https:\/\/www.eggmachinery.com\/wp-content\/uploads\/quail-egg-boiling-machine.webp",800,800,false],"thumbnail":["https:\/\/www.eggmachinery.com\/wp-content\/uploads\/quail-egg-boiling-machine-150x150.webp",150,150,true],"medium":["https:\/\/www.eggmachinery.com\/wp-content\/uploads\/quail-egg-boiling-machine-300x300.webp",300,300,true],"medium_large":["https:\/\/www.eggmachinery.com\/wp-content\/uploads\/quail-egg-boiling-machine-768x768.webp",768,768,true],"large":["https:\/\/www.eggmachinery.com\/wp-content\/uploads\/quail-egg-boiling-machine.webp",800,800,false],"1536x1536":["https:\/\/www.eggmachinery.com\/wp-content\/uploads\/quail-egg-boiling-machine.webp",800,800,false],"2048x2048":["https:\/\/www.eggmachinery.com\/wp-content\/uploads\/quail-egg-boiling-machine.webp",800,800,false],"trp-custom-language-flag":["https:\/\/www.eggmachinery.com\/wp-content\/uploads\/quail-egg-boiling-machine.webp",12,12,false],"woocommerce_thumbnail":["https:\/\/www.eggmachinery.com\/wp-content\/uploads\/quail-egg-boiling-machine-300x300.webp",300,300,true],"woocommerce_single":["https:\/\/www.eggmachinery.com\/wp-content\/uploads\/quail-egg-boiling-machine-600x600.webp",600,600,true],"woocommerce_gallery_thumbnail":["https:\/\/www.eggmachinery.com\/wp-content\/uploads\/quail-egg-boiling-machine-100x100.webp",100,100,true]},"post_excerpt_stackable":"<p>Maximize quail egg yield with our Quail Egg Cooking Machine. Lightweight and portable design for versatility. Stainless steel construction for durability and hygiene. Easy operation and low noise levels for a user-friendly experience. Energy-saving and low maintenance for efficient and cost-effective processing.<\/p>\n","category_list":"","author_info":{"name":"","url":""},"comments_num":"0 comments","_links":{"self":[{"href":"https:\/\/www.eggmachinery.com\/es\/wp-json\/wp\/v2\/product\/2845"}],"collection":[{"href":"https:\/\/www.eggmachinery.com\/es\/wp-json\/wp\/v2\/product"}],"about":[{"href":"https:\/\/www.eggmachinery.com\/es\/wp-json\/wp\/v2\/types\/product"}],"wp:featuredmedia":[{"embeddable":true,"href":"https:\/\/www.eggmachinery.com\/es\/wp-json\/wp\/v2\/media\/2848"}],"wp:attachment":[{"href":"https:\/\/www.eggmachinery.com\/es\/wp-json\/wp\/v2\/media?parent=2845"}],"wp:term":[{"taxonomy":"product_cat","embeddable":true,"href":"https:\/\/www.eggmachinery.com\/es\/wp-json\/wp\/v2\/product_cat?post=2845"},{"taxonomy":"product_tag","embeddable":true,"href":"https:\/\/www.eggmachinery.com\/es\/wp-json\/wp\/v2\/product_tag?post=2845"}],"curies":[{"name":"wp","href":"https:\/\/api.w.org\/{rel}","templated":true}]}}