{"id":285,"date":"2023-11-13T16:43:52","date_gmt":"2023-11-13T08:43:52","guid":{"rendered":"https:\/\/demo.creativethemes.com\/blocksy\/homi\/?post_type=product&#038;p=285"},"modified":"2023-11-29T16:31:38","modified_gmt":"2023-11-29T08:31:38","slug":"egg-boiling-and-shelling-line","status":"publish","type":"product","link":"https:\/\/www.eggmachinery.com\/es\/producto\/egg-boiling-and-shelling-line\/","title":{"rendered":"L\u00ednea de cocci\u00f3n y pelado de huevos"},"content":{"rendered":"<h2><strong><b>L\u00ednea de cocci\u00f3n y pelado de huevos Pieza de alimentaci\u00f3n de huevos<\/b><\/strong><\/h2>\n<p>Toda la bandeja de huevos se coloca manualmente en la cinta transportadora de la <a href=\"https:\/\/www.eggmachinery.com\/es\/producto\/vacuum-egg-feeder\/\">m\u00e1quina cargadora de huevos.<\/a> Una vez colocada la bandeja, los huevos son aspirados por la ventosa hacia la cinta transportadora y la bandeja de huevos vac\u00eda puede apilarse autom\u00e1ticamente;<\/p>\n<p>&nbsp;<\/p>\n<h2><strong><b><br \/>\n<\/b><\/strong><strong><b>L\u00ednea de cocci\u00f3n y pelado de huevos Transportador de fila entera<\/b><\/strong><\/h2>\n<p>Los huevos se transportan a todo el <a href=\"https:\/\/www.eggmachinery.com\/es\/producto\/egg-conveyor-belt-equipment\/\">cinta transportadora<\/a>y se distribuyen uniformemente en la cadena de red, lo que resulta conveniente para su transporte a la m\u00e1quina de centrado de precocci\u00f3n.<\/p>\n<p>&nbsp;<\/p>\n<p><iframe loading=\"lazy\" title=\"l\u00ednea de cocci\u00f3n y pelado de huevos\" width=\"1290\" height=\"726\" src=\"https:\/\/www.youtube.com\/embed\/gr8y3Bxc-5E?feature=oembed\" frameborder=\"0\" allow=\"accelerometer; autoplay; clipboard-write; encrypted-media; gyroscope; picture-in-picture; web-share\" allowfullscreen><\/iframe><\/p>\n<p>&nbsp;<\/p>\n<p>&nbsp;<\/p>\n<h3><b><\/b><strong><b>L\u00ednea de cocci\u00f3n y pelado de huevos Sistema de precocci\u00f3n de huevos<\/b><\/strong><\/h3>\n<p>Centrado y precocci\u00f3n de los huevos, el exclusivo sistema de precocci\u00f3n de centrado utiliza agua caliente para calentarse lentamente, y los huevos siguen girando durante el proceso de transporte, para mejorar la calidad de los huevos;<\/p>\n<h3><strong><b><br \/>\n<\/b><\/strong><strong><b>L\u00ednea de cocci\u00f3n y pelado de huevos Sistema de cocci\u00f3n de huevos duros<\/b><\/strong><\/h3>\n<p>Los huevos precocidos se env\u00edan al hervidor de huevos y, una vez preajustados el tiempo y la temperatura de cocci\u00f3n, los huevos precocidos se cuecen dos veces mediante un m\u00e9todo de calentamiento mixto de vapor y agua;<\/p>\n<p>&nbsp;<\/p>\n<p>&nbsp;<\/p>\n<h3><strong><b>L\u00ednea de cocci\u00f3n y pelado de huevos Sistema de enfriamiento de huevos<\/b><\/strong><\/h3>\n<p>Los huevos cocidos se introducen en un dep\u00f3sito de agua fr\u00eda para su enfriamiento, y se utiliza agua del grifo o agua helada para el enfriamiento directo a fin de prepararlos para el posterior descascarillado;<\/p>\n<p>&nbsp;<\/p>\n<p>&nbsp;<\/p>\n<h2><strong><b>L\u00ednea de cocci\u00f3n y pelado de huevos Sistema de pelado de huevos cocidos<\/b><\/strong><\/h2>\n<p>Una vez levantados los huevos enfriados, entran en la descascarilladora para ser triturados y descascarillados. Los huevos se roc\u00edan con agua limpia, se giran y se transportan, y las c\u00e1scaras residuales de la superficie se retiran bajo el lavado de agua;<\/p>\n<p>&nbsp;<\/p>\n<p>&nbsp;<\/p>\n<h3><strong><b>L\u00ednea de cocci\u00f3n y pelado de huevos <a href=\"https:\/\/www.eggmachinery.com\/es\/producto\/egg-discharge-conveyor\/\">Recogida de huevos pelados<\/a><\/b><\/strong><\/h3>\n<p>Las c\u00e1scaras de huevo producidas tras el descascarillado se recogen y transportan uniformemente para su procesamiento centralizado.<\/p>\n<p>&nbsp;<\/p>\n<h3><strong><b>Ventajas de la l\u00ednea de cocci\u00f3n y pelado de huevos<\/b><\/strong><\/h3>\n<ol>\n<li>La pantalla t\u00e1ctil PLC controla el sistema operativo, la operaci\u00f3n es intuitiva y conveniente;<\/li>\n<li>Sistema \u00fanico de centrado y precocci\u00f3n para mejorar la excentricidad de la yema de huevo;<\/li>\n<li>El sistema de calefacci\u00f3n por mezcla de vapor y agua consume menos energ\u00eda y tiene un alto rendimiento t\u00e9rmico;<\/li>\n<li>Fabricado en acero inoxidable de calidad alimentaria, seguro e higi\u00e9nico;<\/li>\n<li>La producci\u00f3n en l\u00ednea de montaje continuo, f\u00e1cil de operar, f\u00e1cil de limpiar, f\u00e1cil de mantener, la conexi\u00f3n entre los diversos procesos debe ser automatizada, y la eficiencia de la producci\u00f3n es alta.<\/li>\n<\/ol>","protected":false},"excerpt":{"rendered":"<p>El sistema de producci\u00f3n de huevos duros hierve, enfr\u00eda y pela autom\u00e1ticamente hasta 20.000 huevos\/hora, y maneja tanto los huevos blancos como los marrones m\u00e1s dif\u00edciles. Capacidad :8000 huevos\/h Capacidad :10000 huevos\/h Capacidad :20000 huevos\/h<\/p>","protected":false},"featured_media":749,"template":"","meta":{"_seopress_robots_primary_cat":"none"},"product_cat":[25],"product_tag":[],"featured_image_urls":{"full":["https:\/\/www.eggmachinery.com\/wp-content\/uploads\/2021\/04\/Egg-boiling-and-shelling-line1.webp",820,680,false],"thumbnail":["https:\/\/www.eggmachinery.com\/wp-content\/uploads\/2021\/04\/Egg-boiling-and-shelling-line1-150x150.webp",150,150,true],"medium":["https:\/\/www.eggmachinery.com\/wp-content\/uploads\/2021\/04\/Egg-boiling-and-shelling-line1-300x249.webp",300,249,true],"medium_large":["https:\/\/www.eggmachinery.com\/wp-content\/uploads\/2021\/04\/Egg-boiling-and-shelling-line1-768x637.webp",768,637,true],"large":["https:\/\/www.eggmachinery.com\/wp-content\/uploads\/2021\/04\/Egg-boiling-and-shelling-line1.webp",820,680,false],"1536x1536":["https:\/\/www.eggmachinery.com\/wp-content\/uploads\/2021\/04\/Egg-boiling-and-shelling-line1.webp",820,680,false],"2048x2048":["https:\/\/www.eggmachinery.com\/wp-content\/uploads\/2021\/04\/Egg-boiling-and-shelling-line1.webp",820,680,false],"trp-custom-language-flag":["https:\/\/www.eggmachinery.com\/wp-content\/uploads\/2021\/04\/Egg-boiling-and-shelling-line1.webp",14,12,false],"woocommerce_thumbnail":["https:\/\/www.eggmachinery.com\/wp-content\/uploads\/2021\/04\/Egg-boiling-and-shelling-line1-300x249.webp",300,249,true],"woocommerce_single":["https:\/\/www.eggmachinery.com\/wp-content\/uploads\/2021\/04\/Egg-boiling-and-shelling-line1-600x498.webp",600,498,true],"woocommerce_gallery_thumbnail":["https:\/\/www.eggmachinery.com\/wp-content\/uploads\/2021\/04\/Egg-boiling-and-shelling-line1-100x100.webp",100,100,true]},"post_excerpt_stackable":"<p>Hard-Boiled Egg production system automatically boils, cools and peels up to 20,000 eggs\/hour, and handles both white and the more difficult brown eggs. Capacity :8000 eggs\/h Capacity :10000eggs\/h Capacity :20000eggs\/h<\/p>\n","category_list":"","author_info":{"name":"","url":""},"comments_num":"0 comments","_links":{"self":[{"href":"https:\/\/www.eggmachinery.com\/es\/wp-json\/wp\/v2\/product\/285"}],"collection":[{"href":"https:\/\/www.eggmachinery.com\/es\/wp-json\/wp\/v2\/product"}],"about":[{"href":"https:\/\/www.eggmachinery.com\/es\/wp-json\/wp\/v2\/types\/product"}],"wp:featuredmedia":[{"embeddable":true,"href":"https:\/\/www.eggmachinery.com\/es\/wp-json\/wp\/v2\/media\/749"}],"wp:attachment":[{"href":"https:\/\/www.eggmachinery.com\/es\/wp-json\/wp\/v2\/media?parent=285"}],"wp:term":[{"taxonomy":"product_cat","embeddable":true,"href":"https:\/\/www.eggmachinery.com\/es\/wp-json\/wp\/v2\/product_cat?post=285"},{"taxonomy":"product_tag","embeddable":true,"href":"https:\/\/www.eggmachinery.com\/es\/wp-json\/wp\/v2\/product_tag?post=285"}],"curies":[{"name":"wp","href":"https:\/\/api.w.org\/{rel}","templated":true}]}}