{"id":287,"date":"2023-11-13T10:24:34","date_gmt":"2023-11-13T02:24:34","guid":{"rendered":"https:\/\/demo.creativethemes.com\/blocksy\/homi\/?post_type=product&#038;p=287"},"modified":"2023-11-20T14:53:32","modified_gmt":"2023-11-20T06:53:32","slug":"egg-breaker-and-separator","status":"publish","type":"product","link":"https:\/\/www.eggmachinery.com\/es\/producto\/egg-breaker-and-separator\/","title":{"rendered":"Cascadora y separadora de huevos"},"content":{"rendered":"<p><iframe loading=\"lazy\" title=\"M\u00e1quina cascadora de huevos autom\u00e1tica\/M\u00e1quinas cascadoras y separadoras de huevos\" width=\"1290\" height=\"726\" src=\"https:\/\/www.youtube.com\/embed\/usJIdsk3tug?feature=oembed\" frameborder=\"0\" allow=\"accelerometer; autoplay; clipboard-write; encrypted-media; gyroscope; picture-in-picture; web-share\" allowfullscreen><\/iframe><\/p>\n<p>&nbsp;<\/p>\n<p><a href=\"https:\/\/www.eggmachinery.com\/es\/producto\/egg-cracker-machine\/\">M\u00e1quina cascadora de huevos industrial<\/a> es una m\u00e1quina de extracci\u00f3n de huevo l\u00edquido de nuevo dise\u00f1o. Se puede utilizar para romper los huevos de gallina y separar la yema de todo el huevo l\u00edquido.<\/p>\n<p>La clara y la yema se separar\u00e1n totalmente, y si hay huevos malos, la m\u00e1quina procesadora de huevos tambi\u00e9n podr\u00eda eliminar los huevos malos para evitar que los huevos malos contaminen el l\u00edquido de los huevos buenos.<\/p>\n<p>En la actualidad, la m\u00e1quina industrial de extracci\u00f3n de huevo l\u00edquido e se utiliza ampliamente en la f\u00e1brica de productos de panader\u00eda, la f\u00e1brica de procesamiento de alimentos, la industria de la medicina y as\u00ed sucesivamente.<\/p>\n<p>&nbsp;<\/p>\n<h2>Principio de funcionamiento de la cascadora de huevos<\/h2>\n<ol>\n<li>En primer lugar, el trabajador introduce los huevos en el dep\u00f3sito de agua para huevos y, a continuaci\u00f3n, la cinta de rodillos transporta los huevos a la m\u00e1quina. <a href=\"https:\/\/www.eggmachinery.com\/es\/producto\/egg-cleaning-machine\/\">parte de lavado de huevos<\/a>.<\/li>\n<li>En segundo lugar, utilizando pulverizaci\u00f3n de agua y cepillo de lavado especializado para lavar la suciedad.<\/li>\n<li>Despu\u00e9s del lavado, un viento m\u00e1s fuerte har\u00e1 que el huevo se seque lo m\u00e1s posible.<\/li>\n<li>A continuaci\u00f3n, la cinta de rodillos transportar\u00e1 los huevos a la parte de la candela, la luz LED saldr\u00e1 de debajo de los huevos y la luz penetrar\u00e1 en los huevos y, al mismo tiempo, los trabajadores podr\u00e1n seleccionar los huevos rancios, los huevos agrietados, los huevos de color negro y los huevos enmohecidos.<\/li>\n<li>Por \u00faltimo, los huevos de gallina ser\u00e1n transportados a la parte de rotura por la cinta de rodillos, y el equipo de rotura de huevos romper\u00e1 los huevos con el cuchillo especializado de rotura de huevos, la yema de huevo y la clara de huevo se separan, los trabajadores deben preparar cubos para recoger la yema de huevo.<\/li>\n<\/ol>\n<h2><\/h2>\n<h2>Ventajas de la cascadora de huevos<\/h2>\n<ol>\n<li>Gran capacidad: la producci\u00f3n por hora de 24000 huevos, 30000eggs,48000eggs,56000eggs, Alta tasa de extracci\u00f3n de huevo l\u00edquido<\/li>\n<li>Ahorrar persona de trabajo, toda la l\u00ednea s\u00f3lo necesita 1-2 persona.<\/li>\n<li>Existe un sistema de reconocimiento y tratamiento de los huevos podridos, que el cliente puede elegir en funci\u00f3n del coste de su propia inversi\u00f3n.<\/li>\n<li>La m\u00e1quina separadora de huevos de nuevo dise\u00f1o est\u00e1 fabricada en acero inoxidable 304 y la huevera es de nailon resistente al calor. Garantiza la higiene de los alimentos.<\/li>\n<li>La m\u00e1quina separadora de huevos puede limpiarse autom\u00e1ticamente.<\/li>\n<li>Los elementos el\u00e9ctricos son de marca mundialmente conocida Schneider. Sistema de conducci\u00f3n es de marca KMC.<\/li>\n<li>Sistema de control de frecuencia, se puede ajustar la velocidad de trabajo de la m\u00e1quina cascadora y separadora de huevos.<\/li>\n<li>El cliente puede elegir la maquinaria relacionada con el proceso de los huevos. Tales como tanque de agua, elevador de huevo, m\u00e1quina de limpieza de huevo y detector de huevo.<\/li>\n<\/ol>\n<p>&nbsp;<\/p>\n<h3><\/h3>\n<h3><strong><b>Descripci\u00f3n del equipo de cascado y separaci\u00f3n de huevos<\/b><\/strong><\/h3>\n<p><strong><b>Est\u00e1 equipado con huevos de tanque de agua - - - simple viento fuerte secado - - - - huevo golpeando - - separar el l\u00edquido de huevo de la c\u00e1scara del huevo. <\/b><\/strong><\/p>\n<p>El huevo l\u00edquido es un equipo ideal para las empresas panificadoras. Al mismo tiempo, puede cooperar con pasteurizador para producir l\u00edquido de huevo entero calificado,<\/p>\n<p>Forma de golpear los huevos: Despu\u00e9s de que el metal golpee los huevos de la pinza, la parte inferior del huevo se abre y el huevo l\u00edquido cae en la bandeja. El golpeador autom\u00e1tico puede satisfacer los requisitos de golpear huevos blancos y rojos. El rendimiento de jugo de huevo no es inferior a 85%.La tasa de \u00e9xito de la captura de huevos con garras no es inferior a 99%.<\/p>\n<p>Despu\u00e9s de romper los huevos, la c\u00e1scara permanece al menos 5 segundos por encima de la bandeja de recogida de c\u00e1scaras de huevo para garantizar que el l\u00edquido penetre al m\u00e1ximo en la bandeja de recogida. El cascador de huevos y el dispositivo de recogida del l\u00edquido de los huevos est\u00e1n expuestos en el espacio para facilitar su limpieza.<\/p>\n<p><strong><b>2.Aplicaci\u00f3n <\/b><\/strong><\/p>\n<p>El \u00e1mbito de aplicaci\u00f3n del huevo l\u00edquido es muy amplio, puede aplicarse a todo tipo de pasteles, pan, flan de huevo, ali\u00f1o de ensaladas, helados, bebidas saludables, alimentos de nutrici\u00f3n infantil, c\u00f3modo y r\u00e1pido, suministro directo a tiendas de comida r\u00e1pida, panader\u00edas y restaurantes. El huevo l\u00edquido es f\u00e1cil de transportar y almacenar, la rotura mec\u00e1nica del huevo puede mejorar el rendimiento, reducir los costes de mano de obra, resolver el problema de la basura de la c\u00e1scara del huevo.<\/p>\n<h3><strong><b>\u00a0<\/b><\/strong><\/h3>\n<h3><strong><b>Cascadora y separadora de huevos <\/b><\/strong><strong><b>Ventajas del producto<\/b><\/strong><\/h3>\n<p>1.Use nuestro huevo breaking&amp;separating la m\u00e1quina, cliente puede conseguir los huevos l\u00edquidos enteros, tambi\u00e9n separ\u00f3 la yema de huevo y la prote\u00edna. Este tipo de m\u00e1quina puede ofrecer una mejor soluci\u00f3n sobre el huevo fresco y huevo malo (mezcla de yema de huevo blanco).<\/p>\n<p>2.Este tipo de cascadora de huevos puede manipular huevos de todos los tama\u00f1os.<\/p>\n<p>3.Tiene funci\u00f3n de emergencia autom\u00e1tica. La m\u00e1quina se detendr\u00e1 inmediatamente para proteger a los trabajadores.<\/p>\n<p>4.F\u00e1cil manejo y lavado. Dos m\u00e9todos para lavar la cascadora de huevos. Uno es el chorro de agua a alta presi\u00f3n. segundo es sacar la cabeza de rotura y la copa de separaci\u00f3n. Sacarlos s\u00f3lo necesitan alrededor de 2 minutos.<\/p>\n<p>5.Controlador inversor Schneider, placa de pl\u00e1stico suiza, cadena de transmisi\u00f3n japonesa, piezas de nylon importadas.<\/p>\n<p>6.Est\u00e1 hecho de material de acero inoxidable 304 de calidad alimentaria, duradero e higi\u00e9nico.<\/p>\n<p>7.Es altamente eficiente, ahorra mano de obra, tiempo y costes.<\/p>\n<p>8.Perfecto efecto de rotura y separaci\u00f3n, el l\u00edquido del huevo se separa completamente de la c\u00e1scara.<\/p>\n<p>&nbsp;<\/p>\n<p>El cliente puede utilizar la m\u00e1quina para dos fuction, cambiando la taza del huevo para conseguir el l\u00edquido entero o el yok separado del huevo y el white.Pay del huevo un dinero de la m\u00e1quina, goza del valor de dos m\u00e1quinas, qu\u00e9 un valor.<\/p>\n<h3><strong><b>Paquete de m\u00e1quina cascadora y separadora de huevos <\/b><\/strong><\/h3>\n<p>La m\u00e1quina cascadora y separadora de huevos se recubrir\u00e1 en primer lugar con una pel\u00edcula y, a continuaci\u00f3n, se embalar\u00e1 con una caja de madera libre de fumigaci\u00f3n. Podemos embalar las m\u00e1quinas seg\u00fan los requisitos del cliente.<\/p>\n<p>&nbsp;<\/p>\n<p><b><\/b><strong><b>Garant\u00eda<\/b><\/strong><\/p>\n<p>Ofrecemos un a\u00f1o de garant\u00eda. Mal funcionamiento que son causados por la m\u00e1quina-uno mismo y la calidad ser\u00e1 responsable de nuestro fabricante<\/p>\n<p>&nbsp;<\/p>\n<p><b><\/b><strong><b>PETICI\u00d3N DE OFERTA<\/b><\/strong><\/p>\n<p><strong><b>Q1. \u00bfC\u00f3mo podemos limpiar la cascadora de huevos?<\/b><\/strong><\/p>\n<p>Respuestas: M\u00e9todo 1. utilizar la pistola de agua a alta presi\u00f3n para limpiarlo directamente.<\/p>\n<p>M\u00e9todo 2. todas las cuchillas y la placa colectora pueden descargarse f\u00e1cilmente para su limpieza.<\/p>\n<p>&nbsp;<\/p>\n<p><strong><b>Q2. \u00bfSe puede utilizar la m\u00e1quina directamente despu\u00e9s de recibirla?<\/b><\/strong><\/p>\n<p>Respuestas: S\u00ed. El cliente s\u00f3lo tiene que conectar el compresor el\u00e9ctrico y de aire despu\u00e9s de la confirmaci\u00f3n de la posici\u00f3n. La m\u00e1quina cascadora de huevos, la depuraremos antes de la entrega y tomaremos el video de prueba. Si necesita el manual de orientaci\u00f3n y v\u00eddeo, pls en contacto con nuestro ingeniero de ventas.<\/p>\n<p>&nbsp;<\/p>\n<p><strong><b>Q3. \u00bfC\u00f3mo podemos conseguir este tipo de m\u00e1quina cascadora y quebradora de huevos?<\/b><\/strong><\/p>\n<p>Respuestas: Ahora haga su pedido a nosotros. El tiempo de producci\u00f3n es de 10 d\u00edas, usted ver\u00e1 su equipo de prueba de v\u00eddeo y paquete de informaci\u00f3n, despu\u00e9s de transporte mar\u00edtimo, usted podr\u00eda conseguir el 100% satisfecho equipo rompehuevos.<\/p>\n<p>&nbsp;<\/p>\n<p><strong><b>Que4: \u00bfPueden ofrecer servicio de ingenier\u00eda en el extranjero?<\/b><\/strong><br \/>\n-S\u00cd, podemos ofrecer este servicio, si usted compra la l\u00ednea de producci\u00f3n de nosotros, vamos a enviar enginner ir a sus pa\u00edses para la instalaci\u00f3n y tranning.<\/p>\n<p><strong><b>Pregunta 5: \u00bfC\u00f3mo es el servicio posventa de la m\u00e1quina cascadora y separadora de huevos?<\/b><\/strong><br \/>\n--La garant\u00eda es de un a\u00f1o, pero ofrecemos soporte t\u00e9cnico de por vida, cualquier problema ocurri\u00f3 en su futuro uso, tomar fotos y videos para mostrarnos el problema, le responderemos en 24 horas y resolver sus problemas tan pronto como sea posible.<\/p>","protected":false},"excerpt":{"rendered":"<p>Las separadoras de huevos se utilizan para cascar huevos y separar despu\u00e9s las yemas del huevo l\u00edquido. Nuestra m\u00e1quina es una trituradora y separadora de huevos rotativa de \u00faltima generaci\u00f3n. La clara y la yema se separan por completo. Si hay huevos malos, el separador de huevos tambi\u00e9n puede eliminar los huevos malos para evitar que los huevos malos contaminen el huevo l\u00edquido bueno. Las separadoras de huevos batidos se utilizan ampliamente en f\u00e1bricas de procesamiento de huevos, industrias de venta al por mayor de huevos y de procesamiento de huevos en profundidad, panader\u00edas de pasteles y galletas y otras empresas alimentarias relacionadas. Es un equipo ideal para empresas que demandan huevos l\u00edquidos, yemas de huevo y productos de clara de huevo.<\/p>\n<p>&nbsp;<\/p>","protected":false},"featured_media":723,"template":"","meta":{"_seopress_robots_primary_cat":"none"},"product_cat":[18],"product_tag":[],"featured_image_urls":{"full":["https:\/\/www.eggmachinery.com\/wp-content\/uploads\/2021\/04\/egg-breaking-and-separating-machine.jpg",820,680,false],"thumbnail":["https:\/\/www.eggmachinery.com\/wp-content\/uploads\/2021\/04\/egg-breaking-and-separating-machine-150x150.jpg",150,150,true],"medium":["https:\/\/www.eggmachinery.com\/wp-content\/uploads\/2021\/04\/egg-breaking-and-separating-machine-300x249.jpg",300,249,true],"medium_large":["https:\/\/www.eggmachinery.com\/wp-content\/uploads\/2021\/04\/egg-breaking-and-separating-machine-768x637.jpg",768,637,true],"large":["https:\/\/www.eggmachinery.com\/wp-content\/uploads\/2021\/04\/egg-breaking-and-separating-machine.jpg",820,680,false],"1536x1536":["https:\/\/www.eggmachinery.com\/wp-content\/uploads\/2021\/04\/egg-breaking-and-separating-machine.jpg",820,680,false],"2048x2048":["https:\/\/www.eggmachinery.com\/wp-content\/uploads\/2021\/04\/egg-breaking-and-separating-machine.jpg",820,680,false],"trp-custom-language-flag":["https:\/\/www.eggmachinery.com\/wp-content\/uploads\/2021\/04\/egg-breaking-and-separating-machine.jpg",14,12,false],"woocommerce_thumbnail":["https:\/\/www.eggmachinery.com\/wp-content\/uploads\/2021\/04\/egg-breaking-and-separating-machine-300x249.jpg",300,249,true],"woocommerce_single":["https:\/\/www.eggmachinery.com\/wp-content\/uploads\/2021\/04\/egg-breaking-and-separating-machine-600x498.jpg",600,498,true],"woocommerce_gallery_thumbnail":["https:\/\/www.eggmachinery.com\/wp-content\/uploads\/2021\/04\/egg-breaking-and-separating-machine-100x100.jpg",100,100,true]},"post_excerpt_stackable":"<p>Egg separators are used to break eggs and then separate the egg yolks from the egg liquid. Our machine is a state-of-the-art rotary egg crusher and separator. The egg white and egg yolk will be completely separated. If there are bad eggs, the egg separator can also remove the bad eggs to prevent the bad eggs from contaminating the good egg liquid. Egg beating separators are widely used in egg processing factories, egg wholesale and egg deep processing industries, cake and biscuit bakeries and other related food companies. It is an ideal equipment for enterprises that demand liquid eggs, egg yolks and egg white products.<\/p>\n<p>&nbsp;<\/p>\n","category_list":"","author_info":{"name":"","url":""},"comments_num":"0 comments","_links":{"self":[{"href":"https:\/\/www.eggmachinery.com\/es\/wp-json\/wp\/v2\/product\/287"}],"collection":[{"href":"https:\/\/www.eggmachinery.com\/es\/wp-json\/wp\/v2\/product"}],"about":[{"href":"https:\/\/www.eggmachinery.com\/es\/wp-json\/wp\/v2\/types\/product"}],"wp:featuredmedia":[{"embeddable":true,"href":"https:\/\/www.eggmachinery.com\/es\/wp-json\/wp\/v2\/media\/723"}],"wp:attachment":[{"href":"https:\/\/www.eggmachinery.com\/es\/wp-json\/wp\/v2\/media?parent=287"}],"wp:term":[{"taxonomy":"product_cat","embeddable":true,"href":"https:\/\/www.eggmachinery.com\/es\/wp-json\/wp\/v2\/product_cat?post=287"},{"taxonomy":"product_tag","embeddable":true,"href":"https:\/\/www.eggmachinery.com\/es\/wp-json\/wp\/v2\/product_tag?post=287"}],"curies":[{"name":"wp","href":"https:\/\/api.w.org\/{rel}","templated":true}]}}