{"id":577,"date":"2023-04-01T10:26:54","date_gmt":"2023-04-01T02:26:54","guid":{"rendered":"https:\/\/demo.creativethemes.com\/blocksy\/homi\/?post_type=product&#038;p=577"},"modified":"2023-04-11T12:48:27","modified_gmt":"2023-04-11T04:48:27","slug":"quail-egg-boiling-and-peeling-processing-line","status":"publish","type":"product","link":"https:\/\/www.eggmachinery.com\/es\/producto\/quail-egg-boiling-and-peeling-processing-line\/","title":{"rendered":"L\u00ednea de cocci\u00f3n y pelado de huevos de codorniz"},"content":{"rendered":"<p>Equipo de precalentamiento de cocci\u00f3n a alta temperatura, tecnolog\u00eda especial para que los huevos de codorniz se calienten uniformemente, centrado de la yema de huevo, estar preparado para la ebullici\u00f3n a alta temperatura.<\/p>\n<p><iframe loading=\"lazy\" title=\"peladora autom\u00e1tica de huevos de codorniz\" width=\"1290\" height=\"726\" src=\"https:\/\/www.youtube.com\/embed\/ktkG9q4qRZ0?feature=oembed\" frameborder=\"0\" allow=\"accelerometer; autoplay; clipboard-write; encrypted-media; gyroscope; picture-in-picture; web-share\" allowfullscreen><\/iframe><\/p>\n<p>Mediante la transmisi\u00f3n en espiral de los huevos cocidos al vapor, los huevos de codorniz pueden voltearse en el proceso de cocci\u00f3n, y los huevos de codorniz centrados procedentes de la zona de precocci\u00f3n pueden calentarse uniformemente en la zona de cocci\u00f3n, de modo que puedan cocinarse r\u00e1pidamente.<\/p>\n<p>Los huevos de codorniz cocidos entran en el tanque de enfriamiento, que se enfr\u00eda r\u00e1pidamente con agua helada y se transporta a la trituradora.<\/p>\n<p>Proceso de rotura de la c\u00e1scara del huevo de codorniz, para facilitar el siguiente paso de pelado. Se utiliza con peladora de huevos de codorniz, la c\u00e1scara se rompe de manera uniforme, mejorar la eficiencia y reducir la tasa de da\u00f1os.<\/p>\n<p>&nbsp;<\/p>\n<p>El proceso de pelado de huevos de codorniz rotos, la cinta transportadora de recogida de huevos para seleccionar los productos de huevo no calificados, la tasa de pelado es m\u00e1s de 98%, huevos de codorniz finales son m\u00e1s suave y hermoso.<\/p>\n<p>&nbsp;<\/p>","protected":false},"excerpt":{"rendered":"<h3><strong><em><b><i>Planta de procesamiento de pelado de huevos de codorniz totalmente autom\u00e1tica<\/i><\/b><\/em><\/strong><strong><em><b><i><br \/>\n<\/i><\/b><\/em><\/strong><strong><b><br \/>\n<\/b><\/strong><strong><b>La planta de procesamiento de pelado de huevos de codorniz totalmente autom\u00e1tica incluye principalmente el precocinado de centrado de huevos de codorniz y la cocci\u00f3n dura de huevos de codorniz a alta temperatura, el enfriamiento de huevos de codorniz, el cascado de huevos de codorniz y el pelado de huevos de codorniz.<\/b><\/strong><\/h3>\n<h3><strong><b>Podemos igualar <\/b><\/strong><strong><b>t<\/b><\/strong><strong><b>l conjunto completo relacionado de hal\u00f3geno y equipos de envasado de acuerdo a los requerimientos tecnol\u00f3gicos de los clientes, tambi\u00e9n puede dise\u00f1ar el plan de producci\u00f3n de tama\u00f1o de acuerdo a los requerimientos del cliente.<\/b><\/strong><\/h3>","protected":false},"featured_media":743,"template":"","meta":{"_seopress_robots_primary_cat":"none"},"product_cat":[26],"product_tag":[],"featured_image_urls":{"full":["https:\/\/www.eggmachinery.com\/wp-content\/uploads\/2021\/04\/quail-egg-boiling-and-peeling-processing.webp",820,680,false],"thumbnail":["https:\/\/www.eggmachinery.com\/wp-content\/uploads\/2021\/04\/quail-egg-boiling-and-peeling-processing-150x150.webp",150,150,true],"medium":["https:\/\/www.eggmachinery.com\/wp-content\/uploads\/2021\/04\/quail-egg-boiling-and-peeling-processing-300x249.webp",300,249,true],"medium_large":["https:\/\/www.eggmachinery.com\/wp-content\/uploads\/2021\/04\/quail-egg-boiling-and-peeling-processing-768x637.webp",768,637,true],"large":["https:\/\/www.eggmachinery.com\/wp-content\/uploads\/2021\/04\/quail-egg-boiling-and-peeling-processing.webp",820,680,false],"1536x1536":["https:\/\/www.eggmachinery.com\/wp-content\/uploads\/2021\/04\/quail-egg-boiling-and-peeling-processing.webp",820,680,false],"2048x2048":["https:\/\/www.eggmachinery.com\/wp-content\/uploads\/2021\/04\/quail-egg-boiling-and-peeling-processing.webp",820,680,false],"trp-custom-language-flag":["https:\/\/www.eggmachinery.com\/wp-content\/uploads\/2021\/04\/quail-egg-boiling-and-peeling-processing.webp",14,12,false],"woocommerce_thumbnail":["https:\/\/www.eggmachinery.com\/wp-content\/uploads\/2021\/04\/quail-egg-boiling-and-peeling-processing-300x249.webp",300,249,true],"woocommerce_single":["https:\/\/www.eggmachinery.com\/wp-content\/uploads\/2021\/04\/quail-egg-boiling-and-peeling-processing-600x498.webp",600,498,true],"woocommerce_gallery_thumbnail":["https:\/\/www.eggmachinery.com\/wp-content\/uploads\/2021\/04\/quail-egg-boiling-and-peeling-processing-100x100.webp",100,100,true]},"post_excerpt_stackable":"<h3><strong><em><b><i>Fully Auto Quail Egg Peeler Processing Plant<\/i><\/b><\/em><\/strong><strong><em><b><i><br \/>\n<\/i><\/b><\/em><\/strong><strong><b><br \/>\n<\/b><\/strong><strong><b>Fully Auto Quails Egg Peeler Processing Plant mainly includes quail egg centering precooking&amp;high-temperature quail egg hard cooking, quil egg cooling, quail egg shell breaking and quail egg peeling.<\/b><\/strong><\/h3>\n<h3><strong><b>We can match <\/b><\/strong><strong><b>t<\/b><\/strong><strong><b>he related complete set of halogen and packaging equipment according to customers&#8217; technological requirements, also can design size production plan according to customer requirements.<\/b><\/strong><\/h3>\n","category_list":"","author_info":{"name":"","url":""},"comments_num":"0 comments","_links":{"self":[{"href":"https:\/\/www.eggmachinery.com\/es\/wp-json\/wp\/v2\/product\/577"}],"collection":[{"href":"https:\/\/www.eggmachinery.com\/es\/wp-json\/wp\/v2\/product"}],"about":[{"href":"https:\/\/www.eggmachinery.com\/es\/wp-json\/wp\/v2\/types\/product"}],"wp:featuredmedia":[{"embeddable":true,"href":"https:\/\/www.eggmachinery.com\/es\/wp-json\/wp\/v2\/media\/743"}],"wp:attachment":[{"href":"https:\/\/www.eggmachinery.com\/es\/wp-json\/wp\/v2\/media?parent=577"}],"wp:term":[{"taxonomy":"product_cat","embeddable":true,"href":"https:\/\/www.eggmachinery.com\/es\/wp-json\/wp\/v2\/product_cat?post=577"},{"taxonomy":"product_tag","embeddable":true,"href":"https:\/\/www.eggmachinery.com\/es\/wp-json\/wp\/v2\/product_tag?post=577"}],"curies":[{"name":"wp","href":"https:\/\/api.w.org\/{rel}","templated":true}]}}