{"id":579,"date":"2023-04-01T10:27:24","date_gmt":"2023-04-01T02:27:24","guid":{"rendered":"https:\/\/demo.creativethemes.com\/blocksy\/homi\/?post_type=product&#038;p=579"},"modified":"2024-01-03T10:43:07","modified_gmt":"2024-01-03T02:43:07","slug":"quail-egg-peeler","status":"publish","type":"product","link":"https:\/\/www.eggmachinery.com\/es\/producto\/quail-egg-peeler\/","title":{"rendered":"Pelador de huevos de codorniz"},"content":{"rendered":"<h2>Ficha t\u00e9cnica de la peladora industrial de huevos de codorniz cocidos<\/h2>\n<table>\n<tbody>\n<tr>\n<td width=\"95\">Modelo<\/td>\n<td width=\"103\">Capacidad<\/td>\n<td width=\"191\">Tama\u00f1o del dep\u00f3sito de agua<\/p>\n<p>(mm)<\/td>\n<td width=\"151\">Tama\u00f1o de la peladora<\/p>\n<p>(mm)<\/td>\n<td width=\"124\">Potencia<\/p>\n<p>(kw)<\/td>\n<\/tr>\n<tr>\n<td width=\"95\">HT-LQ3<\/td>\n<td width=\"103\">300 kg\/h<\/td>\n<td width=\"191\">2000*1500*840<\/td>\n<td width=\"151\">520*1555*1217<\/td>\n<td width=\"124\">3.2<\/td>\n<\/tr>\n<tr>\n<td width=\"95\">HT-LQ4<\/td>\n<td width=\"103\">400 kg\/h<\/td>\n<td width=\"191\">2802*1426*1480<\/td>\n<td width=\"151\">500*1605*1217<\/td>\n<td width=\"124\">3.5<\/td>\n<\/tr>\n<tr>\n<td width=\"95\">HT-LQ5<\/td>\n<td width=\"103\">500 kg\/h<\/td>\n<td width=\"191\">2802*1426*1480<\/td>\n<td width=\"151\">500*3210*1217<\/td>\n<td width=\"124\">3.8<\/td>\n<\/tr>\n<\/tbody>\n<\/table>\n<h2><a href=\"https:\/\/www.eggmachinery.com\/es\/producto\/uail-egg-shell-removing-machine\/\">Pelador de huevos de codorniz<\/a> Ventaja<\/h2>\n<ol>\n<li>Nuevo sistema de pelado de dise\u00f1o exclusivo. Alto \u00edndice de pelado y m\u00ednima rotura.<\/li>\n<li>Piezas de importaci\u00f3n. Alta calidad y durabilidad.<\/li>\n<li>Alta eficiencia. 1 m\u00e1quina peladora de huevos de codorniz conjunto puede reemplazar 3-4 persona.<\/li>\n<li>Todo el equipo est\u00e1 hecho de 304ss de grado alimenticio, higiene y durabilidad.<\/li>\n<li>Puede equiparse con una l\u00ednea de producci\u00f3n completa. Funcionamiento sencillo y autom\u00e1tico.<\/li>\n<li>Podemos personalizar los equipos y la l\u00ednea de producci\u00f3n seg\u00fan sus necesidades.<\/li>\n<\/ol>\n<h3>Pelador de huevos de codorniz Full Moive<\/h3>\n<p><iframe loading=\"lazy\" title=\"m\u00e1quina extractora de c\u00e1scaras de huevo de codorniz\" width=\"1290\" height=\"726\" src=\"https:\/\/www.youtube.com\/embed\/31qppdeIsSs?feature=oembed\" frameborder=\"0\" allow=\"accelerometer; autoplay; clipboard-write; encrypted-media; gyroscope; picture-in-picture; web-share\" allowfullscreen><\/iframe><\/p>\n<p>La m\u00e1quina peladora de huevos de codorniz de nuevo dise\u00f1o se pela mediante la fricci\u00f3n del caucho rodante y el impacto del agua fuerte. La<\/p>\n<p>Se imita el principio del pelado artificial. Alto \u00edndice de pelado y bajo \u00edndice de da\u00f1os. Equipada con alimentaci\u00f3n por tanque de agua y<\/p>\n<p>transporte multicolumna, los huevos de codorniz se alimentan de forma m\u00e1s uniforme y entran ordenadamente en la peladora. Esta es la ventaja que otras peladoras<\/p>\n<p>m\u00e1quinas no tienen. Somos el primer fabricante de esta t\u00e9cnica de pelado en el campo del proceso del huevo de codorniz.<\/p>\n<h3><strong><b><a href=\"https:\/\/www.eggmachinery.com\/es\/producto\/uail-egg-shell-removing-machine\/\">M\u00e1quina peladora de huevos de codorniz<\/a> Paquete <\/b><\/strong><\/h3>\n<p>La m\u00e1quina ser\u00e1 recubierta con pel\u00edcula en primer lugar, y luego embalado con caja de madera libre de fumigaci\u00f3n.le enviaremos una caja de herramientas dentro de la manguera de goma, bate de goma esponjosa, rodamientos, y algunas otras herramientas libremente junto con la m\u00e1quina peladora de huevos de codorniz.  Podemos embalar las m\u00e1quinas de acuerdo a los requerimientos del cliente.<\/p>\n<p>&nbsp;<\/p>\n<h3><strong><b>Mejor garant\u00eda de peladora de huevos de codorniz<\/b><\/strong><\/h3>\n<p>Ofrecemos un a\u00f1o de garant\u00eda. Mal funcionamiento que son causados por la m\u00e1quina-uno mismo y la calidad ser\u00e1 responsable de nuestro fabricante<\/p>\n<p><strong><b>PETICI\u00d3N DE OFERTA<\/b><\/strong><\/p>\n<ol>\n<li><b><\/b><strong><u><b>P: Es la primera vez que importo, \u00bfc\u00f3mo puedo conseguir la m\u00e1quina?<\/b><\/u><\/strong><\/li>\n<\/ol>\n<p>R: Despu\u00e9s de confirmar la m\u00e1quina de ordenar y pagar, podemos ayudarle a entregar la m\u00e1quina a su puerto mar\u00edtimo o aeropuerto m\u00e1s cercano, o puerta a puerta a usted por expreso, etc, Tenemos mucha experiencia, por favor, estar seguro.<br \/>\n<strong><b>2.\u00a0<\/b><\/strong><strong><u><b>P: Es la primera vez que utilizo esta m\u00e1quina, \u00bfes f\u00e1cil de manejar?<\/b><\/u><\/strong><br \/>\nR: Esta m\u00e1quina peladora de huevos de codorniz es muy f\u00e1cil de operar, s\u00f3lo necesita una persona para operar. Y despu\u00e9s de entregar la m\u00e1quina, tambi\u00e9n le proporcionaremos el manual de usuario Ingl\u00e9s y video simple para su referencia.<br \/>\n<strong><b>3.\u00a0<\/b><\/strong><strong><u><b>P: \u00bfCu\u00e1l es la calidad de la m\u00e1quina?<\/b><\/u><\/strong><br \/>\nR: Nuestra m\u00e1quina peladora de huevos de codorniz adopta materiales de acero inoxidable 304, motor de alambre de cobre 100%, manguera de caucho de buena importaci\u00f3n, utiliza cadena de alta calidad, etc., por favor no se preocupe. Adem\u00e1s, tambi\u00e9n le enviaremos un juego extra de piezas de repuesto de forma gratuita junto con la m\u00e1quina.<\/p>\n<p><b><\/b><strong><u><b>4.P: \u00bfCu\u00e1l es la forma de pago?<\/b><\/u><\/strong><br \/>\nR: Aceptamos la mayor\u00eda de los m\u00e9todos de pago, como T\/T, Western Union, Paypal, L\/C, etc.<br \/>\n<strong><b>5. Q:\u00a0<\/b><\/strong><strong><u><b>\u00bfPor qu\u00e9 elegirnos?<\/b><\/u><\/strong><br \/>\nR: Podemos proporcionar la m\u00e1quina con buena calidad y mejor precio, tambi\u00e9n buena y profesional venta y servicio post-venta, si la m\u00e1quina tiene alg\u00fan problema en el futuro, vamos a proporcionar la ayuda t\u00e9cnica y piezas de repuesto de acuerdo a su necesidad.<\/p>\n<p>&nbsp;<\/p>","protected":false},"excerpt":{"rendered":"<p>Peladora peladora industrial de huevos de codorniz cocidos<\/p>\n<p>&nbsp;<\/p>\n<ol>\n<li>Nuevo sistema de pelado de dise\u00f1o exclusivo. Alto \u00edndice de pelado y m\u00ednima rotura.<\/li>\n<li>Piezas de importaci\u00f3n. Alta calidad y durabilidad.<\/li>\n<li>Sistema controlador de pantalla t\u00e1ctil PLC para todo el equipo de producci\u00f3n. La velocidad de trabajo se puede ajustar. Y cada equipo se puede controlar de forma independiente.<\/li>\n<li>Alta eficiencia. 1 m\u00e1quina peladora de huevos de codorniz conjunto puede reemplazar 3-4 persona.<\/li>\n<li>Todo el equipo est\u00e1 hecho de 304ss de grado alimenticio, higiene y durabilidad.<\/li>\n<li>Puede equiparse con una l\u00ednea de producci\u00f3n completa. Funcionamiento sencillo y autom\u00e1tico.<\/li>\n<li>Podemos personalizar los equipos y la l\u00ednea de producci\u00f3n seg\u00fan sus necesidades.<\/li>\n<\/ol>\n<p>&nbsp;<\/p>\n<p>La m\u00e1quina peladora de huevos de codorniz de nuevo dise\u00f1o se pela mediante la fricci\u00f3n del caucho rodante y el impacto del agua fuerte. La<\/p>\n<p>Se imita el principio del pelado artificial. Alto \u00edndice de pelado y bajo \u00edndice de da\u00f1os. Equipada con alimentaci\u00f3n por tanque de agua y<\/p>\n<p>transporte multicolumna, los huevos de codorniz se alimentan de forma m\u00e1s uniforme y entran ordenadamente en la peladora. Esta es la ventaja que otras peladoras<\/p>\n<p>m\u00e1quinas no tienen. Somos el primer fabricante de esta t\u00e9cnica de pelado en el campo del proceso del huevo de codorniz.<\/p>","protected":false},"featured_media":741,"template":"","meta":{"_seopress_robots_primary_cat":"none"},"product_cat":[20],"product_tag":[],"featured_image_urls":{"full":["https:\/\/www.eggmachinery.com\/wp-content\/uploads\/2021\/04\/quail-egg-peeler.webp",820,680,false],"thumbnail":["https:\/\/www.eggmachinery.com\/wp-content\/uploads\/2021\/04\/quail-egg-peeler-150x150.webp",150,150,true],"medium":["https:\/\/www.eggmachinery.com\/wp-content\/uploads\/2021\/04\/quail-egg-peeler-300x249.webp",300,249,true],"medium_large":["https:\/\/www.eggmachinery.com\/wp-content\/uploads\/2021\/04\/quail-egg-peeler-768x637.webp",768,637,true],"large":["https:\/\/www.eggmachinery.com\/wp-content\/uploads\/2021\/04\/quail-egg-peeler.webp",820,680,false],"1536x1536":["https:\/\/www.eggmachinery.com\/wp-content\/uploads\/2021\/04\/quail-egg-peeler.webp",820,680,false],"2048x2048":["https:\/\/www.eggmachinery.com\/wp-content\/uploads\/2021\/04\/quail-egg-peeler.webp",820,680,false],"trp-custom-language-flag":["https:\/\/www.eggmachinery.com\/wp-content\/uploads\/2021\/04\/quail-egg-peeler.webp",14,12,false],"woocommerce_thumbnail":["https:\/\/www.eggmachinery.com\/wp-content\/uploads\/2021\/04\/quail-egg-peeler-300x249.webp",300,249,true],"woocommerce_single":["https:\/\/www.eggmachinery.com\/wp-content\/uploads\/2021\/04\/quail-egg-peeler-600x498.webp",600,498,true],"woocommerce_gallery_thumbnail":["https:\/\/www.eggmachinery.com\/wp-content\/uploads\/2021\/04\/quail-egg-peeler-100x100.webp",100,100,true]},"post_excerpt_stackable":"<p>Industrial boiled quail egg shelling peeler peeling machine<\/p>\n<p>&nbsp;<\/p>\n<ol>\n<li>Unique new design peeling system. High peeling rate and lowest breakage.<\/li>\n<li>Importation parts. High quality and durable.<\/li>\n<li>PLC touch screen controller system for whole production equipment. The working speed can be adjusted. And each equipment can be controlled independently.<\/li>\n<li>High efficiency. 1 set quail egg peeler machine can replace 3-4 person.<\/li>\n<li>Whole equipment is made of food grade 304ss, hygiene and durable.<\/li>\n<li>It can be fitted with a complete production line. Easy and automatic operation.<\/li>\n<li>We can customize equipment and production line according to your needs.<\/li>\n<\/ol>\n<p>&nbsp;<\/p>\n<p>The new design quail egg peeler machine is shelled by the friction of rolling rubber and the impact of strong water. The<\/p>\n<p>principle of artificial shelling is imitated. High peeling rate and low damage rate. Equipped with water tank feeding and<\/p>\n<p>multi-column transport, quail eggs feed more evenly and enter the peeler orderly. This is the advantage that other peeling<\/p>\n<p>machines do not have. We are the first manufacturer for this peeling technical at the quail egg process field.<\/p>\n","category_list":"","author_info":{"name":"","url":""},"comments_num":"0 comments","_links":{"self":[{"href":"https:\/\/www.eggmachinery.com\/es\/wp-json\/wp\/v2\/product\/579"}],"collection":[{"href":"https:\/\/www.eggmachinery.com\/es\/wp-json\/wp\/v2\/product"}],"about":[{"href":"https:\/\/www.eggmachinery.com\/es\/wp-json\/wp\/v2\/types\/product"}],"wp:featuredmedia":[{"embeddable":true,"href":"https:\/\/www.eggmachinery.com\/es\/wp-json\/wp\/v2\/media\/741"}],"wp:attachment":[{"href":"https:\/\/www.eggmachinery.com\/es\/wp-json\/wp\/v2\/media?parent=579"}],"wp:term":[{"taxonomy":"product_cat","embeddable":true,"href":"https:\/\/www.eggmachinery.com\/es\/wp-json\/wp\/v2\/product_cat?post=579"},{"taxonomy":"product_tag","embeddable":true,"href":"https:\/\/www.eggmachinery.com\/es\/wp-json\/wp\/v2\/product_tag?post=579"}],"curies":[{"name":"wp","href":"https:\/\/api.w.org\/{rel}","templated":true}]}}