{"id":587,"date":"2023-11-12T10:22:15","date_gmt":"2023-11-12T02:22:15","guid":{"rendered":"https:\/\/demo.creativethemes.com\/blocksy\/homi\/?post_type=product&#038;p=587"},"modified":"2023-11-21T09:35:48","modified_gmt":"2023-11-21T01:35:48","slug":"egg-boiling-and-peeling-line","status":"publish","type":"product","link":"https:\/\/www.eggmachinery.com\/es\/producto\/egg-boiling-and-peeling-line\/","title":{"rendered":"L\u00ednea de cocci\u00f3n y pelado de huevos"},"content":{"rendered":"<p><iframe loading=\"lazy\" title=\"Hard boiled egg processing plant\" width=\"1290\" height=\"726\" src=\"https:\/\/www.youtube.com\/embed\/TRklgdR9YGQ?feature=oembed\" frameborder=\"0\" allow=\"accelerometer; autoplay; clipboard-write; encrypted-media; gyroscope; picture-in-picture; web-share\" allowfullscreen><\/iframe><\/p>\n<h2>Egg Boiling And Peeling Line Advantage<\/h2>\n<ol>\n<li>La pantalla t\u00e1ctil PLC controla el sistema operativo, la operaci\u00f3n es intuitiva y conveniente;<\/li>\n<li>Sistema \u00fanico de centrado y precocci\u00f3n para mejorar la excentricidad de la yema de huevo;<\/li>\n<li>El sistema de calefacci\u00f3n por mezcla de vapor y agua consume menos energ\u00eda y tiene un alto rendimiento t\u00e9rmico;<\/li>\n<li>Fabricado en acero inoxidable de calidad alimentaria, seguro e higi\u00e9nico;<\/li>\n<li>La producci\u00f3n en l\u00ednea de montaje continuo, f\u00e1cil de operar, f\u00e1cil de limpiar, f\u00e1cil de mantener, la conexi\u00f3n entre los diversos procesos debe ser automatizada, y la eficiencia de la producci\u00f3n es alta.<\/li>\n<\/ol>\n<p>&nbsp;<\/p>\n<p>&nbsp;<\/p>\n<p>&nbsp;<\/p>\n<h2>L\u00ednea de cocci\u00f3n y pelado de huevos <strong><b>Egg Feeding Part<\/b><\/strong><\/h2>\n<p>The whole egg tray is manually placed on the conveyor belt of the egg loading machine. After the egg tray is transported in place, the eggs are sucked onto the conveyor belt by the suction cup, and the empty egg tray can be automatically stacked;<\/p>\n<p>&nbsp;<\/p>\n<p><strong><b><br \/>\n<\/b><\/strong><b><\/b><\/p>\n<h3>L\u00ednea de cocci\u00f3n y pelado de huevos <strong><b>Whole Row Conveyor<\/b><\/strong><\/h3>\n<p>The eggs are conveyed to the entire conveyor belt, and evenly spread on the net chain, which is convenient for conveying to the pre-cooking centering machine.<\/p>\n<p>&nbsp;<\/p>\n<p>&nbsp;<\/p>\n<p><strong><b><br \/>\n<\/b><\/strong><b><\/b><\/p>\n<h3>L\u00ednea de cocci\u00f3n y pelado de huevos <a href=\"https:\/\/www.eggmachinery.com\/es\/producto\/egg-boiling-machine\/\"><strong><b>Egg Pre-cooking System<\/b><\/strong><\/a><\/h3>\n<p>Centrado y precocci\u00f3n de los huevos, el exclusivo sistema de precocci\u00f3n de centrado utiliza agua caliente para calentarse lentamente, y los huevos siguen girando durante el proceso de transporte, para mejorar la calidad de los huevos;<\/p>\n<p><strong><b><br \/>\n<\/b><\/strong><b><\/b><\/p>\n<h3>L\u00ednea de cocci\u00f3n y pelado de huevos<a href=\"https:\/\/www.eggmachinery.com\/es\/producto\/chicken-egg-hard-cooking-machine\/\"> <strong><b>Egg Hard Cooking System<\/b><\/strong><\/a><\/h3>\n<p>Los huevos precocidos se env\u00edan al hervidor de huevos y, una vez preajustados el tiempo y la temperatura de cocci\u00f3n, los huevos precocidos se cuecen dos veces mediante un m\u00e9todo de calentamiento mixto de vapor y agua;<\/p>\n<p>&nbsp;<\/p>\n<p>&nbsp;<\/p>\n<h2><strong><b>Egg Boiling And Peeling Plants<a href=\"https:\/\/www.eggmachinery.com\/es\/producto\/hard-boiled-egg-cooling-machine\/\"> Sistema de refrigeraci\u00f3n de huevos<\/a><\/b><\/strong><\/h2>\n<p>Los huevos cocidos se introducen en un dep\u00f3sito de agua fr\u00eda para su enfriamiento, y se utiliza agua del grifo o agua helada para el enfriamiento directo a fin de prepararlos para el posterior descascarillado;<\/p>\n<p>&nbsp;<\/p>\n<p>&nbsp;<\/p>\n<h2><strong><b>Egg Boiling And Peeling Plants <\/b><\/strong><strong><b>Boiled Egg Peeling System<\/b><\/strong><\/h2>\n<p>Una vez levantados los huevos enfriados, entran en la descascarilladora para ser triturados y descascarillados. Los huevos se roc\u00edan con agua limpia, se giran y se transportan, y las c\u00e1scaras residuales de la superficie se retiran bajo el lavado de agua;<\/p>\n<p>&nbsp;<\/p>\n<p>&nbsp;<\/p>\n<h3><strong><b>Egg Boiling and Peeling Processing Peeled Eggs Picking and Collection<\/b><\/strong><\/h3>\n<p>Las c\u00e1scaras de huevo producidas tras el descascarillado se recogen y transportan uniformemente para su procesamiento centralizado.<\/p>","protected":false},"excerpt":{"rendered":"<p>El sistema de producci\u00f3n de huevos duros hierve, enfr\u00eda y pela autom\u00e1ticamente hasta 20.000 huevos\/hora, y maneja tanto los huevos blancos como los marrones m\u00e1s dif\u00edciles. Capacidad :8000 huevos\/h Capacidad :10000 huevos\/h Capacidad :20000 huevos\/h<\/p>","protected":false},"featured_media":750,"template":"","meta":{"_seopress_robots_primary_cat":"none"},"product_cat":[25,19],"product_tag":[],"featured_image_urls":{"full":["https:\/\/www.eggmachinery.com\/wp-content\/uploads\/2021\/04\/egg-boiling-and-peeling-1.webp",820,680,false],"thumbnail":["https:\/\/www.eggmachinery.com\/wp-content\/uploads\/2021\/04\/egg-boiling-and-peeling-1-150x150.webp",150,150,true],"medium":["https:\/\/www.eggmachinery.com\/wp-content\/uploads\/2021\/04\/egg-boiling-and-peeling-1-300x249.webp",300,249,true],"medium_large":["https:\/\/www.eggmachinery.com\/wp-content\/uploads\/2021\/04\/egg-boiling-and-peeling-1-768x637.webp",768,637,true],"large":["https:\/\/www.eggmachinery.com\/wp-content\/uploads\/2021\/04\/egg-boiling-and-peeling-1.webp",820,680,false],"1536x1536":["https:\/\/www.eggmachinery.com\/wp-content\/uploads\/2021\/04\/egg-boiling-and-peeling-1.webp",820,680,false],"2048x2048":["https:\/\/www.eggmachinery.com\/wp-content\/uploads\/2021\/04\/egg-boiling-and-peeling-1.webp",820,680,false],"trp-custom-language-flag":["https:\/\/www.eggmachinery.com\/wp-content\/uploads\/2021\/04\/egg-boiling-and-peeling-1.webp",14,12,false],"woocommerce_thumbnail":["https:\/\/www.eggmachinery.com\/wp-content\/uploads\/2021\/04\/egg-boiling-and-peeling-1-300x249.webp",300,249,true],"woocommerce_single":["https:\/\/www.eggmachinery.com\/wp-content\/uploads\/2021\/04\/egg-boiling-and-peeling-1-600x498.webp",600,498,true],"woocommerce_gallery_thumbnail":["https:\/\/www.eggmachinery.com\/wp-content\/uploads\/2021\/04\/egg-boiling-and-peeling-1-100x100.webp",100,100,true]},"post_excerpt_stackable":"<p>Hard-Boiled Egg production system automatically boils, cools and peels up to 20,000 eggs\/hour, and handles both white and the more difficult brown eggs. Capacity :8000 eggs\/h Capacity :10000eggs\/h Capacity :20000eggs\/h<\/p>\n","category_list":"","author_info":{"name":"","url":""},"comments_num":"0 comments","_links":{"self":[{"href":"https:\/\/www.eggmachinery.com\/es\/wp-json\/wp\/v2\/product\/587"}],"collection":[{"href":"https:\/\/www.eggmachinery.com\/es\/wp-json\/wp\/v2\/product"}],"about":[{"href":"https:\/\/www.eggmachinery.com\/es\/wp-json\/wp\/v2\/types\/product"}],"wp:featuredmedia":[{"embeddable":true,"href":"https:\/\/www.eggmachinery.com\/es\/wp-json\/wp\/v2\/media\/750"}],"wp:attachment":[{"href":"https:\/\/www.eggmachinery.com\/es\/wp-json\/wp\/v2\/media?parent=587"}],"wp:term":[{"taxonomy":"product_cat","embeddable":true,"href":"https:\/\/www.eggmachinery.com\/es\/wp-json\/wp\/v2\/product_cat?post=587"},{"taxonomy":"product_tag","embeddable":true,"href":"https:\/\/www.eggmachinery.com\/es\/wp-json\/wp\/v2\/product_tag?post=587"}],"curies":[{"name":"wp","href":"https:\/\/api.w.org\/{rel}","templated":true}]}}