{"id":589,"date":"2023-11-20T10:25:34","date_gmt":"2023-11-20T02:25:34","guid":{"rendered":"https:\/\/demo.creativethemes.com\/blocksy\/homi\/?post_type=product&#038;p=589"},"modified":"2026-04-16T11:22:00","modified_gmt":"2026-04-16T03:22:00","slug":"egg-peeling-machine","status":"publish","type":"product","link":"https:\/\/www.eggmachinery.com\/es\/producto\/egg-peeling-machine\/","title":{"rendered":"M\u00e1quina peladora de huevos"},"content":{"rendered":"<h2>M\u00e1quina peladora de huevos cocidos Intro<\/h2>\n<p>La m\u00e1quina peladora de huevos de gallina es una m\u00e1quina especial que se utiliza para pelar huevos de gallina duros. La m\u00e1quina es adecuada para peque\u00f1as plantas de procesamiento, cocinas centrales, restaurantes, etc. La m\u00e1quina peladora de huevos de gallina adopta rodillos de pelado y un fuerte impacto de agua, lo que reduce en gran medida la tasa de da\u00f1o del huevo. Su estructura es muy exquisita, imitando el roce artificial de los huevos, el efecto es mejor. La tasa de pelado puede alcanzar 98.5%, y los huevos pelados finales son suaves y hermosos.<\/p>\n<p>&nbsp;<\/p>\n<h2>Ventajas de la peladora de huevos<\/h2>\n<p>1.En comparaci\u00f3n con el pelado manual de huevos, la m\u00e1quina peladora de huevos de gallina puede pelar f\u00e1cilmente la c\u00e1scara del huevo.<\/p>\n<p>2.La m\u00e1quina tiene una alta eficiencia de pelado de huevos, y no da\u00f1ar\u00e1 la superficie del huevo. Los huevos pelados finales son lisos y hermosos.<br \/>\n3. Esta m\u00e1quina peladora de huevos es de f\u00e1cil operaci\u00f3n y limpieza, ahorra mano de obra.<br \/>\n4. La m\u00e1quina adopta rodillos de goma y un fuerte impacto de agua, lo que reduce en gran medida la tasa de rotura de huevos.<br \/>\n5. Tanque de circulaci\u00f3n de agua, ahorra agua y costes.<\/p>\n<p>6.La m\u00e1quina es peque\u00f1a y no ocupa mucho espacio.<\/p>\n<p>&nbsp;<\/p>\n<h3><a href=\"https:\/\/www.eggmachinery.com\/es\/producto\/egg-boiling-and-peeling-line\/\"><strong>Las m\u00e1quinas de procesamiento de huevos duros incluyen<\/strong><\/a><\/h3>\n<p><a href=\"https:\/\/www.eggmachinery.com\/es\/producto\/simple-style-egg-boiling-machine\/\">Semi-caldera<\/a> - Alimentador de dep\u00f3sitos de agua - Peladora y descascarilladora de huevos - Cinta de descarga.<\/p>\n<p>&nbsp;<\/p>\n<h3><strong><b>Requerido <\/b><\/strong><strong><b>Trabajador <\/b><\/strong><strong><b>Para todos<\/b><\/strong><strong><b>\u00a0<\/b><\/strong><strong><b>L\u00ednea<\/b><\/strong><\/h3>\n<h5><strong>\u00a0<\/strong>Dos personas. 1 para la parte de alimentaci\u00f3n. 1 para la cinta de descarga.<\/h5>\n<p>&nbsp;<\/p>\n<h3><strong><b>Taller <\/b><\/strong><strong><b>talla<\/b><\/strong><strong><b>\u00a0<\/b><\/strong><strong><b>solicitar<\/b><\/strong><\/h3>\n<h5>Desde el alimentador de huevos hasta el puerto de descarga de huevos sin c\u00e1scara, necesitar\u00e1 alrededor de 3,5*2m(L*A) para el almac\u00e9n.<\/h5>\n<h2>Proveedor de peladoras de huevos<\/h2>\n<p>We has been in a leading position of science and technology on the egg deep process industry in mainland china. Meanwhile, we have got the high-tech enterprises honorary title from local government in 2014.<\/p>\n<p>Nos especializamos en la investigaci\u00f3n y la fabricaci\u00f3n de m\u00e1quinas autom\u00e1ticas para romper y separar huevos, m\u00e1quinas autom\u00e1ticas para hervir y pelar huevos con el dise\u00f1o m\u00e1s reciente, m\u00e1quinas autom\u00e1ticas para hervir y pelar huevos de codorniz, hay diferentes sistemas de producci\u00f3n de huevos semi y totalmente autom\u00e1ticos para satisfacer las demandas de los clientes.<\/p>\n<p>Equipada con un moderno y limpio taller de fabricaci\u00f3n, tres edificios y un edificio de oficinas, un equipo de I+D de dise\u00f1o superior, un equipo de producci\u00f3n profesional, un estricto departamento de control de calidad y un equipo de ventas y servicios posventa de primera clase. Con el apoyo de nosotros, seguramente le ayudaremos a ser el l\u00edder en su industria.<\/p>\n<p>Con m\u00e1s de 10 a\u00f1os de experiencia en la industria de procesamiento de huevos, nunca dejamos de perseguir la mejor tecnolog\u00eda, dise\u00f1o y artesan\u00eda. Nuestra misi\u00f3n es producir la m\u00e1quina de huevos de buena calidad; nuestro deber es servir a los clientes con diversos requisitos. Nuestro objetivo es lograr una relaci\u00f3n en la que todos ganen.<\/p>\n<p>&nbsp;<\/p>\n<p>&nbsp;<\/p>\n<p>&nbsp;<\/p>","protected":false},"excerpt":{"rendered":"<p>La m\u00e1quina peladora de huevos de gallina es una m\u00e1quina especial que se utiliza para pelar huevos de gallina duros. La m\u00e1quina es adecuada para peque\u00f1as plantas de procesamiento, cocinas centrales, restaurantes, etc. La m\u00e1quina peladora de huevos de gallina adopta rodillos de pelado y un fuerte impacto de agua, lo que reduce en gran medida la tasa de da\u00f1o del huevo. Su estructura es muy exquisita, imitando el roce artificial de los huevos, el efecto es mejor. La tasa de pelado puede alcanzar 98.5%, y los huevos pelados finales son suaves y hermosos.<\/p>\n<h4><\/h4>\n<h4><\/h4>","protected":false},"featured_media":718,"template":"","meta":{"_seopress_robots_primary_cat":"none"},"product_cat":[19],"product_tag":[],"featured_image_urls":{"full":["https:\/\/www.eggmachinery.com\/wp-content\/uploads\/2021\/04\/boiled-egg-shelling-machine.webp",820,680,false],"thumbnail":["https:\/\/www.eggmachinery.com\/wp-content\/uploads\/2021\/04\/boiled-egg-shelling-machine-150x150.webp",150,150,true],"medium":["https:\/\/www.eggmachinery.com\/wp-content\/uploads\/2021\/04\/boiled-egg-shelling-machine-300x249.webp",300,249,true],"medium_large":["https:\/\/www.eggmachinery.com\/wp-content\/uploads\/2021\/04\/boiled-egg-shelling-machine-768x637.webp",768,637,true],"large":["https:\/\/www.eggmachinery.com\/wp-content\/uploads\/2021\/04\/boiled-egg-shelling-machine.webp",820,680,false],"1536x1536":["https:\/\/www.eggmachinery.com\/wp-content\/uploads\/2021\/04\/boiled-egg-shelling-machine.webp",820,680,false],"2048x2048":["https:\/\/www.eggmachinery.com\/wp-content\/uploads\/2021\/04\/boiled-egg-shelling-machine.webp",820,680,false],"trp-custom-language-flag":["https:\/\/www.eggmachinery.com\/wp-content\/uploads\/2021\/04\/boiled-egg-shelling-machine.webp",14,12,false],"woocommerce_thumbnail":["https:\/\/www.eggmachinery.com\/wp-content\/uploads\/2021\/04\/boiled-egg-shelling-machine-300x249.webp",300,249,true],"woocommerce_single":["https:\/\/www.eggmachinery.com\/wp-content\/uploads\/2021\/04\/boiled-egg-shelling-machine-600x498.webp",600,498,true],"woocommerce_gallery_thumbnail":["https:\/\/www.eggmachinery.com\/wp-content\/uploads\/2021\/04\/boiled-egg-shelling-machine-100x100.webp",100,100,true]},"post_excerpt_stackable":"<p>The hen egg peeler machine is a special machine which is used to peel hard boiled chicken eggs. The machine is suitable for small processing plants, central kitchens, restaurants, etc. The hen egg peeler machine adopts peel rollers and strong water impact, which is greatly reduces egg damage rate. It has a cycle water tank, so that a lot of water resources can be saved.Its structure is very exquisite, imitating the artificial rubbing of eggs, the effect is better. The peeling rate can reach 98.5%, and the final peeled eggs are smooth and beautiful.<\/p>\n<h4><\/h4>\n<h4><\/h4>\n","category_list":"","author_info":{"name":"","url":""},"comments_num":"0 comments","_links":{"self":[{"href":"https:\/\/www.eggmachinery.com\/es\/wp-json\/wp\/v2\/product\/589"}],"collection":[{"href":"https:\/\/www.eggmachinery.com\/es\/wp-json\/wp\/v2\/product"}],"about":[{"href":"https:\/\/www.eggmachinery.com\/es\/wp-json\/wp\/v2\/types\/product"}],"wp:featuredmedia":[{"embeddable":true,"href":"https:\/\/www.eggmachinery.com\/es\/wp-json\/wp\/v2\/media\/718"}],"wp:attachment":[{"href":"https:\/\/www.eggmachinery.com\/es\/wp-json\/wp\/v2\/media?parent=589"}],"wp:term":[{"taxonomy":"product_cat","embeddable":true,"href":"https:\/\/www.eggmachinery.com\/es\/wp-json\/wp\/v2\/product_cat?post=589"},{"taxonomy":"product_tag","embeddable":true,"href":"https:\/\/www.eggmachinery.com\/es\/wp-json\/wp\/v2\/product_tag?post=589"}],"curies":[{"name":"wp","href":"https:\/\/api.w.org\/{rel}","templated":true}]}}