{"id":593,"date":"2023-10-27T10:30:10","date_gmt":"2023-10-27T02:30:10","guid":{"rendered":"https:\/\/demo.creativethemes.com\/blocksy\/homi\/?post_type=product&#038;p=593"},"modified":"2024-01-27T15:21:49","modified_gmt":"2024-01-27T07:21:49","slug":"egg-cracker-machine","status":"publish","type":"product","link":"https:\/\/www.eggmachinery.com\/es\/producto\/egg-cracker-machine\/","title":{"rendered":"M\u00e1quina de galletas de huevo"},"content":{"rendered":"<h2><strong><b>M\u00e1quinas cascadoras de huevos<\/b><\/strong> Descripci\u00f3n<\/h2>\n<p>La m\u00e1quina cascadora de huevos est\u00e1 equipada con huevos de tanque de agua - - - - secado simple viento fuerte - - - - huevo golpeando - - separar el l\u00edquido de huevo de la c\u00e1scara del huevo.<\/p>\n<p>El huevo l\u00edquido es un equipo ideal para las empresas panificadoras. Al mismo tiempo, la m\u00e1quina cascadora de huevos puede cooperar con el pasteurizador para producir huevo l\u00edquido entero calificado,<\/p>\n<p>Forma de golpear los huevos: Despu\u00e9s de que el metal golpee los huevos de la pinza, la parte inferior del huevo se abre y el huevo l\u00edquido cae en la bandeja. El golpeador autom\u00e1tico puede satisfacer los requisitos de golpear huevos blancos y rojos. El rendimiento de jugo de huevo no es inferior a 85%.La tasa de \u00e9xito de la captura de huevos con garras no es inferior a 99%.<\/p>\n<p>Despu\u00e9s de romper los huevos, la c\u00e1scara permanece al menos 5 segundos por encima de la bandeja de recogida de c\u00e1scaras de huevo para garantizar que el l\u00edquido penetre al m\u00e1ximo en la bandeja de recogida. El cascador de huevos y el dispositivo de recogida del l\u00edquido de los huevos est\u00e1n expuestos en el espacio para facilitar su limpieza.<\/p>\n<p><iframe loading=\"lazy\" title=\"precio de la cascadora de huevos\" width=\"1290\" height=\"726\" src=\"https:\/\/www.youtube.com\/embed\/_TwMkVhWEPA?feature=oembed\" frameborder=\"0\" allow=\"accelerometer; autoplay; clipboard-write; encrypted-media; gyroscope; picture-in-picture; web-share\" allowfullscreen><\/iframe><\/p>\n<h3>\u00a0Aplicaci\u00f3n de la cascadora de huevos<\/h3>\n<p>El \u00e1mbito de aplicaci\u00f3n del huevo l\u00edquido es muy amplio, puede aplicarse a todo tipo de pasteles, pan, flan de huevo, ali\u00f1o de ensaladas, helados, bebidas saludables, alimentos de nutrici\u00f3n infantil, c\u00f3modo y r\u00e1pido, suministro directo a tiendas de comida r\u00e1pida, panader\u00edas y restaurantes. El huevo l\u00edquido es f\u00e1cil de transportar y almacenar, la rotura mec\u00e1nica del huevo puede mejorar el rendimiento, reducir los costes de mano de obra, resolver el problema de la basura de la c\u00e1scara del huevo.<\/p>\n<p><img decoding=\"async\" loading=\"lazy\" class=\"alignnone size-full wp-image-2881\" src=\"https:\/\/www.eggmachinery.com\/wp-content\/uploads\/about-us-4.webp\" alt=\"egg breaker machine\" width=\"750\" height=\"750\" srcset=\"https:\/\/www.eggmachinery.com\/wp-content\/uploads\/about-us-4.webp 750w, https:\/\/www.eggmachinery.com\/wp-content\/uploads\/about-us-4-300x300.webp 300w, https:\/\/www.eggmachinery.com\/wp-content\/uploads\/about-us-4-150x150.webp 150w, https:\/\/www.eggmachinery.com\/wp-content\/uploads\/about-us-4-600x600.webp 600w, https:\/\/www.eggmachinery.com\/wp-content\/uploads\/about-us-4-100x100.webp 100w\" sizes=\"(max-width: 750px) 100vw, 750px\" \/><img decoding=\"async\" loading=\"lazy\" class=\"alignnone size-full wp-image-2929\" src=\"https:\/\/www.eggmachinery.com\/wp-content\/uploads\/Industrial-egg-separator-machine-3.webp\" alt=\"Industrial egg separator machine\" width=\"750\" height=\"750\" srcset=\"https:\/\/www.eggmachinery.com\/wp-content\/uploads\/Industrial-egg-separator-machine-3.webp 750w, https:\/\/www.eggmachinery.com\/wp-content\/uploads\/Industrial-egg-separator-machine-3-300x300.webp 300w, https:\/\/www.eggmachinery.com\/wp-content\/uploads\/Industrial-egg-separator-machine-3-150x150.webp 150w, https:\/\/www.eggmachinery.com\/wp-content\/uploads\/Industrial-egg-separator-machine-3-600x600.webp 600w, https:\/\/www.eggmachinery.com\/wp-content\/uploads\/Industrial-egg-separator-machine-3-100x100.webp 100w\" sizes=\"(max-width: 750px) 100vw, 750px\" \/><img decoding=\"async\" loading=\"lazy\" class=\"alignnone size-full wp-image-2928\" src=\"https:\/\/www.eggmachinery.com\/wp-content\/uploads\/Industrial-egg-separator-machine-2.webp\" alt=\"Industrial egg separator machine\" width=\"750\" height=\"750\" srcset=\"https:\/\/www.eggmachinery.com\/wp-content\/uploads\/Industrial-egg-separator-machine-2.webp 750w, https:\/\/www.eggmachinery.com\/wp-content\/uploads\/Industrial-egg-separator-machine-2-300x300.webp 300w, https:\/\/www.eggmachinery.com\/wp-content\/uploads\/Industrial-egg-separator-machine-2-150x150.webp 150w, https:\/\/www.eggmachinery.com\/wp-content\/uploads\/Industrial-egg-separator-machine-2-600x600.webp 600w, https:\/\/www.eggmachinery.com\/wp-content\/uploads\/Industrial-egg-separator-machine-2-100x100.webp 100w\" sizes=\"(max-width: 750px) 100vw, 750px\" \/><\/p>\n<h2>Ventajas de la cascadora de huevos<\/h2>\n<p>1.Use nuestra m\u00e1quina de romper el huevo, el cliente puede obtener huevos l\u00edquidos enteros, tambi\u00e9n separ\u00f3 la yema de huevo y prote\u00ednas. Este tipo de m\u00e1quina puede ofrecer una mejor soluci\u00f3n sobre el huevo fresco y huevo malo (mezcla de yema de huevo blanco).<\/p>\n<p>2.Este tipo de cascadora de huevos puede manipular huevos de todos los tama\u00f1os.<\/p>\n<p>3.Tiene funci\u00f3n de emergencia autom\u00e1tica. La m\u00e1quina se detendr\u00e1 inmediatamente para proteger a los trabajadores.<\/p>\n<p>4.F\u00e1cil manejo y lavado. Dos m\u00e9todos para lavar la cascadora de huevos. Uno es el chorro de agua a alta presi\u00f3n. segundo es sacar la cabeza de rotura y la copa de separaci\u00f3n. Sacarlos s\u00f3lo necesitan alrededor de 2 minutos.<\/p>\n<p>5.Controlador inversor Schneider, placa de pl\u00e1stico suiza, cadena de transmisi\u00f3n japonesa, piezas de nylon importadas.<\/p>\n<p>6.Est\u00e1 hecho de material de acero inoxidable 304 de calidad alimentaria, duradero e higi\u00e9nico.<\/p>\n<p>7.Es altamente eficiente, ahorra mano de obra, tiempo y costes.<\/p>\n<p>8.Perfecto efecto de rotura y separaci\u00f3n, el l\u00edquido del huevo se separa completamente de la c\u00e1scara.<\/p>\n<p><img decoding=\"async\" loading=\"lazy\" class=\"alignnone size-full wp-image-2883\" src=\"https:\/\/www.eggmachinery.com\/wp-content\/uploads\/about-us-6.webp\" alt=\"egg breaking machine\" width=\"750\" height=\"750\" srcset=\"https:\/\/www.eggmachinery.com\/wp-content\/uploads\/about-us-6.webp 750w, https:\/\/www.eggmachinery.com\/wp-content\/uploads\/about-us-6-300x300.webp 300w, https:\/\/www.eggmachinery.com\/wp-content\/uploads\/about-us-6-150x150.webp 150w, https:\/\/www.eggmachinery.com\/wp-content\/uploads\/about-us-6-600x600.webp 600w, https:\/\/www.eggmachinery.com\/wp-content\/uploads\/about-us-6-100x100.webp 100w\" sizes=\"(max-width: 750px) 100vw, 750px\" \/><img decoding=\"async\" loading=\"lazy\" class=\"alignnone size-full wp-image-2868\" src=\"https:\/\/www.eggmachinery.com\/wp-content\/uploads\/egg-breaking-machine-3_WH_750x750px.webp\" alt=\"egg breaking machine\" width=\"750\" height=\"750\" srcset=\"https:\/\/www.eggmachinery.com\/wp-content\/uploads\/egg-breaking-machine-3_WH_750x750px.webp 750w, https:\/\/www.eggmachinery.com\/wp-content\/uploads\/egg-breaking-machine-3_WH_750x750px-300x300.webp 300w, https:\/\/www.eggmachinery.com\/wp-content\/uploads\/egg-breaking-machine-3_WH_750x750px-150x150.webp 150w, https:\/\/www.eggmachinery.com\/wp-content\/uploads\/egg-breaking-machine-3_WH_750x750px-600x600.webp 600w, https:\/\/www.eggmachinery.com\/wp-content\/uploads\/egg-breaking-machine-3_WH_750x750px-100x100.webp 100w\" sizes=\"(max-width: 750px) 100vw, 750px\" \/><img decoding=\"async\" loading=\"lazy\" class=\"alignnone size-full wp-image-2978\" src=\"https:\/\/www.eggmachinery.com\/wp-content\/uploads\/egg-machine-1-1.webp\" alt=\"egg machine\" width=\"750\" height=\"750\" srcset=\"https:\/\/www.eggmachinery.com\/wp-content\/uploads\/egg-machine-1-1.webp 750w, https:\/\/www.eggmachinery.com\/wp-content\/uploads\/egg-machine-1-1-300x300.webp 300w, https:\/\/www.eggmachinery.com\/wp-content\/uploads\/egg-machine-1-1-150x150.webp 150w, https:\/\/www.eggmachinery.com\/wp-content\/uploads\/egg-machine-1-1-600x600.webp 600w, https:\/\/www.eggmachinery.com\/wp-content\/uploads\/egg-machine-1-1-100x100.webp 100w\" sizes=\"(max-width: 750px) 100vw, 750px\" \/><\/p>\n<p>El cliente puede utilizar la m\u00e1quina para dos fuction, cambiando la taza del huevo para conseguir el l\u00edquido entero o el yok separado del huevo y el white.Pay del huevo un dinero de la m\u00e1quina, goza del valor de dos m\u00e1quinas, qu\u00e9 un valor.<\/p>\n<h3><strong><b>Paquete de m\u00e1quina de galletas de huevo <\/b><\/strong><\/h3>\n<p>La m\u00e1quina de galletas de huevo ser\u00e1 recubierta con pel\u00edcula en primer lugar, y luego embalado con caja de madera libre de fumigaci\u00f3n. Podemos embalar las m\u00e1quinas seg\u00fan los requisitos del cliente.<\/p>\n<p>&nbsp;<\/p>\n<h3><strong><b>M\u00e1quina de galletas de huevo <\/b><\/strong><b><\/b><strong><b>Garant\u00eda<\/b><\/strong><\/h3>\n<p>Ofrecemos un a\u00f1o de garant\u00eda. Mal funcionamiento que son causados por la m\u00e1quina-uno mismo y la calidad ser\u00e1 responsable de nuestro fabricante<\/p>\n<p>&nbsp;<\/p>\n<h3><b><\/b><strong><b>M\u00e1quina cascadora de huevos RFQ<\/b><\/strong><\/h3>\n<p>&nbsp;<\/p>\n<h3><strong><b>Q1. \u00bfC\u00f3mo podemos limpiar la m\u00e1quina cascadora de huevos?<\/b><\/strong><\/h3>\n<p>Respuestas: M\u00e9todo 1. utilizar la pistola de agua a alta presi\u00f3n para limpiarlo directamente.<\/p>\n<p>M\u00e9todo 2. todas las cuchillas y la placa colectora pueden descargarse f\u00e1cilmente para su limpieza.<\/p>\n<h3><\/h3>\n<h3><strong><b>Q2. \u00bfPodemos utilizar la m\u00e1quina directamente despu\u00e9s de recibirla?<\/b><\/strong><\/h3>\n<p>Respuestas: S\u00ed. El cliente s\u00f3lo tiene que conectar el compresor el\u00e9ctrico y de aire despu\u00e9s de la confirmaci\u00f3n de la posici\u00f3n. La m\u00e1quina cascadora de huevos, la depuraremos antes de la entrega y tomaremos el video de prueba. Si necesita el manual de orientaci\u00f3n y v\u00eddeo, pls en contacto con nuestro ingeniero de ventas.<\/p>\n<h3><\/h3>\n<h3><strong><b>Q3. \u00bfC\u00f3mo podemos conseguirlo? <\/b><\/strong><strong><b>M\u00e1quina cascadora de huevos<\/b><\/strong><\/h3>\n<p>Respuestas: Ahora haga su pedido a nosotros. El tiempo de producci\u00f3n es de 10 d\u00edas, usted ver\u00e1 su equipo de prueba de v\u00eddeo y paquete de informaci\u00f3n, despu\u00e9s de transporte mar\u00edtimo, usted podr\u00eda conseguir el 100% satisfecho equipo rompehuevos.<\/p>\n<h3><\/h3>\n<p><strong><b>Que4: \u00bfPueden prestar servicios de ingenier\u00eda en el extranjero?<\/b><\/strong><br \/>\nS\u00cd podemos ofrecer este servicio, si usted compra la l\u00ednea de producci\u00f3n de nosotros, vamos a enviar enginner ir a sus pa\u00edses para la instalaci\u00f3n y tranning.<\/p>\n<p>&nbsp;<\/p>\n<h3>Que 5: \u00bfQu\u00e9 tal el servicio postventa de T<strong><b>he <\/b><\/strong><strong><b>M\u00e1quina cascadora de huevos<\/b><\/strong><strong><b>?<\/b><\/strong><\/h3>\n<p>La garant\u00eda es de un a\u00f1o, pero ofrecemos soporte t\u00e9cnico de por vida, cualquier problema ocurrido en su futuro uso, tomar fotos y videos para mostrarnos el problema, le responderemos en 24 horas y resolver sus problemas tan pronto como sea posible.<\/p>\n<p>&nbsp;<\/p>\n<p>&nbsp;<\/p>\n<p>&nbsp;<\/p>\n<p>&nbsp;<\/p>","protected":false},"excerpt":{"rendered":"<p>Nuestra m\u00e1quina se utiliza para romper el huevo y luego separar la yema del huevo l\u00edquido. Nuestra m\u00e1quina es la m\u00e1quina cascadora y separadora de huevos de tipo rotativo m\u00e1s avanzada. La clara y la yema de huevo se separan totalmente, y si hay huevos malos, la cascadora y separadora de huevos tambi\u00e9n puede eliminar los huevos malos para evitar que los huevos malos contaminen el huevo l\u00edquido bueno. La cascadora y separadora de huevos se utiliza ampliamente en f\u00e1bricas de procesamiento de huevos, mayoristas de huevos e industrias de procesamiento de huevos, panader\u00edas de pasteles y galletas y otras empresas alimentarias relacionadas. Es un equipo ideal para empresas que requieren huevo l\u00edquido, yema de huevo y clara de huevo.<\/p>\n<p>&nbsp;<\/p>","protected":false},"featured_media":725,"template":"","meta":{"_seopress_robots_primary_cat":"none"},"product_cat":[18],"product_tag":[],"featured_image_urls":{"full":["https:\/\/www.eggmachinery.com\/wp-content\/uploads\/2021\/04\/egg-breaker-and-separator.webp",820,680,false],"thumbnail":["https:\/\/www.eggmachinery.com\/wp-content\/uploads\/2021\/04\/egg-breaker-and-separator-150x150.webp",150,150,true],"medium":["https:\/\/www.eggmachinery.com\/wp-content\/uploads\/2021\/04\/egg-breaker-and-separator-300x249.webp",300,249,true],"medium_large":["https:\/\/www.eggmachinery.com\/wp-content\/uploads\/2021\/04\/egg-breaker-and-separator-768x637.webp",768,637,true],"large":["https:\/\/www.eggmachinery.com\/wp-content\/uploads\/2021\/04\/egg-breaker-and-separator.webp",820,680,false],"1536x1536":["https:\/\/www.eggmachinery.com\/wp-content\/uploads\/2021\/04\/egg-breaker-and-separator.webp",820,680,false],"2048x2048":["https:\/\/www.eggmachinery.com\/wp-content\/uploads\/2021\/04\/egg-breaker-and-separator.webp",820,680,false],"trp-custom-language-flag":["https:\/\/www.eggmachinery.com\/wp-content\/uploads\/2021\/04\/egg-breaker-and-separator.webp",14,12,false],"woocommerce_thumbnail":["https:\/\/www.eggmachinery.com\/wp-content\/uploads\/2021\/04\/egg-breaker-and-separator-300x249.webp",300,249,true],"woocommerce_single":["https:\/\/www.eggmachinery.com\/wp-content\/uploads\/2021\/04\/egg-breaker-and-separator-600x498.webp",600,498,true],"woocommerce_gallery_thumbnail":["https:\/\/www.eggmachinery.com\/wp-content\/uploads\/2021\/04\/egg-breaker-and-separator-100x100.webp",100,100,true]},"post_excerpt_stackable":"<p>Our machine is used to break the egg and then separate the egg yolk from the egg liquid. Our machine is the most advanced rotary type egg breaking and separating machine. The egg white and egg yolk will be separated totally, and if there is bad eggs, the egg breaking and separating machine could also remove the bad eggs to avoid the bad eggs pollute the good egg liquid. Egg breaking&amp;separating machine is widely used in egg processing factory, egg wholesale and deep egg process industry, bakery shop for cake and biscuit and other related food enterprises.etc. It is an ideal equipment for liquid egg, egg yolk, egg white products required enterprises.<\/p>\n<p>&nbsp;<\/p>\n","category_list":"","author_info":{"name":"","url":""},"comments_num":"0 comments","_links":{"self":[{"href":"https:\/\/www.eggmachinery.com\/es\/wp-json\/wp\/v2\/product\/593"}],"collection":[{"href":"https:\/\/www.eggmachinery.com\/es\/wp-json\/wp\/v2\/product"}],"about":[{"href":"https:\/\/www.eggmachinery.com\/es\/wp-json\/wp\/v2\/types\/product"}],"wp:featuredmedia":[{"embeddable":true,"href":"https:\/\/www.eggmachinery.com\/es\/wp-json\/wp\/v2\/media\/725"}],"wp:attachment":[{"href":"https:\/\/www.eggmachinery.com\/es\/wp-json\/wp\/v2\/media?parent=593"}],"wp:term":[{"taxonomy":"product_cat","embeddable":true,"href":"https:\/\/www.eggmachinery.com\/es\/wp-json\/wp\/v2\/product_cat?post=593"},{"taxonomy":"product_tag","embeddable":true,"href":"https:\/\/www.eggmachinery.com\/es\/wp-json\/wp\/v2\/product_tag?post=593"}],"curies":[{"name":"wp","href":"https:\/\/api.w.org\/{rel}","templated":true}]}}