{"id":596,"date":"2023-04-01T10:17:26","date_gmt":"2023-04-01T02:17:26","guid":{"rendered":"https:\/\/demo.creativethemes.com\/blocksy\/homi\/?post_type=product&#038;p=596"},"modified":"2024-01-24T16:33:42","modified_gmt":"2024-01-24T08:33:42","slug":"quail-egg-peeling-machine","status":"publish","type":"product","link":"https:\/\/www.eggmachinery.com\/es\/producto\/quail-egg-peeling-machine\/","title":{"rendered":"Peladora de huevos de codorniz"},"content":{"rendered":"<h2><a href=\"https:\/\/www.eggmachinery.com\/es\/producto\/quail-egg-shell-removing-machine\/\">Peladora de huevos de codorniz<\/a> Ficha t\u00e9cnica<\/h2>\n<table style=\"height: 250px;\" width=\"942\">\n<tbody>\n<tr>\n<td width=\"109\">Modelo<\/td>\n<td width=\"170\">Capacidad<\/td>\n<td width=\"201\">Talla<\/td>\n<td width=\"102\">Peso<\/td>\n<\/tr>\n<tr>\n<td width=\"109\">HT-HQ1<\/td>\n<td width=\"170\">50-100 kg\/h<\/p>\n<p>(unas 4000 piezas)<\/td>\n<td width=\"201\">760mm\u00d7410mm\u00d7810mm<\/td>\n<td width=\"102\">52 kg<\/td>\n<\/tr>\n<tr>\n<td width=\"109\">HT-HQ2<\/td>\n<td width=\"170\">150-200 kg\/h<\/p>\n<p>(unas 10000 piezas)<\/td>\n<td width=\"201\">1200mm\u00d7650mm\u00d7800mm<\/td>\n<td width=\"102\">87 kg<\/td>\n<\/tr>\n<\/tbody>\n<\/table>\n<p>&nbsp;<\/p>\n<p><strong><b>\u00a0<\/b><\/strong><\/p>\n<p>&nbsp;<\/p>\n<hr \/>\n<p><img decoding=\"async\" loading=\"lazy\" class=\"alignnone size-full wp-image-2907\" src=\"https:\/\/www.eggmachinery.com\/wp-content\/uploads\/egg-machinery.webp\" alt=\"egg machinery\" width=\"917\" height=\"417\" srcset=\"https:\/\/www.eggmachinery.com\/wp-content\/uploads\/egg-machinery.webp 917w, https:\/\/www.eggmachinery.com\/wp-content\/uploads\/egg-machinery-300x136.webp 300w, https:\/\/www.eggmachinery.com\/wp-content\/uploads\/egg-machinery-768x349.webp 768w, https:\/\/www.eggmachinery.com\/wp-content\/uploads\/egg-machinery-600x273.webp 600w\" sizes=\"(max-width: 917px) 100vw, 917px\" \/><\/p>\n<h2><\/h2>\n<p>&nbsp;<\/p>\n<h2><\/h2>\n<h2><\/h2>\n<h2><\/h2>\n<h2>Las cadenas importadas se rellenan con grasa de calidad alimentaria para mejorar su capacidad de rodamiento y resistencia al desgasteLa m\u00e1quina peladora de huevos de codorniz es una m\u00e1quina para el pelado mecanizado de huevos de codorniz. Adopta la transmisi\u00f3n de cadena, que es f\u00e1cil de operar y ahorra mano de obra y esfuerzo.<\/h2>\n<h2><\/h2>\n<p><img decoding=\"async\" loading=\"lazy\" class=\"alignnone size-full wp-image-2890\" src=\"https:\/\/www.eggmachinery.com\/wp-content\/uploads\/Quail-egg-peeling-machine-7.webp\" alt=\"Quail egg peeling machine\" width=\"750\" height=\"750\" srcset=\"https:\/\/www.eggmachinery.com\/wp-content\/uploads\/Quail-egg-peeling-machine-7.webp 750w, https:\/\/www.eggmachinery.com\/wp-content\/uploads\/Quail-egg-peeling-machine-7-300x300.webp 300w, https:\/\/www.eggmachinery.com\/wp-content\/uploads\/Quail-egg-peeling-machine-7-150x150.webp 150w, https:\/\/www.eggmachinery.com\/wp-content\/uploads\/Quail-egg-peeling-machine-7-600x600.webp 600w, https:\/\/www.eggmachinery.com\/wp-content\/uploads\/Quail-egg-peeling-machine-7-100x100.webp 100w\" sizes=\"(max-width: 750px) 100vw, 750px\" \/><img decoding=\"async\" loading=\"lazy\" class=\"alignnone size-full wp-image-2891\" src=\"https:\/\/www.eggmachinery.com\/wp-content\/uploads\/Quail-egg-peeling-machine-8.webp\" alt=\"Quail egg peeling machine\" width=\"750\" height=\"750\" srcset=\"https:\/\/www.eggmachinery.com\/wp-content\/uploads\/Quail-egg-peeling-machine-8.webp 750w, https:\/\/www.eggmachinery.com\/wp-content\/uploads\/Quail-egg-peeling-machine-8-300x300.webp 300w, https:\/\/www.eggmachinery.com\/wp-content\/uploads\/Quail-egg-peeling-machine-8-150x150.webp 150w, https:\/\/www.eggmachinery.com\/wp-content\/uploads\/Quail-egg-peeling-machine-8-600x600.webp 600w, https:\/\/www.eggmachinery.com\/wp-content\/uploads\/Quail-egg-peeling-machine-8-100x100.webp 100w\" sizes=\"(max-width: 750px) 100vw, 750px\" \/><img decoding=\"async\" loading=\"lazy\" class=\"alignnone size-full wp-image-2884\" src=\"https:\/\/www.eggmachinery.com\/wp-content\/uploads\/Quail-egg-peeling-machine-1.webp\" alt=\"Quail egg peeling machine\" width=\"750\" height=\"750\" srcset=\"https:\/\/www.eggmachinery.com\/wp-content\/uploads\/Quail-egg-peeling-machine-1.webp 750w, https:\/\/www.eggmachinery.com\/wp-content\/uploads\/Quail-egg-peeling-machine-1-300x300.webp 300w, https:\/\/www.eggmachinery.com\/wp-content\/uploads\/Quail-egg-peeling-machine-1-150x150.webp 150w, https:\/\/www.eggmachinery.com\/wp-content\/uploads\/Quail-egg-peeling-machine-1-600x600.webp 600w, https:\/\/www.eggmachinery.com\/wp-content\/uploads\/Quail-egg-peeling-machine-1-100x100.webp 100w\" sizes=\"(max-width: 750px) 100vw, 750px\" \/><\/p>\n<h2><\/h2>\n<h2>Uso de motor de cobre puro, bajo consumo de energ\u00eda, alta eficiencia de trabajo<\/h2>\n<p><img decoding=\"async\" loading=\"lazy\" class=\"alignnone size-full wp-image-2889\" src=\"https:\/\/www.eggmachinery.com\/wp-content\/uploads\/Quail-egg-peeling-machine-6.webp\" alt=\"Quail egg peeling machine\" width=\"750\" height=\"750\" srcset=\"https:\/\/www.eggmachinery.com\/wp-content\/uploads\/Quail-egg-peeling-machine-6.webp 750w, https:\/\/www.eggmachinery.com\/wp-content\/uploads\/Quail-egg-peeling-machine-6-300x300.webp 300w, https:\/\/www.eggmachinery.com\/wp-content\/uploads\/Quail-egg-peeling-machine-6-150x150.webp 150w, https:\/\/www.eggmachinery.com\/wp-content\/uploads\/Quail-egg-peeling-machine-6-600x600.webp 600w, https:\/\/www.eggmachinery.com\/wp-content\/uploads\/Quail-egg-peeling-machine-6-100x100.webp 100w\" sizes=\"(max-width: 750px) 100vw, 750px\" \/><img decoding=\"async\" loading=\"lazy\" class=\"alignnone size-full wp-image-2885\" src=\"https:\/\/www.eggmachinery.com\/wp-content\/uploads\/Quail-egg-peeling-machine-2.webp\" alt=\"Quail egg peeling machine\" width=\"750\" height=\"750\" srcset=\"https:\/\/www.eggmachinery.com\/wp-content\/uploads\/Quail-egg-peeling-machine-2.webp 750w, https:\/\/www.eggmachinery.com\/wp-content\/uploads\/Quail-egg-peeling-machine-2-300x300.webp 300w, https:\/\/www.eggmachinery.com\/wp-content\/uploads\/Quail-egg-peeling-machine-2-150x150.webp 150w, https:\/\/www.eggmachinery.com\/wp-content\/uploads\/Quail-egg-peeling-machine-2-600x600.webp 600w, https:\/\/www.eggmachinery.com\/wp-content\/uploads\/Quail-egg-peeling-machine-2-100x100.webp 100w\" sizes=\"(max-width: 750px) 100vw, 750px\" \/><img decoding=\"async\" loading=\"lazy\" class=\"alignnone size-full wp-image-2886\" src=\"https:\/\/www.eggmachinery.com\/wp-content\/uploads\/Quail-egg-peeling-machine-3.webp\" alt=\"Quail egg peeling machine\" width=\"750\" height=\"750\" srcset=\"https:\/\/www.eggmachinery.com\/wp-content\/uploads\/Quail-egg-peeling-machine-3.webp 750w, https:\/\/www.eggmachinery.com\/wp-content\/uploads\/Quail-egg-peeling-machine-3-300x300.webp 300w, https:\/\/www.eggmachinery.com\/wp-content\/uploads\/Quail-egg-peeling-machine-3-150x150.webp 150w, https:\/\/www.eggmachinery.com\/wp-content\/uploads\/Quail-egg-peeling-machine-3-600x600.webp 600w, https:\/\/www.eggmachinery.com\/wp-content\/uploads\/Quail-egg-peeling-machine-3-100x100.webp 100w\" sizes=\"(max-width: 750px) 100vw, 750px\" \/><img decoding=\"async\" loading=\"lazy\" class=\"alignnone size-full wp-image-2980\" src=\"https:\/\/www.eggmachinery.com\/wp-content\/uploads\/egg-machine-3-1.webp\" alt=\"\" width=\"750\" height=\"750\" srcset=\"https:\/\/www.eggmachinery.com\/wp-content\/uploads\/egg-machine-3-1.webp 750w, https:\/\/www.eggmachinery.com\/wp-content\/uploads\/egg-machine-3-1-300x300.webp 300w, https:\/\/www.eggmachinery.com\/wp-content\/uploads\/egg-machine-3-1-150x150.webp 150w, https:\/\/www.eggmachinery.com\/wp-content\/uploads\/egg-machine-3-1-600x600.webp 600w, https:\/\/www.eggmachinery.com\/wp-content\/uploads\/egg-machine-3-1-100x100.webp 100w\" sizes=\"(max-width: 750px) 100vw, 750px\" \/><\/p>\n<h1><\/h1>\n<h3>La peladora de huevos de codorniz utiliza la esponja y la manguera para girar en direcciones opuestas y generar fricci\u00f3n para pelar la c\u00e1scara del huevo de codorniz sin da\u00f1ar la superficie del huevo.<\/h3>\n<p><img decoding=\"async\" loading=\"lazy\" class=\"alignnone size-full wp-image-2949\" src=\"https:\/\/www.eggmachinery.com\/wp-content\/uploads\/quail-egg-peeling-machine-4-1.webp\" alt=\"quail egg peeling machine\" width=\"750\" height=\"750\" srcset=\"https:\/\/www.eggmachinery.com\/wp-content\/uploads\/quail-egg-peeling-machine-4-1.webp 750w, https:\/\/www.eggmachinery.com\/wp-content\/uploads\/quail-egg-peeling-machine-4-1-300x300.webp 300w, https:\/\/www.eggmachinery.com\/wp-content\/uploads\/quail-egg-peeling-machine-4-1-150x150.webp 150w, https:\/\/www.eggmachinery.com\/wp-content\/uploads\/quail-egg-peeling-machine-4-1-600x600.webp 600w, https:\/\/www.eggmachinery.com\/wp-content\/uploads\/quail-egg-peeling-machine-4-1-100x100.webp 100w\" sizes=\"(max-width: 750px) 100vw, 750px\" \/><img decoding=\"async\" loading=\"lazy\" class=\"alignnone size-full wp-image-2947\" src=\"https:\/\/www.eggmachinery.com\/wp-content\/uploads\/quail-egg-peeling-machine-2-1.webp\" alt=\"quail egg peeling machine\" width=\"750\" height=\"750\" srcset=\"https:\/\/www.eggmachinery.com\/wp-content\/uploads\/quail-egg-peeling-machine-2-1.webp 750w, https:\/\/www.eggmachinery.com\/wp-content\/uploads\/quail-egg-peeling-machine-2-1-300x300.webp 300w, https:\/\/www.eggmachinery.com\/wp-content\/uploads\/quail-egg-peeling-machine-2-1-150x150.webp 150w, https:\/\/www.eggmachinery.com\/wp-content\/uploads\/quail-egg-peeling-machine-2-1-600x600.webp 600w, https:\/\/www.eggmachinery.com\/wp-content\/uploads\/quail-egg-peeling-machine-2-1-100x100.webp 100w\" sizes=\"(max-width: 750px) 100vw, 750px\" \/><img decoding=\"async\" loading=\"lazy\" class=\"alignnone size-full wp-image-2948\" src=\"https:\/\/www.eggmachinery.com\/wp-content\/uploads\/quail-egg-peeling-machine-3-1.webp\" alt=\"quail egg peeling machine\" width=\"750\" height=\"750\" srcset=\"https:\/\/www.eggmachinery.com\/wp-content\/uploads\/quail-egg-peeling-machine-3-1.webp 750w, https:\/\/www.eggmachinery.com\/wp-content\/uploads\/quail-egg-peeling-machine-3-1-300x300.webp 300w, https:\/\/www.eggmachinery.com\/wp-content\/uploads\/quail-egg-peeling-machine-3-1-150x150.webp 150w, https:\/\/www.eggmachinery.com\/wp-content\/uploads\/quail-egg-peeling-machine-3-1-600x600.webp 600w, https:\/\/www.eggmachinery.com\/wp-content\/uploads\/quail-egg-peeling-machine-3-1-100x100.webp 100w\" sizes=\"(max-width: 750px) 100vw, 750px\" \/><\/p>\n<h2><\/h2>\n<h3>La peladora de huevos de codorniz adopta un sistema de circulaci\u00f3n de agua para ahorrar agua y proteger el medio ambiente<\/h3>\n<p><img decoding=\"async\" loading=\"lazy\" class=\"alignnone size-full wp-image-2952\" src=\"https:\/\/www.eggmachinery.com\/wp-content\/uploads\/quail-egg-peeling-machine-7-1.webp\" alt=\"quail egg peeling machine\" width=\"750\" height=\"750\" srcset=\"https:\/\/www.eggmachinery.com\/wp-content\/uploads\/quail-egg-peeling-machine-7-1.webp 750w, https:\/\/www.eggmachinery.com\/wp-content\/uploads\/quail-egg-peeling-machine-7-1-300x300.webp 300w, https:\/\/www.eggmachinery.com\/wp-content\/uploads\/quail-egg-peeling-machine-7-1-150x150.webp 150w, https:\/\/www.eggmachinery.com\/wp-content\/uploads\/quail-egg-peeling-machine-7-1-600x600.webp 600w, https:\/\/www.eggmachinery.com\/wp-content\/uploads\/quail-egg-peeling-machine-7-1-100x100.webp 100w\" sizes=\"(max-width: 750px) 100vw, 750px\" \/><\/p>\n<p>&nbsp;<\/p>\n<h3>Sistema de amortiguaci\u00f3n por muelle, mejora el efecto de rotura de la piel, reduce el desgaste y reduce el ruido.<\/h3>\n<p>&nbsp;<\/p>\n<p><img decoding=\"async\" loading=\"lazy\" class=\"alignnone size-full wp-image-2981\" src=\"https:\/\/www.eggmachinery.com\/wp-content\/uploads\/egg-machine-4.webp\" alt=\"egg machine\" width=\"750\" height=\"750\" srcset=\"https:\/\/www.eggmachinery.com\/wp-content\/uploads\/egg-machine-4.webp 750w, https:\/\/www.eggmachinery.com\/wp-content\/uploads\/egg-machine-4-300x300.webp 300w, https:\/\/www.eggmachinery.com\/wp-content\/uploads\/egg-machine-4-150x150.webp 150w, https:\/\/www.eggmachinery.com\/wp-content\/uploads\/egg-machine-4-600x600.webp 600w, https:\/\/www.eggmachinery.com\/wp-content\/uploads\/egg-machine-4-100x100.webp 100w\" sizes=\"(max-width: 750px) 100vw, 750px\" \/><img decoding=\"async\" loading=\"lazy\" class=\"alignnone size-full wp-image-2978\" src=\"https:\/\/www.eggmachinery.com\/wp-content\/uploads\/egg-machine-1-1.webp\" alt=\"egg machine\" width=\"750\" height=\"750\" srcset=\"https:\/\/www.eggmachinery.com\/wp-content\/uploads\/egg-machine-1-1.webp 750w, https:\/\/www.eggmachinery.com\/wp-content\/uploads\/egg-machine-1-1-300x300.webp 300w, https:\/\/www.eggmachinery.com\/wp-content\/uploads\/egg-machine-1-1-150x150.webp 150w, https:\/\/www.eggmachinery.com\/wp-content\/uploads\/egg-machine-1-1-600x600.webp 600w, https:\/\/www.eggmachinery.com\/wp-content\/uploads\/egg-machine-1-1-100x100.webp 100w\" sizes=\"(max-width: 750px) 100vw, 750px\" \/><\/p>\n<p>&nbsp;<\/p>\n<p>&nbsp;<\/p>\n<p>&nbsp;<\/p>\n<p>&nbsp;<\/p>\n<p>&nbsp;<\/p>\n<h2><\/h2>\n<h2><\/h2>\n<h2><\/h2>\n<h2><\/h2>\n<h2><\/h2>\n<p>&nbsp;<\/p>\n<p>&nbsp;<\/p>\n<p>&nbsp;<\/p>\n<p>&nbsp;<\/p>\n<p>&nbsp;<\/p>\n<p>&nbsp;<\/p>\n<p>&nbsp;<\/p>\n<p>&nbsp;<\/p>","protected":false},"excerpt":{"rendered":"<p>La m\u00e1quina peladora de huevos de codorniz est\u00e1 especialmente dise\u00f1ada para pelar huevos de codorniz a gran escala. El material de acero inoxidable hace que el proceso de pelado de huevos de codorniz sea mucho m\u00e1s estable y limpio. S\u00f3lo tiene que introducir los huevos de codorniz duros y esperar a que los huevos pelados salgan por la salida. Sin operaci\u00f3n de mano de obra, pelado totalmente autom\u00e1tico.<\/p>","protected":false},"featured_media":714,"template":"","meta":{"_seopress_robots_primary_cat":"none"},"product_cat":[20],"product_tag":[],"featured_image_urls":{"full":["https:\/\/www.eggmachinery.com\/wp-content\/uploads\/2021\/04\/boiled-quail-egg-peeling-machine.webp",820,680,false],"thumbnail":["https:\/\/www.eggmachinery.com\/wp-content\/uploads\/2021\/04\/boiled-quail-egg-peeling-machine-150x150.webp",150,150,true],"medium":["https:\/\/www.eggmachinery.com\/wp-content\/uploads\/2021\/04\/boiled-quail-egg-peeling-machine-300x249.webp",300,249,true],"medium_large":["https:\/\/www.eggmachinery.com\/wp-content\/uploads\/2021\/04\/boiled-quail-egg-peeling-machine-768x637.webp",768,637,true],"large":["https:\/\/www.eggmachinery.com\/wp-content\/uploads\/2021\/04\/boiled-quail-egg-peeling-machine.webp",820,680,false],"1536x1536":["https:\/\/www.eggmachinery.com\/wp-content\/uploads\/2021\/04\/boiled-quail-egg-peeling-machine.webp",820,680,false],"2048x2048":["https:\/\/www.eggmachinery.com\/wp-content\/uploads\/2021\/04\/boiled-quail-egg-peeling-machine.webp",820,680,false],"trp-custom-language-flag":["https:\/\/www.eggmachinery.com\/wp-content\/uploads\/2021\/04\/boiled-quail-egg-peeling-machine.webp",14,12,false],"woocommerce_thumbnail":["https:\/\/www.eggmachinery.com\/wp-content\/uploads\/2021\/04\/boiled-quail-egg-peeling-machine-300x249.webp",300,249,true],"woocommerce_single":["https:\/\/www.eggmachinery.com\/wp-content\/uploads\/2021\/04\/boiled-quail-egg-peeling-machine-600x498.webp",600,498,true],"woocommerce_gallery_thumbnail":["https:\/\/www.eggmachinery.com\/wp-content\/uploads\/2021\/04\/boiled-quail-egg-peeling-machine-100x100.webp",100,100,true]},"post_excerpt_stackable":"<p>Quail egg peeling machine is especially designed for peeling quail eggs in a large scale.The stainless steel material makes the quail egg peeling process much more stable and clean. Just feed the hard boiled quail eggs and then wait for the peeled eggs discharged from the outlet. No labor operation, totally automatic peeling.<\/p>\n","category_list":"","author_info":{"name":"","url":""},"comments_num":"0 comments","_links":{"self":[{"href":"https:\/\/www.eggmachinery.com\/es\/wp-json\/wp\/v2\/product\/596"}],"collection":[{"href":"https:\/\/www.eggmachinery.com\/es\/wp-json\/wp\/v2\/product"}],"about":[{"href":"https:\/\/www.eggmachinery.com\/es\/wp-json\/wp\/v2\/types\/product"}],"wp:featuredmedia":[{"embeddable":true,"href":"https:\/\/www.eggmachinery.com\/es\/wp-json\/wp\/v2\/media\/714"}],"wp:attachment":[{"href":"https:\/\/www.eggmachinery.com\/es\/wp-json\/wp\/v2\/media?parent=596"}],"wp:term":[{"taxonomy":"product_cat","embeddable":true,"href":"https:\/\/www.eggmachinery.com\/es\/wp-json\/wp\/v2\/product_cat?post=596"},{"taxonomy":"product_tag","embeddable":true,"href":"https:\/\/www.eggmachinery.com\/es\/wp-json\/wp\/v2\/product_tag?post=596"}],"curies":[{"name":"wp","href":"https:\/\/api.w.org\/{rel}","templated":true}]}}