{"id":766,"date":"2023-03-23T12:53:39","date_gmt":"2023-03-23T04:53:39","guid":{"rendered":"https:\/\/eggmachinery.com\/?post_type=product&#038;p=766"},"modified":"2023-04-11T12:54:55","modified_gmt":"2023-04-11T04:54:55","slug":"quail-egg-processing-line","status":"publish","type":"product","link":"https:\/\/www.eggmachinery.com\/es\/producto\/quail-egg-processing-line\/","title":{"rendered":"L\u00ednea de procesamiento de huevos de codorniz"},"content":{"rendered":"<p>1.Product name:L\u00ednea de procesamiento de hervido y pelado M\u00e1quina peladora de huevos de codorniz<\/p>\n<p>2.Aplicaci\u00f3n:Industria de transformaci\u00f3n profunda de huevos de codorniz<\/p>\n<p>3.Funci\u00f3n:Cocinar\/descascarar\/pelar quailegg<\/p>\n<p>4.La l\u00ednea de proceso de pelado de huevos de codorniz incluye diferentes sistemas de trabajo. Tales como sistema de alimentaci\u00f3n de huevo de codorniz, precooking&amp;yolk centrado sistema, sistema de huevo de codorniz de ebullici\u00f3n de alta temperatura, sistema de enfriamiento, shell&amp;lifter sistema y sistema de pelado de huevo de codorniz.<\/p>\n<p>&nbsp;<\/p>\n<p><iframe loading=\"lazy\" title=\"pelador de huevos de codorniz\" width=\"1290\" height=\"726\" src=\"https:\/\/www.youtube.com\/embed\/r_zUjNc7m0g?feature=oembed\" frameborder=\"0\" allow=\"accelerometer; autoplay; clipboard-write; encrypted-media; gyroscope; picture-in-picture; web-share\" allowfullscreen><\/iframe><\/p>","protected":false},"excerpt":{"rendered":"<p>1.Product name:L\u00ednea de procesamiento de hervido y pelado M\u00e1quina peladora de huevos de codorniz<\/p>\n<p>2.Aplicaci\u00f3n:Industria de transformaci\u00f3n profunda de huevos de codorniz<\/p>\n<p>3.Funci\u00f3n:Cocinar\/descascarar\/pelar quailegg<\/p>\n<p>4.La l\u00ednea de proceso de pelado de huevos de codorniz incluye diferentes sistemas de trabajo. Tales como sistema de alimentaci\u00f3n de huevo de codorniz, precooking&amp;yolk centrado sistema, sistema de huevo de codorniz de ebullici\u00f3n de alta temperatura, sistema de enfriamiento, shell&amp;lifter sistema y sistema de pelado de huevo de codorniz.<\/p>\n<p>Enim neque volutpat ac tincidunt vitae semper. Id semper risus in hendrerit gravida rutrum quisque non tellus.<\/p>","protected":false},"featured_media":765,"template":"","meta":{"_seopress_robots_primary_cat":"none"},"product_cat":[26],"product_tag":[],"featured_image_urls":{"full":["https:\/\/www.eggmachinery.com\/wp-content\/uploads\/2023\/03\/quail-egg-peeler-machine-for-sale-3.webp",820,680,false],"thumbnail":["https:\/\/www.eggmachinery.com\/wp-content\/uploads\/2023\/03\/quail-egg-peeler-machine-for-sale-3-150x150.webp",150,150,true],"medium":["https:\/\/www.eggmachinery.com\/wp-content\/uploads\/2023\/03\/quail-egg-peeler-machine-for-sale-3-300x249.webp",300,249,true],"medium_large":["https:\/\/www.eggmachinery.com\/wp-content\/uploads\/2023\/03\/quail-egg-peeler-machine-for-sale-3-768x637.webp",768,637,true],"large":["https:\/\/www.eggmachinery.com\/wp-content\/uploads\/2023\/03\/quail-egg-peeler-machine-for-sale-3.webp",820,680,false],"1536x1536":["https:\/\/www.eggmachinery.com\/wp-content\/uploads\/2023\/03\/quail-egg-peeler-machine-for-sale-3.webp",820,680,false],"2048x2048":["https:\/\/www.eggmachinery.com\/wp-content\/uploads\/2023\/03\/quail-egg-peeler-machine-for-sale-3.webp",820,680,false],"trp-custom-language-flag":["https:\/\/www.eggmachinery.com\/wp-content\/uploads\/2023\/03\/quail-egg-peeler-machine-for-sale-3.webp",14,12,false],"woocommerce_thumbnail":["https:\/\/www.eggmachinery.com\/wp-content\/uploads\/2023\/03\/quail-egg-peeler-machine-for-sale-3-300x249.webp",300,249,true],"woocommerce_single":["https:\/\/www.eggmachinery.com\/wp-content\/uploads\/2023\/03\/quail-egg-peeler-machine-for-sale-3-600x498.webp",600,498,true],"woocommerce_gallery_thumbnail":["https:\/\/www.eggmachinery.com\/wp-content\/uploads\/2023\/03\/quail-egg-peeler-machine-for-sale-3-100x100.webp",100,100,true]},"post_excerpt_stackable":"<p>1.Product name:Boiling and Peeling Processing Line Quail Egg Shelling Machine<\/p>\n<p>2.Application:Quail egg deep processing industry<\/p>\n<p>3.Function:Cooking\/shelling\/peeling quailegg<\/p>\n<p>4.Quail egg shelling process line includes different working system. Such as quail egg feeding system, precooking&amp;yolk centering system, high temperature boiling quail egg system, cooling system, shelling&amp;lifter system, and quail egg peeling system.<\/p>\n<p>Enim neque volutpat ac tincidunt vitae semper. Id semper risus in hendrerit gravida rutrum quisque non tellus.<\/p>\n","category_list":"","author_info":{"name":"","url":""},"comments_num":"0 comments","_links":{"self":[{"href":"https:\/\/www.eggmachinery.com\/es\/wp-json\/wp\/v2\/product\/766"}],"collection":[{"href":"https:\/\/www.eggmachinery.com\/es\/wp-json\/wp\/v2\/product"}],"about":[{"href":"https:\/\/www.eggmachinery.com\/es\/wp-json\/wp\/v2\/types\/product"}],"wp:featuredmedia":[{"embeddable":true,"href":"https:\/\/www.eggmachinery.com\/es\/wp-json\/wp\/v2\/media\/765"}],"wp:attachment":[{"href":"https:\/\/www.eggmachinery.com\/es\/wp-json\/wp\/v2\/media?parent=766"}],"wp:term":[{"taxonomy":"product_cat","embeddable":true,"href":"https:\/\/www.eggmachinery.com\/es\/wp-json\/wp\/v2\/product_cat?post=766"},{"taxonomy":"product_tag","embeddable":true,"href":"https:\/\/www.eggmachinery.com\/es\/wp-json\/wp\/v2\/product_tag?post=766"}],"curies":[{"name":"wp","href":"https:\/\/api.w.org\/{rel}","templated":true}]}}