{"id":788,"date":"2023-03-23T16:11:38","date_gmt":"2023-03-23T08:11:38","guid":{"rendered":"https:\/\/eggmachinery.com\/?post_type=product&#038;p=788"},"modified":"2026-03-10T16:08:47","modified_gmt":"2026-03-10T08:08:47","slug":"egg-cleaning-machine","status":"publish","type":"product","link":"https:\/\/www.eggmachinery.com\/es\/producto\/egg-cleaning-machine\/","title":{"rendered":"M\u00e1quina limpiadora de huevos"},"content":{"rendered":"<h2>La lavadora industrial del cepillo del huevo se puede utilizar para el huevo del pollo del proceso y el huevo del pato, m\u00e1quina se hace del acero inoxidable 304 total. M\u00e9todo de trabajo autom\u00e1tico con diferentes funciones. Tales como limpieza de huevos, soplado, detecci\u00f3n de luz, esterilizaci\u00f3n, pulverizaci\u00f3n de aceite y codificaci\u00f3n. Diferentes funciones tienen diferentes campos de aplicaci\u00f3n.<\/h2>\n<p>&nbsp;<\/p>\n<p>&nbsp;<\/p>\n<p>1) Lavado y soplado de huevos. Nuestro dise\u00f1o de la m\u00e1quina es diferente con otro proveedor. Es pulverizaci\u00f3n de agua y cepillo extra\u00edble para trabajar juntos.<\/p>\n<p>2) El agua de trabajo de la parte de limpieza puede reciclarse.<\/p>\n<p>3) Las dimensiones de la lavadora de cepillos para huevos se pueden personalizar seg\u00fan el tama\u00f1o y las exigencias del almac\u00e9n del cliente.<\/p>\n<p>4) La velocidad de trabajo de la lavadora industrial de cepillos para huevos puede ser ajustada, y los diferentes sistemas pueden ser controlados independientemente.<\/p>\n<p>5) Funcionamiento f\u00e1cil y seguro, vida \u00fatil duradera.<\/p>\n<p>&nbsp;<\/p>\n<h2>Dispositivo alimentador de huevos<\/h2>\n<p>Se trata de un acumulador de agua para huevos, tambi\u00e9n llamado tanque de agua transportador de huevos.<\/p>\n<p><img decoding=\"async\" loading=\"lazy\" class=\"alignnone size-full wp-image-3001\" src=\"https:\/\/www.eggmachinery.com\/wp-content\/uploads\/egg-machine-1_WH_750x750px.webp\" alt=\"egg machine\" width=\"750\" height=\"750\" srcset=\"https:\/\/www.eggmachinery.com\/wp-content\/uploads\/egg-machine-1_WH_750x750px.webp 750w, https:\/\/www.eggmachinery.com\/wp-content\/uploads\/egg-machine-1_WH_750x750px-300x300.webp 300w, https:\/\/www.eggmachinery.com\/wp-content\/uploads\/egg-machine-1_WH_750x750px-150x150.webp 150w, https:\/\/www.eggmachinery.com\/wp-content\/uploads\/egg-machine-1_WH_750x750px-600x600.webp 600w, https:\/\/www.eggmachinery.com\/wp-content\/uploads\/egg-machine-1_WH_750x750px-100x100.webp 100w\" sizes=\"(max-width: 750px) 100vw, 750px\" \/><\/p>\n<h3>Lavado y soplado de cepillos para huevos<\/h3>\n<p>Lavadora de cepillos para limpiar los huevos sucios. Sopladora para secar el agua superficial de los huevos.<\/p>\n<p><img decoding=\"async\" loading=\"lazy\" class=\"alignnone size-full wp-image-3003\" src=\"https:\/\/www.eggmachinery.com\/wp-content\/uploads\/egg-machine-3_WH_750x750px.webp\" alt=\"egg machine\" width=\"750\" height=\"750\" srcset=\"https:\/\/www.eggmachinery.com\/wp-content\/uploads\/egg-machine-3_WH_750x750px.webp 750w, https:\/\/www.eggmachinery.com\/wp-content\/uploads\/egg-machine-3_WH_750x750px-300x300.webp 300w, https:\/\/www.eggmachinery.com\/wp-content\/uploads\/egg-machine-3_WH_750x750px-150x150.webp 150w, https:\/\/www.eggmachinery.com\/wp-content\/uploads\/egg-machine-3_WH_750x750px-600x600.webp 600w, https:\/\/www.eggmachinery.com\/wp-content\/uploads\/egg-machine-3_WH_750x750px-100x100.webp 100w\" sizes=\"(max-width: 750px) 100vw, 750px\" \/><\/p>\n<h3>Esterilizaci\u00f3n y velas<\/h3>\n<p>Esterilizaci\u00f3n de huevos y detector de luz. Funci\u00f3n de detector de luz es comprobar los huevos malos.<\/p>\n<p>Tambi\u00e9n hay codificaci\u00f3n, pulverizaci\u00f3n de aceite y cualquier otro equipo relacionado.<\/p>\n<p><img decoding=\"async\" loading=\"lazy\" class=\"alignnone size-full wp-image-3004\" src=\"https:\/\/www.eggmachinery.com\/wp-content\/uploads\/egg-machine-4_WH_750x750px.webp\" alt=\"egg machine\" width=\"750\" height=\"750\" srcset=\"https:\/\/www.eggmachinery.com\/wp-content\/uploads\/egg-machine-4_WH_750x750px.webp 750w, https:\/\/www.eggmachinery.com\/wp-content\/uploads\/egg-machine-4_WH_750x750px-300x300.webp 300w, https:\/\/www.eggmachinery.com\/wp-content\/uploads\/egg-machine-4_WH_750x750px-150x150.webp 150w, https:\/\/www.eggmachinery.com\/wp-content\/uploads\/egg-machine-4_WH_750x750px-600x600.webp 600w, https:\/\/www.eggmachinery.com\/wp-content\/uploads\/egg-machine-4_WH_750x750px-100x100.webp 100w\" sizes=\"(max-width: 750px) 100vw, 750px\" \/><\/p>","protected":false},"excerpt":{"rendered":"<p>La lavadora industrial del cepillo del huevo se puede utilizar para el huevo del pollo del proceso y el huevo del pato, m\u00e1quina se hace del acero inoxidable 304 total. M\u00e9todo de trabajo autom\u00e1tico con diferentes funciones. Tales como limpieza de huevos, soplado, detecci\u00f3n de luz, esterilizaci\u00f3n, pulverizaci\u00f3n de aceite y codificaci\u00f3n. Diferentes funciones tienen diferentes campos de aplicaci\u00f3n.<\/p>\n<p>&nbsp;<\/p>","protected":false},"featured_media":789,"template":"","meta":{"_seopress_robots_primary_cat":"none"},"product_cat":[27],"product_tag":[],"featured_image_urls":{"full":["https:\/\/www.eggmachinery.com\/wp-content\/uploads\/2023\/03\/egg-cleaning-machine.webp",820,680,false],"thumbnail":["https:\/\/www.eggmachinery.com\/wp-content\/uploads\/2023\/03\/egg-cleaning-machine-150x150.webp",150,150,true],"medium":["https:\/\/www.eggmachinery.com\/wp-content\/uploads\/2023\/03\/egg-cleaning-machine-300x249.webp",300,249,true],"medium_large":["https:\/\/www.eggmachinery.com\/wp-content\/uploads\/2023\/03\/egg-cleaning-machine-768x637.webp",768,637,true],"large":["https:\/\/www.eggmachinery.com\/wp-content\/uploads\/2023\/03\/egg-cleaning-machine.webp",820,680,false],"1536x1536":["https:\/\/www.eggmachinery.com\/wp-content\/uploads\/2023\/03\/egg-cleaning-machine.webp",820,680,false],"2048x2048":["https:\/\/www.eggmachinery.com\/wp-content\/uploads\/2023\/03\/egg-cleaning-machine.webp",820,680,false],"trp-custom-language-flag":["https:\/\/www.eggmachinery.com\/wp-content\/uploads\/2023\/03\/egg-cleaning-machine.webp",14,12,false],"woocommerce_thumbnail":["https:\/\/www.eggmachinery.com\/wp-content\/uploads\/2023\/03\/egg-cleaning-machine-300x249.webp",300,249,true],"woocommerce_single":["https:\/\/www.eggmachinery.com\/wp-content\/uploads\/2023\/03\/egg-cleaning-machine-600x498.webp",600,498,true],"woocommerce_gallery_thumbnail":["https:\/\/www.eggmachinery.com\/wp-content\/uploads\/2023\/03\/egg-cleaning-machine-100x100.webp",100,100,true]},"post_excerpt_stackable":"<p>Industrial egg brush washing machine can be used for process chicken egg and duck egg, machine is made of total stainless steel 304. Automatic working method with different function. Such as egg cleaning, blowing, light detecting, sterilizing, oil spraying and coding. Different function have different application field.<\/p>\n<p>&nbsp;<\/p>\n","category_list":"","author_info":{"name":"","url":""},"comments_num":"0 comments","_links":{"self":[{"href":"https:\/\/www.eggmachinery.com\/es\/wp-json\/wp\/v2\/product\/788"}],"collection":[{"href":"https:\/\/www.eggmachinery.com\/es\/wp-json\/wp\/v2\/product"}],"about":[{"href":"https:\/\/www.eggmachinery.com\/es\/wp-json\/wp\/v2\/types\/product"}],"wp:featuredmedia":[{"embeddable":true,"href":"https:\/\/www.eggmachinery.com\/es\/wp-json\/wp\/v2\/media\/789"}],"wp:attachment":[{"href":"https:\/\/www.eggmachinery.com\/es\/wp-json\/wp\/v2\/media?parent=788"}],"wp:term":[{"taxonomy":"product_cat","embeddable":true,"href":"https:\/\/www.eggmachinery.com\/es\/wp-json\/wp\/v2\/product_cat?post=788"},{"taxonomy":"product_tag","embeddable":true,"href":"https:\/\/www.eggmachinery.com\/es\/wp-json\/wp\/v2\/product_tag?post=788"}],"curies":[{"name":"wp","href":"https:\/\/api.w.org\/{rel}","templated":true}]}}