{"id":794,"date":"2023-04-12T10:24:07","date_gmt":"2023-04-12T02:24:07","guid":{"rendered":"https:\/\/eggmachinery.com\/?post_type=product&#038;p=794"},"modified":"2024-07-29T09:24:34","modified_gmt":"2024-07-29T01:24:34","slug":"egg-cracking-machine","status":"publish","type":"product","link":"https:\/\/www.eggmachinery.com\/es\/producto\/egg-cracking-machine\/","title":{"rendered":"M\u00e1quina cascadora de huevos"},"content":{"rendered":"<h2><\/h2>\n<h2>M\u00e1quina cascadora de huevos Introducci\u00f3n<\/h2>\n<p>La m\u00e1quina separadora de c\u00e1scaras de huevo se utiliza principalmente para romper los huevos y separar el huevo l\u00edquido de la c\u00e1scara. Tambi\u00e9n puede triturar la c\u00e1scara del huevo en trozos peque\u00f1os, lo que reduce el volumen de las c\u00e1scaras y la descarga. La m\u00e1quina separadora de c\u00e1scaras de huevo puede romper los huevos enteros y separar la c\u00e1scara y el huevo l\u00edquido autom\u00e1ticamente.<\/p>\n<p>La m\u00e1quina separadora de c\u00e1scaras de huevo se utiliza ampliamente en m\u00e1quinas de procesamiento de ovoproductos, f\u00e1bricas de pasteles, grandes cantinas, etc., que necesitan procesar grandes cantidades de huevos a la vez.<\/p>\n<p>Adopta un dise\u00f1o especial de mecanismo centr\u00edfugo, y el material es de acero inoxidable 304. El dise\u00f1o humanizado es f\u00e1cil de desmontar y limpiar. La criba de honda adopta una estructura de criba de ranura, que tiene mayor resistencia mec\u00e1nica que una criba plana y no es f\u00e1cil de da\u00f1ar y bloquear. El l\u00edquido del huevo se filtra mejor y no hay impurezas de part\u00edculas. La malla plana tiene una alta resistencia mec\u00e1nica, no es f\u00e1cil de da\u00f1ar, no es f\u00e1cil de bloquear, y el l\u00edquido de huevo se filtra bien, y no hay impurezas de part\u00edculas.<\/p>\n<p><img decoding=\"async\" loading=\"lazy\" class=\"alignnone size-full wp-image-2955\" src=\"https:\/\/www.eggmachinery.com\/wp-content\/uploads\/commercial-egg-breaking-machine-2.webp\" alt=\"commercial egg breaking machine\" width=\"750\" height=\"750\" srcset=\"https:\/\/www.eggmachinery.com\/wp-content\/uploads\/commercial-egg-breaking-machine-2.webp 750w, https:\/\/www.eggmachinery.com\/wp-content\/uploads\/commercial-egg-breaking-machine-2-300x300.webp 300w, https:\/\/www.eggmachinery.com\/wp-content\/uploads\/commercial-egg-breaking-machine-2-150x150.webp 150w, https:\/\/www.eggmachinery.com\/wp-content\/uploads\/commercial-egg-breaking-machine-2-600x600.webp 600w, https:\/\/www.eggmachinery.com\/wp-content\/uploads\/commercial-egg-breaking-machine-2-100x100.webp 100w\" sizes=\"(max-width: 750px) 100vw, 750px\" \/><img decoding=\"async\" loading=\"lazy\" class=\"alignnone size-full wp-image-2956\" src=\"https:\/\/www.eggmachinery.com\/wp-content\/uploads\/commercial-egg-breaking-machine-3.webp\" alt=\"commercial egg breaking machine\" width=\"750\" height=\"750\" srcset=\"https:\/\/www.eggmachinery.com\/wp-content\/uploads\/commercial-egg-breaking-machine-3.webp 750w, https:\/\/www.eggmachinery.com\/wp-content\/uploads\/commercial-egg-breaking-machine-3-300x300.webp 300w, https:\/\/www.eggmachinery.com\/wp-content\/uploads\/commercial-egg-breaking-machine-3-150x150.webp 150w, https:\/\/www.eggmachinery.com\/wp-content\/uploads\/commercial-egg-breaking-machine-3-600x600.webp 600w, https:\/\/www.eggmachinery.com\/wp-content\/uploads\/commercial-egg-breaking-machine-3-100x100.webp 100w\" sizes=\"(max-width: 750px) 100vw, 750px\" \/><img decoding=\"async\" loading=\"lazy\" class=\"alignnone size-full wp-image-2957\" src=\"https:\/\/www.eggmachinery.com\/wp-content\/uploads\/commercial-egg-breaking-machine-4.webp\" alt=\"commercial egg breaking machine\" width=\"750\" height=\"750\" srcset=\"https:\/\/www.eggmachinery.com\/wp-content\/uploads\/commercial-egg-breaking-machine-4.webp 750w, https:\/\/www.eggmachinery.com\/wp-content\/uploads\/commercial-egg-breaking-machine-4-300x300.webp 300w, https:\/\/www.eggmachinery.com\/wp-content\/uploads\/commercial-egg-breaking-machine-4-150x150.webp 150w, https:\/\/www.eggmachinery.com\/wp-content\/uploads\/commercial-egg-breaking-machine-4-600x600.webp 600w, https:\/\/www.eggmachinery.com\/wp-content\/uploads\/commercial-egg-breaking-machine-4-100x100.webp 100w\" sizes=\"(max-width: 750px) 100vw, 750px\" \/><\/p>\n<ol>\n<li>\u00a0La m\u00e1quina se coloca de forma estable y debe instalarse el cable de conexi\u00f3n a tierra.<\/li>\n<li>Despu\u00e9s de conectar la fuente de alimentaci\u00f3n, arranque la m\u00e1quina y observe la direcci\u00f3n de rotaci\u00f3n de la m\u00e1quina. El sentido de giro es el de las agujas del reloj. Si es en sentido contrario a las agujas del reloj, cualquiera de las dos fuentes de alimentaci\u00f3n trif\u00e1sicas se puede ajustar arbitrariamente.<\/li>\n<li>Cuando vierta huevos, no vierta demasiada cantidad a la vez. Si vierte demasiada cantidad, la m\u00e1quina se atascar\u00e1 y la cinta se romper\u00e1.<\/li>\n<li>Al limpiar la m\u00e1quina, se recomienda utilizar primero un cepillo de alambre para limpiar el tambor del filtro y los orificios de la malla del filtro en el cubo de trabajo para evitar que los orificios de la malla se obstruyan con residuos de huevo.<\/li>\n<\/ol>\n<p>&nbsp;<\/p>\n<p>En segundo lugar, aseg\u00farese de limpiar la rejilla del filtro y los residuos de c\u00e1scara de huevo en la parte inferior del n\u00facleo del cilindro para evitar que la rejilla del filtro sea inconsistente, el sonido \u00e1spero de fricci\u00f3n del metal o la rotura de la correa al arrancar.<\/p>\n<p>&nbsp;<\/p>\n<h2>V\u00eddeo de la cascadora autom\u00e1tica de huevos<\/h2>\n<p><iframe loading=\"lazy\" title=\"fabricantes de cascadoras de huevos\" width=\"1290\" height=\"968\" src=\"https:\/\/www.youtube.com\/embed\/nczO6MMkFaU?feature=oembed\" frameborder=\"0\" allow=\"accelerometer; autoplay; clipboard-write; encrypted-media; gyroscope; picture-in-picture; web-share\" referrerpolicy=\"strict-origin-when-cross-origin\" allowfullscreen><\/iframe><\/p>\n<h3>M\u00e1quina cascadora de huevos Caracter\u00edsticas<\/h3>\n<p><img decoding=\"async\" loading=\"lazy\" class=\"alignnone size-full wp-image-2954\" src=\"https:\/\/www.eggmachinery.com\/wp-content\/uploads\/commercial-egg-breaking-machine-1.webp\" alt=\"commercial egg breaking machine\" width=\"750\" height=\"750\" srcset=\"https:\/\/www.eggmachinery.com\/wp-content\/uploads\/commercial-egg-breaking-machine-1.webp 750w, https:\/\/www.eggmachinery.com\/wp-content\/uploads\/commercial-egg-breaking-machine-1-300x300.webp 300w, https:\/\/www.eggmachinery.com\/wp-content\/uploads\/commercial-egg-breaking-machine-1-150x150.webp 150w, https:\/\/www.eggmachinery.com\/wp-content\/uploads\/commercial-egg-breaking-machine-1-600x600.webp 600w, https:\/\/www.eggmachinery.com\/wp-content\/uploads\/commercial-egg-breaking-machine-1-100x100.webp 100w\" sizes=\"(max-width: 750px) 100vw, 750px\" \/><\/p>\n<ol>\n<li>Dise\u00f1o especial del mecanismo centr\u00edfugo, para recoger el l\u00edquido del huevo y la c\u00e1scara en alta tasa de separaci\u00f3n;<\/li>\n<\/ol>\n<p>&nbsp;<\/p>\n<ol start=\"2\">\n<li>Todas las piezas adoptan el acero inoxidable 304# y el dise\u00f1o humaized, conveniente desmontar y limpiar;<\/li>\n<\/ol>\n<p>&nbsp;<\/p>\n<ol start=\"3\">\n<li>La malla filtrante adopta una estructura ranurada. En comparaci\u00f3n con la pantalla plana, es durable y no es f\u00e1cil de ser atascado; mantequilla efecto de filtrado para hacer ninguna impureza granular a la izquierda en el l\u00edquido de huevo;<\/li>\n<\/ol>\n<p>&nbsp;<\/p>\n<ol start=\"4\">\n<li>Alta tasa de recogida, hasta 97-99% del huevo l\u00edquido;<\/li>\n<\/ol>\n<p>&nbsp;<\/p>\n<ol start=\"5\">\n<li>Alta capacidad 20000 piezas\/h;<\/li>\n<\/ol>\n<p>&nbsp;<\/p>\n<ol start=\"6\">\n<li>Ocupaci\u00f3n econ\u00f3mica del espacio, sin necesidad de grandes talleres;<\/li>\n<\/ol>\n<p>&nbsp;<\/p>\n<p>7.Peque\u00f1a inversi\u00f3n, muy barata.<\/p>\n<p>&nbsp;<\/p>","protected":false},"excerpt":{"rendered":"<p>La m\u00e1quina separadora de c\u00e1scaras de huevo se utiliza principalmente para romper los huevos y separar el huevo l\u00edquido de la c\u00e1scara. Tambi\u00e9n puede triturar la c\u00e1scara del huevo en trozos peque\u00f1os, lo que reduce el volumen de las c\u00e1scaras y la descarga. La m\u00e1quina separadora de c\u00e1scaras de huevo puede romper los huevos enteros y separar la c\u00e1scara y el huevo l\u00edquido autom\u00e1ticamente.<\/p>\n<p>La m\u00e1quina separadora de c\u00e1scaras de huevo se utiliza ampliamente en m\u00e1quinas de procesamiento de ovoproductos, f\u00e1bricas de pasteles, grandes cantinas, etc., que necesitan procesar grandes cantidades de huevos a la vez.<\/p>","protected":false},"featured_media":795,"template":"","meta":{"_seopress_robots_primary_cat":"none"},"product_cat":[29],"product_tag":[],"featured_image_urls":{"full":["https:\/\/www.eggmachinery.com\/wp-content\/uploads\/2023\/03\/automatic-centrifugal-egg-cracker.webp",820,680,false],"thumbnail":["https:\/\/www.eggmachinery.com\/wp-content\/uploads\/2023\/03\/automatic-centrifugal-egg-cracker-150x150.webp",150,150,true],"medium":["https:\/\/www.eggmachinery.com\/wp-content\/uploads\/2023\/03\/automatic-centrifugal-egg-cracker-300x249.webp",300,249,true],"medium_large":["https:\/\/www.eggmachinery.com\/wp-content\/uploads\/2023\/03\/automatic-centrifugal-egg-cracker-768x637.webp",768,637,true],"large":["https:\/\/www.eggmachinery.com\/wp-content\/uploads\/2023\/03\/automatic-centrifugal-egg-cracker.webp",820,680,false],"1536x1536":["https:\/\/www.eggmachinery.com\/wp-content\/uploads\/2023\/03\/automatic-centrifugal-egg-cracker.webp",820,680,false],"2048x2048":["https:\/\/www.eggmachinery.com\/wp-content\/uploads\/2023\/03\/automatic-centrifugal-egg-cracker.webp",820,680,false],"trp-custom-language-flag":["https:\/\/www.eggmachinery.com\/wp-content\/uploads\/2023\/03\/automatic-centrifugal-egg-cracker.webp",14,12,false],"woocommerce_thumbnail":["https:\/\/www.eggmachinery.com\/wp-content\/uploads\/2023\/03\/automatic-centrifugal-egg-cracker-300x249.webp",300,249,true],"woocommerce_single":["https:\/\/www.eggmachinery.com\/wp-content\/uploads\/2023\/03\/automatic-centrifugal-egg-cracker-600x498.webp",600,498,true],"woocommerce_gallery_thumbnail":["https:\/\/www.eggmachinery.com\/wp-content\/uploads\/2023\/03\/automatic-centrifugal-egg-cracker-100x100.webp",100,100,true]},"post_excerpt_stackable":"<p>Eggshell separator machine is mainly used to break the eggs, and separate the egg liquid from the egg shell. It can also crush the egg shell into little pieces, which reduce the volume of the shells and discharge. The eggshell separator machine can break the whole eggs and separate the egg shell and egg liquid automatically.<\/p>\n<p>Eggshell separator machine is widely used in egg products processing machine, cake factory, big canteen and so on which need to process big quantity of eggs one time.<\/p>\n","category_list":"","author_info":{"name":"","url":""},"comments_num":"0 comments","_links":{"self":[{"href":"https:\/\/www.eggmachinery.com\/es\/wp-json\/wp\/v2\/product\/794"}],"collection":[{"href":"https:\/\/www.eggmachinery.com\/es\/wp-json\/wp\/v2\/product"}],"about":[{"href":"https:\/\/www.eggmachinery.com\/es\/wp-json\/wp\/v2\/types\/product"}],"wp:featuredmedia":[{"embeddable":true,"href":"https:\/\/www.eggmachinery.com\/es\/wp-json\/wp\/v2\/media\/795"}],"wp:attachment":[{"href":"https:\/\/www.eggmachinery.com\/es\/wp-json\/wp\/v2\/media?parent=794"}],"wp:term":[{"taxonomy":"product_cat","embeddable":true,"href":"https:\/\/www.eggmachinery.com\/es\/wp-json\/wp\/v2\/product_cat?post=794"},{"taxonomy":"product_tag","embeddable":true,"href":"https:\/\/www.eggmachinery.com\/es\/wp-json\/wp\/v2\/product_tag?post=794"}],"curies":[{"name":"wp","href":"https:\/\/api.w.org\/{rel}","templated":true}]}}