{"id":799,"date":"2023-03-23T16:41:27","date_gmt":"2023-03-23T08:41:27","guid":{"rendered":"https:\/\/eggmachinery.com\/?post_type=product&#038;p=799"},"modified":"2023-11-20T14:45:28","modified_gmt":"2023-11-20T06:45:28","slug":"quail-egg-shelling-machine","status":"publish","type":"product","link":"https:\/\/www.eggmachinery.com\/es\/producto\/quail-egg-shelling-machine\/","title":{"rendered":"Peladora de huevos de codorniz"},"content":{"rendered":"<h2>Proceso de rotura de la c\u00e1scara del huevo de codorniz<\/h2>\n<p>Para m\u00e1s f\u00e1cil al siguiente paso de pelado. Se utiliza con <a href=\"https:\/\/www.eggmachinery.com\/es\/producto\/quail-egg-shell-removing-machine\/\">pelador de huevos de codorniz<\/a>, la c\u00e1scara se rompe de manera uniforme, mejorar la eficiencia y reducir la tasa de da\u00f1os.<\/p>\n<h2>M\u00e1quina peladora de huevos de codorniz Aplicaci\u00f3n<\/h2>\n<p>La utilizaci\u00f3n de la cascadora de huevos de codorniz forma parte integral de las fases iniciales del proceso de pelado de huevos de codorniz. Tras la fase de cocci\u00f3n, los huevos de codorniz se someten a la cascadora, donde se abren las c\u00e1scaras. Este paso previo al pelado es esencial para preparar los huevos para el proceso de pelado final. Actuando como dispositivo auxiliar de la m\u00e1quina peladora, la trituradora de c\u00e1scaras de huevos de codorniz resulta muy eficaz para garantizar la rotura uniforme de las c\u00e1scaras sin causar da\u00f1os a la delicada carne del huevo de codorniz. Sus principales aplicaciones se extienden a diversos sectores de la industria alimentaria, especialmente en el procesamiento de huevos de codorniz con especias, la industria de cocci\u00f3n de huevos de codorniz frescos y las f\u00e1bricas de procesamiento de huevos de codorniz en profundidad.<\/p>\n<p>En el \u00e1mbito del procesado de huevos de codorniz con especias, la trituradora de c\u00e1scaras de huevos de codorniz desempe\u00f1a un papel crucial para agilizar la preparaci\u00f3n de estos huevos especialmente tratados. Del mismo modo, en la industria de cocci\u00f3n de huevos de codorniz frescos, el dispositivo contribuye al cascado eficaz de las c\u00e1scaras de huevo, facilitando el pelado posterior. Las f\u00e1bricas de procesamiento profundo de huevos de codorniz tambi\u00e9n se benefician de la funcionalidad de la trituradora de c\u00e1scaras de huevos de codorniz, ya que garantiza una separaci\u00f3n uniforme y sin da\u00f1os de las c\u00e1scaras de huevo para satisfacer las exigencias de los intrincados procedimientos de procesamiento dentro del sector alimentario.<\/p>\n<h3>V\u00eddeo de la trituradora de c\u00e1scaras de huevo de codorniz<\/h3>\n<div style=\"width: 1280px;\" class=\"wp-video\"><!--[if lt IE 9]><script>document.createElement('video');<\/script><![endif]-->\n<video class=\"wp-video-shortcode\" id=\"video-799-1\" width=\"1280\" height=\"720\" preload=\"metadata\" controls=\"controls\"><source type=\"video\/mp4\" src=\"https:\/\/www.eggmachinery.com\/wp-content\/uploads\/2023\/03\/shell-cracking.mp4?_=1\" \/><a href=\"https:\/\/www.eggmachinery.com\/wp-content\/uploads\/2023\/03\/shell-cracking.mp4\">https:\/\/www.eggmachinery.com\/wp-content\/uploads\/2023\/03\/shell-cracking.mp4<\/a><\/video><\/div>","protected":false},"excerpt":{"rendered":"<p>Proceso de rotura de la c\u00e1scara del huevo de codorniz, para facilitar el siguiente paso de pelado. Se utiliza con peladora de huevos de codorniz, la c\u00e1scara se rompe de manera uniforme, mejorar la eficiencia y reducir la tasa de da\u00f1os.<\/p>\n<p>&nbsp;<\/p>","protected":false},"featured_media":800,"template":"","meta":{"_seopress_robots_primary_cat":"none"},"product_cat":[20],"product_tag":[],"featured_image_urls":{"full":["https:\/\/www.eggmachinery.com\/wp-content\/uploads\/2023\/03\/quail-egg-shelling-machine-1.webp",820,680,false],"thumbnail":["https:\/\/www.eggmachinery.com\/wp-content\/uploads\/2023\/03\/quail-egg-shelling-machine-1-150x150.webp",150,150,true],"medium":["https:\/\/www.eggmachinery.com\/wp-content\/uploads\/2023\/03\/quail-egg-shelling-machine-1-300x249.webp",300,249,true],"medium_large":["https:\/\/www.eggmachinery.com\/wp-content\/uploads\/2023\/03\/quail-egg-shelling-machine-1-768x637.webp",768,637,true],"large":["https:\/\/www.eggmachinery.com\/wp-content\/uploads\/2023\/03\/quail-egg-shelling-machine-1.webp",820,680,false],"1536x1536":["https:\/\/www.eggmachinery.com\/wp-content\/uploads\/2023\/03\/quail-egg-shelling-machine-1.webp",820,680,false],"2048x2048":["https:\/\/www.eggmachinery.com\/wp-content\/uploads\/2023\/03\/quail-egg-shelling-machine-1.webp",820,680,false],"trp-custom-language-flag":["https:\/\/www.eggmachinery.com\/wp-content\/uploads\/2023\/03\/quail-egg-shelling-machine-1.webp",14,12,false],"woocommerce_thumbnail":["https:\/\/www.eggmachinery.com\/wp-content\/uploads\/2023\/03\/quail-egg-shelling-machine-1-300x249.webp",300,249,true],"woocommerce_single":["https:\/\/www.eggmachinery.com\/wp-content\/uploads\/2023\/03\/quail-egg-shelling-machine-1-600x498.webp",600,498,true],"woocommerce_gallery_thumbnail":["https:\/\/www.eggmachinery.com\/wp-content\/uploads\/2023\/03\/quail-egg-shelling-machine-1-100x100.webp",100,100,true]},"post_excerpt_stackable":"<p>Quail egg shell break process, for more easier to the next peeling step. It is used with quail egg peeler, the shell is broken evenly, improve the efficiency and reduce the damage rate.<\/p>\n<p>&nbsp;<\/p>\n","category_list":"","author_info":{"name":"","url":""},"comments_num":"0 comments","_links":{"self":[{"href":"https:\/\/www.eggmachinery.com\/es\/wp-json\/wp\/v2\/product\/799"}],"collection":[{"href":"https:\/\/www.eggmachinery.com\/es\/wp-json\/wp\/v2\/product"}],"about":[{"href":"https:\/\/www.eggmachinery.com\/es\/wp-json\/wp\/v2\/types\/product"}],"wp:featuredmedia":[{"embeddable":true,"href":"https:\/\/www.eggmachinery.com\/es\/wp-json\/wp\/v2\/media\/800"}],"wp:attachment":[{"href":"https:\/\/www.eggmachinery.com\/es\/wp-json\/wp\/v2\/media?parent=799"}],"wp:term":[{"taxonomy":"product_cat","embeddable":true,"href":"https:\/\/www.eggmachinery.com\/es\/wp-json\/wp\/v2\/product_cat?post=799"},{"taxonomy":"product_tag","embeddable":true,"href":"https:\/\/www.eggmachinery.com\/es\/wp-json\/wp\/v2\/product_tag?post=799"}],"curies":[{"name":"wp","href":"https:\/\/api.w.org\/{rel}","templated":true}]}}