{"id":803,"date":"2023-03-23T16:45:59","date_gmt":"2023-03-23T08:45:59","guid":{"rendered":"https:\/\/eggmachinery.com\/?post_type=product&#038;p=803"},"modified":"2023-04-15T13:23:30","modified_gmt":"2023-04-15T05:23:30","slug":"quail-egg-boiling-machine","status":"publish","type":"product","link":"https:\/\/www.eggmachinery.com\/es\/producto\/quail-egg-boiling-machine\/","title":{"rendered":"Hervidora de huevos de codorniz"},"content":{"rendered":"<p>Nombre del equipo: Hervidor de huevos de codorniz<\/p>\n<p>M\u00e9todo de calefacci\u00f3n: calefacci\u00f3n el\u00e9ctrica<\/p>\n<p>Caracter\u00edsticas: Toda la m\u00e1quina est\u00e1 hecha de acero inoxidable, aislamiento de doble capa, ahorro de energ\u00eda y protecci\u00f3n del medio ambiente.<\/p>\n<p>&nbsp;<\/p>\n<div style=\"width: 1280px;\" class=\"wp-video\"><!--[if lt IE 9]><script>document.createElement('video');<\/script><![endif]-->\n<video class=\"wp-video-shortcode\" id=\"video-803-1\" width=\"1280\" height=\"720\" preload=\"metadata\" controls=\"controls\"><source type=\"video\/mp4\" src=\"https:\/\/www.eggmachinery.com\/wp-content\/uploads\/2023\/03\/quail-egg.mp4?_=1\" \/><a href=\"https:\/\/www.eggmachinery.com\/wp-content\/uploads\/2023\/03\/quail-egg.mp4\">https:\/\/www.eggmachinery.com\/wp-content\/uploads\/2023\/03\/quail-egg.mp4<\/a><\/video><\/div>\n<p>Instrucciones:<\/p>\n<p>&nbsp;<\/p>\n<p>1. Coloque la cocedora de huevos en un lugar ventilado para garantizar la circulaci\u00f3n del aire.<\/p>\n<p>2. Conecte el producto a la fuente de alimentaci\u00f3n correspondiente, con\u00e9ctelo al agua del grifo y a\u00f1ada agua hasta que est\u00e9 3 cm por debajo del tubo de calefacci\u00f3n el\u00e9ctrica (si el nivel del agua no es adecuado, ajuste la posici\u00f3n de la bola flotante).<\/p>\n<p>3. Hervir el agua, verter los huevos de codorniz, tapar con la tapa herm\u00e9tica, esperar a que el agua vuelva a hervir durante 1 minuto, apagar el fuego, cocer a fuego lento durante diez minutos sin abrir la tapa y sacar de la olla.<\/p>","protected":false},"excerpt":{"rendered":"<p>La m\u00e1quina cuece huevos de codorniz crudos mediante calentamiento el\u00e9ctrico<\/p>","protected":false},"featured_media":804,"template":"","meta":{"_seopress_robots_primary_cat":"none"},"product_cat":[30],"product_tag":[],"featured_image_urls":{"full":["https:\/\/www.eggmachinery.com\/wp-content\/uploads\/2023\/03\/quail-egg-boiling-machine.webp",820,680,false],"thumbnail":["https:\/\/www.eggmachinery.com\/wp-content\/uploads\/2023\/03\/quail-egg-boiling-machine-150x150.webp",150,150,true],"medium":["https:\/\/www.eggmachinery.com\/wp-content\/uploads\/2023\/03\/quail-egg-boiling-machine-300x249.webp",300,249,true],"medium_large":["https:\/\/www.eggmachinery.com\/wp-content\/uploads\/2023\/03\/quail-egg-boiling-machine-768x637.webp",768,637,true],"large":["https:\/\/www.eggmachinery.com\/wp-content\/uploads\/2023\/03\/quail-egg-boiling-machine.webp",820,680,false],"1536x1536":["https:\/\/www.eggmachinery.com\/wp-content\/uploads\/2023\/03\/quail-egg-boiling-machine.webp",820,680,false],"2048x2048":["https:\/\/www.eggmachinery.com\/wp-content\/uploads\/2023\/03\/quail-egg-boiling-machine.webp",820,680,false],"trp-custom-language-flag":["https:\/\/www.eggmachinery.com\/wp-content\/uploads\/2023\/03\/quail-egg-boiling-machine.webp",14,12,false],"woocommerce_thumbnail":["https:\/\/www.eggmachinery.com\/wp-content\/uploads\/2023\/03\/quail-egg-boiling-machine-300x249.webp",300,249,true],"woocommerce_single":["https:\/\/www.eggmachinery.com\/wp-content\/uploads\/2023\/03\/quail-egg-boiling-machine-600x498.webp",600,498,true],"woocommerce_gallery_thumbnail":["https:\/\/www.eggmachinery.com\/wp-content\/uploads\/2023\/03\/quail-egg-boiling-machine-100x100.webp",100,100,true]},"post_excerpt_stackable":"<p>The machine cooks raw quail eggs by electric heating<\/p>\n","category_list":"","author_info":{"name":"","url":""},"comments_num":"0 comments","_links":{"self":[{"href":"https:\/\/www.eggmachinery.com\/es\/wp-json\/wp\/v2\/product\/803"}],"collection":[{"href":"https:\/\/www.eggmachinery.com\/es\/wp-json\/wp\/v2\/product"}],"about":[{"href":"https:\/\/www.eggmachinery.com\/es\/wp-json\/wp\/v2\/types\/product"}],"wp:featuredmedia":[{"embeddable":true,"href":"https:\/\/www.eggmachinery.com\/es\/wp-json\/wp\/v2\/media\/804"}],"wp:attachment":[{"href":"https:\/\/www.eggmachinery.com\/es\/wp-json\/wp\/v2\/media?parent=803"}],"wp:term":[{"taxonomy":"product_cat","embeddable":true,"href":"https:\/\/www.eggmachinery.com\/es\/wp-json\/wp\/v2\/product_cat?post=803"},{"taxonomy":"product_tag","embeddable":true,"href":"https:\/\/www.eggmachinery.com\/es\/wp-json\/wp\/v2\/product_tag?post=803"}],"curies":[{"name":"wp","href":"https:\/\/api.w.org\/{rel}","templated":true}]}}