{"id":806,"date":"2023-03-23T16:54:15","date_gmt":"2023-03-23T08:54:15","guid":{"rendered":"https:\/\/eggmachinery.com\/?post_type=product&#038;p=806"},"modified":"2024-01-24T16:52:12","modified_gmt":"2024-01-24T08:52:12","slug":"quail-egg-sheller","status":"publish","type":"product","link":"https:\/\/www.eggmachinery.com\/es\/producto\/quail-egg-sheller\/","title":{"rendered":"Peladora de huevos de codorniz"},"content":{"rendered":"<h2>V\u00eddeo de la peladora de huevos de codorniz<\/h2>\n<p><iframe loading=\"lazy\" title=\"m\u00e1quina peladora de huevos de codorniz\" width=\"1290\" height=\"726\" src=\"https:\/\/www.youtube.com\/embed\/2-WGmQNgbxk?feature=oembed\" frameborder=\"0\" allow=\"accelerometer; autoplay; clipboard-write; encrypted-media; gyroscope; picture-in-picture; web-share\" allowfullscreen><\/iframe><\/p>\n<h2><strong><b><a href=\"https:\/\/www.eggmachinery.com\/es\/producto\/quail-egg-shell-removing-machine\/\">Peladora de huevos de codorniz<\/a> Breve descripci\u00f3n <\/b><\/strong><\/h2>\n<p>La m\u00e1quina peladora de huevos de codorniz est\u00e1 especialmente dise\u00f1ada para pelar huevos de codorniz a gran escala. El material de acero inoxidable hace que el proceso de pelado de huevos de codorniz sea mucho m\u00e1s estable y limpio. S\u00f3lo tiene que introducir los huevos de codorniz duros y esperar a que los huevos pelados salgan por la salida. Sin operaci\u00f3n de mano de obra, pelado totalmente autom\u00e1tico.<\/p>\n<p><img decoding=\"async\" loading=\"lazy\" class=\"alignnone size-full wp-image-2885\" src=\"https:\/\/www.eggmachinery.com\/wp-content\/uploads\/Quail-egg-peeling-machine-2.webp\" alt=\"Quail egg peeling machine\" width=\"750\" height=\"750\" srcset=\"https:\/\/www.eggmachinery.com\/wp-content\/uploads\/Quail-egg-peeling-machine-2.webp 750w, https:\/\/www.eggmachinery.com\/wp-content\/uploads\/Quail-egg-peeling-machine-2-300x300.webp 300w, https:\/\/www.eggmachinery.com\/wp-content\/uploads\/Quail-egg-peeling-machine-2-150x150.webp 150w, https:\/\/www.eggmachinery.com\/wp-content\/uploads\/Quail-egg-peeling-machine-2-600x600.webp 600w, https:\/\/www.eggmachinery.com\/wp-content\/uploads\/Quail-egg-peeling-machine-2-100x100.webp 100w\" sizes=\"(max-width: 750px) 100vw, 750px\" \/><img decoding=\"async\" loading=\"lazy\" class=\"alignnone size-full wp-image-2886\" src=\"https:\/\/www.eggmachinery.com\/wp-content\/uploads\/Quail-egg-peeling-machine-3.webp\" alt=\"Quail egg peeling machine\" width=\"750\" height=\"750\" srcset=\"https:\/\/www.eggmachinery.com\/wp-content\/uploads\/Quail-egg-peeling-machine-3.webp 750w, https:\/\/www.eggmachinery.com\/wp-content\/uploads\/Quail-egg-peeling-machine-3-300x300.webp 300w, https:\/\/www.eggmachinery.com\/wp-content\/uploads\/Quail-egg-peeling-machine-3-150x150.webp 150w, https:\/\/www.eggmachinery.com\/wp-content\/uploads\/Quail-egg-peeling-machine-3-600x600.webp 600w, https:\/\/www.eggmachinery.com\/wp-content\/uploads\/Quail-egg-peeling-machine-3-100x100.webp 100w\" sizes=\"(max-width: 750px) 100vw, 750px\" \/><\/p>\n<h3><strong><b>M\u00e1quina peladora de huevos de codorniz <\/b><\/strong><strong><b>Caracter\u00edsticas <\/b><\/strong><strong><b>\u00a0\u00a0 \u00a0 \u00a0 \u00a0 \u00a0\u00a0<\/b><\/strong><\/h3>\n<ol>\n<li>La m\u00e1quina peladora de huevos de codorniz puede pelar la c\u00e1scara del huevo de codorniz cocido de forma limpia y r\u00e1pida. Mejorar\u00e1 el beneficio y reducir\u00e1 el coste de mano de obra.<\/li>\n<\/ol>\n<p>&nbsp;<\/p>\n<ol start=\"2\">\n<li>El pelador de huevos de codorniz no da\u00f1a la superficie del huevo de codorniz, y menos de 2% tasa de rotura, puede mantener la nutrici\u00f3n y el sabor de los huevos de codorniz.<\/li>\n<\/ol>\n<p>&nbsp;<\/p>\n<ol start=\"3\">\n<li>La estructura de la m\u00e1quina peladora de huevos de codorniz es muy razonable, es f\u00e1cil de mover, limpiar y mantener.<\/li>\n<\/ol>\n<p>&nbsp;<\/p>\n<ol start=\"4\">\n<li>El pelador de huevos de codorniz est\u00e1 hecho de materiales de acero inoxidable 304, puede alcanzar el est\u00e1ndar de higiene alimentaria.<\/li>\n<\/ol>\n<p>&nbsp;<\/p>\n<ol start=\"5\">\n<li>La m\u00e1quina peladora de huevos de codorniz se caracteriza por su alta calidad, ahorro de energ\u00eda y protecci\u00f3n del medio ambiente, larga vida \u00fatil y alto rendimiento.<\/li>\n<\/ol>\n<p>&nbsp;<\/p>\n<ol start=\"6\">\n<li>Esta peladora de huevos de codorniz est\u00e1 equipada con nuestra m\u00e1quina cascadora de huevos de codorniz, por lo que puede conseguir un mejor efecto de pelado.<\/li>\n<\/ol>\n<p>&nbsp;<\/p>\n<p><img decoding=\"async\" loading=\"lazy\" class=\"alignnone size-full wp-image-2980\" src=\"https:\/\/www.eggmachinery.com\/wp-content\/uploads\/egg-machine-3-1.webp\" alt=\"\" width=\"750\" height=\"750\" srcset=\"https:\/\/www.eggmachinery.com\/wp-content\/uploads\/egg-machine-3-1.webp 750w, https:\/\/www.eggmachinery.com\/wp-content\/uploads\/egg-machine-3-1-300x300.webp 300w, https:\/\/www.eggmachinery.com\/wp-content\/uploads\/egg-machine-3-1-150x150.webp 150w, https:\/\/www.eggmachinery.com\/wp-content\/uploads\/egg-machine-3-1-600x600.webp 600w, https:\/\/www.eggmachinery.com\/wp-content\/uploads\/egg-machine-3-1-100x100.webp 100w\" sizes=\"(max-width: 750px) 100vw, 750px\" \/><\/p>\n<h3><strong><b>M\u00e1quina peladora autom\u00e1tica de huevos de codorniz Aplicaci\u00f3n\u00a0<\/b><\/strong><\/h3>\n<p>La m\u00e1quina es adecuada para las industrias de procesamiento de huevos de codorniz en conserva con especias y huevos de codorniz hervidos, as\u00ed como para otros aperitivos relacionados con los huevos de codorniz.<\/p>\n<p>&nbsp;<\/p>\n<h3><strong><b><a href=\"https:\/\/www.eggmachinery.com\/es\/producto\/uail-egg-shell-removing-machine\/\">M\u00e1quina peladora de huevos de codorniz<\/a> W<\/b><\/strong><strong><b>orking Principle<\/b><\/strong><\/h3>\n<p>La descascarilladora de huevos de codorniz acciona el engranaje mediante la rotaci\u00f3n del motor, y el acciona mec\u00e1nicamente la almohadilla de esponja hacia arriba y hacia abajo y la manguera para que gire, generando fricci\u00f3n para arrancar la c\u00e1scara del huevo de codorniz de la superficie y conseguir el efecto de descascarillado.<\/p>\n<h2><img decoding=\"async\" loading=\"lazy\" class=\"alignnone size-full wp-image-2890\" src=\"https:\/\/www.eggmachinery.com\/wp-content\/uploads\/Quail-egg-peeling-machine-7.webp\" alt=\"Quail egg peeling machine\" width=\"750\" height=\"750\" srcset=\"https:\/\/www.eggmachinery.com\/wp-content\/uploads\/Quail-egg-peeling-machine-7.webp 750w, https:\/\/www.eggmachinery.com\/wp-content\/uploads\/Quail-egg-peeling-machine-7-300x300.webp 300w, https:\/\/www.eggmachinery.com\/wp-content\/uploads\/Quail-egg-peeling-machine-7-150x150.webp 150w, https:\/\/www.eggmachinery.com\/wp-content\/uploads\/Quail-egg-peeling-machine-7-600x600.webp 600w, https:\/\/www.eggmachinery.com\/wp-content\/uploads\/Quail-egg-peeling-machine-7-100x100.webp 100w\" sizes=\"(max-width: 750px) 100vw, 750px\" \/><img decoding=\"async\" loading=\"lazy\" class=\"alignnone size-full wp-image-2891\" src=\"https:\/\/www.eggmachinery.com\/wp-content\/uploads\/Quail-egg-peeling-machine-8.webp\" alt=\"Quail egg peeling machine\" width=\"750\" height=\"750\" srcset=\"https:\/\/www.eggmachinery.com\/wp-content\/uploads\/Quail-egg-peeling-machine-8.webp 750w, https:\/\/www.eggmachinery.com\/wp-content\/uploads\/Quail-egg-peeling-machine-8-300x300.webp 300w, https:\/\/www.eggmachinery.com\/wp-content\/uploads\/Quail-egg-peeling-machine-8-150x150.webp 150w, https:\/\/www.eggmachinery.com\/wp-content\/uploads\/Quail-egg-peeling-machine-8-600x600.webp 600w, https:\/\/www.eggmachinery.com\/wp-content\/uploads\/Quail-egg-peeling-machine-8-100x100.webp 100w\" sizes=\"(max-width: 750px) 100vw, 750px\" \/><img decoding=\"async\" loading=\"lazy\" class=\"alignnone size-full wp-image-2884\" src=\"https:\/\/www.eggmachinery.com\/wp-content\/uploads\/Quail-egg-peeling-machine-1.webp\" alt=\"Quail egg peeling machine\" width=\"750\" height=\"750\" srcset=\"https:\/\/www.eggmachinery.com\/wp-content\/uploads\/Quail-egg-peeling-machine-1.webp 750w, https:\/\/www.eggmachinery.com\/wp-content\/uploads\/Quail-egg-peeling-machine-1-300x300.webp 300w, https:\/\/www.eggmachinery.com\/wp-content\/uploads\/Quail-egg-peeling-machine-1-150x150.webp 150w, https:\/\/www.eggmachinery.com\/wp-content\/uploads\/Quail-egg-peeling-machine-1-600x600.webp 600w, https:\/\/www.eggmachinery.com\/wp-content\/uploads\/Quail-egg-peeling-machine-1-100x100.webp 100w\" sizes=\"(max-width: 750px) 100vw, 750px\" \/><\/h2>\n<h2><strong><b>Peladora autom\u00e1tica de huevos de codorniz <\/b><\/strong><strong><b>Paquete <\/b><\/strong><\/h2>\n<p>La m\u00e1quina ser\u00e1 recubierta con pel\u00edcula en primer lugar, y luego embalado con caja de madera libre de fumigaci\u00f3n.le enviaremos una caja de herramientas dentro de la manguera de goma, bate de goma esponjosa, rodamientos, y algunas otras herramientas libremente junto con la m\u00e1quina peladora de huevos de codorniz.  Podemos embalar las m\u00e1quinas de acuerdo a los requerimientos del cliente.<\/p>\n<p>&nbsp;<\/p>\n<h2><strong><b>Peladora autom\u00e1tica de huevos de codorniz <\/b><\/strong><strong><b>Garant\u00eda<\/b><\/strong><\/h2>\n<p>Ofrecemos un a\u00f1o de garant\u00eda. Mal funcionamiento que son causados por la m\u00e1quina-uno mismo y la calidad ser\u00e1 responsable de nuestro fabricante<\/p>\n<p><img decoding=\"async\" loading=\"lazy\" class=\"alignnone size-full wp-image-2981\" src=\"https:\/\/www.eggmachinery.com\/wp-content\/uploads\/egg-machine-4.webp\" alt=\"egg machine\" width=\"750\" height=\"750\" srcset=\"https:\/\/www.eggmachinery.com\/wp-content\/uploads\/egg-machine-4.webp 750w, https:\/\/www.eggmachinery.com\/wp-content\/uploads\/egg-machine-4-300x300.webp 300w, https:\/\/www.eggmachinery.com\/wp-content\/uploads\/egg-machine-4-150x150.webp 150w, https:\/\/www.eggmachinery.com\/wp-content\/uploads\/egg-machine-4-600x600.webp 600w, https:\/\/www.eggmachinery.com\/wp-content\/uploads\/egg-machine-4-100x100.webp 100w\" sizes=\"(max-width: 750px) 100vw, 750px\" \/><img decoding=\"async\" loading=\"lazy\" class=\"alignnone size-full wp-image-2978\" src=\"https:\/\/www.eggmachinery.com\/wp-content\/uploads\/egg-machine-1-1.webp\" alt=\"egg machine\" width=\"750\" height=\"750\" srcset=\"https:\/\/www.eggmachinery.com\/wp-content\/uploads\/egg-machine-1-1.webp 750w, https:\/\/www.eggmachinery.com\/wp-content\/uploads\/egg-machine-1-1-300x300.webp 300w, https:\/\/www.eggmachinery.com\/wp-content\/uploads\/egg-machine-1-1-150x150.webp 150w, https:\/\/www.eggmachinery.com\/wp-content\/uploads\/egg-machine-1-1-600x600.webp 600w, https:\/\/www.eggmachinery.com\/wp-content\/uploads\/egg-machine-1-1-100x100.webp 100w\" sizes=\"(max-width: 750px) 100vw, 750px\" \/><\/p>\n<p>&nbsp;<\/p>\n<p>&nbsp;<\/p>","protected":false},"excerpt":{"rendered":"<p>La m\u00e1quina peladora de huevos de codorniz est\u00e1 especialmente dise\u00f1ada para pelar huevos de codorniz a gran escala. El material de acero inoxidable hace que el proceso de pelado de huevos de codorniz sea mucho m\u00e1s estable y limpio. S\u00f3lo tiene que introducir los huevos de codorniz duros y esperar a que los huevos pelados salgan por la salida. Sin operaci\u00f3n de mano de obra, pelado totalmente autom\u00e1tico.<\/p>\n<p>Enim neque volutpat ac tincidunt vitae semper. Id semper risus in hendrerit gravida rutrum quisque non tellus.<\/p>","protected":false},"featured_media":807,"template":"","meta":{"_seopress_robots_primary_cat":"none"},"product_cat":[20],"product_tag":[],"featured_image_urls":{"full":["https:\/\/www.eggmachinery.com\/wp-content\/uploads\/2023\/03\/quail-egg-peeling.webp",820,680,false],"thumbnail":["https:\/\/www.eggmachinery.com\/wp-content\/uploads\/2023\/03\/quail-egg-peeling-150x150.webp",150,150,true],"medium":["https:\/\/www.eggmachinery.com\/wp-content\/uploads\/2023\/03\/quail-egg-peeling-300x249.webp",300,249,true],"medium_large":["https:\/\/www.eggmachinery.com\/wp-content\/uploads\/2023\/03\/quail-egg-peeling-768x637.webp",768,637,true],"large":["https:\/\/www.eggmachinery.com\/wp-content\/uploads\/2023\/03\/quail-egg-peeling.webp",820,680,false],"1536x1536":["https:\/\/www.eggmachinery.com\/wp-content\/uploads\/2023\/03\/quail-egg-peeling.webp",820,680,false],"2048x2048":["https:\/\/www.eggmachinery.com\/wp-content\/uploads\/2023\/03\/quail-egg-peeling.webp",820,680,false],"trp-custom-language-flag":["https:\/\/www.eggmachinery.com\/wp-content\/uploads\/2023\/03\/quail-egg-peeling.webp",14,12,false],"woocommerce_thumbnail":["https:\/\/www.eggmachinery.com\/wp-content\/uploads\/2023\/03\/quail-egg-peeling-300x249.webp",300,249,true],"woocommerce_single":["https:\/\/www.eggmachinery.com\/wp-content\/uploads\/2023\/03\/quail-egg-peeling-600x498.webp",600,498,true],"woocommerce_gallery_thumbnail":["https:\/\/www.eggmachinery.com\/wp-content\/uploads\/2023\/03\/quail-egg-peeling-100x100.webp",100,100,true]},"post_excerpt_stackable":"<p>Quail egg peeling machine\u00a0is especially designed for peeling quail eggs in a large scale.The stainless steel material makes the quail egg peeling process much more stable and clean. Just feed the hard boiled quail eggs and then wait for the peeled eggs discharged from the outlet. No labor operation, totally automatic peeling.<\/p>\n<p>Enim neque volutpat ac tincidunt vitae semper. Id semper risus in hendrerit gravida rutrum quisque non tellus.<\/p>\n","category_list":"","author_info":{"name":"","url":""},"comments_num":"0 comments","_links":{"self":[{"href":"https:\/\/www.eggmachinery.com\/es\/wp-json\/wp\/v2\/product\/806"}],"collection":[{"href":"https:\/\/www.eggmachinery.com\/es\/wp-json\/wp\/v2\/product"}],"about":[{"href":"https:\/\/www.eggmachinery.com\/es\/wp-json\/wp\/v2\/types\/product"}],"wp:featuredmedia":[{"embeddable":true,"href":"https:\/\/www.eggmachinery.com\/es\/wp-json\/wp\/v2\/media\/807"}],"wp:attachment":[{"href":"https:\/\/www.eggmachinery.com\/es\/wp-json\/wp\/v2\/media?parent=806"}],"wp:term":[{"taxonomy":"product_cat","embeddable":true,"href":"https:\/\/www.eggmachinery.com\/es\/wp-json\/wp\/v2\/product_cat?post=806"},{"taxonomy":"product_tag","embeddable":true,"href":"https:\/\/www.eggmachinery.com\/es\/wp-json\/wp\/v2\/product_tag?post=806"}],"curies":[{"name":"wp","href":"https:\/\/api.w.org\/{rel}","templated":true}]}}