{"id":809,"date":"2023-11-06T17:01:35","date_gmt":"2023-11-06T09:01:35","guid":{"rendered":"https:\/\/eggmachinery.com\/?post_type=product&#038;p=809"},"modified":"2024-01-06T16:10:16","modified_gmt":"2024-01-06T08:10:16","slug":"automatic-egg-peeling-machine","status":"publish","type":"product","link":"https:\/\/www.eggmachinery.com\/es\/producto\/automatic-egg-peeling-machine\/","title":{"rendered":"M\u00e1quina peladora de huevos autom\u00e1tica"},"content":{"rendered":"<p><iframe loading=\"lazy\" title=\"commercial  egg peeling machine\" width=\"1290\" height=\"726\" src=\"https:\/\/www.youtube.com\/embed\/oUgmiOTgoIM?feature=oembed\" frameborder=\"0\" allow=\"accelerometer; autoplay; clipboard-write; encrypted-media; gyroscope; picture-in-picture; web-share\" allowfullscreen><\/iframe><\/p>\n<h2><strong><b>Hard Boiled Egg Cooker And Peeler No Scratch Peeling Technique:<\/b><\/strong><\/h2>\n<p>The water tank feeder can be used to cool boiled eggs and automatically transfer eggs to the egg peeling machine. The tank feeder has a capacity of 1200 eggs.<\/p>\n<p><a href=\"https:\/\/www.eggmachinery.com\/es\/producto\/chicken-egg-peeling-machine\/\">The egg peeling line<\/a> includes water tank, egg peeling machine, and peeled eggs conveyor.<\/p>\n<p>The egg peeling concept is based on no-scratch peeling technique. The peeler has been optimized to reduce the shell impact in the egg to nearly zero. The peeler handles any type of eggs, brown or white, with a unique high yield rate &gt;98%.<\/p>\n<p>&nbsp;<\/p>\n<h2><strong><b><a href=\"https:\/\/www.eggmachinery.com\/es\/producto\/egg-shelling-machine\/\">\u00a0M\u00e1quina peladora de huevos de gallina<\/a> <\/b><\/strong><strong><b>Flujo de trabajo<\/b><\/strong><\/h2>\n<p>Poner todos los huevos cocidos en el dep\u00f3sito de alimentaci\u00f3n de agua para que se enfr\u00eden;<br \/>\nTransporte autom\u00e1tico de los huevos enfriados a la parte de rotura de la c\u00e1scara;<br \/>\nParte del cascar\u00f3n: romper la c\u00e1scara sin da\u00f1ar los huevos;<br \/>\nParte pelable: Retire la c\u00e1scara agrietada bajo la ducha de agua y tubo de l\u00e1tex importado;<\/p>\n<p>El transportador de recogida recoger\u00e1 los huevos pelados y recoger\u00e1 los malos.<\/p>\n<p>&nbsp;<\/p>\n<h3>Peladora de huevos duros Comercial <strong><b>Egg Shell Breaking Parts<\/b><\/strong><\/h3>\n<p><strong><b>\u00a0<\/b><\/strong><\/p>\n<p>Water spraying clean;<\/p>\n<p>No damage cracking;<\/p>\n<p>The cooled eggs go into breaking parts, under water spraying the chicken eggs are cracked gently without damage, which is the pre-peeling step.<\/p>\n<p>&nbsp;<\/p>\n<h3><strong><b>Chicken Egg Peeling Machine-<\/b><\/strong><strong><b>Pieza para pelar c\u00e1scaras de huevo<\/b><\/strong><\/h3>\n<p><strong><b>\u00a0<\/b><\/strong><\/p>\n<p>The egg peeling concept is based on no-scratch peeling technique, adopts imported rubber rollers. The peeler has been optimised to reduce the shell impact in the egg to nearly zero. The peeler handles any type of eggs, brown or white, with a unique high yield rate &gt;98%.<\/p>\n<p>&nbsp;<\/p>\n<p>&nbsp;<\/p>\n<p>&nbsp;<\/p>","protected":false},"excerpt":{"rendered":"<p>Peeling boiled eggs quickly and easily with a machine can save you a lot of time and frustration<\/p>","protected":false},"featured_media":810,"template":"","meta":{"_seopress_robots_primary_cat":"none"},"product_cat":[19],"product_tag":[],"featured_image_urls":{"full":["https:\/\/www.eggmachinery.com\/wp-content\/uploads\/2023\/03\/automatic-egg-peeling-machine.webp",820,680,false],"thumbnail":["https:\/\/www.eggmachinery.com\/wp-content\/uploads\/2023\/03\/automatic-egg-peeling-machine-150x150.webp",150,150,true],"medium":["https:\/\/www.eggmachinery.com\/wp-content\/uploads\/2023\/03\/automatic-egg-peeling-machine-300x249.webp",300,249,true],"medium_large":["https:\/\/www.eggmachinery.com\/wp-content\/uploads\/2023\/03\/automatic-egg-peeling-machine-768x637.webp",768,637,true],"large":["https:\/\/www.eggmachinery.com\/wp-content\/uploads\/2023\/03\/automatic-egg-peeling-machine.webp",820,680,false],"1536x1536":["https:\/\/www.eggmachinery.com\/wp-content\/uploads\/2023\/03\/automatic-egg-peeling-machine.webp",820,680,false],"2048x2048":["https:\/\/www.eggmachinery.com\/wp-content\/uploads\/2023\/03\/automatic-egg-peeling-machine.webp",820,680,false],"trp-custom-language-flag":["https:\/\/www.eggmachinery.com\/wp-content\/uploads\/2023\/03\/automatic-egg-peeling-machine.webp",14,12,false],"woocommerce_thumbnail":["https:\/\/www.eggmachinery.com\/wp-content\/uploads\/2023\/03\/automatic-egg-peeling-machine-300x249.webp",300,249,true],"woocommerce_single":["https:\/\/www.eggmachinery.com\/wp-content\/uploads\/2023\/03\/automatic-egg-peeling-machine-600x498.webp",600,498,true],"woocommerce_gallery_thumbnail":["https:\/\/www.eggmachinery.com\/wp-content\/uploads\/2023\/03\/automatic-egg-peeling-machine-100x100.webp",100,100,true]},"post_excerpt_stackable":"<p>Peeling boiled eggs quickly and easily with a machine can save you a lot of time and frustration<\/p>\n","category_list":"","author_info":{"name":"","url":""},"comments_num":"0 comments","_links":{"self":[{"href":"https:\/\/www.eggmachinery.com\/es\/wp-json\/wp\/v2\/product\/809"}],"collection":[{"href":"https:\/\/www.eggmachinery.com\/es\/wp-json\/wp\/v2\/product"}],"about":[{"href":"https:\/\/www.eggmachinery.com\/es\/wp-json\/wp\/v2\/types\/product"}],"wp:featuredmedia":[{"embeddable":true,"href":"https:\/\/www.eggmachinery.com\/es\/wp-json\/wp\/v2\/media\/810"}],"wp:attachment":[{"href":"https:\/\/www.eggmachinery.com\/es\/wp-json\/wp\/v2\/media?parent=809"}],"wp:term":[{"taxonomy":"product_cat","embeddable":true,"href":"https:\/\/www.eggmachinery.com\/es\/wp-json\/wp\/v2\/product_cat?post=809"},{"taxonomy":"product_tag","embeddable":true,"href":"https:\/\/www.eggmachinery.com\/es\/wp-json\/wp\/v2\/product_tag?post=809"}],"curies":[{"name":"wp","href":"https:\/\/api.w.org\/{rel}","templated":true}]}}