{"id":814,"date":"2023-11-12T17:11:39","date_gmt":"2023-11-12T09:11:39","guid":{"rendered":"https:\/\/eggmachinery.com\/?post_type=product&#038;p=814"},"modified":"2023-11-13T15:40:57","modified_gmt":"2023-11-13T07:40:57","slug":"chicken-egg-peeling-machine","status":"publish","type":"product","link":"https:\/\/www.eggmachinery.com\/es\/producto\/chicken-egg-peeling-machine\/","title":{"rendered":"M\u00e1quina peladora de huevos de gallina"},"content":{"rendered":"<p><iframe loading=\"lazy\" title=\"m\u00e1quina peladora de huevos duros\" width=\"1290\" height=\"726\" src=\"https:\/\/www.youtube.com\/embed\/KxkGkDqIml8?feature=oembed\" frameborder=\"0\" allow=\"accelerometer; autoplay; clipboard-write; encrypted-media; gyroscope; picture-in-picture; web-share\" allowfullscreen><\/iframe><\/p>\n<p>&nbsp;<\/p>\n<h2><strong><b>La m\u00e1quina peladora de huevos de gallina Descripci\u00f3n del producto<\/b><\/strong><\/h2>\n<p><a href=\"https:\/\/www.eggmachinery.com\/es\/producto\/hard-boiled-egg-peeler\/\">La peladora de huevos de gallina<\/a> es un equipo especial para pelar huevos de gallina cocidos duros, adecuado para los usuarios de procesamiento de huevos. Esta m\u00e1quina peladora de huevos adopta rodillos de goma y fuerte impacto de agua, lo que reduce en gran medida la tasa de da\u00f1o de los huevos. Su estructura es muy exquisita, imitando el roce artificial de los huevos, el efecto es el mejor. La tasa de pelado puede alcanzar 98.5%, y los huevos pelados finales son suaves y hermosos.<\/p>\n<p>&nbsp;<\/p>\n<h2><strong><b>La peladora de huevos de gallina Caracter\u00edsticas<\/b><\/strong><\/h2>\n<p>1. La m\u00e1quina peladora de huevos imita los huevos frotados artificiales, es f\u00e1cil de pelar la c\u00e1scara del huevo.<\/p>\n<p>2.Tiene el mejor efecto de pelado y no da\u00f1a la superficie del huevo. Los huevos pelados son suaves y hermosos.<\/p>\n<p>3.La m\u00e1quina est\u00e1 hecha de acero inoxidable 304 completo, durable y hygeian, f\u00e1cil de limpiar.<br \/>\n4. Este <a href=\"https:\/\/www.eggmachinery.com\/es\/producto\/hard-boiled-egg-peeling-machine\/\">m\u00e1quina peladora de huevos<\/a> Incluye alimentaci\u00f3n, descascarado, pelado y descarga, funcionamiento autom\u00e1tico, ahorra mano de obra.<br \/>\n5. Adopta rodillos de goma y un fuerte impacto de agua, lo que reduce en gran medida la tasa de da\u00f1os en los huevos.<br \/>\n6. Gran capacidad,5k, 8 k y 10 k huevos\/hora est\u00e1n disponibles, adecuado para f\u00e1brica de alimentos, restaurante, etc.<br \/>\n7. Tanque de circulaci\u00f3n de agua, ahorra agua y costes.<\/p>\n<p>&nbsp;<\/p>\n<h3><strong><b>Caracter\u00edsticas de la m\u00e1quina peladora de huevos de gallina<\/b><\/strong><\/h3>\n<p>1.M\u00e1quina especial para pelar huevo, alta eficiencia, baja tasa de rotura.<br \/>\n2.Totalmente fabricado en acero inoxidable 304, cumple con la norma higi\u00e9nica.<br \/>\n3.Adopta sistema de reciclaje de agua, ahorro de energ\u00eda.<br \/>\n4.M\u00e1s de 98% de \u00edndice de pelado, 0,2% de \u00edndice de da\u00f1os.<br \/>\n5.Dise\u00f1o especial, estructura compacta, superficie lisa, sin rozaduras en los huevos.<br \/>\n6.Suitable para las manufacturas del huevo cocido, de los huevos corned condimentados, del huevo del hierro y de los productos pintados rojos del huevo.<\/p>\n<p>&nbsp;<\/p>\n<p><strong><b>\u00a0<\/b><\/strong><\/p>\n<h3><strong><b>Flujo de trabajo de la m\u00e1quina peladora de huevos de gallina<\/b><\/strong><\/h3>\n<p>Poner todos los huevos cocidos en el dep\u00f3sito de alimentaci\u00f3n de agua para que se enfr\u00eden;<br \/>\nTransporte autom\u00e1tico de los huevos enfriados a la parte de rotura de la c\u00e1scara;<br \/>\nParte del cascar\u00f3n: romper la c\u00e1scara sin da\u00f1ar los huevos;<br \/>\nParte pelable: Retire la c\u00e1scara agrietada bajo la ducha de agua y tubo de l\u00e1tex importado;<\/p>\n<p>El transportador de recogida recoger\u00e1 los huevos pelados y recoger\u00e1 los malos.<\/p>","protected":false},"excerpt":{"rendered":"<p>La m\u00e1quina peladora de huevos de gallina es un equipo especial para pelar huevos de gallina cocidos duros, adecuado para usuarios de procesamiento de huevos. Esta m\u00e1quina peladora de huevos adopta rodillos de goma y un fuerte impacto de agua, lo que reduce en gran medida la tasa de da\u00f1o del huevo.<\/p>","protected":false},"featured_media":815,"template":"","meta":{"_seopress_robots_primary_cat":"none"},"product_cat":[19],"product_tag":[],"featured_image_urls":{"full":["https:\/\/www.eggmachinery.com\/wp-content\/uploads\/2023\/03\/egg-shell-peeling-machine.webp",820,680,false],"thumbnail":["https:\/\/www.eggmachinery.com\/wp-content\/uploads\/2023\/03\/egg-shell-peeling-machine-150x150.webp",150,150,true],"medium":["https:\/\/www.eggmachinery.com\/wp-content\/uploads\/2023\/03\/egg-shell-peeling-machine-300x249.webp",300,249,true],"medium_large":["https:\/\/www.eggmachinery.com\/wp-content\/uploads\/2023\/03\/egg-shell-peeling-machine-768x637.webp",768,637,true],"large":["https:\/\/www.eggmachinery.com\/wp-content\/uploads\/2023\/03\/egg-shell-peeling-machine.webp",820,680,false],"1536x1536":["https:\/\/www.eggmachinery.com\/wp-content\/uploads\/2023\/03\/egg-shell-peeling-machine.webp",820,680,false],"2048x2048":["https:\/\/www.eggmachinery.com\/wp-content\/uploads\/2023\/03\/egg-shell-peeling-machine.webp",820,680,false],"trp-custom-language-flag":["https:\/\/www.eggmachinery.com\/wp-content\/uploads\/2023\/03\/egg-shell-peeling-machine.webp",14,12,false],"woocommerce_thumbnail":["https:\/\/www.eggmachinery.com\/wp-content\/uploads\/2023\/03\/egg-shell-peeling-machine-300x249.webp",300,249,true],"woocommerce_single":["https:\/\/www.eggmachinery.com\/wp-content\/uploads\/2023\/03\/egg-shell-peeling-machine-600x498.webp",600,498,true],"woocommerce_gallery_thumbnail":["https:\/\/www.eggmachinery.com\/wp-content\/uploads\/2023\/03\/egg-shell-peeling-machine-100x100.webp",100,100,true]},"post_excerpt_stackable":"<p>The chicken egg peeling machine is a special equipment for peeling hard cooked chicken eggs, suitable for egg processing users. This egg peeling machine adopts rubber rollers and strong water impact, which greatly reduces egg damage rate.<\/p>\n","category_list":"","author_info":{"name":"","url":""},"comments_num":"0 comments","_links":{"self":[{"href":"https:\/\/www.eggmachinery.com\/es\/wp-json\/wp\/v2\/product\/814"}],"collection":[{"href":"https:\/\/www.eggmachinery.com\/es\/wp-json\/wp\/v2\/product"}],"about":[{"href":"https:\/\/www.eggmachinery.com\/es\/wp-json\/wp\/v2\/types\/product"}],"wp:featuredmedia":[{"embeddable":true,"href":"https:\/\/www.eggmachinery.com\/es\/wp-json\/wp\/v2\/media\/815"}],"wp:attachment":[{"href":"https:\/\/www.eggmachinery.com\/es\/wp-json\/wp\/v2\/media?parent=814"}],"wp:term":[{"taxonomy":"product_cat","embeddable":true,"href":"https:\/\/www.eggmachinery.com\/es\/wp-json\/wp\/v2\/product_cat?post=814"},{"taxonomy":"product_tag","embeddable":true,"href":"https:\/\/www.eggmachinery.com\/es\/wp-json\/wp\/v2\/product_tag?post=814"}],"curies":[{"name":"wp","href":"https:\/\/api.w.org\/{rel}","templated":true}]}}