{"id":817,"date":"2023-03-24T16:18:12","date_gmt":"2023-03-24T08:18:12","guid":{"rendered":"https:\/\/eggmachinery.com\/?post_type=product&#038;p=817"},"modified":"2026-03-10T16:41:22","modified_gmt":"2026-03-10T08:41:22","slug":"uail-egg-shell-removing-machine","status":"publish","type":"product","link":"https:\/\/www.eggmachinery.com\/es\/producto\/uail-egg-shell-removing-machine\/","title":{"rendered":"M\u00e1quina peladora de huevos de codorniz"},"content":{"rendered":"<h2>Peladora peladora industrial de huevos de codorniz cocidos<\/h2>\n<ol>\n<li>Nuevo sistema de pelado de dise\u00f1o exclusivo. Alto \u00edndice de pelado y m\u00ednima rotura.<\/li>\n<li>Piezas de importaci\u00f3n. Alta calidad y durabilidad.<\/li>\n<li>Alta eficiencia. 1 m\u00e1quina peladora de huevos de codorniz conjunto puede reemplazar 3-4 persona.<\/li>\n<li>Todo el equipo est\u00e1 hecho de 304ss de grado alimenticio, higiene y durabilidad.<\/li>\n<li>Puede equiparse con una l\u00ednea de producci\u00f3n completa. Funcionamiento sencillo y autom\u00e1tico.<\/li>\n<li>Podemos personalizar los equipos y la l\u00ednea de producci\u00f3n seg\u00fan sus necesidades.<\/li>\n<\/ol>\n<h2><\/h2>\n<h2><a href=\"https:\/\/www.eggmachinery.com\/es\/categoria-producto\/quail-egg-shelling-machine\/\">M\u00e1quina peladora de huevos de codorniz<\/a> Introducci\u00f3n<\/h2>\n<p>La m\u00e1quina peladora de huevos de codorniz de nuevo dise\u00f1o se pela mediante la fricci\u00f3n del caucho rodante y el impacto del agua fuerte. La<\/p>\n<p>Se imita el principio del pelado artificial. Alto \u00edndice de pelado y bajo \u00edndice de da\u00f1os. Equipada con alimentaci\u00f3n por tanque de agua y<\/p>\n<p>transporte multicolumna, los huevos de codorniz se alimentan de forma m\u00e1s uniforme y entran ordenadamente en la peladora. Esta es la ventaja que otras peladoras<\/p>\n<p>m\u00e1quinas no tienen. Somos el primer fabricante de esta t\u00e9cnica de pelado en el campo del proceso del huevo de codorniz.<\/p>\n<p>Machine is made by sus304 material, automatic operation and controller system, peeling eggshell rate can reach98%.\u00a0Less than 2% damage rate.<\/p>\n<h3><img decoding=\"async\" loading=\"lazy\" class=\"alignnone size-full wp-image-3001\" src=\"https:\/\/www.eggmachinery.com\/wp-content\/uploads\/egg-machine-1_WH_750x750px.webp\" alt=\"egg machine\" width=\"750\" height=\"750\" srcset=\"https:\/\/www.eggmachinery.com\/wp-content\/uploads\/egg-machine-1_WH_750x750px.webp 750w, https:\/\/www.eggmachinery.com\/wp-content\/uploads\/egg-machine-1_WH_750x750px-300x300.webp 300w, https:\/\/www.eggmachinery.com\/wp-content\/uploads\/egg-machine-1_WH_750x750px-150x150.webp 150w, https:\/\/www.eggmachinery.com\/wp-content\/uploads\/egg-machine-1_WH_750x750px-600x600.webp 600w, https:\/\/www.eggmachinery.com\/wp-content\/uploads\/egg-machine-1_WH_750x750px-100x100.webp 100w\" sizes=\"(max-width: 750px) 100vw, 750px\" \/><\/h3>\n<h3>Quail Egg Shell Removing Machine Advantages<\/h3>\n<p>New design, stable working with good performance, high peeling rate and lowest damage for eggs<\/p>\n<p>The cooled quail eggs are broken shells first and then peeled. The\u00a0quail\u00a0egg peeling \u00a0machine adopts latex tube and strong water impact, which greatly reduces the breakage rate of eggs. The structure is simple and the failure rate is small.<\/p>\n<p>1. The main body of the equipment and related accessories are made of SUS304 material, which is not easy to corrode, safe and hygienic<br \/>\n2. Imported chains are used, filled with food-grade grease to improve their carrying capacity and wear resistance<br \/>\n3. Polymer bearings, using imported raw materials, improve their mechanical strength, stiffness, hardness, and contain solid lubricants, which are more wear-resistant<br \/>\n4. Special rubber hose for peeling machine, using imported raw materials, thickened 3.5MM, not easy to age, wear-resistant, and has a long service life<\/p>\n<p>5.Perfect quality control system, from the procurement of accessories to the production process, there are special personnel responsible for inspection and acceptance. Before leaving the factory, the equipment is tested as a whole to check the operation of all aspects. The equipment must run smoothly, without failure, and meet the product requirements before leaving the factory<\/p>\n<h3><img decoding=\"async\" loading=\"lazy\" class=\"alignnone size-full wp-image-3003\" src=\"https:\/\/www.eggmachinery.com\/wp-content\/uploads\/egg-machine-3_WH_750x750px.webp\" alt=\"egg machine\" width=\"750\" height=\"750\" srcset=\"https:\/\/www.eggmachinery.com\/wp-content\/uploads\/egg-machine-3_WH_750x750px.webp 750w, https:\/\/www.eggmachinery.com\/wp-content\/uploads\/egg-machine-3_WH_750x750px-300x300.webp 300w, https:\/\/www.eggmachinery.com\/wp-content\/uploads\/egg-machine-3_WH_750x750px-150x150.webp 150w, https:\/\/www.eggmachinery.com\/wp-content\/uploads\/egg-machine-3_WH_750x750px-600x600.webp 600w, https:\/\/www.eggmachinery.com\/wp-content\/uploads\/egg-machine-3_WH_750x750px-100x100.webp 100w\" sizes=\"(max-width: 750px) 100vw, 750px\" \/><\/h3>\n<h3>Quail Egg Shell Removing Machine Data Sheet<\/h3>\n<table>\n<tbody>\n<tr>\n<td width=\"95\">Modelo<\/td>\n<td width=\"103\">Capacidad<\/td>\n<td width=\"191\">Tama\u00f1o del dep\u00f3sito de agua<\/p>\n<p>(mm)<\/td>\n<td width=\"151\">Tama\u00f1o de la peladora<\/p>\n<p>(mm)<\/td>\n<td width=\"124\">Potencia<\/p>\n<p>(kw)<\/td>\n<\/tr>\n<tr>\n<td width=\"95\">HT-LQ3<\/td>\n<td width=\"103\">300 kg\/h<\/td>\n<td width=\"191\">2000*1500*840<\/td>\n<td width=\"151\">520*1555*1217<\/td>\n<td width=\"124\">3.2<\/td>\n<\/tr>\n<tr>\n<td width=\"95\">HT-LQ4<\/td>\n<td width=\"103\">400 kg\/h<\/td>\n<td width=\"191\">2802*1426*1480<\/td>\n<td width=\"151\">500*1605*1217<\/td>\n<td width=\"124\">3.5<\/td>\n<\/tr>\n<tr>\n<td width=\"95\">HT-LQ5<\/td>\n<td width=\"103\">500 kg\/h<\/td>\n<td width=\"191\">2802*1426*1480<\/td>\n<td width=\"151\">500*3210*1217<\/td>\n<td width=\"124\">3.8<\/td>\n<\/tr>\n<\/tbody>\n<\/table>\n<p><img decoding=\"async\" loading=\"lazy\" class=\"alignnone size-full wp-image-3004\" src=\"https:\/\/www.eggmachinery.com\/wp-content\/uploads\/egg-machine-4_WH_750x750px.webp\" alt=\"egg machine\" width=\"750\" height=\"750\" srcset=\"https:\/\/www.eggmachinery.com\/wp-content\/uploads\/egg-machine-4_WH_750x750px.webp 750w, https:\/\/www.eggmachinery.com\/wp-content\/uploads\/egg-machine-4_WH_750x750px-300x300.webp 300w, https:\/\/www.eggmachinery.com\/wp-content\/uploads\/egg-machine-4_WH_750x750px-150x150.webp 150w, https:\/\/www.eggmachinery.com\/wp-content\/uploads\/egg-machine-4_WH_750x750px-600x600.webp 600w, https:\/\/www.eggmachinery.com\/wp-content\/uploads\/egg-machine-4_WH_750x750px-100x100.webp 100w\" sizes=\"(max-width: 750px) 100vw, 750px\" \/><\/p>","protected":false},"excerpt":{"rendered":"<p>New design, stable working with good performance, high peeling rate and lowest damage for eggs.The cooled quail eggs are broken shells first and then peeled. The\u00a0quail\u00a0egg peeling \u00a0machine adopts latex tube and strong water impact, which greatly reduces the breakage rate of eggs. The structure is simple and the failure rate is small.<\/p>","protected":false},"featured_media":818,"template":"","meta":{"_seopress_robots_primary_cat":"none"},"product_cat":[20],"product_tag":[],"featured_image_urls":{"full":["https:\/\/www.eggmachinery.com\/wp-content\/uploads\/2023\/03\/quail-egg-peeling-machine.webp",312,245,false],"thumbnail":["https:\/\/www.eggmachinery.com\/wp-content\/uploads\/2023\/03\/quail-egg-peeling-machine-150x150.webp",150,150,true],"medium":["https:\/\/www.eggmachinery.com\/wp-content\/uploads\/2023\/03\/quail-egg-peeling-machine-300x236.webp",300,236,true],"medium_large":["https:\/\/www.eggmachinery.com\/wp-content\/uploads\/2023\/03\/quail-egg-peeling-machine.webp",312,245,false],"large":["https:\/\/www.eggmachinery.com\/wp-content\/uploads\/2023\/03\/quail-egg-peeling-machine.webp",312,245,false],"1536x1536":["https:\/\/www.eggmachinery.com\/wp-content\/uploads\/2023\/03\/quail-egg-peeling-machine.webp",312,245,false],"2048x2048":["https:\/\/www.eggmachinery.com\/wp-content\/uploads\/2023\/03\/quail-egg-peeling-machine.webp",312,245,false],"trp-custom-language-flag":["https:\/\/www.eggmachinery.com\/wp-content\/uploads\/2023\/03\/quail-egg-peeling-machine.webp",15,12,false],"woocommerce_thumbnail":["https:\/\/www.eggmachinery.com\/wp-content\/uploads\/2023\/03\/quail-egg-peeling-machine-300x236.webp",300,236,true],"woocommerce_single":["https:\/\/www.eggmachinery.com\/wp-content\/uploads\/2023\/03\/quail-egg-peeling-machine.webp",312,245,false],"woocommerce_gallery_thumbnail":["https:\/\/www.eggmachinery.com\/wp-content\/uploads\/2023\/03\/quail-egg-peeling-machine-100x100.webp",100,100,true]},"post_excerpt_stackable":"<p>New design, stable working with good performance, high peeling rate and lowest damage for eggs.The cooled quail eggs are broken shells first and then peeled. The\u00a0quail\u00a0egg peeling \u00a0machine adopts latex tube and strong water impact, which greatly reduces the breakage rate of eggs. The structure is simple and the failure rate is small.<\/p>\n","category_list":"","author_info":{"name":"","url":""},"comments_num":"0 comments","_links":{"self":[{"href":"https:\/\/www.eggmachinery.com\/es\/wp-json\/wp\/v2\/product\/817"}],"collection":[{"href":"https:\/\/www.eggmachinery.com\/es\/wp-json\/wp\/v2\/product"}],"about":[{"href":"https:\/\/www.eggmachinery.com\/es\/wp-json\/wp\/v2\/types\/product"}],"wp:featuredmedia":[{"embeddable":true,"href":"https:\/\/www.eggmachinery.com\/es\/wp-json\/wp\/v2\/media\/818"}],"wp:attachment":[{"href":"https:\/\/www.eggmachinery.com\/es\/wp-json\/wp\/v2\/media?parent=817"}],"wp:term":[{"taxonomy":"product_cat","embeddable":true,"href":"https:\/\/www.eggmachinery.com\/es\/wp-json\/wp\/v2\/product_cat?post=817"},{"taxonomy":"product_tag","embeddable":true,"href":"https:\/\/www.eggmachinery.com\/es\/wp-json\/wp\/v2\/product_tag?post=817"}],"curies":[{"name":"wp","href":"https:\/\/api.w.org\/{rel}","templated":true}]}}