{"id":819,"date":"2023-03-24T10:06:53","date_gmt":"2023-03-24T02:06:53","guid":{"rendered":"https:\/\/eggmachinery.com\/?post_type=product&#038;p=819"},"modified":"2023-04-01T12:57:40","modified_gmt":"2023-04-01T04:57:40","slug":"vacuum-egg-feeder","status":"publish","type":"product","link":"https:\/\/www.eggmachinery.com\/es\/producto\/vacuum-egg-feeder\/","title":{"rendered":"Alimentador de huevos al vac\u00edo"},"content":{"rendered":"<p>Alimentador de huevos al vac\u00edo<\/p>\n<p>La m\u00e1quina se utiliza para la carga de huevos en la ventosa de vac\u00edo, de acuerdo con la bandeja de huevos est\u00e1ndar, 6 filas de transporte, los huevos son transportados autom\u00e1ticamente al siguiente proceso<\/p>\n<p>&nbsp;<\/p>\n<p>(1)Todo el espesor de la m\u00e1quina es de 3.0mm placa, sus304<\/p>\n<p>(2)El tubo de soporte del cuerpo es de 50*50*2,0,<\/p>\n<p>(3)El<strong>\u00a0motor<\/strong>\u00a0se selecciona entre la marca ZD o la marca Taiw\u00e1n Shengbang ,<\/p>\n<p>(4) El<strong>\u00a0convertidor de frecuencia<\/strong>\u00a0se selecciona la marca Schneider<\/p>","protected":false},"excerpt":{"rendered":"<p>La m\u00e1quina se utiliza para la carga de huevos en la ventosa de vac\u00edo, de acuerdo con la bandeja de huevos est\u00e1ndar, 6 filas de transporte, los huevos son transportados autom\u00e1ticamente al siguiente proceso<\/p>","protected":false},"featured_media":820,"template":"","meta":{"_seopress_robots_primary_cat":"none"},"product_cat":[31],"product_tag":[],"featured_image_urls":{"full":["https:\/\/www.eggmachinery.com\/wp-content\/uploads\/2023\/03\/egg-feeder.webp",820,680,false],"thumbnail":["https:\/\/www.eggmachinery.com\/wp-content\/uploads\/2023\/03\/egg-feeder-150x150.webp",150,150,true],"medium":["https:\/\/www.eggmachinery.com\/wp-content\/uploads\/2023\/03\/egg-feeder-300x249.webp",300,249,true],"medium_large":["https:\/\/www.eggmachinery.com\/wp-content\/uploads\/2023\/03\/egg-feeder-768x637.webp",768,637,true],"large":["https:\/\/www.eggmachinery.com\/wp-content\/uploads\/2023\/03\/egg-feeder.webp",820,680,false],"1536x1536":["https:\/\/www.eggmachinery.com\/wp-content\/uploads\/2023\/03\/egg-feeder.webp",820,680,false],"2048x2048":["https:\/\/www.eggmachinery.com\/wp-content\/uploads\/2023\/03\/egg-feeder.webp",820,680,false],"trp-custom-language-flag":["https:\/\/www.eggmachinery.com\/wp-content\/uploads\/2023\/03\/egg-feeder.webp",14,12,false],"woocommerce_thumbnail":["https:\/\/www.eggmachinery.com\/wp-content\/uploads\/2023\/03\/egg-feeder-300x249.webp",300,249,true],"woocommerce_single":["https:\/\/www.eggmachinery.com\/wp-content\/uploads\/2023\/03\/egg-feeder-600x498.webp",600,498,true],"woocommerce_gallery_thumbnail":["https:\/\/www.eggmachinery.com\/wp-content\/uploads\/2023\/03\/egg-feeder-100x100.webp",100,100,true]},"post_excerpt_stackable":"<p>The machine is used for loading eggs on the vacuum suction cup, according to the standard egg tray, 6 rows of conveying, eggs are transported automatically to the next process<\/p>\n","category_list":"","author_info":{"name":"","url":""},"comments_num":"0 comments","_links":{"self":[{"href":"https:\/\/www.eggmachinery.com\/es\/wp-json\/wp\/v2\/product\/819"}],"collection":[{"href":"https:\/\/www.eggmachinery.com\/es\/wp-json\/wp\/v2\/product"}],"about":[{"href":"https:\/\/www.eggmachinery.com\/es\/wp-json\/wp\/v2\/types\/product"}],"wp:featuredmedia":[{"embeddable":true,"href":"https:\/\/www.eggmachinery.com\/es\/wp-json\/wp\/v2\/media\/820"}],"wp:attachment":[{"href":"https:\/\/www.eggmachinery.com\/es\/wp-json\/wp\/v2\/media?parent=819"}],"wp:term":[{"taxonomy":"product_cat","embeddable":true,"href":"https:\/\/www.eggmachinery.com\/es\/wp-json\/wp\/v2\/product_cat?post=819"},{"taxonomy":"product_tag","embeddable":true,"href":"https:\/\/www.eggmachinery.com\/es\/wp-json\/wp\/v2\/product_tag?post=819"}],"curies":[{"name":"wp","href":"https:\/\/api.w.org\/{rel}","templated":true}]}}