{"id":825,"date":"2023-03-24T10:27:49","date_gmt":"2023-03-24T02:27:49","guid":{"rendered":"https:\/\/eggmachinery.com\/?post_type=product&#038;p=825"},"modified":"2023-04-11T12:57:38","modified_gmt":"2023-04-11T04:57:38","slug":"quail-egg-boiling-and-shelling-line","status":"publish","type":"product","link":"https:\/\/www.eggmachinery.com\/es\/producto\/quail-egg-boiling-and-shelling-line\/","title":{"rendered":"L\u00ednea de cocci\u00f3n y pelado de huevos de codorniz"},"content":{"rendered":"<h3><strong><em><b><i>Caracter\u00edsticas principales del equipo de cocci\u00f3n de huevos de codorniz\/l\u00ednea de producci\u00f3n de pelado de huevos de codorniz<\/i><\/b><\/em><\/strong><\/h3>\n<p>1) Estructura simple de tipo lineal, f\u00e1cil de instalar y mantener.<\/p>\n<p>2) Adopci\u00f3n de componentes avanzados de marcas famosas mundiales en piezas neum\u00e1ticas, piezas el\u00e9ctricas y piezas de funcionamiento.<\/p>\n<p>3) Dise\u00f1o de l\u00edneas de producci\u00f3n llave en mano.<\/p>\n<p>4) Funcionamiento con un alto grado de automatizaci\u00f3n e intelectualizaci\u00f3n, sin contaminaci\u00f3n<\/p>","protected":false},"excerpt":{"rendered":"<h3><strong><b>La planta de procesamiento de pelado de huevos de codorniz totalmente autom\u00e1tica incluye principalmente la cocci\u00f3n dura de huevos de codorniz a alta temperatura, el enfriamiento de huevos de codorniz, el cascado de huevos de codorniz y el pelado de huevos de codorniz.<\/b><\/strong><\/h3>\n<h3><strong><b>Podemos igualar <\/b><\/strong><strong><b>t<\/b><\/strong><strong><b>l conjunto completo relacionado de hal\u00f3geno y equipos de envasado de acuerdo a los requerimientos tecnol\u00f3gicos de los clientes, tambi\u00e9n puede dise\u00f1ar el plan de producci\u00f3n de tama\u00f1o de acuerdo a los requerimientos del cliente.<\/b><\/strong><\/h3>\n<p>&nbsp;<\/p>\n[embed]https:\/\/youtu.be\/ng4CCCYu_og[\/embed]\n<p>&nbsp;<\/p>","protected":false},"featured_media":826,"template":"","meta":{"_seopress_robots_primary_cat":"none"},"product_cat":[26],"product_tag":[],"featured_image_urls":{"full":["https:\/\/www.eggmachinery.com\/wp-content\/uploads\/2023\/03\/quail-egg-boiling-and-shelling.webp",820,680,false],"thumbnail":["https:\/\/www.eggmachinery.com\/wp-content\/uploads\/2023\/03\/quail-egg-boiling-and-shelling-150x150.webp",150,150,true],"medium":["https:\/\/www.eggmachinery.com\/wp-content\/uploads\/2023\/03\/quail-egg-boiling-and-shelling-300x249.webp",300,249,true],"medium_large":["https:\/\/www.eggmachinery.com\/wp-content\/uploads\/2023\/03\/quail-egg-boiling-and-shelling-768x637.webp",768,637,true],"large":["https:\/\/www.eggmachinery.com\/wp-content\/uploads\/2023\/03\/quail-egg-boiling-and-shelling.webp",820,680,false],"1536x1536":["https:\/\/www.eggmachinery.com\/wp-content\/uploads\/2023\/03\/quail-egg-boiling-and-shelling.webp",820,680,false],"2048x2048":["https:\/\/www.eggmachinery.com\/wp-content\/uploads\/2023\/03\/quail-egg-boiling-and-shelling.webp",820,680,false],"trp-custom-language-flag":["https:\/\/www.eggmachinery.com\/wp-content\/uploads\/2023\/03\/quail-egg-boiling-and-shelling.webp",14,12,false],"woocommerce_thumbnail":["https:\/\/www.eggmachinery.com\/wp-content\/uploads\/2023\/03\/quail-egg-boiling-and-shelling-300x249.webp",300,249,true],"woocommerce_single":["https:\/\/www.eggmachinery.com\/wp-content\/uploads\/2023\/03\/quail-egg-boiling-and-shelling-600x498.webp",600,498,true],"woocommerce_gallery_thumbnail":["https:\/\/www.eggmachinery.com\/wp-content\/uploads\/2023\/03\/quail-egg-boiling-and-shelling-100x100.webp",100,100,true]},"post_excerpt_stackable":"<h3><strong><b>Fully Auto Quails Egg Peeler Processing Plant mainly includes high-temperature quail egg hard cooking, quil egg cooling, quail egg shell breaking and quail egg peeling.<\/b><\/strong><\/h3>\n<h3><strong><b>We can match <\/b><\/strong><strong><b>t<\/b><\/strong><strong><b>he related complete set of halogen and packaging equipment according to customers&#8217; technological requirements, also can design size production plan according to customer requirements.<\/b><\/strong><\/h3>\n<p>&nbsp;<\/p>\n[embed]https:\/\/youtu.be\/ng4CCCYu_og[\/embed]\n<p>&nbsp;<\/p>\n","category_list":"","author_info":{"name":"","url":""},"comments_num":"0 comments","_links":{"self":[{"href":"https:\/\/www.eggmachinery.com\/es\/wp-json\/wp\/v2\/product\/825"}],"collection":[{"href":"https:\/\/www.eggmachinery.com\/es\/wp-json\/wp\/v2\/product"}],"about":[{"href":"https:\/\/www.eggmachinery.com\/es\/wp-json\/wp\/v2\/types\/product"}],"wp:featuredmedia":[{"embeddable":true,"href":"https:\/\/www.eggmachinery.com\/es\/wp-json\/wp\/v2\/media\/826"}],"wp:attachment":[{"href":"https:\/\/www.eggmachinery.com\/es\/wp-json\/wp\/v2\/media?parent=825"}],"wp:term":[{"taxonomy":"product_cat","embeddable":true,"href":"https:\/\/www.eggmachinery.com\/es\/wp-json\/wp\/v2\/product_cat?post=825"},{"taxonomy":"product_tag","embeddable":true,"href":"https:\/\/www.eggmachinery.com\/es\/wp-json\/wp\/v2\/product_tag?post=825"}],"curies":[{"name":"wp","href":"https:\/\/api.w.org\/{rel}","templated":true}]}}