{"id":827,"date":"2023-11-15T10:35:59","date_gmt":"2023-11-15T02:35:59","guid":{"rendered":"https:\/\/eggmachinery.com\/?post_type=product&#038;p=827"},"modified":"2023-11-29T16:29:51","modified_gmt":"2023-11-29T08:29:51","slug":"egg-packer-machine","status":"publish","type":"product","link":"https:\/\/www.eggmachinery.com\/es\/producto\/egg-packer-machine\/","title":{"rendered":"M\u00e1quina empaquetadora de huevos"},"content":{"rendered":"<h2>Esta m\u00e1quina de llenado es una m\u00e1quina de llenado de huevo l\u00edquido.<\/h2>\n<h2>Esta m\u00e1quina de llenado de huevo l\u00edquido tiene las siguientes caracter\u00edsticas<\/h2>\n<p>1. Ahorro de mano de obra: Un dispositivo s\u00f3lo necesita una persona para operar, y los preparativos relacionados tambi\u00e9n se pueden hacer cuando el dispositivo se est\u00e1 llenando. \u00a1S\u00f3lo se necesita una persona m\u00e1s para cooperar con el envasado, sellado y paletizado para completar la producci\u00f3n!<\/p>\n<p>2. R\u00e1pida velocidad: Tomando como ejemplo el llenado de 10 litros de huevo l\u00edquido, \u00a1puede producir de 180 a 200 bolsas por hora!<\/p>\n<h3><\/h3>\n<h2>Si necesita hacer huevos pelados y cocidos en barril, haga clic en\uff1a.<a href=\"https:\/\/www.eggmachinery.com\/es\/producto\/egg-packing-machine-2\/\"><u>Envasado de huevos duros <\/u><\/a><\/h2>\n<h3>Si necesita envasar huevos pelados y cocidos en bolsas, haga clic: <a href=\"https:\/\/www.eggmachinery.com\/es\/producto\/egg-packing-machine-for-sale\/\"><u>Envasado de huevos cocidos <\/u><\/a><\/h3>\n<h3><\/h3>\n<p><iframe loading=\"lazy\" title=\"envasadora de huevo l\u00edquido\" width=\"1290\" height=\"726\" src=\"https:\/\/www.youtube.com\/embed\/Otb3tNLNQx4?feature=oembed\" frameborder=\"0\" allow=\"accelerometer; autoplay; clipboard-write; encrypted-media; gyroscope; picture-in-picture; web-share\" allowfullscreen><\/iframe><\/p>","protected":false},"excerpt":{"rendered":"<p>Esta m\u00e1quina de llenado es una m\u00e1quina de llenado de huevo l\u00edquido.<\/p>\n<p>Esta m\u00e1quina de llenado de huevo l\u00edquido tiene las siguientes caracter\u00edsticas<\/p>\n<p>1. Ahorro de mano de obra: Un dispositivo s\u00f3lo necesita una persona para operar, y los preparativos relacionados tambi\u00e9n se pueden hacer cuando el dispositivo se est\u00e1 llenando. \u00a1S\u00f3lo se necesita una persona m\u00e1s para cooperar con el envasado, sellado y paletizado para completar la producci\u00f3n!<\/p>\n<p>2. R\u00e1pida velocidad: Tomando como ejemplo el llenado de 10 litros de huevo l\u00edquido, \u00a1puede producir de 180 a 200 bolsas por hora!<\/p>","protected":false},"featured_media":828,"template":"","meta":{"_seopress_robots_primary_cat":"none"},"product_cat":[33],"product_tag":[],"featured_image_urls":{"full":["https:\/\/www.eggmachinery.com\/wp-content\/uploads\/2023\/03\/Egg-Packing-Machine.webp",820,680,false],"thumbnail":["https:\/\/www.eggmachinery.com\/wp-content\/uploads\/2023\/03\/Egg-Packing-Machine-150x150.webp",150,150,true],"medium":["https:\/\/www.eggmachinery.com\/wp-content\/uploads\/2023\/03\/Egg-Packing-Machine-300x249.webp",300,249,true],"medium_large":["https:\/\/www.eggmachinery.com\/wp-content\/uploads\/2023\/03\/Egg-Packing-Machine-768x637.webp",768,637,true],"large":["https:\/\/www.eggmachinery.com\/wp-content\/uploads\/2023\/03\/Egg-Packing-Machine.webp",820,680,false],"1536x1536":["https:\/\/www.eggmachinery.com\/wp-content\/uploads\/2023\/03\/Egg-Packing-Machine.webp",820,680,false],"2048x2048":["https:\/\/www.eggmachinery.com\/wp-content\/uploads\/2023\/03\/Egg-Packing-Machine.webp",820,680,false],"trp-custom-language-flag":["https:\/\/www.eggmachinery.com\/wp-content\/uploads\/2023\/03\/Egg-Packing-Machine.webp",14,12,false],"woocommerce_thumbnail":["https:\/\/www.eggmachinery.com\/wp-content\/uploads\/2023\/03\/Egg-Packing-Machine-300x249.webp",300,249,true],"woocommerce_single":["https:\/\/www.eggmachinery.com\/wp-content\/uploads\/2023\/03\/Egg-Packing-Machine-600x498.webp",600,498,true],"woocommerce_gallery_thumbnail":["https:\/\/www.eggmachinery.com\/wp-content\/uploads\/2023\/03\/Egg-Packing-Machine-100x100.webp",100,100,true]},"post_excerpt_stackable":"<p>This filling machine is an egg liquid filling machine.<\/p>\n<p>This egg liquid filling machine has the following characteristics!<\/p>\n<p>1. Labor saving: One device only needs one person to operate, and related preparations can also be done when the device is filling. Only one more person is needed to cooperate with packing, sealing and palletizing to complete the production!<\/p>\n<p>2. Fast speed: Take filling 10 liters of egg liquid as an example, it can produce 180 to 200 bags per hour!<\/p>\n","category_list":"","author_info":{"name":"","url":""},"comments_num":"0 comments","_links":{"self":[{"href":"https:\/\/www.eggmachinery.com\/es\/wp-json\/wp\/v2\/product\/827"}],"collection":[{"href":"https:\/\/www.eggmachinery.com\/es\/wp-json\/wp\/v2\/product"}],"about":[{"href":"https:\/\/www.eggmachinery.com\/es\/wp-json\/wp\/v2\/types\/product"}],"wp:featuredmedia":[{"embeddable":true,"href":"https:\/\/www.eggmachinery.com\/es\/wp-json\/wp\/v2\/media\/828"}],"wp:attachment":[{"href":"https:\/\/www.eggmachinery.com\/es\/wp-json\/wp\/v2\/media?parent=827"}],"wp:term":[{"taxonomy":"product_cat","embeddable":true,"href":"https:\/\/www.eggmachinery.com\/es\/wp-json\/wp\/v2\/product_cat?post=827"},{"taxonomy":"product_tag","embeddable":true,"href":"https:\/\/www.eggmachinery.com\/es\/wp-json\/wp\/v2\/product_tag?post=827"}],"curies":[{"name":"wp","href":"https:\/\/api.w.org\/{rel}","templated":true}]}}