{"id":832,"date":"2023-03-24T10:45:12","date_gmt":"2023-03-24T02:45:12","guid":{"rendered":"https:\/\/eggmachinery.com\/?post_type=product&#038;p=832"},"modified":"2023-04-01T12:50:38","modified_gmt":"2023-04-01T04:50:38","slug":"egg-powder-processing-equipment","status":"publish","type":"product","link":"https:\/\/www.eggmachinery.com\/es\/producto\/egg-powder-processing-equipment\/","title":{"rendered":"Equipo de procesamiento de huevo en polvo"},"content":{"rendered":"<p>La m\u00e1quina de fabricaci\u00f3n de huevo en polvo se utiliza ampliamente en el proceso de formaci\u00f3n de l\u00edquidos y en la industria del secado. La m\u00e1quina de polvo de huevo adopta la tecnolog\u00eda de secado por pulverizaci\u00f3n para rociar el material l\u00edquido en una niebla, hacer que se seque por contacto con el aire caliente. Se utiliza principalmente para secar algunos l\u00edquidos sensibles al calor, suspensiones y l\u00edquidos viscosos, como huevos l\u00edquidos, taninos, leche y medicamentos. Tambi\u00e9n se utiliza para secar combustible, productos intermedios, jab\u00f3n en polvo y sales inorg\u00e1nicas.<\/p>\n<p>Por lo tanto, el secado por atomizaci\u00f3n es una de las tecnolog\u00edas m\u00e1s deseadas cuando el tama\u00f1o y la distribuci\u00f3n de las part\u00edculas de los productos finales, su contenido de agua residual y la densidad de almacenamiento y la forma de las part\u00edculas pueden cumplir las normas de precisi\u00f3n.<\/p>","protected":false},"excerpt":{"rendered":"<p>La m\u00e1quina de fabricaci\u00f3n de huevo en polvo se utiliza ampliamente en el proceso de formaci\u00f3n de l\u00edquidos y en la industria del secado. La m\u00e1quina de polvo de huevo adopta la tecnolog\u00eda de secado por pulverizaci\u00f3n para rociar el material l\u00edquido en una niebla, hacer que se seque por contacto con el aire caliente. Se utiliza principalmente para secar algunos l\u00edquidos sensibles al calor, suspensiones y l\u00edquidos viscosos, como huevos l\u00edquidos, taninos, leche y medicamentos. Tambi\u00e9n se utiliza para secar combustible, productos intermedios, jab\u00f3n en polvo y sales inorg\u00e1nicas.<\/p>\n<p>Por lo tanto, el secado por atomizaci\u00f3n es una de las tecnolog\u00edas m\u00e1s deseadas cuando el tama\u00f1o y la distribuci\u00f3n de las part\u00edculas de los productos finales, su contenido de agua residual y la densidad de almacenamiento y la forma de las part\u00edculas pueden cumplir las normas de precisi\u00f3n.<\/p>","protected":false},"featured_media":833,"template":"","meta":{"_seopress_robots_primary_cat":"none"},"product_cat":[34,35],"product_tag":[],"featured_image_urls":{"full":["https:\/\/www.eggmachinery.com\/wp-content\/uploads\/2023\/03\/Egg-powder-processing-equipment.webp",820,680,false],"thumbnail":["https:\/\/www.eggmachinery.com\/wp-content\/uploads\/2023\/03\/Egg-powder-processing-equipment-150x150.webp",150,150,true],"medium":["https:\/\/www.eggmachinery.com\/wp-content\/uploads\/2023\/03\/Egg-powder-processing-equipment-300x249.webp",300,249,true],"medium_large":["https:\/\/www.eggmachinery.com\/wp-content\/uploads\/2023\/03\/Egg-powder-processing-equipment-768x637.webp",768,637,true],"large":["https:\/\/www.eggmachinery.com\/wp-content\/uploads\/2023\/03\/Egg-powder-processing-equipment.webp",820,680,false],"1536x1536":["https:\/\/www.eggmachinery.com\/wp-content\/uploads\/2023\/03\/Egg-powder-processing-equipment.webp",820,680,false],"2048x2048":["https:\/\/www.eggmachinery.com\/wp-content\/uploads\/2023\/03\/Egg-powder-processing-equipment.webp",820,680,false],"trp-custom-language-flag":["https:\/\/www.eggmachinery.com\/wp-content\/uploads\/2023\/03\/Egg-powder-processing-equipment.webp",14,12,false],"woocommerce_thumbnail":["https:\/\/www.eggmachinery.com\/wp-content\/uploads\/2023\/03\/Egg-powder-processing-equipment-300x249.webp",300,249,true],"woocommerce_single":["https:\/\/www.eggmachinery.com\/wp-content\/uploads\/2023\/03\/Egg-powder-processing-equipment-600x498.webp",600,498,true],"woocommerce_gallery_thumbnail":["https:\/\/www.eggmachinery.com\/wp-content\/uploads\/2023\/03\/Egg-powder-processing-equipment-100x100.webp",100,100,true]},"post_excerpt_stackable":"<p>Egg powder making machine \u00a0is widely used in liquid forming process and drying industry. The egg powder machine adopt spray drying technology to spray the liquid material into a fog, make it dry by contacting with hot air. It is mainly used for drying some heat-sensitive liquids, suspensions, and viscous liquids, such as liquid eggs, tannins, milk and drugs. Also used for drying fuel, intermediates, soap powder and inorganic salts.<\/p>\n<p>Therefore, the spray drying is one of the most desired technologies when the particle size and distribution of the final products, their residual water contents, and the stocking density and the particle shape can meet the precision standards.<\/p>\n","category_list":"","author_info":{"name":"","url":""},"comments_num":"0 comments","_links":{"self":[{"href":"https:\/\/www.eggmachinery.com\/es\/wp-json\/wp\/v2\/product\/832"}],"collection":[{"href":"https:\/\/www.eggmachinery.com\/es\/wp-json\/wp\/v2\/product"}],"about":[{"href":"https:\/\/www.eggmachinery.com\/es\/wp-json\/wp\/v2\/types\/product"}],"wp:featuredmedia":[{"embeddable":true,"href":"https:\/\/www.eggmachinery.com\/es\/wp-json\/wp\/v2\/media\/833"}],"wp:attachment":[{"href":"https:\/\/www.eggmachinery.com\/es\/wp-json\/wp\/v2\/media?parent=832"}],"wp:term":[{"taxonomy":"product_cat","embeddable":true,"href":"https:\/\/www.eggmachinery.com\/es\/wp-json\/wp\/v2\/product_cat?post=832"},{"taxonomy":"product_tag","embeddable":true,"href":"https:\/\/www.eggmachinery.com\/es\/wp-json\/wp\/v2\/product_tag?post=832"}],"curies":[{"name":"wp","href":"https:\/\/api.w.org\/{rel}","templated":true}]}}